{"id":882,"date":"2024-04-10T22:40:40","date_gmt":"2024-04-10T22:40:40","guid":{"rendered":"https:\/\/www.vlaknapameti.cz\/?page_id=882"},"modified":"2026-05-13T11:49:14","modified_gmt":"2026-05-13T11:49:14","slug":"krajka-na-historickem-portretu","status":"publish","type":"page","link":"https:\/\/www.vlaknapameti.cz\/?page_id=882","title":{"rendered":"Krajka na historick\u00e9m portr\u00e9tu"},"content":{"rendered":"<p>V\u00fdstava s kritick\u00fdm katalogem p\u0159edstav\u00ed v\u00fdvoj krajky v ran\u00e9m novov\u011bku. Bude v\u011bnov\u00e1na tak\u00e9 inici\u00e1torce v\u00fdroby krajky ve Vamberku \u2013 Magdalen\u011b Grambov\u00e9. Prost\u0159ednictv\u00edm rozbor\u016f reprezentativn\u00edch historick\u00fdch portr\u00e9t\u016f z mobili\u00e1rn\u00edch fond\u016f N\u00e1rodn\u00edho pam\u00e1tkov\u00e9ho \u00fastavu budou p\u0159edstaveny vybran\u00e9 typy krajek. K v\u00fdstav\u011b budou p\u0159ipraveny doprovodn\u00e9 eduka\u010dn\u00ed programy (workshopy pro d\u011btsk\u00e9 n\u00e1v\u0161t\u011bvn\u00edky i dosp\u011bl\u00e9, pracovn\u00ed listy, odborn\u00e9 p\u0159edn\u00e1\u0161ky a komentovan\u00e9 prohl\u00eddky). Tato v\u00fdstava je p\u0159ipravov\u00e1na na rok 2026.<\/p>\n<p><a href=\"https:\/\/www.vlaknapameti.cz\/wp-content\/uploads\/2024\/05\/doroteaz_hradce-scaled.jpg\" target=\"_blank\" rel=\"noopener\"><img loading=\"lazy\" decoding=\"async\" class=\"size-full wp-image-916 alignnone\" src=\"https:\/\/www.vlaknapameti.cz\/wp-content\/uploads\/2024\/05\/doroteaz_hradce_m.jpg\" alt=\"Dorotea z Hradce \u2013 obraz bude vystaven na v\u00fdstav\u011b Krajka na historick\u00e9m portr\u00e9tu (n\u00e1hled)\" width=\"600\" height=\"788\" srcset=\"https:\/\/www.vlaknapameti.cz\/wp-content\/uploads\/2024\/05\/doroteaz_hradce_m.jpg 600w, https:\/\/www.vlaknapameti.cz\/wp-content\/uploads\/2024\/05\/doroteaz_hradce_m-228x300.jpg 228w\" sizes=\"auto, (max-width: 600px) 100vw, 600px\" \/><\/a><br \/>\nAnonym, d\u011btsk\u00fd portr\u00e9t Dorotey, dcery Adama z Hradce, olejomalba, 1604; ze sb\u00edrky N\u00e1rodn\u00edho pam\u00e1tkov\u00e9ho \u00fastavu, \u00daPS v \u010c. Bud\u011bjovic\u00edch, SH Ro\u017emberk.<\/p>\n<p><a href=\"https:\/\/www.vlaknapameti.cz\/?page_id=498\">&lt; zp\u011bt<\/a><\/p>\n","protected":false},"excerpt":{"rendered":"<p>V\u00fdstava s kritick\u00fdm katalogem p\u0159edstav\u00ed v\u00fdvoj krajky v ran\u00e9m novov\u011bku. Bude v\u011bnov\u00e1na tak\u00e9 inici\u00e1torce v\u00fdroby krajky ve Vamberku \u2013 Magdalen\u011b Grambov\u00e9. Prost\u0159ednictv\u00edm rozbor\u016f reprezentativn\u00edch historick\u00fdch portr\u00e9t\u016f z mobili\u00e1rn\u00edch fond\u016f N\u00e1rodn\u00edho &#8230;<\/p>\n","protected":false},"author":1,"featured_media":0,"parent":498,"menu_order":0,"comment_status":"closed","ping_status":"closed","template":"","meta":{"footnotes":""},"class_list":["post-882","page","type-page","status-publish","hentry"],"_links":{"self":[{"href":"https:\/\/www.vlaknapameti.cz\/index.php?rest_route=\/wp\/v2\/pages\/882","targetHints":{"allow":["GET"]}}],"collection":[{"href":"https:\/\/www.vlaknapameti.cz\/index.php?rest_route=\/wp\/v2\/pages"}],"about":[{"href":"https:\/\/www.vlaknapameti.cz\/index.php?rest_route=\/wp\/v2\/types\/page"}],"author":[{"embeddable":true,"href":"https:\/\/www.vlaknapameti.cz\/index.php?rest_route=\/wp\/v2\/users\/1"}],"replies":[{"embeddable":true,"href":"https:\/\/www.vlaknapameti.cz\/index.php?rest_route=%2Fwp%2Fv2%2Fcomments&post=882"}],"version-history":[{"count":10,"href":"https:\/\/www.vlaknapameti.cz\/index.php?rest_route=\/wp\/v2\/pages\/882\/revisions"}],"predecessor-version":[{"id":3583,"href":"https:\/\/www.vlaknapameti.cz\/index.php?rest_route=\/wp\/v2\/pages\/882\/revisions\/3583"}],"up":[{"embeddable":true,"href":"https:\/\/www.vlaknapameti.cz\/index.php?rest_route=\/wp\/v2\/pages\/498"}],"wp:attachment":[{"href":"https:\/\/www.vlaknapameti.cz\/index.php?rest_route=%2Fwp%2Fv2%2Fmedia&parent=882"}],"curies":[{"name":"wp","href":"https:\/\/api.w.org\/{rel}","templated":true}]}}