{"id":502,"date":"2023-07-25T10:13:46","date_gmt":"2023-07-25T10:13:46","guid":{"rendered":"https:\/\/www.vlaknapameti.cz\/?page_id=502"},"modified":"2024-05-13T09:05:42","modified_gmt":"2024-05-13T09:05:42","slug":"z-historie-vamberecke-krajky-2","status":"publish","type":"page","link":"https:\/\/www.vlaknapameti.cz\/?page_id=502","title":{"rendered":"Z historie vambereck\u00e9 krajky"},"content":{"rendered":"<p class=\"has-small-font-size\">Orlick\u00e9 hory a\u00a0Podorlicko (p\u0159edev\u0161\u00edm Vamberecko) pat\u0159\u00ed k\u00a0tradi\u010dn\u00edm, v\u00fdznamn\u00fdm region\u016fm zhotovov\u00e1n\u00ed krajek (krajek pali\u010dkovan\u00fdch, p\u0159edev\u0161\u00edm mnohop\u00e1rov\u00fdch a\u00a0p\u00e1skov\u00fdch) v\u00a0\u010desk\u00fdch zem\u00edch. Jeho po\u010d\u00e1tky b\u00fdvaj\u00ed spojov\u00e1ny s\u00a0Magdalenou Grambovou, man\u017eelkou hrab\u011bte Ka\u0161para Gramba poch\u00e1zej\u00edc\u00edho z Nizozem\u00ed, kter\u00fd se na stran\u011b c\u00edsa\u0159e Ferdinanda II. z\u00fa\u010dastnil potla\u010den\u00ed \u010desk\u00e9ho stavovsk\u00e9ho povst\u00e1n\u00ed a\u00a0v\u00a0roce 1627 zakoupil vambereck\u00e9 a\u00a0kosteleck\u00e9 panstv\u00ed. Nen\u00ed ov\u0161em vylou\u010deno, \u017ee krajky byly v\u00a0regionu zhotovov\u00e1ny ji\u017e d\u0159\u00edve.<\/p>\r\n<!-- \/wp:post-content -->\r\n\r\n<!-- wp:paragraph {\"fontSize\":\"small\"} -->\r\n<p class=\"has-small-font-size\">K\u00a0v\u00fdznamn\u00fdm centr\u016fm krajk\u00e1\u0159stv\u00ed v\u00a0regionu pat\u0159\u00ed krom\u011b Vamberecka rovn\u011b\u017e \u017damberecko. Pali\u010dkovalo a\u00a0pali\u010dkuje se tak\u00e9 v\u00a0Barto\u0161ovic\u00edch v\u00a0Orlick\u00fdch hor\u00e1ch, v\u00a0De\u0161tn\u00e9m v\u00a0Orlick\u00fdch hor\u00e1ch, Javornici, Kostelci nad Orlic\u00ed, Opo\u010dn\u011b, v\u00a0P\u011b\u010d\u00edn\u011b, v\u00a0Rokytnici v\u00a0Orlick\u00fdch hor\u00e1ch, Solnici, Rychnov\u011b nad Kn\u011b\u017enou, v\u00a0\u00dast\u00ed nad Orlic\u00ed.<\/p>\r\n<!-- \/wp:paragraph -->\r\n\r\n<!-- wp:paragraph {\"fontSize\":\"small\"} -->\r\n<p class=\"has-small-font-size\">Krajky v\u00a0dan\u00e9 oblasti zdobily p\u0159\u00edbytky, od\u011bv, kroj, z\u00a0krajek byly a\u00a0jsou tvo\u0159eny \u0161aty, krajky pat\u0159ily a\u00a0st\u00e1le pat\u0159\u00ed k\u00a0v\u00fdznamn\u00fdm m\u00f3dn\u00edm dopl\u0148k\u016fm.<\/p>\r\n<!-- \/wp:paragraph -->\r\n\r\n<!-- wp:paragraph {\"fontSize\":\"small\"} -->\r\n<p class=\"has-small-font-size\">Krajk\u00e1\u0159stv\u00ed sehr\u00e1valo a\u00a0sehr\u00e1v\u00e1 v\u00a0oblasti v\u00fdznamnou roli v\u00a0soci\u00e1ln\u011b ekonomick\u00e9, estetick\u00e9, kulturn\u00ed oblasti. Nep\u0159\u00edli\u0161 \u00farodn\u00e1 p\u016fda, nep\u0159\u00edzniv\u00e9 klimatick\u00e9 podm\u00ednky a\u00a0dal\u0161\u00ed okolnosti vylu\u010dovaly, aby se ve\u0161ker\u00e9 obyvatelstvo u\u017eivilo zem\u011bd\u011blstv\u00edm. V\u00fdroba krajek a\u00a0obchodov\u00e1n\u00ed s\u00a0nimi byly zdrojem ob\u017eivy mnoha rodin. Podom\u00e1ck\u00e9 pali\u010dkov\u00e1n\u00ed obvykle nepat\u0159ilo k\u00a0dob\u0159e placen\u00fdm druh\u016fm dom\u00e1ck\u00e9 v\u00fdroby, ale v\u00a0dan\u00e9m regionu se udr\u017eelo, nebo\u0165 v\u00a0n\u011bm m\u011blo (zejm\u00e9na na Vamberecku) hlubok\u00e9 ko\u0159eny. Krajky zhotovovaly nejen \u017eeny, ale tak\u00e9 mu\u017ei a\u00a0d\u011bti. Odm\u011bna za zhotoven\u00e9 krajky p\u0159edstavovala v\u00fdznamn\u00fd zdroj p\u0159\u00edjm\u016f p\u0159edev\u0161\u00edm v\u00a0rodin\u00e1ch bezzemk\u016f. Pali\u010dkovalo se tak\u00e9 mezi drobn\u00fdmi zem\u011bd\u011blci a na selsk\u00fdch usedlostech, a\u00a0to zejm\u00e9na v\u00a0zimn\u00edm obdob\u00ed. A\u017e do po\u010d\u00e1tku 20. stolet\u00ed byla v\u00fdroba krajek organizov\u00e1na p\u0159edev\u0161\u00edm prost\u0159ednictv\u00edm faktorsk\u00e9ho, n\u00e1kladnick\u00e9ho syst\u00e9mu. Jeho princip spo\u010d\u00edval v\u00a0tom, \u017ee pot\u0159ebn\u00fd materi\u00e1l a\u00a0podklady dod\u00e1val v\u00fdrobc\u016fm krajek fakto\u0159i, n\u00e1kladn\u00edci. Ti pak od nich krajky vykupovali a\u00a0v\u00fdhodn\u011b prod\u00e1vali. Rozpt\u00fdlen\u00e1 manufaktura je na Vamberecku dolo\u017eena k\u00a0roku 1784<em>.<\/em><\/p>\r\n<!-- \/wp:paragraph -->\r\n\r\n<!-- wp:paragraph {\"fontSize\":\"small\"} -->\r\n<p class=\"has-small-font-size\">Pali\u010dkov\u00e1n\u00ed krajek se v\u00a0regionu v\u011bnovali \u010ce\u0161i i N\u011bmci. Po dom\u00e1cnostech se mnohdy pali\u010dkovalo spole\u010dn\u011b, podobn\u011b jako na \u201ep\u0159\u00e1stk\u00e1ch\u201c. Pali\u010dkov\u00e1n\u00ed tak nab\u00fdvalo komunitn\u00edho a\u00a0kulturn\u00edho rozm\u011bru (zp\u011bv, p\u0159ed\u010d\u00edt\u00e1n\u00ed, vypr\u00e1v\u011bn\u00ed, hry \u2026). S\u00a0odchodem n\u011bmeck\u00e9ho obyvatelstva zmizely i star\u00e9 podvinky, zvyky a\u00a0v\u016fbec znalost krajk\u00e1\u0159stv\u00ed z\u00a0tradi\u010dn\u00edch n\u011bmecky hovo\u0159\u00edc\u00edch oblast\u00ed.<\/p>\r\n<!-- \/wp:paragraph -->\r\n\r\n<!-- wp:paragraph {\"fontSize\":\"small\"} -->\r\n<p class=\"has-small-font-size\">Krom\u011b faktor\u016f krajky v\u00a0rodin\u00e1ch vykupovali podomn\u00ed obchodn\u00edci. N\u011bkolik v\u00fdznamn\u011bj\u0161\u00edch obchodn\u00edk\u016f s\u00a0krajkami vlastnilo \u201ekamenn\u00e9 obchody\u201c, a\u00a0to zejm\u00e9na ve Vamberku (nap\u0159. obchody Anton\u00edna Koblice, Franti\u0161ky Gr\u00fcnerov\u00e9, Franti\u0161ka Merty \u2026). Ke konci 19. stolet\u00ed byly krajky pos\u00edl\u00e1ny tak\u00e9 p\u0159ekupn\u00edk\u016fm, a\u00a0to prost\u0159ednictv\u00edm po\u0161ty. V\u00a0prvn\u00ed polovin\u011b 20. stolet\u00ed existoval ve Vamberku Odbor obchodn\u00edk\u016f s\u00a0pali\u010dkovan\u00fdmi krajkami, jeho\u017e \u010dleny byli obchodn\u00edci a\u00a0obchodnice z\u00a0Vamberka, \u017damberka, z\u00a0Rybn\u00e9 nad Zdobnic\u00ed a\u00a0Rychnova nad Kn\u011b\u017enou. Odbor po roce 1945 zanikl<em>. <\/em>Krajky z\u00a0Orlick\u00fdch hor a\u00a0Podorlicka byly vyv\u00e1\u017eeny i\u00a0na Moravu a\u00a0na Slovensko a\u00a0snad i\u00a0do jin\u00fdch zem\u00ed.<\/p>\r\n<!-- \/wp:paragraph -->\r\n\r\n<!-- wp:paragraph {\"fontSize\":\"small\"} -->\r\n<p class=\"has-small-font-size\">Krajky byly v\u00a0dan\u00e9 oblasti zhotovov\u00e1ny v\u00a0jednotliv\u00fdch rodin\u00e1ch, podom\u00e1cku, jak individu\u00e1ln\u011b, tak krajk\u00e1\u0159kami a\u00a0krajk\u00e1\u0159i sdru\u017een\u00fdmi v\u00a0dru\u017estvech. Dru\u017estva zakl\u00e1dali v\u00fdrobci krajek ve snaze o nez\u00e1vislost na obchodn\u00edc\u00edch s\u00a0krajkami. Prvn\u00ed bylo zalo\u017eeno v\u00a0roce 1922 v\u00a0Sopotnici. Z\u00e1hy v\u0161ak zaniklo. Dal\u0161\u00ed sopotnick\u00e9 dru\u017estvo vzniklo v\u00a0polovin\u011b dvac\u00e1t\u00fdch let. Zaniklo ve t\u0159ic\u00e1t\u00fdch letech. V\u00a0roce 1946 bylo zalo\u017eeno krajk\u00e1\u0159sk\u00e9 dru\u017estvo Vambereck\u00e1 krajka, Vamberk. Do roku 1948 s\u00eddlilo v\u00a0Rychnov\u011b nad Kn\u011b\u017enou<em>.<\/em> Na \u010dinnost Vambereck\u00e9 krajky nav\u00e1zala <a href=\"https:\/\/www.vkrajka.cz\/\" target=\"_blank\" rel=\"noreferrer noopener\" data-type=\"URL\" data-id=\"https:\/\/www.vkrajka.cz\/\">Vambereck\u00e1 krajka CZ s.r.o. Vamberk (2003)<\/a>.<\/p>\r\n<!-- \/wp:paragraph -->\r\n\r\n<!-- wp:paragraph {\"fontSize\":\"small\"} -->\r\n<p class=\"has-small-font-size\">Pr\u016fmyslov\u00e1 v\u00fdroba se do hornat\u00e9ho regionu dost\u00e1vala se zpo\u017ed\u011bn\u00edm a\u00a0s\u00a0obt\u00ed\u017eemi. Pronikla i\u00a0do tradi\u010dn\u00ed ru\u010dn\u00ed v\u00fdroby krajek. Strojn\u011b se vyr\u00e1b\u011bly nap\u0159\u00edklad v\u00a0podniku <em>Anton\u00edna Bedn\u00e1\u0159e synov\u00e9, prvn\u00ed vambersk\u00e1 tov\u00e1rna na bavln\u011bn\u00e9 l\u00e1tky, \u0161lichtovna, \u00fapravna, barevna a\u00a0b\u011blidlo ve Vamberku<\/em> a\u00a0v\u00a0tov\u00e1rn\u011b <em>Anton\u00edn Koblic, Rychnov nad Kn\u011b\u017enou<\/em>.<\/p>\r\n<!-- \/wp:paragraph -->\r\n\r\n<!-- wp:paragraph {\"fontSize\":\"small\"} -->\r\n<p class=\"has-small-font-size\">V\u00a0sou\u010dasnosti je ru\u010dn\u00ed zhotovov\u00e1n\u00ed krajek v\u00a0Orlick\u00fdch hor\u00e1ch a\u00a0Podorlicku zejm\u00e9na z\u00e1jmovou \u010dinnost\u00ed, volno\u010dasovou aktivitou a\u00a0oblast\u00ed um\u011bleck\u00e9 textiln\u00ed tvorby.<\/p>\r\n<!-- \/wp:paragraph -->\r\n\r\n<!-- wp:paragraph {\"fontSize\":\"small\"} -->\r\n<p class=\"has-small-font-size\">V\u00fdraznou krajk\u00e1\u0159kou byla Marie Sedl\u00e1\u010dkov\u00e1-Serbouskov\u00e1. K\u00a0v\u00fdznamn\u00fdm textiln\u00edm tv\u016frc\u016fm inspirovan\u00fdm krajkami z\u00a0oblasti, k\u00a0v\u00fdtvarn\u00edk\u016fm spolupracuj\u00edc\u00edm s\u00a0dru\u017estvem Vambereck\u00e1 krajka a\u00a0Vambereck\u00e1 krajka CZ s.r.o. pat\u0159\u00ed Marie Cerbsov\u00e1, Mil\u010da Eremi\u00e1\u0161ov\u00e1<em>, <\/em>Eva Fialov\u00e1, Emilie Frydeck\u00e1, Bohumila Gru\u0161kovsk\u00e1, Blanka Gr\u00fcnerov\u00e1, Blanka Hanu\u0161ov\u00e1, Elena Holeczyov\u00e1, Luba Krej\u010d\u00ed,Lenka Kroul\u00edkov\u00e1, Anna Kuncov\u00e1, Stanislava Losov\u00e1, Emilie Pali\u010dkov\u00e1-Mildeov\u00e1, Sv\u011btlana Pavl\u00ed\u010dkov\u00e1, Marie Poludov\u00e1-Holcov\u00e1, F. Ren\u00e1tov\u00e1, Bo\u017eena Rothmayerov\u00e1, Rudolf Richter, Jana \u0160tefkov\u00e1, Marie Va\u0148kov\u00e1-Kuchynkov\u00e1. N\u011bkte\u0159\u00ed z\u00a0nich byli pracovn\u00edky \u00dast\u0159ed\u00ed lidov\u00e9 um\u011bleck\u00e9 v\u00fdroby, s\u00a0n\u00edm\u017e dru\u017estvo spolupracovalo. Vzory pro dru\u017estvo Vambereck\u00e1 krajka citliv\u011b rozkreslovala Anna Kuncov\u00e1. V\u00a0dru\u017estvu byly realizov\u00e1ny i krajkov\u00e9 tapiserie a\u00a0objekty pro sv\u011btov\u00e9 v\u00fdstavy Expo 58 v\u00a0Bruselu a\u00a0Expo 67 v\u00a0Montrealu.<\/p>\r\n<!-- \/wp:paragraph -->\r\n\r\n<!-- wp:paragraph {\"fontSize\":\"small\"} -->\r\n<p class=\"has-small-font-size\">Pali\u010dkovan\u00e9 krajce se v oblasti vyu\u010dovalo a vyu\u010duje. Rozvoji krajk\u00e1\u0159stv\u00ed na Vamberecku, udr\u017een\u00ed jeho kvality, zprost\u0159edkov\u00e1n\u00ed \u201em\u00f3dn\u00edch trend\u016f\u201c napomohlo v\u00fdrazn\u011b zalo\u017een\u00ed Prvn\u00ed \u010desk\u00e9 odborn\u00e9 \u0161koly krajk\u00e1\u0159sk\u00e9 ve Vamberku roku 1887. Vyu\u010dovat se v n\u00ed za\u010dalo v roce 1889. Krajce se v n\u00e1sleduj\u00edc\u00edch letech vyu\u010dovalo v r\u016fzn\u00fdch \u010dasov\u00fdch \u00fasec\u00edch tak\u00e9 v \u010cesk\u00e9 Rybn\u00e9, Chocni, Neko\u0159i, Letohradu, Pastvin\u00e1ch, Pot\u0161tejn\u011b, Rokytnici v Orlick\u00fdch hor\u00e1ch, Rybn\u00e9 nad Zdobnic\u00ed, ve Slatin\u011b nad Zdobnic\u00ed, v \u017damberku. \u0160kola ve Vamberku se pod r\u016fzn\u00fdmi z\u0159izovateli, v r\u016fzn\u00fdch podob\u00e1ch a na r\u016fzn\u00fdch m\u00edstech udr\u017eela do sou\u010dasnosti, a v\u00fdrazn\u011b tak p\u0159isp\u011bla k zaji\u0161t\u011bn\u00ed kontinuity pali\u010dkov\u00e1n\u00ed v oblasti. Vambereck\u00e1 \u0161kola zaji\u0161\u0165ovala a zaji\u0161\u0165uje tak\u00e9 r\u016fzn\u00e9 typy kurz\u016f pali\u010dkov\u00e1n\u00ed. Podobn\u011b tomu bylo i u zanikl\u00fdch krajk\u00e1\u0159sk\u00fdch \u0161kol. P\u0159ed druhou sv\u011btovou v\u00e1lkou a po n\u00ed se o udr\u017een\u00ed tradice pali\u010dkovan\u00e9 krajky v Orlick\u00fdch hor\u00e1ch a Podorlicku v\u00fdznamn\u011b zaslou\u017eil St\u00e1tn\u00ed \u00fastav \u0161kolsk\u00fd pro dom\u00e1ck\u00fd pr\u016fmysl, p\u0159ejmenovan\u00fd roku 1964 na \u0160kolsk\u00fd \u00fastav um\u011bleck\u00e9 v\u00fdroby.<\/p>\r\n<!-- \/wp:paragraph -->\r\n\r\n<!-- wp:paragraph {\"fontSize\":\"small\"} -->\r\n<p class=\"has-small-font-size\">Doklady o zhotovov\u00e1n\u00ed krajek, tj. p\u00edsemnosti, obrazov\u00e9 prameny, n\u00e1vrhy, podvinky, pracovn\u00ed n\u00e1stroje a\u00a0pom\u016fcky, krajky, jsou zastoupeny ve sb\u00edrk\u00e1ch deponovan\u00fdch v\u00a0pam\u011b\u0165ov\u00fdch instituc\u00edch, zejm\u00e9na v\u00a0Muzeu krajky Vamberk, pobo\u010dce Muzea a\u00a0galerie Orlick\u00fdch hor v\u00a0Rychnov\u011b nad Kn\u011b\u017enou, v\u00a0objektech spravovan\u00fdch N\u00e1rodn\u00edm pam\u00e1tkov\u00fdm \u00fastavem (\u00daOP Josefov a\u00a0Pardubice) a\u00a0soukrom\u00fdmi majiteli.<\/p>\r\n<!-- \/wp:paragraph -->\r\n\r\n<!-- wp:paragraph {\"fontSize\":\"small\"} -->\r\n<p class=\"has-small-font-size\">Krajce jsou v\u00a0regionu v\u011bnov\u00e1ny v\u00fdstavn\u00ed p\u0159ehl\u00eddky, setk\u00e1n\u00ed a\u00a0dal\u0161\u00ed akce. Od roku 1994 je ve Vamberku po\u0159\u00e1d\u00e1no Mezin\u00e1rodn\u00ed setk\u00e1n\u00ed krajk\u00e1\u0159ek. V\u00a0r\u00e1mci setk\u00e1n\u00ed je od roku 2002 uskute\u010d\u0148ov\u00e1na sout\u011b\u017en\u00ed p\u0159ehl\u00eddka <a href=\"http:\/\/www.bienale.vamberk.cz\/\" target=\"_blank\" rel=\"noreferrer noopener\" data-type=\"URL\" data-id=\"http:\/\/www.bienale.vamberk.cz\/\">Bien\u00e1le \u010desk\u00e9 krajky ve Vamberku<\/a>. V\u00a0lich\u00fdch letech jsou ve Vamberku po\u0159\u00e1d\u00e1ny Krajk\u00e1\u0159sk\u00e9 slavnosti.<\/p>\r\n<!-- \/wp:paragraph -->\r\n\r\n<!-- wp:paragraph {\"fontSize\":\"small\"} -->\r\n<p class=\"has-small-font-size\">V\u00a0letech 2007-2018 existovala obecn\u011b prosp\u011b\u0161n\u00e1 spole\u010dnost Sv\u011bt vambereck\u00e9 krajky, jej\u00edm\u017e neuskute\u010dn\u011bn\u00fdm c\u00edlem bylo vytvo\u0159it ve Vamberku v\u00edce\u00fa\u010delov\u00e9 kulturn\u00ed za\u0159\u00edzen\u00ed v\u011bnovan\u00e9 sb\u011bru, dokumentaci, prezentaci a\u00a0propagaci vambereck\u00e9 krajky.<\/p>\r\n<!-- \/wp:paragraph -->\r\n\r\n<!-- wp:paragraph {\"fontSize\":\"small\"} -->\r\n<p class=\"has-small-font-size\">\u00dasp\u011b\u0161n\u00e9 krajk\u00e1\u0159ky z Podorlicka obdr\u017eely od ministerstva kultury ocen\u011bn\u00ed Nositel tradice lidov\u00fdch \u0159emesel a\u00a0od Rady Kr\u00e1lov\u00e9hradeck\u00e9ho kraje <a href=\"https:\/\/www.muzeumhk.cz\/muzeum\/regionalni-pracoviste-pro-tradicni-lidovou-kulturu\/721-zlaty-kolovrat.html\" target=\"_blank\" rel=\"noreferrer noopener\" data-type=\"URL\" data-id=\"https:\/\/www.muzeumhk.cz\/muzeum\/regionalni-pracoviste-pro-tradicni-lidovou-kulturu\/721-zlaty-kolovrat.html\">Zlat\u00fd kolovrat (po roce 2002)<\/a> a\u00a0<a href=\"https:\/\/www.muzeumhk.cz\/muzeum\/regionalni-pracoviste-pro-tradicni-lidovou-kulturu\/721-zlaty-kolovrat.html\" target=\"_blank\" rel=\"noreferrer noopener\" data-type=\"URL\" data-id=\"https:\/\/www.muzeumhk.cz\/muzeum\/regionalni-pracoviste-pro-tradicni-lidovou-kulturu\/721-zlaty-kolovrat.html\">Mistr tradi\u010dn\u00ed rukod\u011bln\u00e9 v\u00fdroby Kr\u00e1lov\u00e9hradeck\u00e9ho kraje (po roce 2017)<\/a>.<\/p>\r\n<!-- \/wp:paragraph -->\r\n\r\n<!-- wp:paragraph {\"fontSize\":\"small\"} -->\r\n<p class=\"has-small-font-size\">Krajk\u00e1\u0159stv\u00ed v\u00a0oblasti Orlick\u00fdch hor a\u00a0Podorlicka p\u0159edstavuje v\u00fdznamnou oblast na\u0161eho duchovn\u00edho, kulturn\u00edho d\u011bdictv\u00ed a jeho v\u00fdsledky pak i d\u011bdictv\u00ed hmotn\u00e9ho. Z\u00a0iniciativy Muzea a\u00a0galerie Orlick\u00fdch hor byla v\u00a0roce 2017 zaps\u00e1na na <a href=\"https:\/\/www.muzeumhk.cz\/muzeum\/regionalni-pracoviste-pro-tradicni-lidovou-kulturu\/722-mistr-tradicni-rukodelne-vyroby.html\" target=\"_blank\" rel=\"noreferrer noopener\" data-type=\"URL\" data-id=\"https:\/\/www.muzeumhk.cz\/muzeum\/regionalni-pracoviste-pro-tradicni-lidovou-kulturu\/722-mistr-tradicni-rukodelne-vyroby.html\">Seznam nemateri\u00e1ln\u00edch statk\u016f tradi\u010dn\u00ed lidov\u00e9 kultury Kr\u00e1lov\u00e9hradeck\u00e9ho kraje<\/a> \u201eTradice genera\u010dn\u00edho p\u0159ed\u00e1v\u00e1n\u00ed krajk\u00e1\u0159stv\u00ed na Vamberecku\u201c<em>.<\/em> Dne 13. prosince 2019 schv\u00e1lil ministr kultury Lubom\u00edr Zaor\u00e1lek z\u00e1pis <a href=\"https:\/\/www.nulk.cz\/2020\/01\/27\/tradice-krajkarstvi-na-vamberecku\/\" target=\"_blank\" rel=\"noreferrer noopener\" data-type=\"URL\" data-id=\"https:\/\/www.nulk.cz\/2020\/01\/27\/tradice-krajkarstvi-na-vamberecku\/\">Tradice krajk\u00e1\u0159stv\u00ed na Vamberecku<\/a> na Seznam nemateri\u00e1ln\u00edch statk\u016f tradi\u010dn\u00ed lidov\u00e9 kultury \u010cesk\u00e9 republiky. Iniciov\u00e1no bylo zaps\u00e1n\u00ed krajk\u00e1\u0159stv\u00ed z oblasti Orlick\u00fdch hor a Podorlicka, Vamberecka, na Seznam nehmotn\u00e9ho kulturn\u00edho d\u011bdictv\u00ed UNESCO.<\/p>","protected":false},"excerpt":{"rendered":"<p>Orlick\u00e9 hory a\u00a0Podorlicko (p\u0159edev\u0161\u00edm Vamberecko) pat\u0159\u00ed k\u00a0tradi\u010dn\u00edm, v\u00fdznamn\u00fdm region\u016fm zhotovov\u00e1n\u00ed krajek (krajek pali\u010dkovan\u00fdch, p\u0159edev\u0161\u00edm mnohop\u00e1rov\u00fdch a\u00a0p\u00e1skov\u00fdch) v\u00a0\u010desk\u00fdch zem\u00edch. Jeho po\u010d\u00e1tky b\u00fdvaj\u00ed spojov\u00e1ny s\u00a0Magdalenou Grambovou, man\u017eelkou hrab\u011bte Ka\u0161para Gramba poch\u00e1zej\u00edc\u00edho z &#8230;<\/p>\n","protected":false},"author":1,"featured_media":0,"parent":0,"menu_order":0,"comment_status":"closed","ping_status":"closed","template":"","meta":{"footnotes":""},"class_list":["post-502","page","type-page","status-publish","hentry"],"_links":{"self":[{"href":"https:\/\/www.vlaknapameti.cz\/index.php?rest_route=\/wp\/v2\/pages\/502","targetHints":{"allow":["GET"]}}],"collection":[{"href":"https:\/\/www.vlaknapameti.cz\/index.php?rest_route=\/wp\/v2\/pages"}],"about":[{"href":"https:\/\/www.vlaknapameti.cz\/index.php?rest_route=\/wp\/v2\/types\/page"}],"author":[{"embeddable":true,"href":"https:\/\/www.vlaknapameti.cz\/index.php?rest_route=\/wp\/v2\/users\/1"}],"replies":[{"embeddable":true,"href":"https:\/\/www.vlaknapameti.cz\/index.php?rest_route=%2Fwp%2Fv2%2Fcomments&post=502"}],"version-history":[{"count":3,"href":"https:\/\/www.vlaknapameti.cz\/index.php?rest_route=\/wp\/v2\/pages\/502\/revisions"}],"predecessor-version":[{"id":924,"href":"https:\/\/www.vlaknapameti.cz\/index.php?rest_route=\/wp\/v2\/pages\/502\/revisions\/924"}],"wp:attachment":[{"href":"https:\/\/www.vlaknapameti.cz\/index.php?rest_route=%2Fwp%2Fv2%2Fmedia&parent=502"}],"curies":[{"name":"wp","href":"https:\/\/api.w.org\/{rel}","templated":true}]}}