{"id":498,"date":"2023-07-25T10:12:06","date_gmt":"2023-07-25T10:12:06","guid":{"rendered":"https:\/\/www.vlaknapameti.cz\/?page_id=498"},"modified":"2025-11-08T01:57:02","modified_gmt":"2025-11-08T01:57:02","slug":"vystavy-2","status":"publish","type":"page","link":"https:\/\/www.vlaknapameti.cz\/?page_id=498","title":{"rendered":"V\u00fdstavy"},"content":{"rendered":"<p class=\"has-small-font-size\">\u010clenov\u00e9 \u0159e\u0161itelsk\u00e9ho t\u00fdmu projektu p\u0159ipravuj\u00ed t\u0159i v\u00fdstavy:<\/p>\r\n<!-- \/wp:post-content -->\r\n\r\n<!-- wp:list -->\r\n<ul><!-- wp:list-item {\"fontSize\":\"small\"} -->\r\n<li class=\"has-small-font-size\"><a href=\"https:\/\/www.vlaknapameti.cz\/?page_id=882\"><strong>Krajka na historick\u00e9m portr\u00e9tu<\/strong>; Z\u00e1mek, Rychnov nad Kn\u011b\u017enou, \u010derven-z\u00e1\u0159\u00ed 2026<\/a><br \/><br \/><\/li>\r\n<!-- \/wp:list-item -->\r\n\r\n<!-- wp:list-item {\"fontSize\":\"small\"} -->\r\n<li class=\"has-small-font-size\"><a href=\"https:\/\/www.vlaknapameti.cz\/?page_id=885\"><strong>Krajka v c\u00edrkvi. C\u00edrkev v krajce \u2013 Krajka v liturgick\u00e9m um\u011bn\u00ed<\/strong>;<em> Muzeum krajky Vamberk, <\/em>kv\u011bten\u2013z\u00e1\u0159\u00ed 2026<\/a><br \/><br \/><\/li>\r\n<li><a href=\"https:\/\/www.vlaknapameti.cz\/?page_id=897\"><strong>Vl\u00e1kna pam\u011bti. Minulost a sou\u010dasnost vambereck\u00e9ho krajk\u00e1\u0159stv\u00ed<\/strong>; <em>Muzeum a\u00a0galerie Orlick\u00fdch hor v Rychnov\u011b nad Kn\u011b\u017enou, <\/em>kv\u011bten-\u0159\u00edjen 2027<\/a><\/li>\r\n<!-- \/wp:list-item -->\r\n\r\n<!-- wp:list-item {\"fontSize\":\"small\"} \/--><\/ul>\r\n<!-- \/wp:list -->\r\n\r\n<!-- wp:paragraph \/-->\r\n\r\n<!-- wp:paragraph {\"fontSize\":\"small\"} -->\r\n<p class=\"has-small-font-size\">\u00a0<\/p>","protected":false},"excerpt":{"rendered":"<p>\u010clenov\u00e9 \u0159e\u0161itelsk\u00e9ho t\u00fdmu projektu p\u0159ipravuj\u00ed t\u0159i v\u00fdstavy: Krajka na historick\u00e9m portr\u00e9tu; Z\u00e1mek, Rychnov nad Kn\u011b\u017enou, \u010derven-z\u00e1\u0159\u00ed 2026 Krajka v c\u00edrkvi. C\u00edrkev v krajce \u2013 Krajka v liturgick\u00e9m um\u011bn\u00ed; Muzeum krajky &#8230;<\/p>\n","protected":false},"author":1,"featured_media":0,"parent":0,"menu_order":0,"comment_status":"closed","ping_status":"closed","template":"","meta":{"footnotes":""},"class_list":["post-498","page","type-page","status-publish","hentry"],"_links":{"self":[{"href":"https:\/\/www.vlaknapameti.cz\/index.php?rest_route=\/wp\/v2\/pages\/498","targetHints":{"allow":["GET"]}}],"collection":[{"href":"https:\/\/www.vlaknapameti.cz\/index.php?rest_route=\/wp\/v2\/pages"}],"about":[{"href":"https:\/\/www.vlaknapameti.cz\/index.php?rest_route=\/wp\/v2\/types\/page"}],"author":[{"embeddable":true,"href":"https:\/\/www.vlaknapameti.cz\/index.php?rest_route=\/wp\/v2\/users\/1"}],"replies":[{"embeddable":true,"href":"https:\/\/www.vlaknapameti.cz\/index.php?rest_route=%2Fwp%2Fv2%2Fcomments&post=498"}],"version-history":[{"count":10,"href":"https:\/\/www.vlaknapameti.cz\/index.php?rest_route=\/wp\/v2\/pages\/498\/revisions"}],"predecessor-version":[{"id":2956,"href":"https:\/\/www.vlaknapameti.cz\/index.php?rest_route=\/wp\/v2\/pages\/498\/revisions\/2956"}],"wp:attachment":[{"href":"https:\/\/www.vlaknapameti.cz\/index.php?rest_route=%2Fwp%2Fv2%2Fmedia&parent=498"}],"curies":[{"name":"wp","href":"https:\/\/api.w.org\/{rel}","templated":true}]}}