{"id":495,"date":"2023-07-25T10:11:08","date_gmt":"2023-07-25T10:11:08","guid":{"rendered":"https:\/\/www.vlaknapameti.cz\/?page_id=495"},"modified":"2023-10-04T20:07:34","modified_gmt":"2023-10-04T20:07:34","slug":"restaurovani-a-preventivni-konzervace-krajky-2","status":"publish","type":"page","link":"https:\/\/www.vlaknapameti.cz\/?page_id=495","title":{"rendered":"Restaurov\u00e1n\u00ed a preventivn\u00ed konzervace krajky"},"content":{"rendered":"<p class=\"has-small-font-size\">\u00b0 Bude proveden restaur\u00e1torsk\u00fd pr\u016fzkum sb\u00edrkov\u00fdch krajkov\u00fdch p\u0159edm\u011bt\u016f zam\u011b\u0159en\u00fd na jejich materi\u00e1lov\u00e9 slo\u017een\u00ed, na ur\u010den\u00ed\u00a0charakteru a typu krajek, druh\u016f po\u0161kozen\u00ed, identifikaci tu\u017eic\u00edch prost\u0159edk\u016f, p\u0159edchoz\u00edch restaur\u00e1torsk\u00fdch z\u00e1sah\u016f a\u00a0jejich adjustaci. Na z\u00e1klad\u011b vyhodnocen\u00ed pr\u016fzkumu budou vytvo\u0159eny modelov\u00e9 vzorky pro v\u00fdvoj metod \u010di\u0161t\u011bn\u00ed, tu\u017een\u00ed, konsolidaci a adjustaci krajek. Nejvhodn\u011bj\u0161\u00ed postupy pak budou uvedeny v metodice Restaurov\u00e1n\u00ed a preventivn\u00e1 konzervace krajky.<\/p>\r\n<!-- \/wp:post-content -->\r\n\r\n<!-- wp:paragraph {\"fontSize\":\"small\"} -->\r\n<p class=\"has-small-font-size\">\u00b0 V r\u00e1mci projektu budou navr\u017eeny tak\u00e9 z\u00e1sady preventivn\u00ed konzervace\u00a0krajkov\u00fdch p\u0159edm\u011bt\u016f zahrnuj\u00edc\u00ed jejich adjustaci a klimatick\u00e9 podm\u00ednky vystavov\u00e1n\u00ed a ulo\u017een\u00ed.<\/p>\r\n<p><strong>Z p\u0159\u00edpravy a procesu restaurov\u00e1n\u00ed od\u011bvn\u00ed krajky:<\/strong><\/p>\r\n<p>Fotodokumentace<br \/><img loading=\"lazy\" decoding=\"async\" class=\"size-medium wp-image-604\" src=\"https:\/\/www.vlaknapameti.cz\/wp-content\/uploads\/2023\/09\/restaurovani01-300x225.jpg\" alt=\"\" width=\"300\" height=\"225\" srcset=\"https:\/\/www.vlaknapameti.cz\/wp-content\/uploads\/2023\/09\/restaurovani01-300x225.jpg 300w, https:\/\/www.vlaknapameti.cz\/wp-content\/uploads\/2023\/09\/restaurovani01-1024x768.jpg 1024w, https:\/\/www.vlaknapameti.cz\/wp-content\/uploads\/2023\/09\/restaurovani01-768x576.jpg 768w, https:\/\/www.vlaknapameti.cz\/wp-content\/uploads\/2023\/09\/restaurovani01-1536x1152.jpg 1536w, https:\/\/www.vlaknapameti.cz\/wp-content\/uploads\/2023\/09\/restaurovani01-2048x1536.jpg 2048w\" sizes=\"auto, (max-width: 300px) 100vw, 300px\" \/><\/p>\r\n<p>Identifikace textiln\u00edch vl\u00e1ken<br \/><img loading=\"lazy\" decoding=\"async\" class=\"alignnone size-medium wp-image-605\" src=\"https:\/\/www.vlaknapameti.cz\/wp-content\/uploads\/2023\/09\/restaurovani02-300x225.jpg\" alt=\"\" width=\"300\" height=\"225\" srcset=\"https:\/\/www.vlaknapameti.cz\/wp-content\/uploads\/2023\/09\/restaurovani02-300x225.jpg 300w, https:\/\/www.vlaknapameti.cz\/wp-content\/uploads\/2023\/09\/restaurovani02-1024x768.jpg 1024w, https:\/\/www.vlaknapameti.cz\/wp-content\/uploads\/2023\/09\/restaurovani02-768x576.jpg 768w, https:\/\/www.vlaknapameti.cz\/wp-content\/uploads\/2023\/09\/restaurovani02-1536x1152.jpg 1536w, https:\/\/www.vlaknapameti.cz\/wp-content\/uploads\/2023\/09\/restaurovani02-2048x1536.jpg 2048w\" sizes=\"auto, (max-width: 300px) 100vw, 300px\" \/><\/p>\r\n<p>Rozbor<br \/><img loading=\"lazy\" decoding=\"async\" class=\"alignnone size-medium wp-image-606\" src=\"https:\/\/www.vlaknapameti.cz\/wp-content\/uploads\/2023\/09\/restaurovani03-300x225.jpg\" alt=\"\" width=\"300\" height=\"225\" srcset=\"https:\/\/www.vlaknapameti.cz\/wp-content\/uploads\/2023\/09\/restaurovani03-300x225.jpg 300w, https:\/\/www.vlaknapameti.cz\/wp-content\/uploads\/2023\/09\/restaurovani03-1024x768.jpg 1024w, https:\/\/www.vlaknapameti.cz\/wp-content\/uploads\/2023\/09\/restaurovani03-768x576.jpg 768w, https:\/\/www.vlaknapameti.cz\/wp-content\/uploads\/2023\/09\/restaurovani03-1536x1152.jpg 1536w, https:\/\/www.vlaknapameti.cz\/wp-content\/uploads\/2023\/09\/restaurovani03-2048x1536.jpg 2048w\" sizes=\"auto, (max-width: 300px) 100vw, 300px\" \/><\/p>\r\n<p>\u010ci\u0161t\u011bn\u00ed<br \/><img loading=\"lazy\" decoding=\"async\" class=\"alignnone size-medium wp-image-607\" src=\"https:\/\/www.vlaknapameti.cz\/wp-content\/uploads\/2023\/09\/restaurovani04-300x225.jpg\" alt=\"\" width=\"300\" height=\"225\" srcset=\"https:\/\/www.vlaknapameti.cz\/wp-content\/uploads\/2023\/09\/restaurovani04-300x225.jpg 300w, https:\/\/www.vlaknapameti.cz\/wp-content\/uploads\/2023\/09\/restaurovani04-1024x768.jpg 1024w, https:\/\/www.vlaknapameti.cz\/wp-content\/uploads\/2023\/09\/restaurovani04-768x576.jpg 768w, https:\/\/www.vlaknapameti.cz\/wp-content\/uploads\/2023\/09\/restaurovani04-1536x1152.jpg 1536w, https:\/\/www.vlaknapameti.cz\/wp-content\/uploads\/2023\/09\/restaurovani04-2048x1536.jpg 2048w\" sizes=\"auto, (max-width: 300px) 100vw, 300px\" \/><\/p>\r\n<p><img loading=\"lazy\" decoding=\"async\" class=\"alignnone size-medium wp-image-608\" src=\"https:\/\/www.vlaknapameti.cz\/wp-content\/uploads\/2023\/09\/restaurovani05-300x225.jpg\" alt=\"\" width=\"300\" height=\"225\" srcset=\"https:\/\/www.vlaknapameti.cz\/wp-content\/uploads\/2023\/09\/restaurovani05-300x225.jpg 300w, https:\/\/www.vlaknapameti.cz\/wp-content\/uploads\/2023\/09\/restaurovani05-1024x768.jpg 1024w, https:\/\/www.vlaknapameti.cz\/wp-content\/uploads\/2023\/09\/restaurovani05-768x576.jpg 768w, https:\/\/www.vlaknapameti.cz\/wp-content\/uploads\/2023\/09\/restaurovani05-1536x1152.jpg 1536w, https:\/\/www.vlaknapameti.cz\/wp-content\/uploads\/2023\/09\/restaurovani05-2048x1536.jpg 2048w\" sizes=\"auto, (max-width: 300px) 100vw, 300px\" \/><\/p>\r\n<p>Vy\u0161pendlen\u00ed krajky<br \/><img loading=\"lazy\" decoding=\"async\" class=\"alignnone size-medium wp-image-609\" src=\"https:\/\/www.vlaknapameti.cz\/wp-content\/uploads\/2023\/09\/restaurovani06-300x225.jpg\" alt=\"\" width=\"300\" height=\"225\" srcset=\"https:\/\/www.vlaknapameti.cz\/wp-content\/uploads\/2023\/09\/restaurovani06-300x225.jpg 300w, https:\/\/www.vlaknapameti.cz\/wp-content\/uploads\/2023\/09\/restaurovani06-1024x768.jpg 1024w, https:\/\/www.vlaknapameti.cz\/wp-content\/uploads\/2023\/09\/restaurovani06-768x576.jpg 768w, https:\/\/www.vlaknapameti.cz\/wp-content\/uploads\/2023\/09\/restaurovani06-1536x1152.jpg 1536w, https:\/\/www.vlaknapameti.cz\/wp-content\/uploads\/2023\/09\/restaurovani06.jpg 1676w\" sizes=\"auto, (max-width: 300px) 100vw, 300px\" \/><\/p>\r\n<p>Su\u0161en\u00ed krajky a od\u011bvu<br \/><img loading=\"lazy\" decoding=\"async\" class=\"alignnone size-medium wp-image-610\" src=\"https:\/\/www.vlaknapameti.cz\/wp-content\/uploads\/2023\/09\/restaurovani07-300x225.jpg\" alt=\"\" width=\"300\" height=\"225\" srcset=\"https:\/\/www.vlaknapameti.cz\/wp-content\/uploads\/2023\/09\/restaurovani07-300x225.jpg 300w, https:\/\/www.vlaknapameti.cz\/wp-content\/uploads\/2023\/09\/restaurovani07-1024x768.jpg 1024w, https:\/\/www.vlaknapameti.cz\/wp-content\/uploads\/2023\/09\/restaurovani07-768x576.jpg 768w, https:\/\/www.vlaknapameti.cz\/wp-content\/uploads\/2023\/09\/restaurovani07.jpg 1422w\" sizes=\"auto, (max-width: 300px) 100vw, 300px\" \/><\/p>\r\n<p>Vyrovn\u00e1n\u00ed krajky<br \/><img loading=\"lazy\" decoding=\"async\" class=\"alignnone size-medium wp-image-611\" src=\"https:\/\/www.vlaknapameti.cz\/wp-content\/uploads\/2023\/09\/restaurovani08-300x225.jpg\" alt=\"\" width=\"300\" height=\"225\" srcset=\"https:\/\/www.vlaknapameti.cz\/wp-content\/uploads\/2023\/09\/restaurovani08-300x225.jpg 300w, https:\/\/www.vlaknapameti.cz\/wp-content\/uploads\/2023\/09\/restaurovani08-1024x768.jpg 1024w, https:\/\/www.vlaknapameti.cz\/wp-content\/uploads\/2023\/09\/restaurovani08-768x576.jpg 768w, https:\/\/www.vlaknapameti.cz\/wp-content\/uploads\/2023\/09\/restaurovani08-1536x1152.jpg 1536w, https:\/\/www.vlaknapameti.cz\/wp-content\/uploads\/2023\/09\/restaurovani08-2048x1536.jpg 2048w\" sizes=\"auto, (max-width: 300px) 100vw, 300px\" \/><\/p>\r\n<p>Restaurov\u00e1n\u00ed krajky a od\u011bvu<br \/><img loading=\"lazy\" decoding=\"async\" class=\"alignnone size-medium wp-image-612\" src=\"https:\/\/www.vlaknapameti.cz\/wp-content\/uploads\/2023\/09\/restaurovani09-300x225.jpg\" alt=\"\" width=\"300\" height=\"225\" srcset=\"https:\/\/www.vlaknapameti.cz\/wp-content\/uploads\/2023\/09\/restaurovani09-300x225.jpg 300w, https:\/\/www.vlaknapameti.cz\/wp-content\/uploads\/2023\/09\/restaurovani09-1024x768.jpg 1024w, https:\/\/www.vlaknapameti.cz\/wp-content\/uploads\/2023\/09\/restaurovani09-768x576.jpg 768w, https:\/\/www.vlaknapameti.cz\/wp-content\/uploads\/2023\/09\/restaurovani09-1536x1152.jpg 1536w, https:\/\/www.vlaknapameti.cz\/wp-content\/uploads\/2023\/09\/restaurovani09-2048x1536.jpg 2048w\" sizes=\"auto, (max-width: 300px) 100vw, 300px\" \/><\/p>\r\n<p>Adjustace krajky a od\u011bvu<br \/><img loading=\"lazy\" decoding=\"async\" class=\"alignnone size-medium wp-image-613\" src=\"https:\/\/www.vlaknapameti.cz\/wp-content\/uploads\/2023\/09\/restaurovani10-300x225.jpg\" alt=\"\" width=\"300\" height=\"225\" srcset=\"https:\/\/www.vlaknapameti.cz\/wp-content\/uploads\/2023\/09\/restaurovani10-300x225.jpg 300w, https:\/\/www.vlaknapameti.cz\/wp-content\/uploads\/2023\/09\/restaurovani10-1024x768.jpg 1024w, https:\/\/www.vlaknapameti.cz\/wp-content\/uploads\/2023\/09\/restaurovani10-768x576.jpg 768w, https:\/\/www.vlaknapameti.cz\/wp-content\/uploads\/2023\/09\/restaurovani10-1536x1151.jpg 1536w, https:\/\/www.vlaknapameti.cz\/wp-content\/uploads\/2023\/09\/restaurovani10.jpg 1873w\" sizes=\"auto, (max-width: 300px) 100vw, 300px\" \/><\/p>","protected":false},"excerpt":{"rendered":"<p>\u00b0 Bude proveden restaur\u00e1torsk\u00fd pr\u016fzkum sb\u00edrkov\u00fdch krajkov\u00fdch p\u0159edm\u011bt\u016f zam\u011b\u0159en\u00fd na jejich materi\u00e1lov\u00e9 slo\u017een\u00ed, na ur\u010den\u00ed\u00a0charakteru a typu krajek, druh\u016f po\u0161kozen\u00ed, identifikaci tu\u017eic\u00edch prost\u0159edk\u016f, p\u0159edchoz\u00edch restaur\u00e1torsk\u00fdch z\u00e1sah\u016f a\u00a0jejich adjustaci. Na z\u00e1klad\u011b &#8230;<\/p>\n","protected":false},"author":1,"featured_media":0,"parent":0,"menu_order":0,"comment_status":"closed","ping_status":"closed","template":"","meta":{"footnotes":""},"class_list":["post-495","page","type-page","status-publish","hentry"],"_links":{"self":[{"href":"https:\/\/www.vlaknapameti.cz\/index.php?rest_route=\/wp\/v2\/pages\/495","targetHints":{"allow":["GET"]}}],"collection":[{"href":"https:\/\/www.vlaknapameti.cz\/index.php?rest_route=\/wp\/v2\/pages"}],"about":[{"href":"https:\/\/www.vlaknapameti.cz\/index.php?rest_route=\/wp\/v2\/types\/page"}],"author":[{"embeddable":true,"href":"https:\/\/www.vlaknapameti.cz\/index.php?rest_route=\/wp\/v2\/users\/1"}],"replies":[{"embeddable":true,"href":"https:\/\/www.vlaknapameti.cz\/index.php?rest_route=%2Fwp%2Fv2%2Fcomments&post=495"}],"version-history":[{"count":3,"href":"https:\/\/www.vlaknapameti.cz\/index.php?rest_route=\/wp\/v2\/pages\/495\/revisions"}],"predecessor-version":[{"id":648,"href":"https:\/\/www.vlaknapameti.cz\/index.php?rest_route=\/wp\/v2\/pages\/495\/revisions\/648"}],"wp:attachment":[{"href":"https:\/\/www.vlaknapameti.cz\/index.php?rest_route=%2Fwp%2Fv2%2Fmedia&parent=495"}],"curies":[{"name":"wp","href":"https:\/\/api.w.org\/{rel}","templated":true}]}}