{"id":490,"date":"2023-07-25T10:09:39","date_gmt":"2023-07-25T10:09:39","guid":{"rendered":"https:\/\/www.vlaknapameti.cz\/?page_id=490"},"modified":"2026-02-21T21:48:29","modified_gmt":"2026-02-21T21:48:29","slug":"publikacni-cinnost","status":"publish","type":"page","link":"https:\/\/www.vlaknapameti.cz\/?page_id=490","title":{"rendered":"Publika\u010dn\u00ed \u010dinnost"},"content":{"rendered":"<p><em>Zde budou uvedeny s projektem souvisej\u00edc\u00ed publikace a odborn\u00e9 stati \u010dlen\u016f \u0159e\u0161itelsk\u00e9ho t\u00fdmu projektu.<\/em><\/p>\n<p>PILN\u00c1, Veronika: Okru\u017e\u00ed a man\u017eety p\u0159ipisovan\u00e1 Vil\u00e9mu Slavatovi z\u00a0mobili\u00e1\u0159e z\u00e1mku v\u00a0Jind\u0159ichov\u011b Hradci. (in)\u00a0<i>Pr\u016fzkumy pam\u00e1tek<\/i>\u00a02\/2023. ISSN 1212-1487. s. 63-72. <a id=\"-wm-OWAbe0a7e5a-6b88-ab99-8d83-31a8401a37e4\" class=\"-wm-x_OWAAutoLink\" href=\"https:\/\/doi.org\/10.56112\/pp.2023.2.05\" target=\"_blank\" rel=\"noopener\">https:\/\/doi.org\/10.56112\/pp.2023.2.05<\/a> (Jost)<\/p>\n<p>NACHTMANNOV\u00c1, Alena: Fraucimor jako d\u00edlna textiln\u00edho um\u011bn\u00ed. Ru\u010dn\u00ed pr\u00e1ce v\u00a0\u017eivot\u011b \u010desk\u00fdch \u0161lechti\u010den na pomez\u00ed renesance a barok. (in)\u00a0<i>Textil v muzeu,\u00a0<\/i>20\/1, 2024, s. 5-23, ISSN 1804-1752 <a href=\"https:\/\/vlaknapameti.cz\/wp-content\/uploads\/2024\/12\/Havlik_zpr.pdf\" target=\"_blank\" rel=\"noopener\">Mo\u017eno p\u0159e\u010d\u00edst zde<\/a>\u00a0(Jost)<\/p>\n<p>DR\u00c1BKOV\u00c1, Kl\u00e1ra, KREJ\u010c\u00cd, Jan, DURYCHOV\u00c1, Eva, POL\u00c1KOV\u00c1, Zuzana, BURE\u0160 V\u00cdCHOV\u00c1, Jana: Vliv vybran\u00fdch detergent\u016f na dlouhodobou stabilitu celul\u00f3zov\u00fdch vl\u00e1ken. (in) <em>Textil v muzeu<\/em>, 21\/1, s. 5-11, ISSN 1804-1752)\u00a0<a href=\"https:\/\/www.vlaknapameti.cz\/wp-content\/uploads\/drabkova_stabilita.pdf\" target=\"_blank\" rel=\"noopener\">Mo\u017eno p\u0159e\u010d\u00edst zde<\/a> (Jost)<\/p>\n<p>PILN\u00c1, Veronika: Druh\u00e1 do p\u00e1ru: Dva st\u0159ev\u00edce z\u00a0p\u016fvodn\u00edho mobili\u00e1\u0159e z\u00e1mku Fr\u00fddlant .(in)\u00a0<i>Textil v muzeu,\u00a0<\/i>21\/1, 2025, s. 12-26, ISSN 1804-1752 <a href=\"https:\/\/www.vlaknapameti.cz\/wp-content\/uploads\/pilna_strevice.pdf\" target=\"_blank\" rel=\"noopener\">Mo\u017eno p\u0159e\u010d\u00edst zde<\/a> (Jost)<\/p>\n","protected":false},"excerpt":{"rendered":"<p>Zde budou uvedeny s projektem souvisej\u00edc\u00ed publikace a odborn\u00e9 stati \u010dlen\u016f \u0159e\u0161itelsk\u00e9ho t\u00fdmu projektu. PILN\u00c1, Veronika: Okru\u017e\u00ed a man\u017eety p\u0159ipisovan\u00e1 Vil\u00e9mu Slavatovi z\u00a0mobili\u00e1\u0159e z\u00e1mku v\u00a0Jind\u0159ichov\u011b Hradci. (in)\u00a0Pr\u016fzkumy pam\u00e1tek\u00a02\/2023. ISSN 1212-1487. &#8230;<\/p>\n","protected":false},"author":1,"featured_media":0,"parent":0,"menu_order":0,"comment_status":"closed","ping_status":"closed","template":"","meta":{"footnotes":""},"class_list":["post-490","page","type-page","status-publish","hentry"],"_links":{"self":[{"href":"https:\/\/www.vlaknapameti.cz\/index.php?rest_route=\/wp\/v2\/pages\/490","targetHints":{"allow":["GET"]}}],"collection":[{"href":"https:\/\/www.vlaknapameti.cz\/index.php?rest_route=\/wp\/v2\/pages"}],"about":[{"href":"https:\/\/www.vlaknapameti.cz\/index.php?rest_route=\/wp\/v2\/types\/page"}],"author":[{"embeddable":true,"href":"https:\/\/www.vlaknapameti.cz\/index.php?rest_route=\/wp\/v2\/users\/1"}],"replies":[{"embeddable":true,"href":"https:\/\/www.vlaknapameti.cz\/index.php?rest_route=%2Fwp%2Fv2%2Fcomments&post=490"}],"version-history":[{"count":9,"href":"https:\/\/www.vlaknapameti.cz\/index.php?rest_route=\/wp\/v2\/pages\/490\/revisions"}],"predecessor-version":[{"id":3542,"href":"https:\/\/www.vlaknapameti.cz\/index.php?rest_route=\/wp\/v2\/pages\/490\/revisions\/3542"}],"wp:attachment":[{"href":"https:\/\/www.vlaknapameti.cz\/index.php?rest_route=%2Fwp%2Fv2%2Fmedia&parent=490"}],"curies":[{"name":"wp","href":"https:\/\/api.w.org\/{rel}","templated":true}]}}