{"id":487,"date":"2023-07-25T10:08:35","date_gmt":"2023-07-25T10:08:35","guid":{"rendered":"https:\/\/www.vlaknapameti.cz\/?page_id=487"},"modified":"2025-05-23T22:17:05","modified_gmt":"2025-05-23T22:17:05","slug":"ohlasy-2","status":"publish","type":"page","link":"https:\/\/www.vlaknapameti.cz\/?page_id=487","title":{"rendered":"Ohlasy"},"content":{"rendered":"<p class=\"has-small-font-size\">Tato str\u00e1nka slou\u017e\u00ed k odkaz\u016fm na \u010dl\u00e1nky k projektu v odborn\u00fdch a popul\u00e1rn\u011b zam\u011b\u0159en\u00fdch periodik\u00e1ch, na internetu, na relace v rozhlasu, zpravodajstv\u00ed v televizn\u00edm vys\u00edl\u00e1n\u00ed aj.<\/p>\n<h5>Textiln\u00ed v\u00fdtvarnice Eva Damborsk\u00e1 vystavovala v Galerii T<\/h5>\n<p>Sou\u010d\u00e1st\u00ed \u010dasopisu <a href=\"http:\/\/chrome-extension:\/\/efaidnbmnnnibpcajpcglclefindmkaj\/https:\/\/www.uhk.cz\/file\/edee\/univerzita-hradec-kralove\/uhk\/media-a-pr\/zpravodaj-a-dalsi-periodika\/2025\/rok-s-uhk-2024.pdf\" target=\"_blank\" rel=\"noopener\">Rok (s) UHK<\/a>. Magaz\u00edn ze \u017eivota univerzity v salonu republiky. 2024 je (s. 102) \u010dl\u00e1nek &#8220;<strong>Textiln\u00ed v\u00fdtvarnice Eva Damborsk\u00e1 vystavovala v Galerii T<\/strong>&#8220;. V\u00fdstava (\u0159\u00edjen a listopad 2024) byla uspo\u0159\u00e1d\u00e1na Galeri\u00ed T ve spolupr\u00e1ci s Katedrou v\u00fdtvarn\u00e9 kultury a textiln\u00ed tvorby PdF UHK v kontextu projektu Vl\u00e1kna pam\u011bti.<\/p>\n<p><img loading=\"lazy\" decoding=\"async\" class=\"size-large wp-image-1467 alignnone\" src=\"https:\/\/www.vlaknapameti.cz\/wp-content\/uploads\/2025\/05\/textilnivytvarniceevadamborskavystavovalavgaleriit-713x1024.jpg\" alt=\"\u010cl\u00e1nek v publikaci ROK (S) UHK v\u00fdstavy E. Damborsk\u00e9 v Galerii T\" width=\"713\" height=\"1024\" srcset=\"https:\/\/www.vlaknapameti.cz\/wp-content\/uploads\/2025\/05\/textilnivytvarniceevadamborskavystavovalavgaleriit-713x1024.jpg 713w, https:\/\/www.vlaknapameti.cz\/wp-content\/uploads\/2025\/05\/textilnivytvarniceevadamborskavystavovalavgaleriit-209x300.jpg 209w, https:\/\/www.vlaknapameti.cz\/wp-content\/uploads\/2025\/05\/textilnivytvarniceevadamborskavystavovalavgaleriit-768x1103.jpg 768w, https:\/\/www.vlaknapameti.cz\/wp-content\/uploads\/2025\/05\/textilnivytvarniceevadamborskavystavovalavgaleriit-1069x1536.jpg 1069w, https:\/\/www.vlaknapameti.cz\/wp-content\/uploads\/2025\/05\/textilnivytvarniceevadamborskavystavovalavgaleriit-1426x2048.jpg 1426w, https:\/\/www.vlaknapameti.cz\/wp-content\/uploads\/2025\/05\/textilnivytvarniceevadamborskavystavovalavgaleriit.jpg 1467w\" sizes=\"auto, (max-width: 713px) 100vw, 713px\" \/><br \/>Na obr\u00e1zku v\u00fd\u0161e je sken z \u010dasopisu: Rok (s) UHK 2024 ze strany 102<\/p>\n<hr \/>\n<h5>Rok (s) UHK o projektu<\/h5>\n<p>Na stran\u00e1ch 26-27 periodika Rok (s) UHK. Magaz\u00edn ze \u017eivota univerzity v Salonu republiky (2023), vydan\u00e9ho kr\u00e1lov\u00e9hradeckou univerzitou v dubnu 2024, se v \u010d\u00e1sti V\u00fdzkum, v\u00fdvoj, inovace a tv\u016fr\u010d\u00ed \u010dinnost nach\u00e1z\u00ed \u010dl\u00e1nek Unik\u00e1tn\u00ed vambereckou krajku odborn\u00edci podrob\u00ed v r\u00e1mci projektu NAKI multidisciplin\u00e1rn\u00edmu zkoum\u00e1n\u00ed.<\/p>\n<p><img loading=\"lazy\" decoding=\"async\" class=\"size-large wp-image-935 alignnone\" src=\"https:\/\/www.vlaknapameti.cz\/wp-content\/uploads\/2024\/06\/zCasopisuUHK-1024x647.jpg\" alt=\"\u010casopis: Rok (s) UHK, str. 26-27 (naskenov\u00e1no a optimalizov\u00e1no pro web)\" width=\"1024\" height=\"647\" srcset=\"https:\/\/www.vlaknapameti.cz\/wp-content\/uploads\/2024\/06\/zCasopisuUHK-1024x647.jpg 1024w, https:\/\/www.vlaknapameti.cz\/wp-content\/uploads\/2024\/06\/zCasopisuUHK-300x190.jpg 300w, https:\/\/www.vlaknapameti.cz\/wp-content\/uploads\/2024\/06\/zCasopisuUHK-768x485.jpg 768w, https:\/\/www.vlaknapameti.cz\/wp-content\/uploads\/2024\/06\/zCasopisuUHK-1536x971.jpg 1536w, https:\/\/www.vlaknapameti.cz\/wp-content\/uploads\/2024\/06\/zCasopisuUHK.jpg 1600w\" sizes=\"auto, (max-width: 1024px) 100vw, 1024px\" \/><br \/><a href=\"https:\/\/www.vlaknapameti.cz\/wp-content\/uploads\/2024\/06\/zCasopisuUHK2.png\" target=\"_blank\" rel=\"noopener\"><img loading=\"lazy\" decoding=\"async\" class=\"alignnone wp-image-936 size-large\" src=\"https:\/\/www.vlaknapameti.cz\/wp-content\/uploads\/2024\/06\/zCasopisuUHK2-1024x466.png\" alt=\"\u010casopis: Rok (s) UHK, str. 26-27 (naskenov\u00e1no a optimalizov\u00e1no pro web)\" width=\"1024\" height=\"466\" srcset=\"https:\/\/www.vlaknapameti.cz\/wp-content\/uploads\/2024\/06\/zCasopisuUHK2-1024x466.png 1024w, https:\/\/www.vlaknapameti.cz\/wp-content\/uploads\/2024\/06\/zCasopisuUHK2-300x137.png 300w, https:\/\/www.vlaknapameti.cz\/wp-content\/uploads\/2024\/06\/zCasopisuUHK2-768x350.png 768w, https:\/\/www.vlaknapameti.cz\/wp-content\/uploads\/2024\/06\/zCasopisuUHK2-1536x700.png 1536w, https:\/\/www.vlaknapameti.cz\/wp-content\/uploads\/2024\/06\/zCasopisuUHK2-2048x933.png 2048w\" sizes=\"auto, (max-width: 1024px) 100vw, 1024px\" \/><\/a><br \/>Skeny z \u010dasopisu: Rok (s) UHK ze stran 26-27 propor\u010dn\u011b optimalizovan\u00e9 pro web<\/p>\n<hr \/>\n<h5><b>\u010cT o projektu<\/b><\/h5>\n<p>Na po\u010d\u00e1tku druh\u00e9 poloviny dubna 2024 nav\u0161t\u00edvili redaktorka a kameraman \u010cT Hradec Kr\u00e1lov\u00e9 Muzeum krajky Vamberk, V\u0160CHT v Praze a Katedru v\u00fdtvarn\u00e9 kultury a textiln\u00ed tvorby PdF Hradec Kr\u00e1lov\u00e9. Jejich report\u00e1\u017e byla odvys\u00edl\u00e1na 24. dubna na \u010cT 1 a o den pozd\u011bji na \u010cT 24.<\/p>\n<p><a href=\"https:\/\/www.ceskatelevize.cz\/porady\/15334105033-udalosti-v-regionech-sever-a-vychod\/224411000170424\/\" target=\"_blank\" rel=\"noopener\">Odkaz na prvn\u00ed report\u00e1\u017e \u010cT<\/a>, pros\u00edm, <strong>naje\u010fte kurzorem na \u010das 18:27<br \/><a href=\"https:\/\/www.ceskatelevize.cz\/porady\/15334105033-udalosti-v-regionech-sever-a-vychod\/224411000170424\/\" target=\"_blank\" rel=\"noopener\"><img loading=\"lazy\" decoding=\"async\" class=\" wp-image-908 alignnone\" src=\"https:\/\/www.vlaknapameti.cz\/wp-content\/uploads\/2024\/04\/ReoportazVlaknaPametiVTelevizhi-1024x573.jpg\" alt=\"Zpravodajstv\u00ed \u010cesk\u00e9 televize o projektu Vl\u00e1kna pam\u011bti\" width=\"767\" height=\"429\" srcset=\"https:\/\/www.vlaknapameti.cz\/wp-content\/uploads\/2024\/04\/ReoportazVlaknaPametiVTelevizhi-1024x573.jpg 1024w, https:\/\/www.vlaknapameti.cz\/wp-content\/uploads\/2024\/04\/ReoportazVlaknaPametiVTelevizhi-300x168.jpg 300w, https:\/\/www.vlaknapameti.cz\/wp-content\/uploads\/2024\/04\/ReoportazVlaknaPametiVTelevizhi-768x429.jpg 768w, https:\/\/www.vlaknapameti.cz\/wp-content\/uploads\/2024\/04\/ReoportazVlaknaPametiVTelevizhi.jpg 1352w\" sizes=\"auto, (max-width: 767px) 100vw, 767px\" \/><\/a><\/strong><\/p>\n<p><a href=\"https:\/\/www.ceskatelevize.cz\/porady\/15334105033-udalosti-v-regionech-sever-a-vychod\/224411000170424\/\" target=\"_blank\" rel=\"noopener\">Odkaz na druhou report\u00e1\u017e \u010cT<\/a>, pros\u00edm, <strong>naje\u010fte kurzorem na \u010das 1:50:55<\/strong><em><br \/><strong><a href=\"https:\/\/www.ceskatelevize.cz\/porady\/1096902795-studio-6\/224411010100425\/\" target=\"_blank\" rel=\"noopener\"><img loading=\"lazy\" decoding=\"async\" class=\"wp-image-911  alignnone\" src=\"https:\/\/www.vlaknapameti.cz\/wp-content\/uploads\/2024\/04\/ReoportazVlaknaPametiVTelevizhi02-1024x575.jpg\" alt=\"Zpravodajstv\u00ed \u010cesk\u00e9 televize (Studio 6) o projektu Vl\u00e1kna pam\u011bti\" width=\"768\" height=\"431\" srcset=\"https:\/\/www.vlaknapameti.cz\/wp-content\/uploads\/2024\/04\/ReoportazVlaknaPametiVTelevizhi02-1024x575.jpg 1024w, https:\/\/www.vlaknapameti.cz\/wp-content\/uploads\/2024\/04\/ReoportazVlaknaPametiVTelevizhi02-300x168.jpg 300w, https:\/\/www.vlaknapameti.cz\/wp-content\/uploads\/2024\/04\/ReoportazVlaknaPametiVTelevizhi02-768x431.jpg 768w, https:\/\/www.vlaknapameti.cz\/wp-content\/uploads\/2024\/04\/ReoportazVlaknaPametiVTelevizhi02.jpg 1352w\" sizes=\"auto, (max-width: 768px) 100vw, 768px\" \/><\/a><\/strong><\/em><\/p>\n<hr \/>\n<h5>GRYSPEKOVSK\u00c9 KRAJKY<\/h5>\n<h5><img loading=\"lazy\" decoding=\"async\" class=\"size-large wp-image-860\" style=\"font-size: 16px;\" src=\"https:\/\/www.vlaknapameti.cz\/wp-content\/uploads\/2024\/03\/hrobka01-768x1024.jpg\" alt=\"Mgr. Veronika Piln\u00e1, Ph.D. zkoum\u00e1 Gryspekovsk\u00e9 krajky\" width=\"768\" height=\"1024\" srcset=\"https:\/\/www.vlaknapameti.cz\/wp-content\/uploads\/2024\/03\/hrobka01-768x1024.jpg 768w, https:\/\/www.vlaknapameti.cz\/wp-content\/uploads\/2024\/03\/hrobka01-225x300.jpg 225w, https:\/\/www.vlaknapameti.cz\/wp-content\/uploads\/2024\/03\/hrobka01.jpg 960w\" sizes=\"auto, (max-width: 768px) 100vw, 768px\" \/><\/h5>\n<p>Mgr. Veronika Piln\u00e1, Ph.D. z NP\u00da v Plzni je \u010dlenem t\u00fdmu v\u011bdeck\u00e9ho projektu NAKI III &#8220;Vl\u00e1kna pam\u011bti&#8221; &#8211; www.vlaknapameti.cz. V \u00fater\u00fd 27.2.2024 nav\u0161t\u00edvila hrobku Gryspek\u016f v kostele sv. Petra a Pavla, aby z\u00edskala podklady pro profesion\u00e1ln\u00ed textiln\u00ed anal\u00fdzu zab\u00fdvaj\u00edc\u00ed se historick\u00fdmi krajkami.<br \/>V r\u00e1mci tohoto projektu zkoum\u00e1 jednak pali\u010dkovanou vambereckou krajku, ale i souvislosti o historick\u00fdch krajk\u00e1ch obecn\u011b. T\u00fdm z N\u00e1rodn\u00edho pam\u00e1tkov\u00e9ho \u00fastavu m\u00e1 na starosti pr\u016fzkum historick\u00e9ho materi\u00e1lu, a\u0165 u\u017e v podob\u011b archivn\u00edch re\u0161er\u0161\u00ed (p\u0159. hospod\u00e1\u0159sk\u00e9 prameny, odkud se krajky dov\u00e1\u017eely, kolik st\u00e1ly atd.), ale tak\u00e9 pr\u016fzkum nezdokumentovan\u00fdch uk\u00e1zek historick\u00fdch krajek v \u010cR. Mgr. Veronika Piln\u00e1, PhD. Je hlavn\u00ed \u0159e\u0161itel za N\u00e1rodn\u00ed pam\u00e1tkov\u00fd \u00fastav \u2013 \u00dazemn\u00ed odborn\u00e9 pracovi\u0161t\u011b v Plzni; pilna.veronika@npu.cz; Vystudovala Evropsk\u00e1 kulturn\u00ed studia a obor Historick\u00e9 v\u011bdy \u2013 Etnologie na Filozofick\u00e9 fakult\u011b Z\u00e1pado\u010desk\u00e9 univerzity v Plzni. Od roku 2009 p\u016fsob\u00ed v N\u00e1rodn\u00edm pam\u00e1tkov\u00e9m \u00fastavu \u2013 \u00dazemn\u00edm odborn\u00e9m pracovi\u0161ti v Plzni, aktu\u00e1ln\u011b jako vedouc\u00ed odboru evidence, dokumentace a informa\u010dn\u00ed syst\u00e9my. Od roku 2011 extern\u011b vyu\u010duje d\u011bjiny m\u00f3dy na Fakult\u011b um\u011bn\u00ed a designu Ladislava Sutnara Z\u00e1pado\u010desk\u00e9 univerzity. Orientuje se na oblast historick\u00fdch od\u011bv\u016f, textilu, d\u011bjin m\u00f3dy a ka\u017edodennosti p\u0159edev\u0161\u00edm vrcholn\u00e9ho st\u0159edov\u011bku a ran\u00e9ho novov\u011bku. Publikovala monografii Od\u011bv v z\u00e1padn\u00edch \u010cech\u00e1ch 15. a\u017e 17. stolet\u00ed (2018), je spoluautorkou knih D\u011bti a d\u011btstv\u00ed od st\u0159edov\u011bku na pr\u00e1h osv\u00edcenstv\u00ed (ed. Dana Dvo\u0159\u00e1\u010dkov\u00e1-Mal\u00e1, 2019), Kdo vy\u0161\u00edv\u00e1, neh\u0159e\u0161\u00ed (ed. Alena Nachtmannov\u00e1, 2021) aj. V\u011bnuje se tak\u00e9 v\u00fdstavn\u00ed \u010dinnosti. V projektu zaji\u0161\u0165uje pr\u016fzkum historick\u00fdch pramen\u016f a za\u0159azen\u00ed vambereck\u00e9 krajky do historick\u00e9ho kontextu.<\/p>\n<p><img loading=\"lazy\" decoding=\"async\" class=\" wp-image-861\" src=\"https:\/\/www.vlaknapameti.cz\/wp-content\/uploads\/2024\/03\/hrobka02-1024x720.jpg\" alt=\"Mgr. Veronika Piln\u00e1, Ph.D. zkoum\u00e1 Gryspekovsk\u00e9 krajky\" width=\"782\" height=\"550\" srcset=\"https:\/\/www.vlaknapameti.cz\/wp-content\/uploads\/2024\/03\/hrobka02-1024x720.jpg 1024w, https:\/\/www.vlaknapameti.cz\/wp-content\/uploads\/2024\/03\/hrobka02-300x211.jpg 300w, https:\/\/www.vlaknapameti.cz\/wp-content\/uploads\/2024\/03\/hrobka02-768x540.jpg 768w, https:\/\/www.vlaknapameti.cz\/wp-content\/uploads\/2024\/03\/hrobka02.jpg 1280w\" sizes=\"auto, (max-width: 782px) 100vw, 782px\" \/><\/p>\n<p><img loading=\"lazy\" decoding=\"async\" class=\" wp-image-862\" src=\"https:\/\/www.vlaknapameti.cz\/wp-content\/uploads\/2024\/03\/hrobka03-955x1024.jpg\" alt=\"Mgr. Veronika Piln\u00e1, Ph.D. zkoum\u00e1 Gryspekovsk\u00e9 krajky\" width=\"785\" height=\"841\" srcset=\"https:\/\/www.vlaknapameti.cz\/wp-content\/uploads\/2024\/03\/hrobka03-955x1024.jpg 955w, https:\/\/www.vlaknapameti.cz\/wp-content\/uploads\/2024\/03\/hrobka03-280x300.jpg 280w, https:\/\/www.vlaknapameti.cz\/wp-content\/uploads\/2024\/03\/hrobka03-768x823.jpg 768w, https:\/\/www.vlaknapameti.cz\/wp-content\/uploads\/2024\/03\/hrobka03.jpg 1194w\" sizes=\"auto, (max-width: 785px) 100vw, 785px\" \/><\/p>\n<p><a href=\"https:\/\/www.gryspek.cz\/news\/gryspekovske-krajky\/\" target=\"_blank\" rel=\"noopener\">Citov\u00e1no z webu spolku Gryspek<\/a><\/p>\n<hr \/>\n<p><a href=\"https:\/\/www.uhk.cz\/cs\/pedagogicka-fakulta\/pdf\/aktualne\/uspech-projektu-vlakna-pameti-ve-vedecke-soutezi-naki-iii\" target=\"_blank\" rel=\"noopener\">\u00dasp\u011bch projektu Vl\u00e1kna pam\u011bti ve v\u011bdeck\u00e9 sout\u011b\u017ei NAKI III<\/a><\/p>\n<p><!-- \/wp:post-content --><\/p>\n","protected":false},"excerpt":{"rendered":"<p>Tato str\u00e1nka slou\u017e\u00ed k odkaz\u016fm na \u010dl\u00e1nky k projektu v odborn\u00fdch a popul\u00e1rn\u011b zam\u011b\u0159en\u00fdch periodik\u00e1ch, na internetu, na relace v rozhlasu, zpravodajstv\u00ed v televizn\u00edm vys\u00edl\u00e1n\u00ed aj. Textiln\u00ed v\u00fdtvarnice Eva Damborsk\u00e1 &#8230;<\/p>\n","protected":false},"author":1,"featured_media":0,"parent":0,"menu_order":0,"comment_status":"closed","ping_status":"closed","template":"","meta":{"footnotes":""},"class_list":["post-487","page","type-page","status-publish","hentry"],"_links":{"self":[{"href":"https:\/\/www.vlaknapameti.cz\/index.php?rest_route=\/wp\/v2\/pages\/487","targetHints":{"allow":["GET"]}}],"collection":[{"href":"https:\/\/www.vlaknapameti.cz\/index.php?rest_route=\/wp\/v2\/pages"}],"about":[{"href":"https:\/\/www.vlaknapameti.cz\/index.php?rest_route=\/wp\/v2\/types\/page"}],"author":[{"embeddable":true,"href":"https:\/\/www.vlaknapameti.cz\/index.php?rest_route=\/wp\/v2\/users\/1"}],"replies":[{"embeddable":true,"href":"https:\/\/www.vlaknapameti.cz\/index.php?rest_route=%2Fwp%2Fv2%2Fcomments&post=487"}],"version-history":[{"count":30,"href":"https:\/\/www.vlaknapameti.cz\/index.php?rest_route=\/wp\/v2\/pages\/487\/revisions"}],"predecessor-version":[{"id":1491,"href":"https:\/\/www.vlaknapameti.cz\/index.php?rest_route=\/wp\/v2\/pages\/487\/revisions\/1491"}],"wp:attachment":[{"href":"https:\/\/www.vlaknapameti.cz\/index.php?rest_route=%2Fwp%2Fv2%2Fmedia&parent=487"}],"curies":[{"name":"wp","href":"https:\/\/api.w.org\/{rel}","templated":true}]}}