{"id":485,"date":"2023-07-25T10:07:34","date_gmt":"2023-07-25T10:07:34","guid":{"rendered":"https:\/\/www.vlaknapameti.cz\/?page_id=485"},"modified":"2023-07-25T10:07:34","modified_gmt":"2023-07-25T10:07:34","slug":"muzeum-krajky-vamberk-2","status":"publish","type":"page","link":"https:\/\/www.vlaknapameti.cz\/?page_id=485","title":{"rendered":"Muzeum krajky Vamberk"},"content":{"rendered":"<p>V roce 1924 bylo zalo\u017eeno M\u011bstsk\u00e9 muzeum ve Vamberku, respektive vznikl muzejn\u00ed spolek L\u00fcttzov, kter\u00fd se v\u011bnoval tak\u00e9 sb\u011bru p\u0159edm\u011bt\u016f dokumentuj\u00edc\u00edch minulost Vamberka a Vamberecka. Kuratorium Prvn\u00ed \u010desk\u00e9 odborn\u00e9 \u0161koly krajk\u00e1\u0159sk\u00e9, zalo\u017een\u00e9 ve Vamberku v roce 1887, se v roce 1894 rozhodlo vytv\u00e1\u0159et pro \u0161koln\u00ed \u00fa\u010dely sb\u00edrku vzor\u016f krajek. Ta se stala z\u00e1kladem v roce 1927 ustaven\u00e9ho krajk\u00e1\u0159sk\u00e9ho muzea, kter\u00e9 bylo v roce 1929 zp\u0159\u00edstupn\u011bno ve\u0159ejnosti. Roku 1959 spolek a krajk\u00e1\u0159sk\u00e9 muzeum svoje sb\u00edrky spojily. V sou\u010dasn\u00e9 dob\u011b jsou ve spr\u00e1v\u011b Muzea a galerie Orlick\u00fdch hor v Rychnov\u011b nad Kn\u011b\u017enou. V\u00fdb\u011br z nich je vystaven v jeho pobo\u010dce, v <a href=\"https:\/\/www.moh.cz\/muzeum-krajky\" target=\"_blank\" rel=\"noreferrer noopener\">Muzeu krajky Vamberk<\/a>.<\/p>\n","protected":false},"excerpt":{"rendered":"<p>V roce 1924 bylo zalo\u017eeno M\u011bstsk\u00e9 muzeum ve Vamberku, respektive vznikl muzejn\u00ed spolek L\u00fcttzov, kter\u00fd se v\u011bnoval tak\u00e9 sb\u011bru p\u0159edm\u011bt\u016f dokumentuj\u00edc\u00edch minulost Vamberka a Vamberecka. Kuratorium Prvn\u00ed \u010desk\u00e9 odborn\u00e9 \u0161koly &#8230;<\/p>\n","protected":false},"author":1,"featured_media":0,"parent":0,"menu_order":0,"comment_status":"closed","ping_status":"closed","template":"","meta":{"footnotes":""},"class_list":["post-485","page","type-page","status-publish","hentry"],"_links":{"self":[{"href":"https:\/\/www.vlaknapameti.cz\/index.php?rest_route=\/wp\/v2\/pages\/485","targetHints":{"allow":["GET"]}}],"collection":[{"href":"https:\/\/www.vlaknapameti.cz\/index.php?rest_route=\/wp\/v2\/pages"}],"about":[{"href":"https:\/\/www.vlaknapameti.cz\/index.php?rest_route=\/wp\/v2\/types\/page"}],"author":[{"embeddable":true,"href":"https:\/\/www.vlaknapameti.cz\/index.php?rest_route=\/wp\/v2\/users\/1"}],"replies":[{"embeddable":true,"href":"https:\/\/www.vlaknapameti.cz\/index.php?rest_route=%2Fwp%2Fv2%2Fcomments&post=485"}],"version-history":[{"count":1,"href":"https:\/\/www.vlaknapameti.cz\/index.php?rest_route=\/wp\/v2\/pages\/485\/revisions"}],"predecessor-version":[{"id":486,"href":"https:\/\/www.vlaknapameti.cz\/index.php?rest_route=\/wp\/v2\/pages\/485\/revisions\/486"}],"wp:attachment":[{"href":"https:\/\/www.vlaknapameti.cz\/index.php?rest_route=%2Fwp%2Fv2%2Fmedia&parent=485"}],"curies":[{"name":"wp","href":"https:\/\/api.w.org\/{rel}","templated":true}]}}