{"id":480,"date":"2023-07-25T10:05:33","date_gmt":"2023-07-25T10:05:33","guid":{"rendered":"https:\/\/www.vlaknapameti.cz\/?page_id=480"},"modified":"2024-08-14T14:01:53","modified_gmt":"2024-08-14T14:01:53","slug":"metodika-restaurovani-a-preventivni-konzervace-krajek-2","status":"publish","type":"page","link":"https:\/\/www.vlaknapameti.cz\/?page_id=480","title":{"rendered":"Metodika restaurov\u00e1n\u00ed a preventivn\u00ed konzervace krajek"},"content":{"rendered":"<p>V r\u00e1mci projektu bude proveden rozs\u00e1hl\u00fd v\u00fdzkum v oblasti \u010di\u0161t\u011bn\u00ed, tu\u017een\u00ed, su\u0161en\u00ed, konsolidace, adjustace a podm\u00ednek ulo\u017een\u00ed a vystavov\u00e1n\u00ed krajek. Na z\u00e1klad\u011b v\u00fdsledk\u016f experiment\u00e1ln\u00edho v\u00fdzkumu bude vypracov\u00e1na metodika pro restaurov\u00e1n\u00ed a preventivn\u00ed konzervaci krajky. Ned\u00edlnou sou\u010d\u00e1st\u00ed metodiky bude tak\u00e9 restaurov\u00e1n\u00ed a adjustace re\u00e1ln\u00e9ho krajkov\u00e9ho p\u0159edm\u011btu podle doporu\u010den\u00fdch postup\u016f.<\/p>\n","protected":false},"excerpt":{"rendered":"<p>V r\u00e1mci projektu bude proveden rozs\u00e1hl\u00fd v\u00fdzkum v oblasti \u010di\u0161t\u011bn\u00ed, tu\u017een\u00ed, su\u0161en\u00ed, konsolidace, adjustace a podm\u00ednek ulo\u017een\u00ed a vystavov\u00e1n\u00ed krajek. Na z\u00e1klad\u011b v\u00fdsledk\u016f experiment\u00e1ln\u00edho v\u00fdzkumu bude vypracov\u00e1na metodika pro restaurov\u00e1n\u00ed &#8230;<\/p>\n","protected":false},"author":1,"featured_media":0,"parent":0,"menu_order":0,"comment_status":"closed","ping_status":"closed","template":"","meta":{"footnotes":""},"class_list":["post-480","page","type-page","status-publish","hentry"],"_links":{"self":[{"href":"https:\/\/www.vlaknapameti.cz\/index.php?rest_route=\/wp\/v2\/pages\/480","targetHints":{"allow":["GET"]}}],"collection":[{"href":"https:\/\/www.vlaknapameti.cz\/index.php?rest_route=\/wp\/v2\/pages"}],"about":[{"href":"https:\/\/www.vlaknapameti.cz\/index.php?rest_route=\/wp\/v2\/types\/page"}],"author":[{"embeddable":true,"href":"https:\/\/www.vlaknapameti.cz\/index.php?rest_route=\/wp\/v2\/users\/1"}],"replies":[{"embeddable":true,"href":"https:\/\/www.vlaknapameti.cz\/index.php?rest_route=%2Fwp%2Fv2%2Fcomments&post=480"}],"version-history":[{"count":10,"href":"https:\/\/www.vlaknapameti.cz\/index.php?rest_route=\/wp\/v2\/pages\/480\/revisions"}],"predecessor-version":[{"id":968,"href":"https:\/\/www.vlaknapameti.cz\/index.php?rest_route=\/wp\/v2\/pages\/480\/revisions\/968"}],"wp:attachment":[{"href":"https:\/\/www.vlaknapameti.cz\/index.php?rest_route=%2Fwp%2Fv2%2Fmedia&parent=480"}],"curies":[{"name":"wp","href":"https:\/\/api.w.org\/{rel}","templated":true}]}}