{"id":477,"date":"2023-07-25T10:03:05","date_gmt":"2023-07-25T10:03:05","guid":{"rendered":"https:\/\/www.vlaknapameti.cz\/?page_id=477"},"modified":"2024-05-15T06:27:12","modified_gmt":"2024-05-15T06:27:12","slug":"krajky-podvinky-navrhy-2","status":"publish","type":"page","link":"https:\/\/www.vlaknapameti.cz\/?page_id=477","title":{"rendered":"Krajky, n\u00e1vrhy, podvinky"},"content":{"rendered":"<p><em>Tato podstr\u00e1nka je v\u011bnov\u00e1na reprodukc\u00edm n\u00e1vrh\u016f krajek, podvink\u016f a krajk\u00e1\u0159sk\u00fdch v\u00fdrobk\u016f.<\/em><\/p>\n","protected":false},"excerpt":{"rendered":"<p>Tato podstr\u00e1nka je v\u011bnov\u00e1na reprodukc\u00edm n\u00e1vrh\u016f krajek, podvink\u016f a krajk\u00e1\u0159sk\u00fdch v\u00fdrobk\u016f.<\/p>\n","protected":false},"author":1,"featured_media":0,"parent":0,"menu_order":0,"comment_status":"closed","ping_status":"closed","template":"","meta":{"footnotes":""},"class_list":["post-477","page","type-page","status-publish","hentry"],"_links":{"self":[{"href":"https:\/\/www.vlaknapameti.cz\/index.php?rest_route=\/wp\/v2\/pages\/477","targetHints":{"allow":["GET"]}}],"collection":[{"href":"https:\/\/www.vlaknapameti.cz\/index.php?rest_route=\/wp\/v2\/pages"}],"about":[{"href":"https:\/\/www.vlaknapameti.cz\/index.php?rest_route=\/wp\/v2\/types\/page"}],"author":[{"embeddable":true,"href":"https:\/\/www.vlaknapameti.cz\/index.php?rest_route=\/wp\/v2\/users\/1"}],"replies":[{"embeddable":true,"href":"https:\/\/www.vlaknapameti.cz\/index.php?rest_route=%2Fwp%2Fv2%2Fcomments&post=477"}],"version-history":[{"count":6,"href":"https:\/\/www.vlaknapameti.cz\/index.php?rest_route=\/wp\/v2\/pages\/477\/revisions"}],"predecessor-version":[{"id":933,"href":"https:\/\/www.vlaknapameti.cz\/index.php?rest_route=\/wp\/v2\/pages\/477\/revisions\/933"}],"wp:attachment":[{"href":"https:\/\/www.vlaknapameti.cz\/index.php?rest_route=%2Fwp%2Fv2%2Fmedia&parent=477"}],"curies":[{"name":"wp","href":"https:\/\/api.w.org\/{rel}","templated":true}]}}