{"id":473,"date":"2023-07-25T10:02:18","date_gmt":"2023-07-25T10:02:18","guid":{"rendered":"https:\/\/www.vlaknapameti.cz\/?page_id=473"},"modified":"2024-05-15T06:21:41","modified_gmt":"2024-05-15T06:21:41","slug":"krajkarske-skolstvi-v-orlickych-horach-a-podorlicku-2","status":"publish","type":"page","link":"https:\/\/www.vlaknapameti.cz\/?page_id=473","title":{"rendered":"Krajk\u00e1\u0159sk\u00e9 \u0161kolstv\u00ed v Orlick\u00fdch hor\u00e1ch a Podorlicku"},"content":{"rendered":"<p>Krajk\u00e1\u0159sk\u00e9 \u0161kolstv\u00ed v Orlick\u00fdch hor\u00e1ch a&nbsp;Podorlicku m\u00e1 bohatou tradici. Roku 1899 byla ve Vamberku zalo\u017eena Prvn\u00ed odborn\u00e1 \u010desk\u00e1 \u0161kola krajk\u00e1\u0159sk\u00e1, dne\u0161n\u00ed: <a href=\"http:\/\/www.krajkarskaskola.cz\/\" target=\"_blank\" rel=\"noopener\">Krajk\u00e1\u0159sk\u00e1 \u0161kola Vamberk<\/a>.<br \/>\nV&nbsp;roce 1919 se stal zast\u0159e\u0161ovac\u00edm org\u00e1nem krajk\u00e1\u0159sk\u00fdch \u0161kol a&nbsp;kurz\u016f v&nbsp;\u010ceskoslovensku St\u00e1tn\u00ed \u00fastav \u0161kolsk\u00fd pro dom\u00e1ck\u00fd pr\u016fmysl se s\u00eddlem v Praze. Spadaly pod n\u011bj i&nbsp;\u0161kola ve Vamberku a&nbsp;kurzy v Chocni, Neko\u0159i, Pastvin\u00e1ch, Pot\u0161tejn\u011b, Rokytnici v&nbsp;Orlick\u00fdch hor\u00e1ch, Rybn\u00e9 nad Zdobnic\u00ed\/N\u011bmeck\u00e9 Rybn\u00e9, Slatin\u011b nad Zdobnic\u00ed, \u017damberku. Po druh\u00e9 sv\u011btov\u00e9 v\u00e1lce se krajce ji\u017e nevyu\u010dovalo v&nbsp;Neko\u0159i a ve Slatin\u011b nad Zdobnic\u00ed, v&nbsp;Chocni se vyu\u010dovalo do roku 1947, v&nbsp;Pastvin\u00e1ch, Rybn\u00e9 nad Zdobnic\u00ed \/N\u011bmeck\u00e9 Rybn\u00e9 a&nbsp;v&nbsp;\u017damberku do roku 1951. P\u0159ibyly kurzy v \u010cesk\u00e9 Rybn\u00e9 a Letohradu.<br \/>\nSt\u00e1tn\u00ed \u00fastav \u0161kolsk\u00fd pro dom\u00e1ck\u00fd pr\u016fmysl byl roku 1964 p\u0159ejmenov\u00e1n na \u0160kolsk\u00fd \u00fastav um\u011bleck\u00e9 v\u00fdroby v Praze. V&nbsp;rozmez\u00ed let 1964\u20131999 \u0159\u00eddil v Orlick\u00fdch hor\u00e1ch a&nbsp;Podorlicku krajk\u00e1\u0159skou \u0161kolu ve Vamberku a kurzy v&nbsp;Letohradu, Pot\u0161tejn\u011b a&nbsp;v&nbsp;Rokytnici v&nbsp;Orlick\u00fdch hor\u00e1ch. Dal\u0161\u00ed etapa v&nbsp; historii krajk\u00e1\u0159sk\u00e9ho \u0161kolstv\u00ed v&nbsp;oblasti je spojena s&nbsp;obdob\u00edm po roce 1999, ve kter\u00e9m byl \u0160kolsk\u00fd \u00fastav um\u011bleck\u00e9 v\u00fdroby zru\u0161en (jeho pr\u00e1vn\u00edm n\u00e1stupcem je <a href=\"https:\/\/www.textilniskola.cz\/stredni-umelecka-skola-textilnich-remesel\/\" target=\"_blank\" rel=\"noopener\">St\u0159edn\u00ed um\u011bleck\u00e1 \u0161kola textiln\u00edch \u0159emesel a&nbsp;Vy\u0161\u0161\u00ed odborn\u00e1 \u0161kola textiln\u00edch \u0159emesel v&nbsp;Praze<\/a> a&nbsp;vambereck\u00e1 krajk\u00e1\u0159sk\u00e1 \u0161kola a&nbsp;kurzy v&nbsp;Letohradu, Pot\u0161tejn\u011b a&nbsp;v&nbsp;Rokytnici v&nbsp;Orlick\u00fdch hor\u00e1ch si musely naj\u00edt nov\u00e9ho z\u0159izovatele.<\/p>\n<p><a href=\"https:\/\/www.vlaknapameti.cz\/wp-content\/uploads\/2023\/07\/vyrocni_zprava_krajkarske_skoly_vamberk_1913_1914.jpg\" target=\"_blank\" rel=\"noopener\"><img loading=\"lazy\" decoding=\"async\" class=\"alignnone wp-image-537\" src=\"https:\/\/www.vlaknapameti.cz\/wp-content\/uploads\/2023\/07\/vyrocni_zprava_krajkarske_skoly_vamberk_1913_1914-204x300.jpg\" alt=\"V\u00fdro\u010dn\u00ed zpr\u00e1va prvn\u00ed c. k. \u010desk\u00e9 odborn\u00e9 \u0161koly krajk\u00e1\u0159sk\u00e9 ve Vamberku 1913\u20131914\" width=\"212\" height=\"312\" srcset=\"https:\/\/www.vlaknapameti.cz\/wp-content\/uploads\/2023\/07\/vyrocni_zprava_krajkarske_skoly_vamberk_1913_1914-204x300.jpg 204w, https:\/\/www.vlaknapameti.cz\/wp-content\/uploads\/2023\/07\/vyrocni_zprava_krajkarske_skoly_vamberk_1913_1914.jpg 413w\" sizes=\"auto, (max-width: 212px) 100vw, 212px\" \/><\/a> <a href=\"https:\/\/www.vlaknapameti.cz\/wp-content\/uploads\/2023\/07\/zapis_do_krajkarske_skoly_vamberk-scaled.jpg\" target=\"_blank\" rel=\"noopener\"><img loading=\"lazy\" decoding=\"async\" class=\"alignnone wp-image-539\" src=\"https:\/\/www.vlaknapameti.cz\/wp-content\/uploads\/2023\/07\/zapis_do_krajkarske_skoly_vamberk-207x300.jpg\" alt=\"Z\u00e1pis do prvn\u00ed c. k. \u010desk\u00e9 odborn\u00e9 \u0161koly krajk\u00e1\u0159sk\u00e9 ve Vamberku\" width=\"215\" height=\"312\" srcset=\"https:\/\/www.vlaknapameti.cz\/wp-content\/uploads\/2023\/07\/zapis_do_krajkarske_skoly_vamberk-207x300.jpg 207w, https:\/\/www.vlaknapameti.cz\/wp-content\/uploads\/2023\/07\/zapis_do_krajkarske_skoly_vamberk-707x1024.jpg 707w, https:\/\/www.vlaknapameti.cz\/wp-content\/uploads\/2023\/07\/zapis_do_krajkarske_skoly_vamberk-768x1113.jpg 768w, https:\/\/www.vlaknapameti.cz\/wp-content\/uploads\/2023\/07\/zapis_do_krajkarske_skoly_vamberk-1060x1536.jpg 1060w, https:\/\/www.vlaknapameti.cz\/wp-content\/uploads\/2023\/07\/zapis_do_krajkarske_skoly_vamberk-1413x2048.jpg 1413w, https:\/\/www.vlaknapameti.cz\/wp-content\/uploads\/2023\/07\/zapis_do_krajkarske_skoly_vamberk-scaled.jpg 1766w\" sizes=\"auto, (max-width: 215px) 100vw, 215px\" \/><\/a> <a href=\"https:\/\/www.vlaknapameti.cz\/wp-content\/uploads\/2023\/07\/maminkam_od_krajkarske_skoly_vamberk-scaled.jpg\" target=\"_blank\" rel=\"noopener\"><img loading=\"lazy\" decoding=\"async\" class=\"alignnone wp-image-536\" src=\"https:\/\/www.vlaknapameti.cz\/wp-content\/uploads\/2023\/07\/maminkam_od_krajkarske_skoly_vamberk-189x300.jpg\" alt=\"Mamink\u00e1m \u2013 od prvn\u00ed c. k. \u010desk\u00e9 odborn\u00e9 \u0161koly krajk\u00e1\u0159sk\u00e9 ve Vamberku\" width=\"197\" height=\"312\" srcset=\"https:\/\/www.vlaknapameti.cz\/wp-content\/uploads\/2023\/07\/maminkam_od_krajkarske_skoly_vamberk-189x300.jpg 189w, https:\/\/www.vlaknapameti.cz\/wp-content\/uploads\/2023\/07\/maminkam_od_krajkarske_skoly_vamberk-645x1024.jpg 645w, https:\/\/www.vlaknapameti.cz\/wp-content\/uploads\/2023\/07\/maminkam_od_krajkarske_skoly_vamberk-768x1219.jpg 768w, https:\/\/www.vlaknapameti.cz\/wp-content\/uploads\/2023\/07\/maminkam_od_krajkarske_skoly_vamberk-968x1536.jpg 968w, https:\/\/www.vlaknapameti.cz\/wp-content\/uploads\/2023\/07\/maminkam_od_krajkarske_skoly_vamberk-1291x2048.jpg 1291w, https:\/\/www.vlaknapameti.cz\/wp-content\/uploads\/2023\/07\/maminkam_od_krajkarske_skoly_vamberk-scaled.jpg 1613w\" sizes=\"auto, (max-width: 197px) 100vw, 197px\" \/><\/a><\/p>\n<p><strong><\/p>\n","protected":false},"excerpt":{"rendered":"<p>Krajk\u00e1\u0159sk\u00e9 \u0161kolstv\u00ed v Orlick\u00fdch hor\u00e1ch a&nbsp;Podorlicku m\u00e1 bohatou tradici. Roku 1899 byla ve Vamberku zalo\u017eena Prvn\u00ed odborn\u00e1 \u010desk\u00e1 \u0161kola krajk\u00e1\u0159sk\u00e1, dne\u0161n\u00ed: Krajk\u00e1\u0159sk\u00e1 \u0161kola Vamberk. V&nbsp;roce 1919 se stal zast\u0159e\u0161ovac\u00edm org\u00e1nem &#8230;<\/p>\n","protected":false},"author":1,"featured_media":0,"parent":0,"menu_order":0,"comment_status":"closed","ping_status":"closed","template":"","meta":{"footnotes":""},"class_list":["post-473","page","type-page","status-publish","hentry"],"_links":{"self":[{"href":"https:\/\/www.vlaknapameti.cz\/index.php?rest_route=\/wp\/v2\/pages\/473","targetHints":{"allow":["GET"]}}],"collection":[{"href":"https:\/\/www.vlaknapameti.cz\/index.php?rest_route=\/wp\/v2\/pages"}],"about":[{"href":"https:\/\/www.vlaknapameti.cz\/index.php?rest_route=\/wp\/v2\/types\/page"}],"author":[{"embeddable":true,"href":"https:\/\/www.vlaknapameti.cz\/index.php?rest_route=\/wp\/v2\/users\/1"}],"replies":[{"embeddable":true,"href":"https:\/\/www.vlaknapameti.cz\/index.php?rest_route=%2Fwp%2Fv2%2Fcomments&post=473"}],"version-history":[{"count":9,"href":"https:\/\/www.vlaknapameti.cz\/index.php?rest_route=\/wp\/v2\/pages\/473\/revisions"}],"predecessor-version":[{"id":929,"href":"https:\/\/www.vlaknapameti.cz\/index.php?rest_route=\/wp\/v2\/pages\/473\/revisions\/929"}],"wp:attachment":[{"href":"https:\/\/www.vlaknapameti.cz\/index.php?rest_route=%2Fwp%2Fv2%2Fmedia&parent=473"}],"curies":[{"name":"wp","href":"https:\/\/api.w.org\/{rel}","templated":true}]}}