{"id":470,"date":"2023-07-25T10:00:54","date_gmt":"2023-07-25T10:00:54","guid":{"rendered":"https:\/\/www.vlaknapameti.cz\/?page_id=470"},"modified":"2024-05-15T06:26:45","modified_gmt":"2024-05-15T06:26:45","slug":"krajkarky-2","status":"publish","type":"page","link":"https:\/\/www.vlaknapameti.cz\/?page_id=470","title":{"rendered":"Krajk\u00e1\u0159ky"},"content":{"rendered":"<p class=\"has-small-font-size\">Na z\u00e1klad\u011b studia pramen\u016f, literatury a v\u00fdsledk\u016f ter\u00e9nn\u00edho v\u00fdzkumu, kter\u00fd bude proveden \u010dleny \u0159e\u0161itelsk\u00e9ho t\u00fdmu projektu, zde bude uveden p\u0159ehled b\u00fdval\u00fdch i st\u00e1vaj\u00edc\u00edch krajk\u00e1\u0159ek z oblasti Orlick\u00fdch hor a Podorlicka. Jeho sou\u010d\u00e1st\u00ed budou z\u00e1kladn\u00ed \u017eivotopisn\u00e9 \u00fadaje krajk\u00e1\u0159ek, informace o jejich odborn\u00e9m vzd\u011bl\u00e1n\u00ed, krajk\u00e1\u0159sk\u00e9 specializaci, \u00fa\u010dasti na v\u00fdstav\u00e1ch apod.<\/p>\r\n<!-- \/wp:post-content -->\r\n\r\n<!-- wp:paragraph {\"fontSize\":\"small\"} -->\r\n<p class=\"has-small-font-size\">Prostor tu bude v\u011bnov\u00e1n tak\u00e9 textiln\u00edm v\u00fdtvarnic\u00edm, kter\u00e9 se v\u011bnovaly a v\u011bnuj\u00ed krajce, jejich inspiraci krajkami z\u00a0oblasti, spolupr\u00e1ci s\u00a0dru\u017estvem Vambereck\u00e1 krajka a Vambereck\u00e1 krajka CZ s.r.o.<\/p>","protected":false},"excerpt":{"rendered":"<p>Na z\u00e1klad\u011b studia pramen\u016f, literatury a v\u00fdsledk\u016f ter\u00e9nn\u00edho v\u00fdzkumu, kter\u00fd bude proveden \u010dleny \u0159e\u0161itelsk\u00e9ho t\u00fdmu projektu, zde bude uveden p\u0159ehled b\u00fdval\u00fdch i st\u00e1vaj\u00edc\u00edch krajk\u00e1\u0159ek z oblasti Orlick\u00fdch hor a Podorlicka. &#8230;<\/p>\n","protected":false},"author":1,"featured_media":0,"parent":0,"menu_order":0,"comment_status":"closed","ping_status":"closed","template":"","meta":{"footnotes":""},"class_list":["post-470","page","type-page","status-publish","hentry"],"_links":{"self":[{"href":"https:\/\/www.vlaknapameti.cz\/index.php?rest_route=\/wp\/v2\/pages\/470","targetHints":{"allow":["GET"]}}],"collection":[{"href":"https:\/\/www.vlaknapameti.cz\/index.php?rest_route=\/wp\/v2\/pages"}],"about":[{"href":"https:\/\/www.vlaknapameti.cz\/index.php?rest_route=\/wp\/v2\/types\/page"}],"author":[{"embeddable":true,"href":"https:\/\/www.vlaknapameti.cz\/index.php?rest_route=\/wp\/v2\/users\/1"}],"replies":[{"embeddable":true,"href":"https:\/\/www.vlaknapameti.cz\/index.php?rest_route=%2Fwp%2Fv2%2Fcomments&post=470"}],"version-history":[{"count":5,"href":"https:\/\/www.vlaknapameti.cz\/index.php?rest_route=\/wp\/v2\/pages\/470\/revisions"}],"predecessor-version":[{"id":932,"href":"https:\/\/www.vlaknapameti.cz\/index.php?rest_route=\/wp\/v2\/pages\/470\/revisions\/932"}],"wp:attachment":[{"href":"https:\/\/www.vlaknapameti.cz\/index.php?rest_route=%2Fwp%2Fv2%2Fmedia&parent=470"}],"curies":[{"name":"wp","href":"https:\/\/api.w.org\/{rel}","templated":true}]}}