{"id":465,"date":"2023-07-25T10:00:06","date_gmt":"2023-07-25T10:00:06","guid":{"rendered":"https:\/\/www.vlaknapameti.cz\/?page_id=465"},"modified":"2024-01-27T19:56:49","modified_gmt":"2024-01-27T19:56:49","slug":"krajka-jako-pamatka-2","status":"publish","type":"page","link":"https:\/\/www.vlaknapameti.cz\/?page_id=465","title":{"rendered":"Krajka jako pam\u00e1tka"},"content":{"rendered":"<p class=\"has-small-font-size\">T\u00fdm N\u00e1rodn\u00edho pam\u00e1tkov\u00e9ho \u00fastavu si klade za c\u00edl zasadit fenom\u00e9n\u00a0<strong>vambereck\u00e9ho krajk\u00e1\u0159stv\u00ed<\/strong>\u00a0do historick\u00e9ho kontextu. Chceme ilustrovat cel\u00fd proces krajk\u00e1\u0159sk\u00e9 v\u00fdroby a m\u00f3dnosti krajek od doby jejich vzniku a podrobn\u011b v\u00a0tomto sm\u011bru zmapovat obdob\u00ed zakladatelky vambereck\u00e9 tradice Magdaleny Grambov\u00e9.<\/p>\r\n<!-- \/wp:post-content -->\r\n\r\n<!-- wp:paragraph {\"fontSize\":\"small\"} -->\r\n<p class=\"has-small-font-size\">V\u00a0r\u00e1mci pr\u016fzkum\u016f budou publikov\u00e1ny r\u016fzn\u00e9 studie star\u00fdch krajek, rozbory dobov\u00fdch invent\u00e1\u0159\u016f zac\u00edlen\u00e9 na u\u017eit\u00ed krajek, jejich ceny apod. Budou prov\u00e1d\u011bny re\u0161er\u0161e dobov\u00e9 ikonografie v\u00a0kontextu historick\u00fdch krajk\u00e1\u0159sk\u00fdch technik.<\/p>\r\n<!-- \/wp:paragraph -->\r\n\r\n<!-- wp:paragraph {\"fontSize\":\"small\"} -->\r\n<p class=\"has-small-font-size\">V\u00fdstupy:<\/p>\r\n<!-- \/wp:paragraph -->\r\n\r\n<!-- wp:list -->\r\n<ul><!-- wp:list-item {\"fontSize\":\"small\"} -->\r\n<li class=\"has-small-font-size\">3 odborn\u00e9 \u010dl\u00e1nky v\u00a0recenzovan\u00fdch periodic\u00edch (Jost)<br \/>\r\n<p class=\"-wm-elementToProof\">PILN\u00c1, Veronika: Okru\u017e\u00ed a man\u017eety p\u0159ipisovan\u00e1 Vil\u00e9mu Slavatovi z\u00a0mobili\u00e1\u0159e z\u00e1mku v\u00a0Jind\u0159ichov\u011b Hradci. (in)\u00a0<i>Pr\u016fzkumy pam\u00e1tek<\/i>\u00a02\/2023. ISSN 1212-1487. s. 63-72. <a id=\"-wm-OWAbe0a7e5a-6b88-ab99-8d83-31a8401a37e4\" class=\"-wm-x_OWAAutoLink\" href=\"https:\/\/doi.org\/10.56112\/pp.2023.2.05\" target=\"_blank\" rel=\"noopener\">https:\/\/doi.org\/10.56112\/pp.2023.2.05<\/a><\/p>\r\n<p><a href=\"https:\/\/www.vlaknapameti.cz\/wp-content\/uploads\/2024\/01\/03_nahled_clanku.png\" target=\"_blank\" rel=\"noopener\"><img loading=\"lazy\" decoding=\"async\" class=\"alignnone wp-image-785 \" src=\"https:\/\/www.vlaknapameti.cz\/wp-content\/uploads\/2024\/01\/03_nahled_clanku_m.png\" alt=\"\u010cl\u00e1nek v \u010dasopisu Pr\u016fzkumy pam\u00e1tek 2\/2023: &quot;Okru\u017e\u00ed a man\u017eety p\u0159ipisovan\u00e1 Vil\u00e9mu Slavatovi z mobili\u00e1\u0159e z\u00e1mku v Jind\u0159ichov\u011b Hradci&quot;\" width=\"300\" height=\"208\" \/><\/a> <a href=\"https:\/\/www.vlaknapameti.cz\/wp-content\/uploads\/2024\/01\/01_pruzkum_v_terenu.jpg\" target=\"_blank\" rel=\"noopener\"><img loading=\"lazy\" decoding=\"async\" class=\"alignnone wp-image-785 \" src=\"https:\/\/www.vlaknapameti.cz\/wp-content\/uploads\/2024\/01\/01_pruzkum_v_terenu_m208.jpg\" alt=\"\u010cl\u00e1nek v \u010dasopisu Pr\u016fzkumy pam\u00e1tek 2\/2023: &quot;Okru\u017e\u00ed a man\u017eety p\u0159ipisovan\u00e1 Vil\u00e9mu Slavatovi z mobili\u00e1\u0159e z\u00e1mku v Jind\u0159ichov\u011b Hradci&quot;\" width=\"199\" height=\"208\" \/><\/a> \u00a0<\/p>\r\n<\/li>\r\n<li class=\"has-small-font-size\">\r\n<p class=\"-wm-elementToProof\"><strong>V\u00fdstava \u201eKrajka na historick\u00e9m portr\u00e9tu\u201c (2026)<br \/><\/strong><br\/>V\u00fdstava s&nbsp;kritick\u00fdm katalogem p\u0159edstav\u00ed v\u00fdvoj krajky v&nbsp;ran\u00e9m novov\u011bku, a&nbsp;to&nbsp;i&nbsp;v&nbsp;dob\u011b spjat\u00e9 s&nbsp;inici\u00e1torkou v\u00fdroby krajek na Vamberecku \u2013 Magdalenou Grambovou. Prost\u0159ednictv\u00edm rozbor\u016f reprezentativn\u00edch historick\u00fdch portr\u00e9t\u016f z&nbsp;mobili\u00e1rn\u00edch fond\u016f NP\u00da budou p\u0159edstaveny vybran\u00e9 typy krajek. K&nbsp;v\u00fdstav\u011b budou p\u0159ipraveny doprovodn\u00e9 eduka\u010dn\u00ed programy (workshopy pro d\u011btsk\u00e9 n\u00e1v\u0161t\u011bvn\u00edky i&nbsp;dosp\u011bl\u00e9, pracovn\u00ed listy, odborn\u00e9 p\u0159edn\u00e1\u0161ky a&nbsp;komentovan\u00e9 prohl\u00eddky).<strong><br \/><\/strong><\/p>\r\n<\/li>\r\n<!-- \/wp:list-item -->\r\n\r\n<!-- wp:list-item {\"fontSize\":\"small\"} \/-->\r\n\r\n<!-- wp:list-item {\"fontSize\":\"small\"} -->\r\n<li class=\"has-small-font-size\"><strong>Konference \u201eKrajka v\u00a0historii\u201c (2027)<\/strong><\/li>\r\n<!-- \/wp:list-item --><\/ul>\r\n<!-- \/wp:list -->\r\n\r\n<!-- wp:paragraph -->\r\n<p>&nbsp;<\/p>","protected":false},"excerpt":{"rendered":"<p>T\u00fdm N\u00e1rodn\u00edho pam\u00e1tkov\u00e9ho \u00fastavu si klade za c\u00edl zasadit fenom\u00e9n\u00a0vambereck\u00e9ho krajk\u00e1\u0159stv\u00ed\u00a0do historick\u00e9ho kontextu. Chceme ilustrovat cel\u00fd proces krajk\u00e1\u0159sk\u00e9 v\u00fdroby a m\u00f3dnosti krajek od doby jejich vzniku a podrobn\u011b v\u00a0tomto sm\u011bru &#8230;<\/p>\n","protected":false},"author":1,"featured_media":0,"parent":0,"menu_order":0,"comment_status":"closed","ping_status":"closed","template":"","meta":{"footnotes":""},"class_list":["post-465","page","type-page","status-publish","hentry"],"_links":{"self":[{"href":"https:\/\/www.vlaknapameti.cz\/index.php?rest_route=\/wp\/v2\/pages\/465","targetHints":{"allow":["GET"]}}],"collection":[{"href":"https:\/\/www.vlaknapameti.cz\/index.php?rest_route=\/wp\/v2\/pages"}],"about":[{"href":"https:\/\/www.vlaknapameti.cz\/index.php?rest_route=\/wp\/v2\/types\/page"}],"author":[{"embeddable":true,"href":"https:\/\/www.vlaknapameti.cz\/index.php?rest_route=\/wp\/v2\/users\/1"}],"replies":[{"embeddable":true,"href":"https:\/\/www.vlaknapameti.cz\/index.php?rest_route=%2Fwp%2Fv2%2Fcomments&post=465"}],"version-history":[{"count":23,"href":"https:\/\/www.vlaknapameti.cz\/index.php?rest_route=\/wp\/v2\/pages\/465\/revisions"}],"predecessor-version":[{"id":806,"href":"https:\/\/www.vlaknapameti.cz\/index.php?rest_route=\/wp\/v2\/pages\/465\/revisions\/806"}],"wp:attachment":[{"href":"https:\/\/www.vlaknapameti.cz\/index.php?rest_route=%2Fwp%2Fv2%2Fmedia&parent=465"}],"curies":[{"name":"wp","href":"https:\/\/api.w.org\/{rel}","templated":true}]}}