{"id":462,"date":"2023-07-25T09:59:17","date_gmt":"2023-07-25T09:59:17","guid":{"rendered":"https:\/\/www.vlaknapameti.cz\/?page_id=462"},"modified":"2024-08-17T23:50:37","modified_gmt":"2024-08-17T23:50:37","slug":"krajka-vamberecka-krajka-2","status":"publish","type":"page","link":"https:\/\/www.vlaknapameti.cz\/?page_id=462","title":{"rendered":"Krajka \u2013 vambereck\u00e1 krajka"},"content":{"rendered":"<h1>KRAJKA \u2013 VAMBERECK\u00c1 KRAJKA<\/h1>\n<p><img loading=\"lazy\" decoding=\"async\" class=\"alignleft wp-image-1084 size-full\" title=\"(podstr\u00e1nky viz menu)\" src=\"https:\/\/www.vlaknapameti.cz\/wp-content\/uploads\/2024\/08\/krajkarky01_red4.jpg\" alt=\"Vambereck\u00e9 krajk\u00e1\u0159ky\" width=\"1000\" height=\"713\" srcset=\"https:\/\/www.vlaknapameti.cz\/wp-content\/uploads\/2024\/08\/krajkarky01_red4.jpg 1000w, https:\/\/www.vlaknapameti.cz\/wp-content\/uploads\/2024\/08\/krajkarky01_red4-300x214.jpg 300w, https:\/\/www.vlaknapameti.cz\/wp-content\/uploads\/2024\/08\/krajkarky01_red4-768x548.jpg 768w\" sizes=\"auto, (max-width: 1000px) 100vw, 1000px\" \/><\/p>\n<h3><\/h3>\n<h3><\/h3>\n<h3>Podstr\u00e1nky viz menu<\/h3>\n","protected":false},"excerpt":{"rendered":"<p>KRAJKA \u2013 VAMBERECK\u00c1 KRAJKA Podstr\u00e1nky viz menu<\/p>\n","protected":false},"author":1,"featured_media":0,"parent":0,"menu_order":0,"comment_status":"closed","ping_status":"closed","template":"","meta":{"footnotes":""},"class_list":["post-462","page","type-page","status-publish","hentry"],"_links":{"self":[{"href":"https:\/\/www.vlaknapameti.cz\/index.php?rest_route=\/wp\/v2\/pages\/462","targetHints":{"allow":["GET"]}}],"collection":[{"href":"https:\/\/www.vlaknapameti.cz\/index.php?rest_route=\/wp\/v2\/pages"}],"about":[{"href":"https:\/\/www.vlaknapameti.cz\/index.php?rest_route=\/wp\/v2\/types\/page"}],"author":[{"embeddable":true,"href":"https:\/\/www.vlaknapameti.cz\/index.php?rest_route=\/wp\/v2\/users\/1"}],"replies":[{"embeddable":true,"href":"https:\/\/www.vlaknapameti.cz\/index.php?rest_route=%2Fwp%2Fv2%2Fcomments&post=462"}],"version-history":[{"count":17,"href":"https:\/\/www.vlaknapameti.cz\/index.php?rest_route=\/wp\/v2\/pages\/462\/revisions"}],"predecessor-version":[{"id":1087,"href":"https:\/\/www.vlaknapameti.cz\/index.php?rest_route=\/wp\/v2\/pages\/462\/revisions\/1087"}],"wp:attachment":[{"href":"https:\/\/www.vlaknapameti.cz\/index.php?rest_route=%2Fwp%2Fv2%2Fmedia&parent=462"}],"curies":[{"name":"wp","href":"https:\/\/api.w.org\/{rel}","templated":true}]}}