{"id":458,"date":"2023-07-25T09:58:29","date_gmt":"2023-07-25T09:58:29","guid":{"rendered":"https:\/\/www.vlaknapameti.cz\/?page_id=458"},"modified":"2023-07-25T09:58:58","modified_gmt":"2023-07-25T09:58:58","slug":"kontakty-2","status":"publish","type":"page","link":"https:\/\/www.vlaknapameti.cz\/?page_id=458","title":{"rendered":"Kontakty"},"content":{"rendered":"<ul>\r\n<li>Univerzita Hradec Kr\u00e1lov\u00e9, Pedagogick\u00e1 fakulta PhDr. Vlastimil Havl\u00edk, Ph.D., \u0159e\u0161itel-koordin\u00e1tor projektu <a href=\"mailto:vlastimil.havlik@uhk.cz\">vlastimil.havlik@uhk.cz<\/a> Ing. Eli\u0161ka Drabinov\u00e1, Ph.D., spr\u00e1vce projektu\u00a0<a href=\"mailto:eliska.drabinova@uhk.cz\">eliska.drabinova@uhk.cz<\/a><\/li>\r\n<!-- \/wp:post-content --><\/ul>\r\n<!-- \/wp:list -->\r\n\r\n<!-- wp:list -->\r\n<ul><!-- wp:list-item -->\r\n<li>Vysok\u00e1 \u0161kola chemicko-technologick\u00e1 v\u00a0Praze Ing. Mark\u00e9ta \u0160krdlantov\u00e1, Ph.D., \u0159e\u0161itelka projektu <a href=\"mailto:marketa.skrdlantova@vscht.cz\">marketa.skrdlantova@vscht.cz<\/a><\/li>\r\n<!-- \/wp:list-item --><\/ul>\r\n<!-- \/wp:list -->\r\n\r\n<!-- wp:list -->\r\n<ul><!-- wp:list-item -->\r\n<li>N\u00e1rodn\u00ed pam\u00e1tkov\u00fd \u00fastav Mgr. Veronika Piln\u00e1, Ph.D., \u0159e\u0161itelka projektu <a href=\"mailto:pilna.veronika@npu.cz\">pilna.veronika@npu.cz<\/a><\/li>\r\n<\/ul>","protected":false},"excerpt":{"rendered":"<p>Univerzita Hradec Kr\u00e1lov\u00e9, Pedagogick\u00e1 fakulta PhDr. Vlastimil Havl\u00edk, Ph.D., \u0159e\u0161itel-koordin\u00e1tor projektu vlastimil.havlik@uhk.cz Ing. Eli\u0161ka Drabinov\u00e1, Ph.D., spr\u00e1vce projektu\u00a0eliska.drabinova@uhk.cz Vysok\u00e1 \u0161kola chemicko-technologick\u00e1 v\u00a0Praze Ing. Mark\u00e9ta \u0160krdlantov\u00e1, Ph.D., \u0159e\u0161itelka projektu marketa.skrdlantova@vscht.cz N\u00e1rodn\u00ed &#8230;<\/p>\n","protected":false},"author":1,"featured_media":0,"parent":0,"menu_order":0,"comment_status":"closed","ping_status":"closed","template":"","meta":{"footnotes":""},"class_list":["post-458","page","type-page","status-publish","hentry"],"_links":{"self":[{"href":"https:\/\/www.vlaknapameti.cz\/index.php?rest_route=\/wp\/v2\/pages\/458","targetHints":{"allow":["GET"]}}],"collection":[{"href":"https:\/\/www.vlaknapameti.cz\/index.php?rest_route=\/wp\/v2\/pages"}],"about":[{"href":"https:\/\/www.vlaknapameti.cz\/index.php?rest_route=\/wp\/v2\/types\/page"}],"author":[{"embeddable":true,"href":"https:\/\/www.vlaknapameti.cz\/index.php?rest_route=\/wp\/v2\/users\/1"}],"replies":[{"embeddable":true,"href":"https:\/\/www.vlaknapameti.cz\/index.php?rest_route=%2Fwp%2Fv2%2Fcomments&post=458"}],"version-history":[{"count":3,"href":"https:\/\/www.vlaknapameti.cz\/index.php?rest_route=\/wp\/v2\/pages\/458\/revisions"}],"predecessor-version":[{"id":461,"href":"https:\/\/www.vlaknapameti.cz\/index.php?rest_route=\/wp\/v2\/pages\/458\/revisions\/461"}],"wp:attachment":[{"href":"https:\/\/www.vlaknapameti.cz\/index.php?rest_route=%2Fwp%2Fv2%2Fmedia&parent=458"}],"curies":[{"name":"wp","href":"https:\/\/api.w.org\/{rel}","templated":true}]}}