{"id":452,"date":"2023-07-25T09:57:03","date_gmt":"2023-07-25T09:57:03","guid":{"rendered":"https:\/\/www.vlaknapameti.cz\/?page_id=452"},"modified":"2025-12-11T09:53:23","modified_gmt":"2025-12-11T09:53:23","slug":"interaktivni-mapa-2","status":"publish","type":"page","link":"https:\/\/www.vlaknapameti.cz\/?page_id=452","title":{"rendered":"INTERAKTIVN\u00cd MAPA"},"content":{"rendered":"<h4>Krajk\u00e1\u0159sk\u00e1 tradice v \u010cR se zvl\u00e1\u0161tn\u00edm zam\u011b\u0159en\u00edm na Vamberecko od 17. stolet\u00ed po sou\u010dasnost<\/h4>\n<p>V\u00edtejte v interaktivn\u00ed map\u011b. Zavr\u0161ili jsme v\u00fdvoj t\u00e9to interaktivn\u00ed mapy s mo\u017enost\u00ed jej\u00edho dal\u0161\u00edho rozvoje, pokud se objev\u00ed nov\u00e1 relevantn\u00ed data. Moment\u00e1ln\u011b obsahuje v\u00edce ne\u017e 1330 lokalit, u kter\u00fdch jsme byli schopni ur\u010dit p\u0159esn\u00e9 nebo p\u0159ibli\u017en\u00e9 GPS sou\u0159adnice. Disponuje filtry, kter\u00e9 umo\u017e\u0148uji p\u0159ehledn\u011bj\u0161\u00ed zobrazen\u00ed polo\u017eek obsahu. V prav\u00e9 doln\u00ed \u010d\u00e1sti je mo\u017en\u00e9 si prohl\u00e9dnout samotn\u00e1 tabulkov\u00e1 data o lokalit\u00e1ch v Orlick\u00fdch hor\u00e1ch a Podorlicku a pracovat s nimi podobn\u011b jako v Excelu. Pro pln\u00e9 vyu\u017eit\u00ed funkc\u00ed ka\u017edop\u00e1dn\u011b vyu\u017eijte \u010derven\u00e9 tla\u010d\u00edtko zobrazit mapu na celou obrazovku z d\u016fvodu lep\u0161\u00ed ergonomie ovl\u00e1d\u00e1n\u00ed. D\u011bkujeme za V\u00e1\u0161 z\u00e1jem o v\u00fdsledky na\u0161eho v\u00fdzkumu.<\/p>\n<p><a style=\"padding: 8px 12px; background: #A41642; color: white; text-decoration: none; border-radius: 4px;\" href=\"https:\/\/experience.arcgis.com\/experience\/d5b6c9217ebb41a39f332b0770fc2f0a\/\" target=\"_blank\" rel=\"noopener\">PRO PLN\u00c9 VYU\u017dIT\u00cd FUNKC\u00cd DOPORU\u010cUJEME ZOBRAZIT MAPU NA CELOU OBRAZOVKU + ve stylu &#8220;V\u0160ECHNY PRVKY&#8221;<\/a><\/p>\n<p><iframe loading=\"lazy\" style=\"border: 0;\" src=\"https:\/\/experience.arcgis.com\/experience\/d5b6c9217ebb41a39f332b0770fc2f0a\" width=\"800\" height=\"1000\" frameborder=\"0\" allowfullscreen=\"allowfullscreen\">iFrames nejsou na t\u00e9to str\u00e1nce podporov\u00e1ny.<\/iframe><\/p>\n<p>D\u016fle\u017eit\u00e9 informace k map\u011b:<\/p>\n<p>Mapa nejp\u0159ehledn\u011bji vyhl\u00ed\u017e\u00ed ve stylu zobrazen\u00ed: &#8220;AGREGOVAN\u00c9 PRVKY&#8221;, nicm\u00e9n\u011b filtrovac\u00ed tla\u010d\u00edtka funguj\u00ed pouze ve stylu &#8220;V\u0160ECHNY PRVKY&#8221;. P\u0159ep\u00edna\u010d naleznete uprost\u0159ed dole. D\u011bkujeme za pochopen\u00ed.<\/p>\n<p><a href=\"https:\/\/www.vlaknapameti.cz\/wp-content\/uploads\/2023_022_Nimap-2025_pruvodni-zprava.pdf\" target=\"_blank\" rel=\"noopener\">Pr\u016fvodn\u00ed zpr\u00e1va k map\u011b je ke sta\u017een\u00ed zde.<\/a><\/p>\n<p>T\u011bchto 63 lokalit a um\u011blc\u016f m\u00e1 v map\u011b v\u00edcero obr\u00e1zk\u016f, p\u0159\u00edpadn\u011b v\u00edce dal\u0161\u00edch informac\u00ed, proto jsme pro n\u011b vytvo\u0159ili specializovan\u00e9 str\u00e1nky:<\/p>\n<ul>\n<li>\n<div><a href=\"https:\/\/www.vlaknapameti.cz\/?page_id=1424\" target=\"_blank\" rel=\"noopener\">Vlastiv\u011bdn\u00e9 muzeum v Dobru\u0161ce<\/a><\/div>\n<\/li>\n<li>\n<div><a href=\"https:\/\/www.vlaknapameti.cz\/?page_id=2335\" target=\"_blank\" rel=\"noopener\">Anna Bo\u010dkov\u00e1 Pavli\u0161tov\u00e1<\/a><\/div>\n<\/li>\n<li>\n<div><a href=\"https:\/\/www.vlaknapameti.cz\/?page_id=2337\" target=\"_blank\" rel=\"noopener\">Jaroslava Jedlinsk\u00e1<\/a><\/div>\n<\/li>\n<li>\n<div><a href=\"https:\/\/www.vlaknapameti.cz\/?page_id=2340\" target=\"_blank\" rel=\"noopener\">Marie Poludov\u00e1<\/a><\/div>\n<\/li>\n<li>\n<div><a href=\"https:\/\/www.vlaknapameti.cz\/?page_id=2344\" target=\"_blank\" rel=\"noopener\">R\u016f\u017eena \u0160lezingerov\u00e1 Zezulkov\u00e1<\/a><\/div>\n<\/li>\n<li>\n<div><a href=\"https:\/\/www.vlaknapameti.cz\/?page_id=2346\" target=\"_blank\" rel=\"noopener\">Pavla Hanu\u0161ov\u00e1<\/a><\/div>\n<\/li>\n<li>\n<div><a href=\"https:\/\/www.vlaknapameti.cz\/?page_id=2348\" target=\"_blank\" rel=\"noopener\">Anton\u00edn Koblic<\/a><\/div>\n<\/li>\n<li>\n<div><a href=\"https:\/\/www.vlaknapameti.cz\/?page_id=2352\" target=\"_blank\" rel=\"noopener\">Eva Pavlov\u00e1<\/a><\/div>\n<\/li>\n<li>\n<div><a href=\"https:\/\/www.vlaknapameti.cz\/?page_id=2354\" target=\"_blank\" rel=\"noopener\">Kostel sv. Jakuba<\/a><\/div>\n<\/li>\n<li>\n<div><a href=\"https:\/\/www.vlaknapameti.cz\/?page_id=2357\" target=\"_blank\" rel=\"noopener\">Kostel Umu\u010den\u00ed sv. Jana K\u0159titele<\/a><\/div>\n<\/li>\n<li>\n<div><a href=\"https:\/\/www.vlaknapameti.cz\/?page_id=2024\" target=\"_blank\" rel=\"noopener\">Kostel V\u0161ech svat\u00fdch v Sedlo\u0148ov\u011b<\/a><\/div>\n<\/li>\n<li>\n<div><a href=\"https:\/\/www.vlaknapameti.cz\/?page_id=2364\" target=\"_blank\" rel=\"noopener\">Kostel svat\u00e9 M\u00e1\u0159\u00ed Magdal\u00e9ny<\/a><\/div>\n<\/li>\n<li>\n<div><a href=\"https:\/\/www.vlaknapameti.cz\/?page_id=2366\" target=\"_blank\" rel=\"noopener\">Ludmila Kurkov\u00e1<\/a><\/div>\n<\/li>\n<li>\n<div><a href=\"https:\/\/www.vlaknapameti.cz\/?page_id=2012\" target=\"_blank\" rel=\"noopener\">Anna Kuncov\u00e1<\/a><\/div>\n<\/li>\n<li>\n<div><a href=\"https:\/\/www.vlaknapameti.cz\/?page_id=2369\" target=\"_blank\" rel=\"noopener\">Anna \u0160t\u011brbov\u00e1<\/a><\/div>\n<\/li>\n<li>\n<div><a href=\"https:\/\/www.vlaknapameti.cz\/?page_id=2371\" target=\"_blank\" rel=\"noopener\">Muzeum krajky Vamberk<\/a><\/div>\n<\/li>\n<li>\n<div><a href=\"https:\/\/www.vlaknapameti.cz\/?page_id=2373\" target=\"_blank\" rel=\"noopener\">Region\u00e1ln\u00ed muzeum Skute\u010d<\/a><\/div>\n<\/li>\n<li>\n<div><a href=\"https:\/\/www.vlaknapameti.cz\/?page_id=2379\" target=\"_blank\" rel=\"noopener\">Muzeum Podkrkono\u0161\u00ed v Trutnov\u011b<\/a><\/div>\n<\/li>\n<li>\n<div><a href=\"https:\/\/www.vlaknapameti.cz\/?page_id=2385\" target=\"_blank\" rel=\"noopener\">Lenka Kroul\u00edkov\u00e1<\/a><\/div>\n<\/li>\n<li>\n<div><a href=\"https:\/\/www.vlaknapameti.cz\/?page_id=2390\" target=\"_blank\" rel=\"noopener\">Miroslava Talava\u0161kov\u00e1<\/a><\/div>\n<\/li>\n<li>\n<div><a href=\"https:\/\/www.vlaknapameti.cz\/?page_id=2392\" target=\"_blank\" rel=\"noopener\">Anna Sokolov\u00e1<\/a><\/div>\n<\/li>\n<li>\n<div><a href=\"https:\/\/www.vlaknapameti.cz\/?page_id=2394\" target=\"_blank\" rel=\"noopener\">Muzeum a galerie Orlick\u00fdch hor Rychnov nad Kn\u011b\u017enou<\/a><\/div>\n<\/li>\n<li>\n<div><a href=\"https:\/\/www.vlaknapameti.cz\/?page_id=2398\" target=\"_blank\" rel=\"noopener\">Jana \u0160tefkov\u00e1<\/a><\/div>\n<\/li>\n<li>\n<div><a href=\"https:\/\/www.vlaknapameti.cz\/?page_id=2400\" target=\"_blank\" rel=\"noopener\">Kostel sv. Prokopa<\/a><\/div>\n<\/li>\n<li>\n<div><a href=\"https:\/\/www.vlaknapameti.cz\/?page_id=2402\" target=\"_blank\" rel=\"noopener\">Marie Sedl\u00e1\u010dkov\u00e1\u2013Serbouskov\u00e1<\/a><\/div>\n<\/li>\n<li>\n<div><a href=\"https:\/\/www.vlaknapameti.cz\/?page_id=2404\" target=\"_blank\" rel=\"noopener\">Z\u00e1kladn\u00ed \u0161kola \u010cesk\u00e1 Rybn\u00e1<\/a><\/div>\n<\/li>\n<li>\n<div><a href=\"https:\/\/www.vlaknapameti.cz\/?page_id=2406\" target=\"_blank\" rel=\"noopener\">Z\u00e1kladn\u00ed \u0161kola a Mate\u0159sk\u00e1 \u0161kola Slatina nad Zdobnic\u00ed<\/a><\/div>\n<\/li>\n<li>\n<div><a href=\"https:\/\/www.vlaknapameti.cz\/?page_id=2409\" target=\"_blank\" rel=\"noopener\">Z\u00e1kladn\u00ed \u0161kola Rokytnice v Orlick\u00fdch hor\u00e1ch<\/a><\/div>\n<\/li>\n<li>\n<div><a href=\"https:\/\/www.vlaknapameti.cz\/?page_id=2411\" target=\"_blank\" rel=\"noopener\">Krajk\u00e1\u0159sk\u00fd kurz Pastviny<\/a><\/div>\n<\/li>\n<li>\n<div><a href=\"https:\/\/www.vlaknapameti.cz\/?page_id=2439\">Muzeum v\u00fdchodn\u00edch \u010cech<\/a><\/div>\n<\/li>\n<li>\n<div><a href=\"https:\/\/www.vlaknapameti.cz\/?page_id=2445\" target=\"_blank\" rel=\"noopener\">Kostel sv. Bartolom\u011bje v\u00a0Bystr\u00e9m<\/a><\/div>\n<\/li>\n<li>\n<div><a href=\"https:\/\/www.vlaknapameti.cz\/?page_id=2442\" target=\"_blank\" rel=\"noopener\">Kostel sv. M\u00e1\u0159\u00ed Magdaleny v\u00a0De\u0161tn\u00e9m v\u00a0Orlick\u00fdch hor\u00e1ch<\/a><\/div>\n<\/li>\n<li>\n<div><a href=\"https:\/\/www.vlaknapameti.cz\/?page_id=2509\" target=\"_blank\" rel=\"noopener\">Vambereck\u00e1 krajka Vamberk<\/a><\/div>\n<\/li>\n<li>\n<div><a href=\"https:\/\/www.vlaknapameti.cz\/?page_id=2596\" target=\"_blank\" rel=\"noopener\">Miroslava \u0160ustrov\u00e1<\/a><\/div>\n<\/li>\n<li>\n<div><a href=\"https:\/\/www.vlaknapameti.cz\/?page_id=2624\" target=\"_blank\" rel=\"noopener\">Jana Langov\u00e1<\/a><\/div>\n<\/li>\n<li>\n<div><a href=\"https:\/\/www.vlaknapameti.cz\/?page_id=2662\" target=\"_blank\" rel=\"noopener\">Sv\u011btlana Pavl\u00ed\u010dkov\u00e1<\/a><\/div>\n<\/li>\n<li>\n<div><a href=\"https:\/\/www.vlaknapameti.cz\/?page_id=2761\" target=\"_blank\" rel=\"noopener\">Zuzana \u0160t\u011bp\u00e1nkov\u00e1 \u2013 Vl\u010dkov\u00e1<\/a><\/div>\n<\/li>\n<li>\n<div><a href=\"https:\/\/www.vlaknapameti.cz\/?page_id=2784\" target=\"_blank\" rel=\"noopener\">Alice Bedro\u0161ov\u00e1<\/a><\/div>\n<\/li>\n<li>\n<div><a href=\"https:\/\/www.vlaknapameti.cz\/?page_id=2812\" target=\"_blank\" rel=\"noopener\">Edita Rotreklov\u00e1<\/a><\/div>\n<\/li>\n<li>\n<div><a href=\"https:\/\/www.vlaknapameti.cz\/?page_id=2816\" target=\"_blank\" rel=\"noopener\">Jaroslav Pr\u00e1\u0161il<\/a><\/div>\n<\/li>\n<li>\n<div><a href=\"https:\/\/www.vlaknapameti.cz\/?page_id=2819\" target=\"_blank\" rel=\"noopener\">Emilie Frydeck\u00e1<\/a><\/div>\n<\/li>\n<li>\n<div><a href=\"https:\/\/www.vlaknapameti.cz\/?page_id=3000\" target=\"_blank\" rel=\"noopener\">Alena Ma\u0161kov\u00e1<\/a><\/div>\n<\/li>\n<li>\n<div><a href=\"https:\/\/www.vlaknapameti.cz\/?page_id=3002\" target=\"_blank\" rel=\"noopener\">M\u00e1ria Danielov\u00e1<\/a><\/div>\n<\/li>\n<li>\n<div><a href=\"https:\/\/www.vlaknapameti.cz\/?page_id=3042\" target=\"_blank\" rel=\"noopener\">Eva Fialov\u00e1<\/a><\/div>\n<\/li>\n<li>\n<div><a href=\"https:\/\/www.vlaknapameti.cz\/?page_id=3045\" target=\"_blank\" rel=\"noopener\">Marie Va\u0148kov\u00e1<\/a><\/div>\n<\/li>\n<li>\n<div><a href=\"https:\/\/www.vlaknapameti.cz\/?page_id=3218\" target=\"_blank\" rel=\"noopener\">Mil\u010da Eremi\u00e1\u0161ov\u00e1<\/a><\/div>\n<\/li>\n<li>\n<div><a href=\"https:\/\/www.vlaknapameti.cz\/?page_id=3221\" target=\"_blank\" rel=\"noopener\">Blanka \u0160perkov\u00e1<\/a><\/div>\n<\/li>\n<li>\n<div><a href=\"https:\/\/www.vlaknapameti.cz\/?page_id=3215\" target=\"_blank\" rel=\"noopener\">Anna Hal\u00edkov\u00e1<\/a><\/div>\n<\/li>\n<li>\n<div><a href=\"https:\/\/www.vlaknapameti.cz\/?page_id=3229\" target=\"_blank\" rel=\"noopener\">Marianna Horv\u00e1thov\u00e1<\/a><\/div>\n<\/li>\n<li>\n<div><a href=\"https:\/\/www.vlaknapameti.cz\/?page_id=3232\" target=\"_blank\" rel=\"noopener\">Alina Ja\u0161kov\u00e1<\/a><\/div>\n<\/li>\n<li>\n<div><a href=\"https:\/\/www.vlaknapameti.cz\/?page_id=3224\" target=\"_blank\" rel=\"noopener\">Stanislava Losov\u00e1-Mu\u017e\u00edkov\u00e1<\/a><\/div>\n<\/li>\n<li>\n<div><a href=\"https:\/\/www.vlaknapameti.cz\/?page_id=3227\" target=\"_blank\" rel=\"noopener\">Rudolf Richter<\/a><\/div>\n<\/li>\n<li>\n<div><a href=\"https:\/\/www.vlaknapameti.cz\/?page_id=3235\" target=\"_blank\" rel=\"noopener\">Iva Pro\u0161kov\u00e1<\/a><\/div>\n<\/li>\n<li>\n<div><a href=\"https:\/\/www.vlaknapameti.cz\/?page_id=3265\" target=\"_blank\" rel=\"noopener\">Jolana Davidovi\u010dov\u00e1<\/a><\/div>\n<\/li>\n<li>\n<div><a href=\"https:\/\/www.vlaknapameti.cz\/?page_id=3267\" target=\"_blank\" rel=\"noopener\">Domanjova Ivana<\/a><\/div>\n<\/li>\n<li>\n<div><a href=\"https:\/\/www.vlaknapameti.cz\/?page_id=3268\" target=\"_blank\" rel=\"noopener\">Iva Van\u017eurov\u00e1<\/a><\/div>\n<\/li>\n<li>\n<div><a href=\"https:\/\/www.vlaknapameti.cz\/?page_id=3271\" target=\"_blank\" rel=\"noopener\">Lenka M\u00e1slov\u00e1 \u0160petlov\u00e1<\/a><\/div>\n<\/li>\n<li>\n<div><a href=\"https:\/\/www.vlaknapameti.cz\/?page_id=3474\" target=\"_blank\" rel=\"noopener\">V\u011bra Pr\u00e1\u0161ilov\u00e1<\/a><\/div>\n<\/li>\n<li>\n<div><a href=\"https:\/\/www.vlaknapameti.cz\/?page_id=3477\" target=\"_blank\" rel=\"noopener\">Marcela Hovadov\u00e1<\/a><\/div>\n<\/li>\n<li>\n<div><a href=\"https:\/\/www.vlaknapameti.cz\/?page_id=3479\" target=\"_blank\" rel=\"noopener\">Nad\u011b\u017eda \u0160ev\u010d\u00edkov\u00e1<\/a><\/div>\n<\/li>\n<li>\n<div><a href=\"https:\/\/www.vlaknapameti.cz\/?page_id=3481\" target=\"_blank\" rel=\"noopener\">Lenka Mal\u00e1tov\u00e1<\/a><\/div>\n<\/li>\n<li>\n<div><a href=\"https:\/\/www.vlaknapameti.cz\/?page_id=3483\" target=\"_blank\" rel=\"noopener\">Milena Malinov\u00e1<\/a><\/div>\n<\/li>\n<\/ul>\n<figure id=\"attachment_1521\" aria-describedby=\"caption-attachment-1521\" style=\"width: 140px\" class=\"wp-caption alignleft\"><img loading=\"lazy\" decoding=\"async\" class=\"size-full wp-image-1521\" src=\"https:\/\/www.vlaknapameti.cz\/wp-content\/uploads\/2025\/07\/Exb_QRCode.png\" alt=\"QR code for our interactive map\" width=\"140\" height=\"140\" \/><figcaption id=\"caption-attachment-1521\" class=\"wp-caption-text\">QR k\u00f3d pro na\u0161i interaktivn\u00ed mapu<\/figcaption><\/figure>\n","protected":false},"excerpt":{"rendered":"<p>Krajk\u00e1\u0159sk\u00e1 tradice v \u010cR se zvl\u00e1\u0161tn\u00edm zam\u011b\u0159en\u00edm na Vamberecko od 17. stolet\u00ed po sou\u010dasnost V\u00edtejte v interaktivn\u00ed map\u011b. Zavr\u0161ili jsme v\u00fdvoj t\u00e9to interaktivn\u00ed mapy s mo\u017enost\u00ed jej\u00edho dal\u0161\u00edho rozvoje, pokud &#8230;<\/p>\n","protected":false},"author":1,"featured_media":0,"parent":0,"menu_order":0,"comment_status":"closed","ping_status":"closed","template":"","meta":{"footnotes":""},"class_list":["post-452","page","type-page","status-publish","hentry"],"_links":{"self":[{"href":"https:\/\/www.vlaknapameti.cz\/index.php?rest_route=\/wp\/v2\/pages\/452","targetHints":{"allow":["GET"]}}],"collection":[{"href":"https:\/\/www.vlaknapameti.cz\/index.php?rest_route=\/wp\/v2\/pages"}],"about":[{"href":"https:\/\/www.vlaknapameti.cz\/index.php?rest_route=\/wp\/v2\/types\/page"}],"author":[{"embeddable":true,"href":"https:\/\/www.vlaknapameti.cz\/index.php?rest_route=\/wp\/v2\/users\/1"}],"replies":[{"embeddable":true,"href":"https:\/\/www.vlaknapameti.cz\/index.php?rest_route=%2Fwp%2Fv2%2Fcomments&post=452"}],"version-history":[{"count":106,"href":"https:\/\/www.vlaknapameti.cz\/index.php?rest_route=\/wp\/v2\/pages\/452\/revisions"}],"predecessor-version":[{"id":3488,"href":"https:\/\/www.vlaknapameti.cz\/index.php?rest_route=\/wp\/v2\/pages\/452\/revisions\/3488"}],"wp:attachment":[{"href":"https:\/\/www.vlaknapameti.cz\/index.php?rest_route=%2Fwp%2Fv2%2Fmedia&parent=452"}],"curies":[{"name":"wp","href":"https:\/\/api.w.org\/{rel}","templated":true}]}}