{"id":449,"date":"2023-07-25T09:56:10","date_gmt":"2023-07-25T09:56:10","guid":{"rendered":"https:\/\/www.vlaknapameti.cz\/?page_id=449"},"modified":"2023-10-12T22:05:18","modified_gmt":"2023-10-12T22:05:18","slug":"edukacni-aktivity-2","status":"publish","type":"page","link":"https:\/\/www.vlaknapameti.cz\/?page_id=449","title":{"rendered":"Eduka\u010dn\u00ed aktivity"},"content":{"rendered":"<p><span class=\"-wm-xcontentpasted0\"><span class=\"-wm-ContentPasted0\">Tradice krajk\u00e1\u0159stv\u00ed na Vamberecku je zaps\u00e1na na Seznamu nemateri\u00e1ln\u00edch statk\u016f tradi\u010dn\u00ed lidov\u00e9 kultury \u010cesk\u00e9 republiky. V\u00a0posledn\u00edch desetilet\u00edch se mo\u017enosti vyu\u017eit\u00ed klasick\u00fdch krajk\u00e1\u0159sk\u00fdch technik ve voln\u00e9m um\u011bn\u00ed v\u00fdznamn\u011b prom\u011bnily. Fenom\u00e9n krajky za\u010dal b\u00fdt ovliv\u0148ov\u00e1n aktu\u00e1ln\u00edm vizu\u00e1ln\u00edm tvaroslov\u00edm. O krajk\u00e1\u0159skou tradici je nutn\u00e9 pe\u010dovat a d\u00e1le ji rozv\u00edjet. S u\u017eit\u00edm krajky se setk\u00e1v\u00e1me v\u00a0od\u011bvn\u00ed tvorb\u011b, ve voln\u00e9m um\u011bn\u00ed a ve vizu\u00e1ln\u00ed inspiraci sou\u010dasn\u00fdch textiln\u00edch v\u00fdtvarn\u00edk\u016f a um\u011blc\u016f. \u00a0<\/span><\/span><\/p>\n<p><span class=\"-wm-xcontentpasted0\"><span class=\"-wm-ContentPasted0\"><a href=\"https:\/\/www.vlaknapameti.cz\/wp-content\/uploads\/2023\/10\/edu03.jpg\"><img loading=\"lazy\" decoding=\"async\" class=\"alignnone wp-image-672\" src=\"https:\/\/www.vlaknapameti.cz\/wp-content\/uploads\/2023\/10\/edu03-1024x461.jpg\" alt=\"Jin\u00e1 galerijn\u00ed d\u00edlna\" width=\"611\" height=\"275\" srcset=\"https:\/\/www.vlaknapameti.cz\/wp-content\/uploads\/2023\/10\/edu03-1024x461.jpg 1024w, https:\/\/www.vlaknapameti.cz\/wp-content\/uploads\/2023\/10\/edu03-300x135.jpg 300w, https:\/\/www.vlaknapameti.cz\/wp-content\/uploads\/2023\/10\/edu03-768x346.jpg 768w, https:\/\/www.vlaknapameti.cz\/wp-content\/uploads\/2023\/10\/edu03-1536x692.jpg 1536w, https:\/\/www.vlaknapameti.cz\/wp-content\/uploads\/2023\/10\/edu03.jpg 1600w\" sizes=\"auto, (max-width: 611px) 100vw, 611px\" \/><\/a><\/span><\/span><\/p>\n<p><span class=\"-wm-xcontentpasted0\"><span class=\"-wm-ContentPasted0\">Jedn\u00edm z\u00a0hlavn\u00edch c\u00edl\u016f projektu NAKI Vl\u00e1kna pam\u011bti je p\u0159ibl\u00ed\u017eit um\u011bn\u00ed krajky, unikum \u010desk\u00e9ho voln\u00e9ho i\u00a0u\u017eit\u00e9ho um\u011bn\u00ed, \u0161irok\u00e9 ve\u0159ejnosti formou vzd\u011bl\u00e1vac\u00edch program\u016f p\u0159ibli\u017euj\u00edc\u00edch historii (nejen) pali\u010dkovan\u00e9 krajky, proces jej\u00edho vzniku, dobov\u00e9 dekory, osobnosti v\u00fdznamn\u00fdch \u010desk\u00fdch krajk\u00e1\u0159ek a jejich tvorbu, v\u010detn\u011b restaurov\u00e1n\u00ed a p\u00e9\u010de o krajku ulo\u017eenou v\u00a0muzejn\u00edch sb\u00edrk\u00e1ch. V\u00a0r\u00e1mci projektov\u00fdch v\u00fdstav budou p\u0159ipraveny tematick\u00e9 eduka\u010dn\u00ed materi\u00e1ly, dokumenta\u010dn\u00ed a instrukt\u00e1\u017en\u00ed videa z\u00e1kladn\u00edch krajk\u00e1\u0159sk\u00fdch postup\u016f a technik a praktick\u00e9 workshopy. \u00a0<\/span><\/span><\/p>\n<p><a href=\"https:\/\/www.vlaknapameti.cz\/wp-content\/uploads\/2023\/10\/edu08.jpg\"><img loading=\"lazy\" decoding=\"async\" class=\"alignnone wp-image-680\" src=\"https:\/\/www.vlaknapameti.cz\/wp-content\/uploads\/2023\/10\/edu08-242x300.jpg\" alt=\"Vzorn\u00edk p\u0159\u00edze\" width=\"250\" height=\"310\" \/><\/a><a href=\"https:\/\/www.vlaknapameti.cz\/wp-content\/uploads\/2023\/10\/edu09.jpg\"><img loading=\"lazy\" decoding=\"async\" class=\"alignnone wp-image-680\" src=\"https:\/\/www.vlaknapameti.cz\/wp-content\/uploads\/2023\/10\/edu09-250x300.jpg\" alt=\"Pali\u010dkovan\u00e1 krajka\" width=\"260\" height=\"312\" srcset=\"https:\/\/www.vlaknapameti.cz\/wp-content\/uploads\/2023\/10\/edu09-250x300.jpg 250w, https:\/\/www.vlaknapameti.cz\/wp-content\/uploads\/2023\/10\/edu09-854x1024.jpg 854w, https:\/\/www.vlaknapameti.cz\/wp-content\/uploads\/2023\/10\/edu09-768x920.jpg 768w, https:\/\/www.vlaknapameti.cz\/wp-content\/uploads\/2023\/10\/edu09-1282x1536.jpg 1282w, https:\/\/www.vlaknapameti.cz\/wp-content\/uploads\/2023\/10\/edu09.jpg 1335w\" sizes=\"auto, (max-width: 260px) 100vw, 260px\" \/><\/a><a href=\"https:\/\/www.vlaknapameti.cz\/wp-content\/uploads\/2023\/10\/edu10.jpg\"><img loading=\"lazy\" decoding=\"async\" class=\"alignnone wp-image-680\" src=\"https:\/\/www.vlaknapameti.cz\/wp-content\/uploads\/2023\/10\/edu10-177x300.jpg\" alt=\"Pali\u010dkovan\u00e1 krajka\" width=\"178\" height=\"302\" \/><\/a><a href=\"https:\/\/www.vlaknapameti.cz\/wp-content\/uploads\/2023\/10\/edu07.jpg\"><img loading=\"lazy\" decoding=\"async\" class=\"alignnone wp-image-678\" src=\"https:\/\/www.vlaknapameti.cz\/wp-content\/uploads\/2023\/10\/edu07-300x274.jpg\" alt=\"V\u00fdtvarn\u00e9 n\u00e1vrhy\" width=\"333\" height=\"304\" srcset=\"https:\/\/www.vlaknapameti.cz\/wp-content\/uploads\/2023\/10\/edu07-300x274.jpg 300w, https:\/\/www.vlaknapameti.cz\/wp-content\/uploads\/2023\/10\/edu07-1024x936.jpg 1024w, https:\/\/www.vlaknapameti.cz\/wp-content\/uploads\/2023\/10\/edu07-768x702.jpg 768w, https:\/\/www.vlaknapameti.cz\/wp-content\/uploads\/2023\/10\/edu07-1536x1404.jpg 1536w, https:\/\/www.vlaknapameti.cz\/wp-content\/uploads\/2023\/10\/edu07.jpg 1600w\" sizes=\"auto, (max-width: 333px) 100vw, 333px\" \/><\/a><a href=\"https:\/\/www.vlaknapameti.cz\/wp-content\/uploads\/2023\/10\/edu11.jpg\"><img loading=\"lazy\" decoding=\"async\" class=\"alignnone wp-image-680\" src=\"https:\/\/www.vlaknapameti.cz\/wp-content\/uploads\/2023\/10\/edu11-283x300.jpg\" alt=\"My Outfit \u2013 artefact\" width=\"285\" height=\"302\" \/><\/a><a href=\"https:\/\/www.vlaknapameti.cz\/wp-content\/uploads\/2023\/10\/edu06.jpg\"><img loading=\"lazy\" decoding=\"async\" class=\"alignnone wp-image-680\" src=\"https:\/\/www.vlaknapameti.cz\/wp-content\/uploads\/2023\/10\/edu06-225x300.jpg\" alt=\"Detail artefaktu\" width=\"228\" height=\"304\" \/><\/a><a href=\"https:\/\/www.vlaknapameti.cz\/wp-content\/uploads\/2023\/10\/edu04.jpg\"><img loading=\"lazy\" decoding=\"async\" class=\"alignnone wp-image-673\" src=\"https:\/\/www.vlaknapameti.cz\/wp-content\/uploads\/2023\/10\/edu04-300x225.jpg\" alt=\"Textiln\u00ed artefakt z produkce galerijn\u00ed d\u00edlny\" width=\"514\" height=\"386\" srcset=\"https:\/\/www.vlaknapameti.cz\/wp-content\/uploads\/2023\/10\/edu04-300x225.jpg 300w, https:\/\/www.vlaknapameti.cz\/wp-content\/uploads\/2023\/10\/edu04-1024x768.jpg 1024w, https:\/\/www.vlaknapameti.cz\/wp-content\/uploads\/2023\/10\/edu04-768x576.jpg 768w, https:\/\/www.vlaknapameti.cz\/wp-content\/uploads\/2023\/10\/edu04-1536x1152.jpg 1536w, https:\/\/www.vlaknapameti.cz\/wp-content\/uploads\/2023\/10\/edu04.jpg 1600w\" sizes=\"auto, (max-width: 514px) 100vw, 514px\" \/><\/a><a href=\"https:\/\/www.vlaknapameti.cz\/wp-content\/uploads\/2023\/10\/edu01.jpg\"><img loading=\"lazy\" decoding=\"async\" class=\"alignnone wp-image-670\" src=\"https:\/\/www.vlaknapameti.cz\/wp-content\/uploads\/2023\/10\/edu01-300x225.jpg\" alt=\"Galerijn\u00ed d\u00edlna\" width=\"513\" height=\"385\" srcset=\"https:\/\/www.vlaknapameti.cz\/wp-content\/uploads\/2023\/10\/edu01-300x225.jpg 300w, https:\/\/www.vlaknapameti.cz\/wp-content\/uploads\/2023\/10\/edu01-1024x768.jpg 1024w, https:\/\/www.vlaknapameti.cz\/wp-content\/uploads\/2023\/10\/edu01-768x576.jpg 768w, https:\/\/www.vlaknapameti.cz\/wp-content\/uploads\/2023\/10\/edu01-1536x1152.jpg 1536w, https:\/\/www.vlaknapameti.cz\/wp-content\/uploads\/2023\/10\/edu01.jpg 1600w\" sizes=\"auto, (max-width: 513px) 100vw, 513px\" \/><\/a><a href=\"https:\/\/www.vlaknapameti.cz\/wp-content\/uploads\/2023\/10\/edu02.jpg\"><img loading=\"lazy\" decoding=\"async\" class=\"alignnone wp-image-671\" src=\"https:\/\/www.vlaknapameti.cz\/wp-content\/uploads\/2023\/10\/edu02-300x225.jpg\" alt=\"Expozice galerijn\u00ed d\u00edlny\" width=\"515\" height=\"386\" srcset=\"https:\/\/www.vlaknapameti.cz\/wp-content\/uploads\/2023\/10\/edu02-300x225.jpg 300w, https:\/\/www.vlaknapameti.cz\/wp-content\/uploads\/2023\/10\/edu02-1024x768.jpg 1024w, https:\/\/www.vlaknapameti.cz\/wp-content\/uploads\/2023\/10\/edu02-768x576.jpg 768w, https:\/\/www.vlaknapameti.cz\/wp-content\/uploads\/2023\/10\/edu02-1536x1152.jpg 1536w, https:\/\/www.vlaknapameti.cz\/wp-content\/uploads\/2023\/10\/edu02.jpg 1600w\" sizes=\"auto, (max-width: 515px) 100vw, 515px\" \/><\/a><a href=\"https:\/\/www.vlaknapameti.cz\/wp-content\/uploads\/2023\/10\/edu05.jpg\"><img loading=\"lazy\" decoding=\"async\" class=\"alignnone wp-image-674\" src=\"https:\/\/www.vlaknapameti.cz\/wp-content\/uploads\/2023\/10\/edu05-911x1024.jpg\" alt=\"Instalace na kruhov\u00e9 d\u0159ev\u011bn\u00e9 desce\" width=\"513\" height=\"576\" srcset=\"https:\/\/www.vlaknapameti.cz\/wp-content\/uploads\/2023\/10\/edu05-911x1024.jpg 911w, https:\/\/www.vlaknapameti.cz\/wp-content\/uploads\/2023\/10\/edu05-267x300.jpg 267w, https:\/\/www.vlaknapameti.cz\/wp-content\/uploads\/2023\/10\/edu05-768x863.jpg 768w, https:\/\/www.vlaknapameti.cz\/wp-content\/uploads\/2023\/10\/edu05-1367x1536.jpg 1367w, https:\/\/www.vlaknapameti.cz\/wp-content\/uploads\/2023\/10\/edu05.jpg 1424w\" sizes=\"auto, (max-width: 513px) 100vw, 513px\" \/><\/a><\/p>\n","protected":false},"excerpt":{"rendered":"<p>Tradice krajk\u00e1\u0159stv\u00ed na Vamberecku je zaps\u00e1na na Seznamu nemateri\u00e1ln\u00edch statk\u016f tradi\u010dn\u00ed lidov\u00e9 kultury \u010cesk\u00e9 republiky. V\u00a0posledn\u00edch desetilet\u00edch se mo\u017enosti vyu\u017eit\u00ed klasick\u00fdch krajk\u00e1\u0159sk\u00fdch technik ve voln\u00e9m um\u011bn\u00ed v\u00fdznamn\u011b prom\u011bnily. Fenom\u00e9n krajky &#8230;<\/p>\n","protected":false},"author":1,"featured_media":0,"parent":0,"menu_order":0,"comment_status":"closed","ping_status":"closed","template":"","meta":{"footnotes":""},"class_list":["post-449","page","type-page","status-publish","hentry"],"_links":{"self":[{"href":"https:\/\/www.vlaknapameti.cz\/index.php?rest_route=\/wp\/v2\/pages\/449","targetHints":{"allow":["GET"]}}],"collection":[{"href":"https:\/\/www.vlaknapameti.cz\/index.php?rest_route=\/wp\/v2\/pages"}],"about":[{"href":"https:\/\/www.vlaknapameti.cz\/index.php?rest_route=\/wp\/v2\/types\/page"}],"author":[{"embeddable":true,"href":"https:\/\/www.vlaknapameti.cz\/index.php?rest_route=\/wp\/v2\/users\/1"}],"replies":[{"embeddable":true,"href":"https:\/\/www.vlaknapameti.cz\/index.php?rest_route=%2Fwp%2Fv2%2Fcomments&post=449"}],"version-history":[{"count":27,"href":"https:\/\/www.vlaknapameti.cz\/index.php?rest_route=\/wp\/v2\/pages\/449\/revisions"}],"predecessor-version":[{"id":704,"href":"https:\/\/www.vlaknapameti.cz\/index.php?rest_route=\/wp\/v2\/pages\/449\/revisions\/704"}],"wp:attachment":[{"href":"https:\/\/www.vlaknapameti.cz\/index.php?rest_route=%2Fwp%2Fv2%2Fmedia&parent=449"}],"curies":[{"name":"wp","href":"https:\/\/api.w.org\/{rel}","templated":true}]}}