{"id":441,"date":"2023-07-25T09:48:43","date_gmt":"2023-07-25T09:48:43","guid":{"rendered":"https:\/\/www.vlaknapameti.cz\/?page_id=441"},"modified":"2025-11-08T03:10:18","modified_gmt":"2025-11-08T03:10:18","slug":"aktuality2","status":"publish","type":"page","link":"https:\/\/www.vlaknapameti.cz\/?page_id=441","title":{"rendered":"Aktuality"},"content":{"rendered":"<h3>Mezin\u00e1rodn\u00ed krajk\u00e1\u0159sk\u00e9 slavnosti a XII. Bien\u00e1le \u010desk\u00e9 krajky ve Vamberku 2026<\/h3>\n<div style=\"display: flex; gap: 0; width: 100%;\"><img decoding=\"async\" style=\"width: 50%; height: auto; display: block; margin-right: 5px;\" src=\"https:\/\/www.vlaknapameti.cz\/wp-content\/uploads\/krajkarskeslavnosti1m-720x1024.jpg\" alt=\"Mezin\u00e1rodn\u00ed krajk\u00e1\u0159sk\u00e9 slavnosti, Vamberk \u2013 plak\u00e1t\" \/><br \/>\n<img decoding=\"async\" style=\"width: 50%; height: auto; display: block; margin-left: 5px;\" src=\"https:\/\/www.vlaknapameti.cz\/wp-content\/uploads\/krajkarskeslavnosti2m-720x1024.jpg\" alt=\"XII. Bien\u00e1le \u010desk\u00e9 krajky Vamberk \u2013 plak\u00e1t\" \/><\/div>\n<hr \/>\n<h3><strong>Odkaz na dotazn\u00edk k projektu<\/strong>, klikn\u011bte <a href=\"https:\/\/forms.office.com\/e\/vjh6AKNrXY\" target=\"_blank\" rel=\"noopener\"><span style=\"color: #993366;\">ZDE<\/span><\/a>, na obr\u00e1zek nebo naskenujte k\u00f3d.<a href=\"https:\/\/forms.office.com\/e\/vjh6AKNrXY\"><br \/>\n<\/a><a href=\"https:\/\/forms.office.com\/e\/vjh6AKNrXY\" target=\"_blank\" rel=\"noopener\"><img loading=\"lazy\" decoding=\"async\" class=\"wp-image-711 size-full alignnone\" src=\"https:\/\/www.vlaknapameti.cz\/wp-content\/uploads\/2023\/10\/odkaznadotaznik2023_10_13f.jpg\" alt=\"Odkaz na dotazn\u00edk\" width=\"677\" height=\"660\" \/><\/a><br \/>\nJe k dispozici i <a href=\"https:\/\/forms.office.com\/Pages\/ResponsePage.aspx?id=CU67r1JWF0iTNc0UE_rJWvzB7j-217FMpzlZOS-0oYhUQ0oxVEoyWEUyOVYzUlJaQlVZN0lZUlpYNS4u\">MINIM\u00c1LN\u00cd VERZE DOTAZN\u00cdKU ZDE<\/a>.<\/h3>\n<hr \/>\n<h2><a href=\"https:\/\/www.vlaknapameti.cz\/?cat=6\">DAL\u0160\u00cd AKTUALITY UM\u00cdST\u011aN\u00c9 V P\u0158\u00cdSP\u011aVC\u00cdCH, KLIKN\u011aTE ZDE, PROS\u00cdM.<\/a><\/h2>\n<h3><a href=\"https:\/\/www.vlaknapameti.cz\/?page_id=731&amp;preview=true\">Archiv kopi\u00ed star\u0161\u00edch aktualit najdete zde<\/a><\/h3>\n","protected":false},"excerpt":{"rendered":"<p>Mezin\u00e1rodn\u00ed krajk\u00e1\u0159sk\u00e9 slavnosti a XII. Bien\u00e1le \u010desk\u00e9 krajky ve Vamberku 2026 Odkaz na dotazn\u00edk k projektu, klikn\u011bte ZDE, na obr\u00e1zek nebo naskenujte k\u00f3d. Je k dispozici i MINIM\u00c1LN\u00cd VERZE DOTAZN\u00cdKU &#8230;<\/p>\n","protected":false},"author":1,"featured_media":0,"parent":0,"menu_order":0,"comment_status":"closed","ping_status":"closed","template":"","meta":{"footnotes":""},"class_list":["post-441","page","type-page","status-publish","hentry"],"_links":{"self":[{"href":"https:\/\/www.vlaknapameti.cz\/index.php?rest_route=\/wp\/v2\/pages\/441","targetHints":{"allow":["GET"]}}],"collection":[{"href":"https:\/\/www.vlaknapameti.cz\/index.php?rest_route=\/wp\/v2\/pages"}],"about":[{"href":"https:\/\/www.vlaknapameti.cz\/index.php?rest_route=\/wp\/v2\/types\/page"}],"author":[{"embeddable":true,"href":"https:\/\/www.vlaknapameti.cz\/index.php?rest_route=\/wp\/v2\/users\/1"}],"replies":[{"embeddable":true,"href":"https:\/\/www.vlaknapameti.cz\/index.php?rest_route=%2Fwp%2Fv2%2Fcomments&post=441"}],"version-history":[{"count":122,"href":"https:\/\/www.vlaknapameti.cz\/index.php?rest_route=\/wp\/v2\/pages\/441\/revisions"}],"predecessor-version":[{"id":2977,"href":"https:\/\/www.vlaknapameti.cz\/index.php?rest_route=\/wp\/v2\/pages\/441\/revisions\/2977"}],"wp:attachment":[{"href":"https:\/\/www.vlaknapameti.cz\/index.php?rest_route=%2Fwp%2Fv2%2Fmedia&parent=441"}],"curies":[{"name":"wp","href":"https:\/\/api.w.org\/{rel}","templated":true}]}}