{"id":3483,"date":"2025-12-11T09:45:56","date_gmt":"2025-12-11T09:45:56","guid":{"rendered":"https:\/\/www.vlaknapameti.cz\/?page_id=3483"},"modified":"2025-12-11T09:45:56","modified_gmt":"2025-12-11T09:45:56","slug":"im-milena-malinova","status":"publish","type":"page","link":"https:\/\/www.vlaknapameti.cz\/?page_id=3483","title":{"rendered":"IM: Milena Malinov\u00e1"},"content":{"rendered":"<h2>Milena Malinov\u00e1<\/h2>\n<p><em>(polo\u017eka interaktivn\u00ed mapy s v\u00edcero reprodukcemi)<\/em><\/p>\n<p>Podrobn\u011bj\u0161\u00ed text je pr\u00e1v\u011b v p\u0159\u00edprav\u011b.<\/p>\n<figure id=\"attachment_3382\" aria-describedby=\"caption-attachment-3382\" style=\"width: 800px\" class=\"wp-caption alignnone\"><img loading=\"lazy\" decoding=\"async\" class=\"size-large wp-image-3382\" src=\"https:\/\/www.vlaknapameti.cz\/wp-content\/uploads\/1358v-1024x1014.jpg\" alt=\"Pokr\u00fdvka (podle n\u00e1vrhu E. Pali\u010dkov\u00e9), bavlna, 10\u00d710 cm, 2020\" width=\"800\" height=\"792\" srcset=\"https:\/\/www.vlaknapameti.cz\/wp-content\/uploads\/1358v-1024x1014.jpg 1024w, https:\/\/www.vlaknapameti.cz\/wp-content\/uploads\/1358v-300x297.jpg 300w, https:\/\/www.vlaknapameti.cz\/wp-content\/uploads\/1358v-150x150.jpg 150w, https:\/\/www.vlaknapameti.cz\/wp-content\/uploads\/1358v-768x760.jpg 768w, https:\/\/www.vlaknapameti.cz\/wp-content\/uploads\/1358v.jpg 1200w\" sizes=\"auto, (max-width: 800px) 100vw, 800px\" \/><figcaption id=\"caption-attachment-3382\" class=\"wp-caption-text\">Pokr\u00fdvka (podle n\u00e1vrhu E. Pali\u010dkov\u00e9), bavlna, 10\u00d710 cm, 2020<\/figcaption><\/figure>\n<figure id=\"attachment_3383\" aria-describedby=\"caption-attachment-3383\" style=\"width: 800px\" class=\"wp-caption alignnone\"><img loading=\"lazy\" decoding=\"async\" class=\"size-large wp-image-3383\" src=\"https:\/\/www.vlaknapameti.cz\/wp-content\/uploads\/1358va-1001x1024.jpg\" alt=\"Pokr\u00fdvka (podle n\u00e1vrhu E. Pali\u010dkov\u00e9), bavlna, pr\u016fm\u011br 14 cm, 2020\" width=\"800\" height=\"818\" srcset=\"https:\/\/www.vlaknapameti.cz\/wp-content\/uploads\/1358va-1001x1024.jpg 1001w, https:\/\/www.vlaknapameti.cz\/wp-content\/uploads\/1358va-293x300.jpg 293w, https:\/\/www.vlaknapameti.cz\/wp-content\/uploads\/1358va-768x786.jpg 768w, https:\/\/www.vlaknapameti.cz\/wp-content\/uploads\/1358va.jpg 1200w\" sizes=\"auto, (max-width: 800px) 100vw, 800px\" \/><figcaption id=\"caption-attachment-3383\" class=\"wp-caption-text\">Pokr\u00fdvka (podle n\u00e1vrhu E. Pali\u010dkov\u00e9), bavlna, pr\u016fm\u011br 14 cm, 2020<\/figcaption><\/figure>\n<figure id=\"attachment_3384\" aria-describedby=\"caption-attachment-3384\" style=\"width: 800px\" class=\"wp-caption alignnone\"><img loading=\"lazy\" decoding=\"async\" class=\"size-large wp-image-3384\" src=\"https:\/\/www.vlaknapameti.cz\/wp-content\/uploads\/1358vb-1024x1010.jpg\" alt=\"Pokr\u00fdvka (podle n\u00e1vrhu E. Pali\u010dkov\u00e9), bavlna, pr\u016fm\u011br 14 cm, 2020\" width=\"800\" height=\"789\" srcset=\"https:\/\/www.vlaknapameti.cz\/wp-content\/uploads\/1358vb-1024x1010.jpg 1024w, https:\/\/www.vlaknapameti.cz\/wp-content\/uploads\/1358vb-300x296.jpg 300w, https:\/\/www.vlaknapameti.cz\/wp-content\/uploads\/1358vb-768x758.jpg 768w, https:\/\/www.vlaknapameti.cz\/wp-content\/uploads\/1358vb.jpg 1200w\" sizes=\"auto, (max-width: 800px) 100vw, 800px\" \/><figcaption id=\"caption-attachment-3384\" class=\"wp-caption-text\">Pokr\u00fdvka (podle n\u00e1vrhu E. Pali\u010dkov\u00e9), bavlna, pr\u016fm\u011br 14 cm, 2020<\/figcaption><\/figure>\n<figure id=\"attachment_3385\" aria-describedby=\"caption-attachment-3385\" style=\"width: 800px\" class=\"wp-caption alignnone\"><img loading=\"lazy\" decoding=\"async\" class=\"size-large wp-image-3385\" src=\"https:\/\/www.vlaknapameti.cz\/wp-content\/uploads\/1358vc-1001x1024.jpg\" alt=\"Pokr\u00fdvka (podle n\u00e1vrhu E. Pali\u010dkov\u00e9), bavlna, pr\u016fm\u011br 20 cm, 2020\" width=\"800\" height=\"818\" srcset=\"https:\/\/www.vlaknapameti.cz\/wp-content\/uploads\/1358vc-1001x1024.jpg 1001w, https:\/\/www.vlaknapameti.cz\/wp-content\/uploads\/1358vc-293x300.jpg 293w, https:\/\/www.vlaknapameti.cz\/wp-content\/uploads\/1358vc-768x785.jpg 768w, https:\/\/www.vlaknapameti.cz\/wp-content\/uploads\/1358vc.jpg 1200w\" sizes=\"auto, (max-width: 800px) 100vw, 800px\" \/><figcaption id=\"caption-attachment-3385\" class=\"wp-caption-text\">Pokr\u00fdvka (podle n\u00e1vrhu E. Pali\u010dkov\u00e9), bavlna, pr\u016fm\u011br 20 cm, 2020<\/figcaption><\/figure>\n<p>&nbsp;<\/p>\n","protected":false},"excerpt":{"rendered":"<p>Milena Malinov\u00e1 (polo\u017eka interaktivn\u00ed mapy s v\u00edcero reprodukcemi) Podrobn\u011bj\u0161\u00ed text je pr\u00e1v\u011b v p\u0159\u00edprav\u011b. &nbsp;<\/p>\n","protected":false},"author":1,"featured_media":0,"parent":0,"menu_order":0,"comment_status":"closed","ping_status":"closed","template":"","meta":{"footnotes":""},"class_list":["post-3483","page","type-page","status-publish","hentry"],"_links":{"self":[{"href":"https:\/\/www.vlaknapameti.cz\/index.php?rest_route=\/wp\/v2\/pages\/3483","targetHints":{"allow":["GET"]}}],"collection":[{"href":"https:\/\/www.vlaknapameti.cz\/index.php?rest_route=\/wp\/v2\/pages"}],"about":[{"href":"https:\/\/www.vlaknapameti.cz\/index.php?rest_route=\/wp\/v2\/types\/page"}],"author":[{"embeddable":true,"href":"https:\/\/www.vlaknapameti.cz\/index.php?rest_route=\/wp\/v2\/users\/1"}],"replies":[{"embeddable":true,"href":"https:\/\/www.vlaknapameti.cz\/index.php?rest_route=%2Fwp%2Fv2%2Fcomments&post=3483"}],"version-history":[{"count":1,"href":"https:\/\/www.vlaknapameti.cz\/index.php?rest_route=\/wp\/v2\/pages\/3483\/revisions"}],"predecessor-version":[{"id":3484,"href":"https:\/\/www.vlaknapameti.cz\/index.php?rest_route=\/wp\/v2\/pages\/3483\/revisions\/3484"}],"wp:attachment":[{"href":"https:\/\/www.vlaknapameti.cz\/index.php?rest_route=%2Fwp%2Fv2%2Fmedia&parent=3483"}],"curies":[{"name":"wp","href":"https:\/\/api.w.org\/{rel}","templated":true}]}}