{"id":3481,"date":"2025-12-11T09:41:46","date_gmt":"2025-12-11T09:41:46","guid":{"rendered":"https:\/\/www.vlaknapameti.cz\/?page_id=3481"},"modified":"2025-12-11T09:46:44","modified_gmt":"2025-12-11T09:46:44","slug":"im-lenka-malatova","status":"publish","type":"page","link":"https:\/\/www.vlaknapameti.cz\/?page_id=3481","title":{"rendered":"IM: Lenka Mal\u00e1tov\u00e1"},"content":{"rendered":"<h2>Lenka Mal\u00e1tov\u00e1<\/h2>\n<p><em>(polo\u017eka interaktivn\u00ed mapy s v\u00edcero reprodukcemi)<\/em><\/p>\n<p>Podrobn\u011bj\u0161\u00ed text je pr\u00e1v\u011b v p\u0159\u00edprav\u011b.<br \/>\n<figure id=\"attachment_3379\" aria-describedby=\"caption-attachment-3379\" style=\"width: 800px\" class=\"wp-caption alignnone\"><img loading=\"lazy\" decoding=\"async\" class=\"size-large wp-image-3379\" src=\"https:\/\/www.vlaknapameti.cz\/wp-content\/uploads\/1357v-1024x981.jpg\" alt=\"Variace na patchwork, bavlna a metalick\u00e1 p\u0159\u00edze, pali\u010dkovan\u00e1 krajka, 2010\" width=\"800\" height=\"766\" srcset=\"https:\/\/www.vlaknapameti.cz\/wp-content\/uploads\/1357v-1024x981.jpg 1024w, https:\/\/www.vlaknapameti.cz\/wp-content\/uploads\/1357v-300x288.jpg 300w, https:\/\/www.vlaknapameti.cz\/wp-content\/uploads\/1357v-768x736.jpg 768w, https:\/\/www.vlaknapameti.cz\/wp-content\/uploads\/1357v.jpg 1200w\" sizes=\"auto, (max-width: 800px) 100vw, 800px\" \/><figcaption id=\"caption-attachment-3379\" class=\"wp-caption-text\">Variace na patchwork, bavlna a metalick\u00e1 p\u0159\u00edze, pali\u010dkovan\u00e1 krajka, 2010<\/figcaption><\/figure><br \/>\n<figure id=\"attachment_3380\" aria-describedby=\"caption-attachment-3380\" style=\"width: 800px\" class=\"wp-caption alignnone\"><img loading=\"lazy\" decoding=\"async\" class=\"size-large wp-image-3380\" src=\"https:\/\/www.vlaknapameti.cz\/wp-content\/uploads\/1357va-1024x719.jpg\" alt=\"Hra \u010dtverc\u016f, bavlna, pali\u010dkovan\u00e1 krajka, 2011\" width=\"800\" height=\"562\" srcset=\"https:\/\/www.vlaknapameti.cz\/wp-content\/uploads\/1357va-1024x719.jpg 1024w, https:\/\/www.vlaknapameti.cz\/wp-content\/uploads\/1357va-300x211.jpg 300w, https:\/\/www.vlaknapameti.cz\/wp-content\/uploads\/1357va-768x540.jpg 768w, https:\/\/www.vlaknapameti.cz\/wp-content\/uploads\/1357va.jpg 1200w\" sizes=\"auto, (max-width: 800px) 100vw, 800px\" \/><figcaption id=\"caption-attachment-3380\" class=\"wp-caption-text\">Hra \u010dtverc\u016f, bavlna, pali\u010dkovan\u00e1 krajka, 2011<\/figcaption><\/figure><br \/>\n<figure id=\"attachment_3381\" aria-describedby=\"caption-attachment-3381\" style=\"width: 800px\" class=\"wp-caption alignnone\"><img loading=\"lazy\" decoding=\"async\" class=\"size-large wp-image-3381\" src=\"https:\/\/www.vlaknapameti.cz\/wp-content\/uploads\/1357vb-1024x957.jpg\" alt=\"Prol\u00edn\u00e1n\u00ed, bavlna, pali\u010dkovan\u00e1 krajka, 2012\" width=\"800\" height=\"748\" srcset=\"https:\/\/www.vlaknapameti.cz\/wp-content\/uploads\/1357vb-1024x957.jpg 1024w, https:\/\/www.vlaknapameti.cz\/wp-content\/uploads\/1357vb-300x280.jpg 300w, https:\/\/www.vlaknapameti.cz\/wp-content\/uploads\/1357vb-768x717.jpg 768w, https:\/\/www.vlaknapameti.cz\/wp-content\/uploads\/1357vb.jpg 1200w\" sizes=\"auto, (max-width: 800px) 100vw, 800px\" \/><figcaption id=\"caption-attachment-3381\" class=\"wp-caption-text\">Prol\u00edn\u00e1n\u00ed, bavlna, pali\u010dkovan\u00e1 krajka, 2012<\/figcaption><\/figure><\/p>\n","protected":false},"excerpt":{"rendered":"<p>Lenka Mal\u00e1tov\u00e1 (polo\u017eka interaktivn\u00ed mapy s v\u00edcero reprodukcemi) Podrobn\u011bj\u0161\u00ed text je pr\u00e1v\u011b v p\u0159\u00edprav\u011b.<\/p>\n","protected":false},"author":1,"featured_media":0,"parent":0,"menu_order":0,"comment_status":"closed","ping_status":"closed","template":"","meta":{"footnotes":""},"class_list":["post-3481","page","type-page","status-publish","hentry"],"_links":{"self":[{"href":"https:\/\/www.vlaknapameti.cz\/index.php?rest_route=\/wp\/v2\/pages\/3481","targetHints":{"allow":["GET"]}}],"collection":[{"href":"https:\/\/www.vlaknapameti.cz\/index.php?rest_route=\/wp\/v2\/pages"}],"about":[{"href":"https:\/\/www.vlaknapameti.cz\/index.php?rest_route=\/wp\/v2\/types\/page"}],"author":[{"embeddable":true,"href":"https:\/\/www.vlaknapameti.cz\/index.php?rest_route=\/wp\/v2\/users\/1"}],"replies":[{"embeddable":true,"href":"https:\/\/www.vlaknapameti.cz\/index.php?rest_route=%2Fwp%2Fv2%2Fcomments&post=3481"}],"version-history":[{"count":2,"href":"https:\/\/www.vlaknapameti.cz\/index.php?rest_route=\/wp\/v2\/pages\/3481\/revisions"}],"predecessor-version":[{"id":3485,"href":"https:\/\/www.vlaknapameti.cz\/index.php?rest_route=\/wp\/v2\/pages\/3481\/revisions\/3485"}],"wp:attachment":[{"href":"https:\/\/www.vlaknapameti.cz\/index.php?rest_route=%2Fwp%2Fv2%2Fmedia&parent=3481"}],"curies":[{"name":"wp","href":"https:\/\/api.w.org\/{rel}","templated":true}]}}