{"id":3477,"date":"2025-12-11T09:35:24","date_gmt":"2025-12-11T09:35:24","guid":{"rendered":"https:\/\/www.vlaknapameti.cz\/?page_id=3477"},"modified":"2025-12-11T09:36:03","modified_gmt":"2025-12-11T09:36:03","slug":"im-marcela-hovadova","status":"publish","type":"page","link":"https:\/\/www.vlaknapameti.cz\/?page_id=3477","title":{"rendered":"IM: Marcela Hovadov\u00e1"},"content":{"rendered":"<h2>Marcela Hovadov\u00e1<\/h2>\n<p><em>(polo\u017eka interaktivn\u00ed mapy s v\u00edcero reprodukcemi)<\/em><\/p>\n<p>Rozs\u00e1hlej\u0161\u00ed doprovodn\u00fd text je moment\u00e1ln\u011b v p\u0159\u00edprav\u011b.<\/p>\n<figure id=\"attachment_3376\" aria-describedby=\"caption-attachment-3376\" style=\"width: 800px\" class=\"wp-caption alignnone\"><img loading=\"lazy\" decoding=\"async\" class=\"size-large wp-image-3376\" src=\"https:\/\/www.vlaknapameti.cz\/wp-content\/uploads\/1355vd-1024x768.jpg\" alt=\"Miska z ru\u010dn\u00edho pap\u00edru s aplikovanou krajkou, ru\u010dn\u00ed pap\u00edr, ln\u011bn\u00e1 p\u0159\u00edze, m\u011bd\u011bn\u00fd dr\u00e1t, pr\u016fm\u011br misky 22 cm, hloubka 9 cm, pali\u010dkovan\u00e1 krajka, 2024\" width=\"800\" height=\"600\" srcset=\"https:\/\/www.vlaknapameti.cz\/wp-content\/uploads\/1355vd-1024x768.jpg 1024w, https:\/\/www.vlaknapameti.cz\/wp-content\/uploads\/1355vd-300x225.jpg 300w, https:\/\/www.vlaknapameti.cz\/wp-content\/uploads\/1355vd-768x576.jpg 768w, https:\/\/www.vlaknapameti.cz\/wp-content\/uploads\/1355vd.jpg 1200w\" sizes=\"auto, (max-width: 800px) 100vw, 800px\" \/><figcaption id=\"caption-attachment-3376\" class=\"wp-caption-text\">Miska z ru\u010dn\u00edho pap\u00edru s aplikovanou krajkou, ru\u010dn\u00ed pap\u00edr, ln\u011bn\u00e1 p\u0159\u00edze, m\u011bd\u011bn\u00fd dr\u00e1t, pr\u016fm\u011br misky 22 cm, hloubka 9 cm, pali\u010dkovan\u00e1 krajka, 2024<\/figcaption><\/figure>\n<p><img loading=\"lazy\" decoding=\"async\" class=\" wp-image-3375 alignnone\" src=\"https:\/\/www.vlaknapameti.cz\/wp-content\/uploads\/1355vc-768x1024.jpg\" alt=\"Krajkov\u00fd \u0161perk se sklem, barevn\u00e9 sklo, post\u0159\u00edb\u0159en\u00fd dr\u00e1t, p\u0159\u00edze Rexona, pr\u016fm\u011br cca 8-9 cm, pali\u010dkovan\u00e1 krajka, 2022\" width=\"797\" height=\"1063\" srcset=\"https:\/\/www.vlaknapameti.cz\/wp-content\/uploads\/1355vc-768x1024.jpg 768w, https:\/\/www.vlaknapameti.cz\/wp-content\/uploads\/1355vc-225x300.jpg 225w, https:\/\/www.vlaknapameti.cz\/wp-content\/uploads\/1355vc-1152x1536.jpg 1152w, https:\/\/www.vlaknapameti.cz\/wp-content\/uploads\/1355vc.jpg 1200w\" sizes=\"auto, (max-width: 797px) 100vw, 797px\" \/><\/p>\n<figure id=\"attachment_3374\" aria-describedby=\"caption-attachment-3374\" style=\"width: 800px\" class=\"wp-caption alignnone\"><img loading=\"lazy\" decoding=\"async\" class=\"size-large wp-image-3374\" src=\"https:\/\/www.vlaknapameti.cz\/wp-content\/uploads\/1355vb-1024x768.jpg\" alt=\"\u010cern\u00fd klobouk (r\u016fzn\u00e9 variace pou\u017eit\u00ed), metaloplastick\u00e1 nit, pr\u016fm\u011br 40 cm, pali\u010dkovan\u00e1 krajka, 2021\" width=\"800\" height=\"600\" srcset=\"https:\/\/www.vlaknapameti.cz\/wp-content\/uploads\/1355vb-1024x768.jpg 1024w, https:\/\/www.vlaknapameti.cz\/wp-content\/uploads\/1355vb-300x225.jpg 300w, https:\/\/www.vlaknapameti.cz\/wp-content\/uploads\/1355vb-768x576.jpg 768w, https:\/\/www.vlaknapameti.cz\/wp-content\/uploads\/1355vb.jpg 1200w\" sizes=\"auto, (max-width: 800px) 100vw, 800px\" \/><figcaption id=\"caption-attachment-3374\" class=\"wp-caption-text\">\u010cern\u00fd klobouk (r\u016fzn\u00e9 variace pou\u017eit\u00ed), metaloplastick\u00e1 nit, pr\u016fm\u011br 40 cm, pali\u010dkovan\u00e1 krajka, 2021<\/figcaption><\/figure>\n<figure id=\"attachment_3373\" aria-describedby=\"caption-attachment-3373\" style=\"width: 800px\" class=\"wp-caption alignnone\"><img loading=\"lazy\" decoding=\"async\" class=\"size-large wp-image-3373\" src=\"https:\/\/www.vlaknapameti.cz\/wp-content\/uploads\/1355va-1024x768.jpg\" alt=\"&quot;Pod sopkou&quot;, ln\u011bn\u00e1 p\u0159\u00edze, l\u00e1vov\u00fd k\u00e1men, d\u0159evo, 32\u00d740 cm, pali\u010dkovan\u00e1 krajka, 2019\" width=\"800\" height=\"600\" srcset=\"https:\/\/www.vlaknapameti.cz\/wp-content\/uploads\/1355va-1024x768.jpg 1024w, https:\/\/www.vlaknapameti.cz\/wp-content\/uploads\/1355va-300x225.jpg 300w, https:\/\/www.vlaknapameti.cz\/wp-content\/uploads\/1355va-768x576.jpg 768w, https:\/\/www.vlaknapameti.cz\/wp-content\/uploads\/1355va.jpg 1200w\" sizes=\"auto, (max-width: 800px) 100vw, 800px\" \/><figcaption id=\"caption-attachment-3373\" class=\"wp-caption-text\">&#8220;Pod sopkou&#8221;, ln\u011bn\u00e1 p\u0159\u00edze, l\u00e1vov\u00fd k\u00e1men, d\u0159evo, 32\u00d740 cm, pali\u010dkovan\u00e1 krajka, 2019<\/figcaption><\/figure>\n<figure id=\"attachment_3372\" aria-describedby=\"caption-attachment-3372\" style=\"width: 800px\" class=\"wp-caption alignnone\"><img loading=\"lazy\" decoding=\"async\" class=\" wp-image-3372\" src=\"https:\/\/www.vlaknapameti.cz\/wp-content\/uploads\/1355v-768x1024.jpg\" alt=\"L\u00edmec &quot;Zimn\u00ed krajina&quot;, ln\u011bn\u00e1 p\u0159\u00edze, perli\u010dky, pali\u010dkovan\u00e1 krajka, 55\u00d790 cm, 2000\" width=\"800\" height=\"1067\" srcset=\"https:\/\/www.vlaknapameti.cz\/wp-content\/uploads\/1355v-768x1024.jpg 768w, https:\/\/www.vlaknapameti.cz\/wp-content\/uploads\/1355v-225x300.jpg 225w, https:\/\/www.vlaknapameti.cz\/wp-content\/uploads\/1355v-1152x1536.jpg 1152w, https:\/\/www.vlaknapameti.cz\/wp-content\/uploads\/1355v.jpg 1200w\" sizes=\"auto, (max-width: 800px) 100vw, 800px\" \/><figcaption id=\"caption-attachment-3372\" class=\"wp-caption-text\">L\u00edmec &#8220;Zimn\u00ed krajina&#8221;, ln\u011bn\u00e1 p\u0159\u00edze, perli\u010dky, pali\u010dkovan\u00e1 krajka, 55\u00d790 cm, 2000<\/figcaption><\/figure>\n","protected":false},"excerpt":{"rendered":"<p>Marcela Hovadov\u00e1 (polo\u017eka interaktivn\u00ed mapy s v\u00edcero reprodukcemi) Rozs\u00e1hlej\u0161\u00ed doprovodn\u00fd text je moment\u00e1ln\u011b v p\u0159\u00edprav\u011b.<\/p>\n","protected":false},"author":1,"featured_media":0,"parent":0,"menu_order":0,"comment_status":"closed","ping_status":"closed","template":"","meta":{"footnotes":""},"class_list":["post-3477","page","type-page","status-publish","hentry"],"_links":{"self":[{"href":"https:\/\/www.vlaknapameti.cz\/index.php?rest_route=\/wp\/v2\/pages\/3477","targetHints":{"allow":["GET"]}}],"collection":[{"href":"https:\/\/www.vlaknapameti.cz\/index.php?rest_route=\/wp\/v2\/pages"}],"about":[{"href":"https:\/\/www.vlaknapameti.cz\/index.php?rest_route=\/wp\/v2\/types\/page"}],"author":[{"embeddable":true,"href":"https:\/\/www.vlaknapameti.cz\/index.php?rest_route=\/wp\/v2\/users\/1"}],"replies":[{"embeddable":true,"href":"https:\/\/www.vlaknapameti.cz\/index.php?rest_route=%2Fwp%2Fv2%2Fcomments&post=3477"}],"version-history":[{"count":1,"href":"https:\/\/www.vlaknapameti.cz\/index.php?rest_route=\/wp\/v2\/pages\/3477\/revisions"}],"predecessor-version":[{"id":3478,"href":"https:\/\/www.vlaknapameti.cz\/index.php?rest_route=\/wp\/v2\/pages\/3477\/revisions\/3478"}],"wp:attachment":[{"href":"https:\/\/www.vlaknapameti.cz\/index.php?rest_route=%2Fwp%2Fv2%2Fmedia&parent=3477"}],"curies":[{"name":"wp","href":"https:\/\/api.w.org\/{rel}","templated":true}]}}