{"id":3474,"date":"2025-12-11T09:29:48","date_gmt":"2025-12-11T09:29:48","guid":{"rendered":"https:\/\/www.vlaknapameti.cz\/?page_id=3474"},"modified":"2025-12-11T09:30:43","modified_gmt":"2025-12-11T09:30:43","slug":"im-vera-prasilova","status":"publish","type":"page","link":"https:\/\/www.vlaknapameti.cz\/?page_id=3474","title":{"rendered":"IM: V\u011bra Pr\u00e1\u0161ilov\u00e1"},"content":{"rendered":"<h2><strong>V\u011bra Pr\u00e1\u0161ilov\u00e1<\/strong><\/h2>\n<p><em>(polo\u017eka interaktivn\u00ed mapy s v\u00edcero reprodukcemi)<\/em><\/p>\n<p>Rozs\u00e1hlej\u0161\u00ed doprovodn\u00fd text je moment\u00e1ln\u011b v p\u0159\u00edprav\u011b.<\/p>\n<figure id=\"attachment_3367\" aria-describedby=\"caption-attachment-3367\" style=\"width: 800px\" class=\"wp-caption alignnone\"><img loading=\"lazy\" decoding=\"async\" class=\"size-large wp-image-3367\" src=\"https:\/\/www.vlaknapameti.cz\/wp-content\/uploads\/1354v-869x1024.jpg\" alt=\"V\u011bra Pr\u00e1\u0161ilov\u00e1, 2017\" width=\"800\" height=\"943\" srcset=\"https:\/\/www.vlaknapameti.cz\/wp-content\/uploads\/1354v-869x1024.jpg 869w, https:\/\/www.vlaknapameti.cz\/wp-content\/uploads\/1354v-255x300.jpg 255w, https:\/\/www.vlaknapameti.cz\/wp-content\/uploads\/1354v-768x905.jpg 768w, https:\/\/www.vlaknapameti.cz\/wp-content\/uploads\/1354v.jpg 1200w\" sizes=\"auto, (max-width: 800px) 100vw, 800px\" \/><figcaption id=\"caption-attachment-3367\" class=\"wp-caption-text\">V\u011bra Pr\u00e1\u0161ilov\u00e1, 2017<\/figcaption><\/figure>\n<figure id=\"attachment_3368\" aria-describedby=\"caption-attachment-3368\" style=\"width: 800px\" class=\"wp-caption alignnone\"><img loading=\"lazy\" decoding=\"async\" class=\" wp-image-3368\" src=\"https:\/\/www.vlaknapameti.cz\/wp-content\/uploads\/1354va-683x1024.jpg\" alt=\"Halena s pali\u010dkovanou krajkou, len, 2016\" width=\"800\" height=\"1199\" srcset=\"https:\/\/www.vlaknapameti.cz\/wp-content\/uploads\/1354va-683x1024.jpg 683w, https:\/\/www.vlaknapameti.cz\/wp-content\/uploads\/1354va-200x300.jpg 200w, https:\/\/www.vlaknapameti.cz\/wp-content\/uploads\/1354va-768x1152.jpg 768w, https:\/\/www.vlaknapameti.cz\/wp-content\/uploads\/1354va-1024x1536.jpg 1024w, https:\/\/www.vlaknapameti.cz\/wp-content\/uploads\/1354va.jpg 1200w\" sizes=\"auto, (max-width: 800px) 100vw, 800px\" \/><figcaption id=\"caption-attachment-3368\" class=\"wp-caption-text\">Halena s pali\u010dkovanou krajkou, len, 2016<\/figcaption><\/figure>\n<figure id=\"attachment_3369\" aria-describedby=\"caption-attachment-3369\" style=\"width: 800px\" class=\"wp-caption alignnone\"><img loading=\"lazy\" decoding=\"async\" class=\" wp-image-3369\" src=\"https:\/\/www.vlaknapameti.cz\/wp-content\/uploads\/1354vb-768x1024.jpg\" alt=\"Halena (s ram\u00ednkem) s pali\u010dkovanou krajkou, len 2017\" width=\"800\" height=\"1067\" srcset=\"https:\/\/www.vlaknapameti.cz\/wp-content\/uploads\/1354vb-768x1024.jpg 768w, https:\/\/www.vlaknapameti.cz\/wp-content\/uploads\/1354vb-225x300.jpg 225w, https:\/\/www.vlaknapameti.cz\/wp-content\/uploads\/1354vb-1152x1536.jpg 1152w, https:\/\/www.vlaknapameti.cz\/wp-content\/uploads\/1354vb.jpg 1200w\" sizes=\"auto, (max-width: 800px) 100vw, 800px\" \/><figcaption id=\"caption-attachment-3369\" class=\"wp-caption-text\">Halena (s ram\u00ednkem) s pali\u010dkovanou krajkou, len 2017<\/figcaption><\/figure>\n<figure id=\"attachment_3370\" aria-describedby=\"caption-attachment-3370\" style=\"width: 800px\" class=\"wp-caption alignnone\"><img loading=\"lazy\" decoding=\"async\" class=\" wp-image-3370\" src=\"https:\/\/www.vlaknapameti.cz\/wp-content\/uploads\/1354vc-711x1024.jpg\" alt=\"Halena (s asymetrick\u00fdm ukon\u010den\u00edm), len 2018\" width=\"800\" height=\"1152\" srcset=\"https:\/\/www.vlaknapameti.cz\/wp-content\/uploads\/1354vc-711x1024.jpg 711w, https:\/\/www.vlaknapameti.cz\/wp-content\/uploads\/1354vc-208x300.jpg 208w, https:\/\/www.vlaknapameti.cz\/wp-content\/uploads\/1354vc-768x1107.jpg 768w, https:\/\/www.vlaknapameti.cz\/wp-content\/uploads\/1354vc-1066x1536.jpg 1066w, https:\/\/www.vlaknapameti.cz\/wp-content\/uploads\/1354vc.jpg 1200w\" sizes=\"auto, (max-width: 800px) 100vw, 800px\" \/><figcaption id=\"caption-attachment-3370\" class=\"wp-caption-text\">Halena (s asymetrick\u00fdm ukon\u010den\u00edm), len 2018<\/figcaption><\/figure>\n<p>&nbsp;<\/p>\n","protected":false},"excerpt":{"rendered":"<p>V\u011bra Pr\u00e1\u0161ilov\u00e1 (polo\u017eka interaktivn\u00ed mapy s v\u00edcero reprodukcemi) Rozs\u00e1hlej\u0161\u00ed doprovodn\u00fd text je moment\u00e1ln\u011b v p\u0159\u00edprav\u011b. &nbsp;<\/p>\n","protected":false},"author":1,"featured_media":0,"parent":0,"menu_order":0,"comment_status":"closed","ping_status":"closed","template":"","meta":{"footnotes":""},"class_list":["post-3474","page","type-page","status-publish","hentry"],"_links":{"self":[{"href":"https:\/\/www.vlaknapameti.cz\/index.php?rest_route=\/wp\/v2\/pages\/3474","targetHints":{"allow":["GET"]}}],"collection":[{"href":"https:\/\/www.vlaknapameti.cz\/index.php?rest_route=\/wp\/v2\/pages"}],"about":[{"href":"https:\/\/www.vlaknapameti.cz\/index.php?rest_route=\/wp\/v2\/types\/page"}],"author":[{"embeddable":true,"href":"https:\/\/www.vlaknapameti.cz\/index.php?rest_route=\/wp\/v2\/users\/1"}],"replies":[{"embeddable":true,"href":"https:\/\/www.vlaknapameti.cz\/index.php?rest_route=%2Fwp%2Fv2%2Fcomments&post=3474"}],"version-history":[{"count":2,"href":"https:\/\/www.vlaknapameti.cz\/index.php?rest_route=\/wp\/v2\/pages\/3474\/revisions"}],"predecessor-version":[{"id":3476,"href":"https:\/\/www.vlaknapameti.cz\/index.php?rest_route=\/wp\/v2\/pages\/3474\/revisions\/3476"}],"wp:attachment":[{"href":"https:\/\/www.vlaknapameti.cz\/index.php?rest_route=%2Fwp%2Fv2%2Fmedia&parent=3474"}],"curies":[{"name":"wp","href":"https:\/\/api.w.org\/{rel}","templated":true}]}}