{"id":3271,"date":"2025-11-17T19:25:00","date_gmt":"2025-11-17T19:25:00","guid":{"rendered":"https:\/\/www.vlaknapameti.cz\/?page_id=3271"},"modified":"2025-12-09T15:01:44","modified_gmt":"2025-12-09T15:01:44","slug":"im-lenka-maslova-spetlova","status":"publish","type":"page","link":"https:\/\/www.vlaknapameti.cz\/?page_id=3271","title":{"rendered":"IM: Lenka M\u00e1slov\u00e1 \u0160petlov\u00e1"},"content":{"rendered":"<h2><b>Lenka M\u00e1slov\u00e1 \u0160petlov\u00e1 \u00a0<\/b><\/h2>\n<p><em>(polo\u017eka interaktivn\u00ed mapy s v\u00edcero reprodukcemi)<\/em><\/p>\n<p>Lenka M\u00e1slov\u00e1 \u0160petlov\u00e1 (1979) je textiln\u00ed v\u00fdtvarnice poch\u00e1zej\u00edc\u00ed z Hostinn\u00e9ho v Podkrkono\u0161\u00ed. Sv\u00e9 prvn\u00ed zku\u0161enosti s klasickou pali\u010dkovanou krajkou z\u00edskala b\u011bhem t\u0159\u00edlet\u00e9ho studia na St\u0159edn\u00ed odborn\u00e9 \u0161kole ve Velk\u00e9m Po\u0159\u00ed\u010d\u00ed. Sv\u00e9 vzd\u011bl\u00e1n\u00ed si \u00a0roz\u0161\u00ed\u0159ila na St\u0159edn\u00ed pr\u016fmyslov\u00e9 \u0161kole textiln\u00ed v Brn\u011b, kde studovala obor textiln\u00ed v\u00fdtvarnictv\u00ed se zam\u011b\u0159en\u00edm na krajku a ru\u010dn\u00ed v\u00fd\u0161ivku. Po maturit\u011b se za\u010dala pln\u011b v\u011bnovat nejen tvorb\u011b, ale i navrhov\u00e1n\u00ed krajek. R\u00e1da \u00a0kombinuje krajku s dal\u0161\u00edmi materi\u00e1ly jako d\u0159evo, sklo, nebo kov. Z\u00fa\u010dast\u0148uje se krajk\u00e1\u0159sk\u00fdch slavnost\u00ed ve Vamberku. Od roku 2021 je dr\u017eitelkou region\u00e1ln\u00ed zna\u010dky Krkono\u0161e origin\u00e1ln\u00ed produkt a titulu Mistr tradi\u010dn\u00ed rukod\u011bln\u00e9 v\u00fdroby Kr\u00e1lovehradeck\u00e9ho kraje.<\/p>\n<figure id=\"attachment_3366\" aria-describedby=\"caption-attachment-3366\" style=\"width: 800px\" class=\"wp-caption alignnone\"><img loading=\"lazy\" decoding=\"async\" class=\" wp-image-3366\" src=\"https:\/\/www.vlaknapameti.cz\/wp-content\/uploads\/1353vb-679x1024.jpg\" alt=\"Vodn\u00ed v\u00edla, 20\u00d730 cm, malba akrylem a pali\u010dkovan\u00e1 krajka, polodrahokamy, 2022\" width=\"800\" height=\"1206\" srcset=\"https:\/\/www.vlaknapameti.cz\/wp-content\/uploads\/1353vb-679x1024.jpg 679w, https:\/\/www.vlaknapameti.cz\/wp-content\/uploads\/1353vb-199x300.jpg 199w, https:\/\/www.vlaknapameti.cz\/wp-content\/uploads\/1353vb-768x1158.jpg 768w, https:\/\/www.vlaknapameti.cz\/wp-content\/uploads\/1353vb-1019x1536.jpg 1019w, https:\/\/www.vlaknapameti.cz\/wp-content\/uploads\/1353vb.jpg 1200w\" sizes=\"auto, (max-width: 800px) 100vw, 800px\" \/><figcaption id=\"caption-attachment-3366\" class=\"wp-caption-text\">Vodn\u00ed v\u00edla, 20\u00d730 cm, malba akrylem a pali\u010dkovan\u00e1 krajka, polodrahokamy, 2022<\/figcaption><\/figure>\n<figure id=\"attachment_3365\" aria-describedby=\"caption-attachment-3365\" style=\"width: 800px\" class=\"wp-caption alignnone\"><img loading=\"lazy\" decoding=\"async\" class=\" wp-image-3365\" src=\"https:\/\/www.vlaknapameti.cz\/wp-content\/uploads\/1353va-768x1024.jpg\" alt=\"Ove\u010dka, 9\u00d713,5 cm, pali\u010dkovan\u00e1 krajka a v\u00fd\u0161ivka, 2021\" width=\"800\" height=\"1067\" srcset=\"https:\/\/www.vlaknapameti.cz\/wp-content\/uploads\/1353va-768x1024.jpg 768w, https:\/\/www.vlaknapameti.cz\/wp-content\/uploads\/1353va-225x300.jpg 225w, https:\/\/www.vlaknapameti.cz\/wp-content\/uploads\/1353va-1152x1536.jpg 1152w, https:\/\/www.vlaknapameti.cz\/wp-content\/uploads\/1353va.jpg 1200w\" sizes=\"auto, (max-width: 800px) 100vw, 800px\" \/><figcaption id=\"caption-attachment-3365\" class=\"wp-caption-text\">Ove\u010dka, 9\u00d713,5 cm, pali\u010dkovan\u00e1 krajka a v\u00fd\u0161ivka, 2021<\/figcaption><\/figure>\n<figure id=\"attachment_3364\" aria-describedby=\"caption-attachment-3364\" style=\"width: 800px\" class=\"wp-caption alignnone\"><img loading=\"lazy\" decoding=\"async\" class=\"size-large wp-image-3364\" src=\"https:\/\/www.vlaknapameti.cz\/wp-content\/uploads\/1353v-1005x1024.jpg\" alt=\"Vesm\u00edrn\u00e1, 40\u00d740 cm, malba akrylem a pali\u010dkovan\u00e1 krajka, 2019\" width=\"800\" height=\"815\" srcset=\"https:\/\/www.vlaknapameti.cz\/wp-content\/uploads\/1353v-1005x1024.jpg 1005w, https:\/\/www.vlaknapameti.cz\/wp-content\/uploads\/1353v-294x300.jpg 294w, https:\/\/www.vlaknapameti.cz\/wp-content\/uploads\/1353v-768x783.jpg 768w, https:\/\/www.vlaknapameti.cz\/wp-content\/uploads\/1353v.jpg 1200w\" sizes=\"auto, (max-width: 800px) 100vw, 800px\" \/><figcaption id=\"caption-attachment-3364\" class=\"wp-caption-text\">Vesm\u00edrn\u00e1, 40\u00d740 cm, malba akrylem a pali\u010dkovan\u00e1 krajka, 2019<\/figcaption><\/figure>\n","protected":false},"excerpt":{"rendered":"<p>Lenka M\u00e1slov\u00e1 \u0160petlov\u00e1 \u00a0 (polo\u017eka interaktivn\u00ed mapy s v\u00edcero reprodukcemi) Lenka M\u00e1slov\u00e1 \u0160petlov\u00e1 (1979) je textiln\u00ed v\u00fdtvarnice poch\u00e1zej\u00edc\u00ed z Hostinn\u00e9ho v Podkrkono\u0161\u00ed. Sv\u00e9 prvn\u00ed zku\u0161enosti s klasickou pali\u010dkovanou krajkou z\u00edskala &#8230;<\/p>\n","protected":false},"author":1,"featured_media":0,"parent":0,"menu_order":0,"comment_status":"closed","ping_status":"closed","template":"","meta":{"footnotes":""},"class_list":["post-3271","page","type-page","status-publish","hentry"],"_links":{"self":[{"href":"https:\/\/www.vlaknapameti.cz\/index.php?rest_route=\/wp\/v2\/pages\/3271","targetHints":{"allow":["GET"]}}],"collection":[{"href":"https:\/\/www.vlaknapameti.cz\/index.php?rest_route=\/wp\/v2\/pages"}],"about":[{"href":"https:\/\/www.vlaknapameti.cz\/index.php?rest_route=\/wp\/v2\/types\/page"}],"author":[{"embeddable":true,"href":"https:\/\/www.vlaknapameti.cz\/index.php?rest_route=\/wp\/v2\/users\/1"}],"replies":[{"embeddable":true,"href":"https:\/\/www.vlaknapameti.cz\/index.php?rest_route=%2Fwp%2Fv2%2Fcomments&post=3271"}],"version-history":[{"count":3,"href":"https:\/\/www.vlaknapameti.cz\/index.php?rest_route=\/wp\/v2\/pages\/3271\/revisions"}],"predecessor-version":[{"id":3472,"href":"https:\/\/www.vlaknapameti.cz\/index.php?rest_route=\/wp\/v2\/pages\/3271\/revisions\/3472"}],"wp:attachment":[{"href":"https:\/\/www.vlaknapameti.cz\/index.php?rest_route=%2Fwp%2Fv2%2Fmedia&parent=3271"}],"curies":[{"name":"wp","href":"https:\/\/api.w.org\/{rel}","templated":true}]}}