{"id":3268,"date":"2025-11-17T19:24:02","date_gmt":"2025-11-17T19:24:02","guid":{"rendered":"https:\/\/www.vlaknapameti.cz\/?page_id=3268"},"modified":"2025-12-09T09:38:14","modified_gmt":"2025-12-09T09:38:14","slug":"im-iva-vanzurova","status":"publish","type":"page","link":"https:\/\/www.vlaknapameti.cz\/?page_id=3268","title":{"rendered":"IM: Iva Van\u017eurov\u00e1"},"content":{"rendered":"<h2><b>Iva Van\u017eurov\u00e1<\/b><\/h2>\n<p><em>(polo\u017eka interaktivn\u00ed mapy s v\u00edcero reprodukcemi)<\/em><\/p>\n<p>Iva Van\u017eurov\u00e1\u00a0(1692) se narodila v Brn\u011b. Vystudovala tam st\u0159edn\u00ed a vysokou \u0161kolu zem\u011bd\u011blskou. S pali\u010dkovanou krajkou se setkala poprv\u00e9 ve sv\u00fdch \u010dtrn\u00e1cti letech. Podle tehdy dostupn\u00e9 slovensk\u00e9 kn\u00ed\u017eky o pali\u010dkov\u00e1n\u00ed za\u010dala sama skl\u00e1dat prvn\u00ed vzory. Sv\u00e9 znalosti d\u00e1le rozv\u00edjela v letohradsk\u00e9 pobo\u010dce \u0160kolsk\u00e9ho \u00fastavu um\u011bleck\u00e9 v\u00fdroby Praha, kde v roce 1995 z\u00edskala osv\u011bd\u010den\u00ed. V roce 1996 z\u00edskala v\u00fdu\u010dn\u00ed list v oboru &#8220;Ru\u010dn\u00ed krajk\u00e1\u0159ka&#8221; na textiln\u00ed \u0161kole ve Velk\u00e9m Po\u0159\u00ed\u010d\u00ed. D\u00e1le sv\u00e9 v\u00fdtvarn\u00e9 schopnosti rozv\u00edjela ve v\u00fdtvarn\u011b zam\u011b\u0159en\u00fdch kurzech pod veden\u00edm na\u0161\u00ed p\u0159edn\u00ed krajk\u00e1\u0159ky, akademick\u00e9 mal\u00ed\u0159ky\u00a0Mil\u010di Eremi\u00e1\u0161ov\u00e9. Jej\u00ed tvorba zahrnuje \u0161irokou \u0161k\u00e1lu prac\u00ed, od drobn\u00fdch \u0161perk\u016f a miniatur a\u017e po od\u011bvn\u00ed dopl\u0148ky a rozm\u011brn\u00e9 tapiserie. Krom\u011b pali\u010dkovan\u00e9 krajky se od roku 2001 intenzivn\u011b v\u011bnuje malb\u011b na hedv\u00e1b\u00ed. Uveden\u00e9 techniky ve sv\u00fdch d\u00edlech s oblibou propojuje. Od roku 2005 se v\u011bnuje aktivn\u011b lektorsk\u00e9 \u010dinnosti, v n\u011bkolika \u010desk\u00fdch m\u011bstech vede kurzy pali\u010dkov\u00e1n\u00ed a malby na hedv\u00e1b\u00ed. Sv\u00e9 dovednosti p\u0159ed\u00e1v\u00e1 tak\u00e9 na Slovensku. Od roku 1992 se pravideln\u011b \u00fa\u010dastn\u00ed autorsk\u00fdch i spole\u010dn\u00fdch v\u00fdstav jak v \u010cesk\u00e9 republice, tak i v zahrani\u010d\u00ed. Sv\u00e9 v\u00fdstavy \u010dasto obohacuje m\u00f3dn\u00edmi p\u0159ehl\u00eddkami, kde jsou prezentov\u00e1ny jej\u00ed krajkov\u00e9 a hedv\u00e1bn\u00e9 od\u011bvn\u00ed dopl\u0148ky. V\u00a0sou\u010dasn\u00e9 dob\u011b \u017eije st\u0159\u00eddav\u011b v\u00a0Jev\u00ed\u010dku a na Choce\u0148sku. V\u00a0letech 2022 \u2013 2025 se zapojila do projektu Krajky pro Marii. Upali\u010dkovala rozm\u011brnou reprodukci krajky Marie Sedl\u00e1\u010dkov\u00e9 \u2013 Serbouskov\u00e9.<\/p>\n<figure id=\"attachment_3357\" aria-describedby=\"caption-attachment-3357\" style=\"width: 800px\" class=\"wp-caption alignnone\"><img loading=\"lazy\" decoding=\"async\" class=\"size-large wp-image-3357\" src=\"https:\/\/www.vlaknapameti.cz\/wp-content\/uploads\/1351v-957x1024.jpg\" alt=\"Iva Van\u017eurov\u00e1, 2025\" width=\"800\" height=\"856\" srcset=\"https:\/\/www.vlaknapameti.cz\/wp-content\/uploads\/1351v-957x1024.jpg 957w, https:\/\/www.vlaknapameti.cz\/wp-content\/uploads\/1351v-280x300.jpg 280w, https:\/\/www.vlaknapameti.cz\/wp-content\/uploads\/1351v-768x822.jpg 768w, https:\/\/www.vlaknapameti.cz\/wp-content\/uploads\/1351v.jpg 1200w\" sizes=\"auto, (max-width: 800px) 100vw, 800px\" \/><figcaption id=\"caption-attachment-3357\" class=\"wp-caption-text\">Iva Van\u017eurov\u00e1, 2025<\/figcaption><\/figure>\n<figure id=\"attachment_3358\" aria-describedby=\"caption-attachment-3358\" style=\"width: 800px\" class=\"wp-caption alignnone\"><img loading=\"lazy\" decoding=\"async\" class=\" wp-image-3358\" src=\"https:\/\/www.vlaknapameti.cz\/wp-content\/uploads\/1351va-558x1024.jpg\" alt=\"Zp\u00edv\u00e1nky II, len, pali\u010dkovan\u00e1 krajka, 2020\" width=\"800\" height=\"1468\" srcset=\"https:\/\/www.vlaknapameti.cz\/wp-content\/uploads\/1351va-558x1024.jpg 558w, https:\/\/www.vlaknapameti.cz\/wp-content\/uploads\/1351va-163x300.jpg 163w, https:\/\/www.vlaknapameti.cz\/wp-content\/uploads\/1351va-768x1409.jpg 768w, https:\/\/www.vlaknapameti.cz\/wp-content\/uploads\/1351va-837x1536.jpg 837w, https:\/\/www.vlaknapameti.cz\/wp-content\/uploads\/1351va-1116x2048.jpg 1116w, https:\/\/www.vlaknapameti.cz\/wp-content\/uploads\/1351va.jpg 1200w\" sizes=\"auto, (max-width: 800px) 100vw, 800px\" \/><figcaption id=\"caption-attachment-3358\" class=\"wp-caption-text\">Zp\u00edv\u00e1nky II, len, pali\u010dkovan\u00e1 krajka, 2020<\/figcaption><\/figure>\n<figure id=\"attachment_3359\" aria-describedby=\"caption-attachment-3359\" style=\"width: 800px\" class=\"wp-caption alignnone\"><img loading=\"lazy\" decoding=\"async\" class=\"size-large wp-image-3359\" src=\"https:\/\/www.vlaknapameti.cz\/wp-content\/uploads\/1351vb-1011x1024.jpg\" alt=\"Klobouk, len a vlna, pali\u010dkovan\u00e1 krajka, 2022\" width=\"800\" height=\"810\" srcset=\"https:\/\/www.vlaknapameti.cz\/wp-content\/uploads\/1351vb-1011x1024.jpg 1011w, https:\/\/www.vlaknapameti.cz\/wp-content\/uploads\/1351vb-296x300.jpg 296w, https:\/\/www.vlaknapameti.cz\/wp-content\/uploads\/1351vb-768x778.jpg 768w, https:\/\/www.vlaknapameti.cz\/wp-content\/uploads\/1351vb.jpg 1200w\" sizes=\"auto, (max-width: 800px) 100vw, 800px\" \/><figcaption id=\"caption-attachment-3359\" class=\"wp-caption-text\">Klobouk, len a vlna, pali\u010dkovan\u00e1 krajka, 2022<\/figcaption><\/figure>\n<figure id=\"attachment_3360\" aria-describedby=\"caption-attachment-3360\" style=\"width: 800px\" class=\"wp-caption alignnone\"><img loading=\"lazy\" decoding=\"async\" class=\" wp-image-3360\" src=\"https:\/\/www.vlaknapameti.cz\/wp-content\/uploads\/1351vc-489x1024.jpg\" alt=\"N\u00e1hrdeln\u00edk, len a vlna, pali\u010dkovan\u00e1 krajka, 2022\" width=\"800\" height=\"1675\" srcset=\"https:\/\/www.vlaknapameti.cz\/wp-content\/uploads\/1351vc-489x1024.jpg 489w, https:\/\/www.vlaknapameti.cz\/wp-content\/uploads\/1351vc-143x300.jpg 143w, https:\/\/www.vlaknapameti.cz\/wp-content\/uploads\/1351vc-768x1608.jpg 768w, https:\/\/www.vlaknapameti.cz\/wp-content\/uploads\/1351vc-733x1536.jpg 733w, https:\/\/www.vlaknapameti.cz\/wp-content\/uploads\/1351vc-978x2048.jpg 978w, https:\/\/www.vlaknapameti.cz\/wp-content\/uploads\/1351vc.jpg 1200w\" sizes=\"auto, (max-width: 800px) 100vw, 800px\" \/><figcaption id=\"caption-attachment-3360\" class=\"wp-caption-text\">N\u00e1hrdeln\u00edk, len a vlna, pali\u010dkovan\u00e1 krajka, 2022<\/figcaption><\/figure>\n","protected":false},"excerpt":{"rendered":"<p>Iva Van\u017eurov\u00e1 (polo\u017eka interaktivn\u00ed mapy s v\u00edcero reprodukcemi) Iva Van\u017eurov\u00e1\u00a0(1692) se narodila v Brn\u011b. Vystudovala tam st\u0159edn\u00ed a vysokou \u0161kolu zem\u011bd\u011blskou. S pali\u010dkovanou krajkou se setkala poprv\u00e9 ve sv\u00fdch \u010dtrn\u00e1cti &#8230;<\/p>\n","protected":false},"author":1,"featured_media":0,"parent":0,"menu_order":0,"comment_status":"closed","ping_status":"closed","template":"","meta":{"footnotes":""},"class_list":["post-3268","page","type-page","status-publish","hentry"],"_links":{"self":[{"href":"https:\/\/www.vlaknapameti.cz\/index.php?rest_route=\/wp\/v2\/pages\/3268","targetHints":{"allow":["GET"]}}],"collection":[{"href":"https:\/\/www.vlaknapameti.cz\/index.php?rest_route=\/wp\/v2\/pages"}],"about":[{"href":"https:\/\/www.vlaknapameti.cz\/index.php?rest_route=\/wp\/v2\/types\/page"}],"author":[{"embeddable":true,"href":"https:\/\/www.vlaknapameti.cz\/index.php?rest_route=\/wp\/v2\/users\/1"}],"replies":[{"embeddable":true,"href":"https:\/\/www.vlaknapameti.cz\/index.php?rest_route=%2Fwp%2Fv2%2Fcomments&post=3268"}],"version-history":[{"count":4,"href":"https:\/\/www.vlaknapameti.cz\/index.php?rest_route=\/wp\/v2\/pages\/3268\/revisions"}],"predecessor-version":[{"id":3468,"href":"https:\/\/www.vlaknapameti.cz\/index.php?rest_route=\/wp\/v2\/pages\/3268\/revisions\/3468"}],"wp:attachment":[{"href":"https:\/\/www.vlaknapameti.cz\/index.php?rest_route=%2Fwp%2Fv2%2Fmedia&parent=3268"}],"curies":[{"name":"wp","href":"https:\/\/api.w.org\/{rel}","templated":true}]}}