{"id":3267,"date":"2025-11-17T19:22:57","date_gmt":"2025-11-17T19:22:57","guid":{"rendered":"https:\/\/www.vlaknapameti.cz\/?page_id=3267"},"modified":"2025-12-09T09:32:33","modified_gmt":"2025-12-09T09:32:33","slug":"im-domanjova-ivana","status":"publish","type":"page","link":"https:\/\/www.vlaknapameti.cz\/?page_id=3267","title":{"rendered":"IM: Domanjova Ivana"},"content":{"rendered":"<h2><b>Domanjova Ivana<\/b><\/h2>\n<p><em>(polo\u017eka interaktivn\u00ed mapy s v\u00edcero reprodukcemi)<\/em><\/p>\n<p>Ivana Domanjov\u00e1 (1955) se v\u011bnuje pali\u010dkovan\u00e9 krajce od 14 let. Jej\u00ed talent rozv\u00edjely t\u0159i osobnosti: socha\u0159ka Bla\u017eena Martin\u00edkov\u00e1, kter\u00e1 ji nau\u010dila pr\u00e1ci s materi\u00e1lem, jej\u00ed maminka, kter\u00e1 ji sezn\u00e1mila s krajk\u00e1\u0159kou Ivou Pro\u0161kovou, a Iva Pro\u0161kov\u00e1 samotn\u00e1, je\u017e ji zasv\u011btila do taj\u016f pali\u010dkov\u00e1n\u00ed. A\u010dkoli studovala um\u011bleckopr\u016fmyslovou \u0161kolu \u2013 obor tvorba hra\u010dek, profesn\u011b se tomuto oboru nikdy nev\u011bnovala. M\u00edsto toho pracovala po maturit\u011b patn\u00e1ct let v \u00dast\u0159ed\u00ed lidov\u00e9 um\u011bleck\u00e9 v\u00fdroby v Praze jako krajk\u00e1\u0159ka. V tomto obdob\u00ed z\u00edskala cenn\u00e9 zku\u0161enosti a zdokonalila sv\u00e9 \u0159emesln\u00e9 dovednosti, za co\u017e j\u00ed byl ud\u011blen titul &#8220;Mistr lidov\u00e9 um\u011bleck\u00e9 v\u00fdroby\u201c. V sou\u010dasn\u00e9 dob\u011b p\u016fsob\u00ed jako lektorka kurz\u016f pali\u010dkov\u00e1n\u00ed po cel\u00e9 \u010cesk\u00e9 republice i v zahrani\u010d\u00ed. V r\u00e1mci Vzd\u011bl\u00e1vac\u00edho spolku um\u011bleck\u00fdch \u0159emesel vede kurzy a spole\u010dn\u011b s\u00a0krajk\u00e1\u0159kou Jolanou Davidovi\u010dovou vystavuje pod zna\u010dkou ATELI\u00c9R D + D na krajk\u00e1\u0159sk\u00fdch festivalech a p\u0159i dal\u0161\u00edch p\u0159\u00edle\u017eitostech. V\u00a0roce 2023 vystavovaly v\u00a0Muzeu krajky Vamberk (N\u00e1\u0161 \u017eivot s\u00a0krajkou), v\u00a0roce 2025 v\u00a0M\u011bstsk\u00e9 knihovn\u011b ve Vamberku (Barevn\u00fd krajkov\u00fd \u017eivot Ivany Domanjov\u00e9 a Jolany Davidovi\u010dov\u00e9). Jej\u00ed tvorba je zn\u00e1m\u00e1 pro inovativn\u00ed pou\u017e\u00edv\u00e1n\u00ed netradi\u010dn\u00edch materi\u00e1l\u016f, zejm\u00e9na l\u00fdka a visk\u00f3zov\u00e9 rafie, ze kter\u00fdch vytv\u00e1\u0159\u00ed klobouky, fascin\u00e1tory a jin\u00e9 dopl\u0148ky. Krom\u011b autorsk\u00e9 tvorby a lektorsk\u00e9 \u010dinnosti vyd\u00e1v\u00e1 od roku 2016 \u010dasopis Pali\u010dkov\u00e1n\u00ed.\u00a0 Je autorkou n\u011bkolika publikac\u00ed o pali\u010dkov\u00e1n\u00ed, nap\u0159. Pali\u010dkov\u00e1n\u00ed I \u2013 III (2010-2013). Jej\u00ed \u017eivotn\u00ed motto shrnuje jej\u00ed celo\u017eivotn\u00ed posl\u00e1n\u00ed: uk\u00e1zat, \u017ee pali\u010dkovan\u00e1 krajka m\u00e1 m\u00edsto v modern\u00edm um\u011bn\u00ed a designu.<\/p>\n<figure id=\"attachment_3353\" aria-describedby=\"caption-attachment-3353\" style=\"width: 800px\" class=\"wp-caption alignnone\"><img loading=\"lazy\" decoding=\"async\" class=\" wp-image-3353\" src=\"https:\/\/www.vlaknapameti.cz\/wp-content\/uploads\/1350v-771x1024.jpg\" alt=\"Ivana Domanjov\u00e1, 2023\" width=\"800\" height=\"1063\" srcset=\"https:\/\/www.vlaknapameti.cz\/wp-content\/uploads\/1350v-771x1024.jpg 771w, https:\/\/www.vlaknapameti.cz\/wp-content\/uploads\/1350v-226x300.jpg 226w, https:\/\/www.vlaknapameti.cz\/wp-content\/uploads\/1350v-768x1020.jpg 768w, https:\/\/www.vlaknapameti.cz\/wp-content\/uploads\/1350v-1157x1536.jpg 1157w, https:\/\/www.vlaknapameti.cz\/wp-content\/uploads\/1350v.jpg 1200w\" sizes=\"auto, (max-width: 800px) 100vw, 800px\" \/><figcaption id=\"caption-attachment-3353\" class=\"wp-caption-text\">Ivana Domanjov\u00e1, 2023<\/figcaption><\/figure>\n<figure id=\"attachment_3354\" aria-describedby=\"caption-attachment-3354\" style=\"width: 800px\" class=\"wp-caption alignnone\"><img loading=\"lazy\" decoding=\"async\" class=\"size-large wp-image-3354\" src=\"https:\/\/www.vlaknapameti.cz\/wp-content\/uploads\/1350va-1024x769.jpg\" alt=\"L\u00edmec, bavlna a d\u017e\u00ednovina, pali\u010dkovan\u00e1 krajka, 2021\" width=\"800\" height=\"601\" srcset=\"https:\/\/www.vlaknapameti.cz\/wp-content\/uploads\/1350va-1024x769.jpg 1024w, https:\/\/www.vlaknapameti.cz\/wp-content\/uploads\/1350va-300x225.jpg 300w, https:\/\/www.vlaknapameti.cz\/wp-content\/uploads\/1350va-768x577.jpg 768w, https:\/\/www.vlaknapameti.cz\/wp-content\/uploads\/1350va.jpg 1200w\" sizes=\"auto, (max-width: 800px) 100vw, 800px\" \/><figcaption id=\"caption-attachment-3354\" class=\"wp-caption-text\">L\u00edmec, bavlna a d\u017e\u00ednovina, pali\u010dkovan\u00e1 krajka, 2021<\/figcaption><\/figure>\n<figure id=\"attachment_3355\" aria-describedby=\"caption-attachment-3355\" style=\"width: 800px\" class=\"wp-caption alignnone\"><img loading=\"lazy\" decoding=\"async\" class=\"size-large wp-image-3355\" src=\"https:\/\/www.vlaknapameti.cz\/wp-content\/uploads\/1350vb-1006x1024.jpg\" alt=\"L\u00edmec, bavlna a kovov\u00e1 p\u0159\u00edze, pali\u010dkovan\u00e1 krajka, 2021\" width=\"800\" height=\"814\" srcset=\"https:\/\/www.vlaknapameti.cz\/wp-content\/uploads\/1350vb-1006x1024.jpg 1006w, https:\/\/www.vlaknapameti.cz\/wp-content\/uploads\/1350vb-295x300.jpg 295w, https:\/\/www.vlaknapameti.cz\/wp-content\/uploads\/1350vb-768x781.jpg 768w, https:\/\/www.vlaknapameti.cz\/wp-content\/uploads\/1350vb.jpg 1200w\" sizes=\"auto, (max-width: 800px) 100vw, 800px\" \/><figcaption id=\"caption-attachment-3355\" class=\"wp-caption-text\">L\u00edmec, bavlna a kovov\u00e1 p\u0159\u00edze, pali\u010dkovan\u00e1 krajka, 2021<\/figcaption><\/figure>\n<figure id=\"attachment_3323\" aria-describedby=\"caption-attachment-3323\" style=\"width: 799px\" class=\"wp-caption alignnone\"><img loading=\"lazy\" decoding=\"async\" class=\" wp-image-3323\" src=\"https:\/\/www.vlaknapameti.cz\/wp-content\/uploads\/1350vc.jpg\" alt=\"Klobou\u010dek \u2013 fascin\u00e1tor, vlna, l\u00fdko, tyl, hedv\u00e1b\u00ed a organza, pali\u010dkovan\u00e1 krajka a plst\u011bn\u00ed, 2023\" width=\"799\" height=\"850\" \/><figcaption id=\"caption-attachment-3323\" class=\"wp-caption-text\">Klobou\u010dek \u2013 fascin\u00e1tor, vlna, l\u00fdko, tyl, hedv\u00e1b\u00ed a organza, pali\u010dkovan\u00e1 krajka a plst\u011bn\u00ed, 2023<\/figcaption><\/figure>\n","protected":false},"excerpt":{"rendered":"<p>Domanjova Ivana (polo\u017eka interaktivn\u00ed mapy s v\u00edcero reprodukcemi) Ivana Domanjov\u00e1 (1955) se v\u011bnuje pali\u010dkovan\u00e9 krajce od 14 let. Jej\u00ed talent rozv\u00edjely t\u0159i osobnosti: socha\u0159ka Bla\u017eena Martin\u00edkov\u00e1, kter\u00e1 ji nau\u010dila pr\u00e1ci &#8230;<\/p>\n","protected":false},"author":1,"featured_media":0,"parent":0,"menu_order":0,"comment_status":"closed","ping_status":"closed","template":"","meta":{"footnotes":""},"class_list":["post-3267","page","type-page","status-publish","hentry"],"_links":{"self":[{"href":"https:\/\/www.vlaknapameti.cz\/index.php?rest_route=\/wp\/v2\/pages\/3267","targetHints":{"allow":["GET"]}}],"collection":[{"href":"https:\/\/www.vlaknapameti.cz\/index.php?rest_route=\/wp\/v2\/pages"}],"about":[{"href":"https:\/\/www.vlaknapameti.cz\/index.php?rest_route=\/wp\/v2\/types\/page"}],"author":[{"embeddable":true,"href":"https:\/\/www.vlaknapameti.cz\/index.php?rest_route=\/wp\/v2\/users\/1"}],"replies":[{"embeddable":true,"href":"https:\/\/www.vlaknapameti.cz\/index.php?rest_route=%2Fwp%2Fv2%2Fcomments&post=3267"}],"version-history":[{"count":4,"href":"https:\/\/www.vlaknapameti.cz\/index.php?rest_route=\/wp\/v2\/pages\/3267\/revisions"}],"predecessor-version":[{"id":3464,"href":"https:\/\/www.vlaknapameti.cz\/index.php?rest_route=\/wp\/v2\/pages\/3267\/revisions\/3464"}],"wp:attachment":[{"href":"https:\/\/www.vlaknapameti.cz\/index.php?rest_route=%2Fwp%2Fv2%2Fmedia&parent=3267"}],"curies":[{"name":"wp","href":"https:\/\/api.w.org\/{rel}","templated":true}]}}