{"id":3265,"date":"2025-11-17T19:21:57","date_gmt":"2025-11-17T19:21:57","guid":{"rendered":"https:\/\/www.vlaknapameti.cz\/?page_id=3265"},"modified":"2025-12-09T12:51:08","modified_gmt":"2025-12-09T12:51:08","slug":"im-jolana-davidovicova","status":"publish","type":"page","link":"https:\/\/www.vlaknapameti.cz\/?page_id=3265","title":{"rendered":"IM: Jolana Davidovi\u010dov\u00e1"},"content":{"rendered":"<h2>Jolana Davidovi\u010dov\u00e1<\/h2>\n<p><em>(polo\u017eka interaktivn\u00ed mapy s v\u00edcero reprodukcemi)<\/em><\/p>\n<p>Jolana Davidovi\u010dov\u00e1\u00a0(1965) se v\u011bnovala od d\u011btstv\u00ed mnoha ru\u010dn\u00edm prac\u00edm. Absolvovala \u0160kolsk\u00fd \u00fastav um\u011bleck\u00e9 v\u00fdroby v Praze, kde z\u00edskala aprobaci v oborech pali\u010dkovan\u00e1 a \u0161it\u00e1 krajka, v\u00fd\u0161ivka a tkan\u00ed. Mezi jej\u00ed u\u010ditelky pat\u0159ily krajk\u00e1\u0159ky Mil\u010da Eremi\u00e1\u0161ov\u00e1 Iva Pro\u0161kov\u00e1. Po studiu nastoupila do \u00dast\u0159ed\u00ed lidov\u00e9 um\u011bleck\u00e9 v\u00fdroby, kde pracovala jako dom\u00e1ck\u00e1 a d\u00edlensk\u00e1 krajk\u00e1\u0159ka a pod\u00edlela se na tvorb\u011b interi\u00e9rov\u00fdch a od\u011bvn\u00edch krajek podle n\u00e1vrh\u016f Vlasty Wasserbauerov\u00e9. Z\u00edskala titul \u201ePracovn\u00edk lidov\u00e9 um\u011bleck\u00e9 v\u00fdroby\u201c, vystudovala Od\u011bvn\u00ed pr\u016fmyslovou \u0161kolu. V roce 2002 nav\u00e1zala spolupr\u00e1ci se Vzd\u011bl\u00e1vac\u00edm spolkem um\u011bleck\u00fdch \u0159emesel, kde p\u016fsob\u00ed jako lektorka pali\u010dkovan\u00e9 krajky a dal\u0161\u00edch technik, v\u010detn\u011b t\u00e9m\u011b\u0159 zapomenut\u00e9 \u201eslun\u00ed\u010dkov\u00e9 krajky\u201c neboli tenerify. Kresl\u00ed podvinky pro dal\u0161\u00ed krajk\u00e1\u0159ky. V\u011bnuje se tak\u00e9 vlastn\u00ed autorsk\u00e9 tvorb\u011b, ve kter\u00e9 r\u00e1da experimentuje s netradi\u010dn\u00edmi materi\u00e1ly, nap\u0159\u00edklad s dr\u00e1tem. Jej\u00ed pr\u00e1ce byla ocen\u011bny na mezin\u00e1rodn\u00edch sout\u011b\u017e\u00edch, kde z\u00edskala n\u011bkolik prvn\u00edch m\u00edst, z\u00fa\u010dast\u0148uje se v\u00fdstav, pod\u00edl\u00ed se na p\u0159\u00edprav\u011b m\u00f3dn\u00edch p\u0159ehl\u00eddek, vede kurzy v \u010cesk\u00e9 republice i v zahrani\u010d\u00ed, a to v\u010detn\u011b N\u011bmecka a Polska. Spolupracuje s\u00a0krajk\u00e1\u0159kou Ivanou Domanjovou. V\u00a0roce 2023 s\u00a0n\u00ed vystavovala v\u00a0Muzeu krajky Vamberk (N\u00e1\u0161 \u017eivot s\u00a0krajkou), v\u00a0roce 2025 v\u00a0M\u011bstsk\u00e9 knihovn\u011b ve Vamberku (Barevn\u00fd krajkov\u00fd \u017eivot Ivany Domanjov\u00e9 a Jolany Davidovi\u010dov\u00e9).<\/p>\n<p><figure id=\"attachment_3361\" aria-describedby=\"caption-attachment-3361\" style=\"width: 768px\" class=\"wp-caption alignnone\"><img loading=\"lazy\" decoding=\"async\" class=\"size-large wp-image-3361\" src=\"https:\/\/www.vlaknapameti.cz\/wp-content\/uploads\/1352v-768x1024.jpg\" alt=\"Jolana Davidovi\u010dov\u00e1, 2023\" width=\"768\" height=\"1024\" srcset=\"https:\/\/www.vlaknapameti.cz\/wp-content\/uploads\/1352v-768x1024.jpg 768w, https:\/\/www.vlaknapameti.cz\/wp-content\/uploads\/1352v-225x300.jpg 225w, https:\/\/www.vlaknapameti.cz\/wp-content\/uploads\/1352v-1152x1536.jpg 1152w, https:\/\/www.vlaknapameti.cz\/wp-content\/uploads\/1352v.jpg 1200w\" sizes=\"auto, (max-width: 768px) 100vw, 768px\" \/><figcaption id=\"caption-attachment-3361\" class=\"wp-caption-text\">Jolana Davidovi\u010dov\u00e1, 2023<\/figcaption><\/figure><br \/>\n<figure id=\"attachment_3362\" aria-describedby=\"caption-attachment-3362\" style=\"width: 768px\" class=\"wp-caption alignnone\"><img loading=\"lazy\" decoding=\"async\" class=\" wp-image-3362\" src=\"https:\/\/www.vlaknapameti.cz\/wp-content\/uploads\/1352va-610x1024.jpg\" alt=\"Rozkvetl\u00fd plot r\u016f\u017eov\u00fd, dr\u00e1t a pl\u00e1tno, 40\u00d760 cm, pali\u010dkovan\u00e1 krajka, 2019\" width=\"768\" height=\"1289\" srcset=\"https:\/\/www.vlaknapameti.cz\/wp-content\/uploads\/1352va-610x1024.jpg 610w, https:\/\/www.vlaknapameti.cz\/wp-content\/uploads\/1352va-179x300.jpg 179w, https:\/\/www.vlaknapameti.cz\/wp-content\/uploads\/1352va-768x1288.jpg 768w, https:\/\/www.vlaknapameti.cz\/wp-content\/uploads\/1352va-916x1536.jpg 916w, https:\/\/www.vlaknapameti.cz\/wp-content\/uploads\/1352va.jpg 1200w\" sizes=\"auto, (max-width: 768px) 100vw, 768px\" \/><figcaption id=\"caption-attachment-3362\" class=\"wp-caption-text\">Rozkvetl\u00fd plot r\u016f\u017eov\u00fd, dr\u00e1t a pl\u00e1tno, 40\u00d760 cm, pali\u010dkovan\u00e1 krajka, 2019<\/figcaption><\/figure><br \/>\n<figure id=\"attachment_3363\" aria-describedby=\"caption-attachment-3363\" style=\"width: 765px\" class=\"wp-caption alignnone\"><img loading=\"lazy\" decoding=\"async\" class=\" wp-image-3363\" src=\"https:\/\/www.vlaknapameti.cz\/wp-content\/uploads\/1352vb-607x1024.jpg\" alt=\"Rozkvetl\u00fd plot fialov\u00fd, dr\u00e1t a pl\u00e1tno, 40\u00d760 cm, pali\u010dkovan\u00e1 krajka, 2019\" width=\"765\" height=\"1291\" srcset=\"https:\/\/www.vlaknapameti.cz\/wp-content\/uploads\/1352vb-607x1024.jpg 607w, https:\/\/www.vlaknapameti.cz\/wp-content\/uploads\/1352vb-178x300.jpg 178w, https:\/\/www.vlaknapameti.cz\/wp-content\/uploads\/1352vb-768x1295.jpg 768w, https:\/\/www.vlaknapameti.cz\/wp-content\/uploads\/1352vb-911x1536.jpg 911w, https:\/\/www.vlaknapameti.cz\/wp-content\/uploads\/1352vb.jpg 1200w\" sizes=\"auto, (max-width: 765px) 100vw, 765px\" \/><figcaption id=\"caption-attachment-3363\" class=\"wp-caption-text\">Rozkvetl\u00fd plot fialov\u00fd, dr\u00e1t a pl\u00e1tno, 40\u00d760 cm, pali\u010dkovan\u00e1 krajka, 2019<\/figcaption><\/figure><\/p>\n","protected":false},"excerpt":{"rendered":"<p>Jolana Davidovi\u010dov\u00e1 (polo\u017eka interaktivn\u00ed mapy s v\u00edcero reprodukcemi) Jolana Davidovi\u010dov\u00e1\u00a0(1965) se v\u011bnovala od d\u011btstv\u00ed mnoha ru\u010dn\u00edm prac\u00edm. Absolvovala \u0160kolsk\u00fd \u00fastav um\u011bleck\u00e9 v\u00fdroby v Praze, kde z\u00edskala aprobaci v oborech pali\u010dkovan\u00e1 &#8230;<\/p>\n","protected":false},"author":1,"featured_media":0,"parent":0,"menu_order":0,"comment_status":"closed","ping_status":"closed","template":"","meta":{"footnotes":""},"class_list":["post-3265","page","type-page","status-publish","hentry"],"_links":{"self":[{"href":"https:\/\/www.vlaknapameti.cz\/index.php?rest_route=\/wp\/v2\/pages\/3265","targetHints":{"allow":["GET"]}}],"collection":[{"href":"https:\/\/www.vlaknapameti.cz\/index.php?rest_route=\/wp\/v2\/pages"}],"about":[{"href":"https:\/\/www.vlaknapameti.cz\/index.php?rest_route=\/wp\/v2\/types\/page"}],"author":[{"embeddable":true,"href":"https:\/\/www.vlaknapameti.cz\/index.php?rest_route=\/wp\/v2\/users\/1"}],"replies":[{"embeddable":true,"href":"https:\/\/www.vlaknapameti.cz\/index.php?rest_route=%2Fwp%2Fv2%2Fcomments&post=3265"}],"version-history":[{"count":3,"href":"https:\/\/www.vlaknapameti.cz\/index.php?rest_route=\/wp\/v2\/pages\/3265\/revisions"}],"predecessor-version":[{"id":3470,"href":"https:\/\/www.vlaknapameti.cz\/index.php?rest_route=\/wp\/v2\/pages\/3265\/revisions\/3470"}],"wp:attachment":[{"href":"https:\/\/www.vlaknapameti.cz\/index.php?rest_route=%2Fwp%2Fv2%2Fmedia&parent=3265"}],"curies":[{"name":"wp","href":"https:\/\/api.w.org\/{rel}","templated":true}]}}