{"id":3235,"date":"2025-11-17T16:28:47","date_gmt":"2025-11-17T16:28:47","guid":{"rendered":"https:\/\/www.vlaknapameti.cz\/?page_id=3235"},"modified":"2025-11-17T17:40:54","modified_gmt":"2025-11-17T17:40:54","slug":"im-iva-proskova","status":"publish","type":"page","link":"https:\/\/www.vlaknapameti.cz\/?page_id=3235","title":{"rendered":"IM: Iva Pro\u0161kov\u00e1"},"content":{"rendered":"<h2>Iva Pro\u0161kov\u00e1<\/h2>\n<p><em>(polo\u017eka interaktivn\u00ed mapy s v\u00edcero reprodukcemi)<\/em><\/p>\n<p>Iva Pro\u0161kov\u00e1 (1946) je absolventkou St\u0159edn\u00ed odborn\u00e9 um\u011blecko\u0159emesln\u00e9 \u0161koly p\u0159i \u0160kolsk\u00e9m \u00fastavu um\u011bleck\u00e9 v\u00fdroby v Praze, kde pozd\u011bji p\u016fsobila jako odborn\u00e1 u\u010ditelka tkan\u00ed a pali\u010dkovan\u00e9 krajky a navrhovala vzory. Z\u00e1rove\u0148 si doplnila vzd\u011bl\u00e1n\u00ed na Pedagogick\u00e9 fakult\u011b Univerzity Karlovy. Nejprve vytv\u00e1\u0159ela obrazovou krajku men\u0161\u00edch rozm\u011br\u016f s r\u016fzn\u00fdmi n\u00e1m\u011bty. Pat\u0159ily k nim \u017eensk\u00e9 figury v pohybu, lod\u011b, stromy, kv\u011btiny. P\u0159ibli\u017en\u011b od roku 1986 se v\u011bnuje krajce od\u011bvn\u00ed. Krajku r\u00e1da kombinuje s klasick\u00fdmi textiliemi nebo s k\u016f\u017e\u00ed. Zdob\u00ed j\u00ed \u0161\u00e1tky, \u0161\u00e1ly, l\u00edmce, kabelky a vesty. Krajkou opat\u0159uje i vlastnoru\u010dn\u011b tkan\u00e9 pl\u00e9dy. Tvo\u0159\u00ed ji z nit\u00ed \u00fatku a osnovy pl\u00e9d\u016f. Pokou\u0161\u00ed se tak\u00e9 hledat spojen\u00ed krajky s r\u016fzn\u00fdmi, n\u011bkdy nesourod\u00fdmi materi\u00e1ly. V posledn\u00ed dob\u011b nap\u0159\u00edklad s dr\u00e1tem, pap\u00edrovou drt\u00ed, kor\u00e1lky, kor\u00e1lkov\u00fdmi \u0161\u0148\u016frami, s bavln\u011bn\u00fdmi a silonov\u00fdmi lany. Sv\u00e9 pr\u00e1ce vystavuje doma i v zahrani\u010d\u00ed. Od 90. let 20. stolet\u00ed svou dal\u0161\u00ed \u010dinnost\u00ed v\u00fdznamn\u011b podporuje dom\u00e1c\u00ed krajk\u00e1\u0159skou tradici, \u010deskou krajku propaguje i v zahrani\u010d\u00ed. Mnoho let roky vyd\u00e1vala \u010dasopis Pali\u010dkov\u00e1n\u00ed, je autorkou mnoha publikac\u00ed o krajce i jin\u00fdch textiln\u00edch technik\u00e1ch. V knize \u017divot a d\u00edlo krajk\u00e1\u0159ky Marie Sedl\u00e1\u010dkov\u00e9-Serbouskov\u00e9 (1998) znovu objevila pro ve\u0159ejnost d\u00edlo Marie Sedl\u00e1\u010dkov\u00e9-Serbouskov\u00e9 (1895-1964). \u00da\u010dastn\u00ed se ka\u017edoro\u010dn\u00edho setk\u00e1n\u00ed krajk\u00e1\u0159ek ve Vamberku a Bien\u00e1le \u010desk\u00e9 krajky ve Vamberku, kde z\u00edskala roku 2019, na IX. Bien\u00e1le, Diplom Muzea krajky ve Vamberku. V roce 2016 m\u011bla v Muzeu krajky autorskou v\u00fdstavu \u017divot s krajkou.<\/p>\n<figure id=\"attachment_3172\" aria-describedby=\"caption-attachment-3172\" style=\"width: 800px\" class=\"wp-caption alignnone\"><img loading=\"lazy\" decoding=\"async\" class=\"size-large wp-image-3172\" src=\"https:\/\/www.vlaknapameti.cz\/wp-content\/uploads\/1349v-1024x733.jpg\" alt=\"\u0160perky, kov, pali\u010dkovan\u00e1 krajka, 2012\u20132013\" width=\"800\" height=\"573\" srcset=\"https:\/\/www.vlaknapameti.cz\/wp-content\/uploads\/1349v-1024x733.jpg 1024w, https:\/\/www.vlaknapameti.cz\/wp-content\/uploads\/1349v-300x215.jpg 300w, https:\/\/www.vlaknapameti.cz\/wp-content\/uploads\/1349v-768x550.jpg 768w, https:\/\/www.vlaknapameti.cz\/wp-content\/uploads\/1349v.jpg 1200w\" sizes=\"auto, (max-width: 800px) 100vw, 800px\" \/><figcaption id=\"caption-attachment-3172\" class=\"wp-caption-text\">\u0160perky, kov, pali\u010dkovan\u00e1 krajka, 2012\u20132013<\/figcaption><\/figure>\n<figure id=\"attachment_3173\" aria-describedby=\"caption-attachment-3173\" style=\"width: 799px\" class=\"wp-caption alignnone\"><img loading=\"lazy\" decoding=\"async\" class=\" wp-image-3173\" src=\"https:\/\/www.vlaknapameti.cz\/wp-content\/uploads\/1349va-553x1024.jpg\" alt=\"\u010ctverce, len, ru\u010dn\u011b pali\u010dkovan\u00e1 krajka, 2019\" width=\"799\" height=\"1480\" srcset=\"https:\/\/www.vlaknapameti.cz\/wp-content\/uploads\/1349va-553x1024.jpg 553w, https:\/\/www.vlaknapameti.cz\/wp-content\/uploads\/1349va-162x300.jpg 162w, https:\/\/www.vlaknapameti.cz\/wp-content\/uploads\/1349va-768x1423.jpg 768w, https:\/\/www.vlaknapameti.cz\/wp-content\/uploads\/1349va-829x1536.jpg 829w, https:\/\/www.vlaknapameti.cz\/wp-content\/uploads\/1349va-1105x2048.jpg 1105w, https:\/\/www.vlaknapameti.cz\/wp-content\/uploads\/1349va.jpg 1200w\" sizes=\"auto, (max-width: 799px) 100vw, 799px\" \/><figcaption id=\"caption-attachment-3173\" class=\"wp-caption-text\">\u010ctverce, len, ru\u010dn\u011b pali\u010dkovan\u00e1 krajka, 2019<\/figcaption><\/figure>\n<figure id=\"attachment_3174\" aria-describedby=\"caption-attachment-3174\" style=\"width: 800px\" class=\"wp-caption alignleft\"><img loading=\"lazy\" decoding=\"async\" class=\"size-large wp-image-3174\" src=\"https:\/\/www.vlaknapameti.cz\/wp-content\/uploads\/1349vb-1024x415.jpg\" alt=\"Odpo\u010dinek, pali\u010dkovan\u00e1 krajka dopln\u011bn\u00e1 v\u00fd\u0161ivkou, 2012\" width=\"800\" height=\"324\" srcset=\"https:\/\/www.vlaknapameti.cz\/wp-content\/uploads\/1349vb-1024x415.jpg 1024w, https:\/\/www.vlaknapameti.cz\/wp-content\/uploads\/1349vb-300x122.jpg 300w, https:\/\/www.vlaknapameti.cz\/wp-content\/uploads\/1349vb-768x311.jpg 768w, https:\/\/www.vlaknapameti.cz\/wp-content\/uploads\/1349vb.jpg 1200w\" sizes=\"auto, (max-width: 800px) 100vw, 800px\" \/><figcaption id=\"caption-attachment-3174\" class=\"wp-caption-text\">Odpo\u010dinek, pali\u010dkovan\u00e1 krajka dopln\u011bn\u00e1 v\u00fd\u0161ivkou, 2012<\/figcaption><\/figure>\n","protected":false},"excerpt":{"rendered":"<p>Iva Pro\u0161kov\u00e1 (polo\u017eka interaktivn\u00ed mapy s v\u00edcero reprodukcemi) Iva Pro\u0161kov\u00e1 (1946) je absolventkou St\u0159edn\u00ed odborn\u00e9 um\u011blecko\u0159emesln\u00e9 \u0161koly p\u0159i \u0160kolsk\u00e9m \u00fastavu um\u011bleck\u00e9 v\u00fdroby v Praze, kde pozd\u011bji p\u016fsobila jako odborn\u00e1 u\u010ditelka &#8230;<\/p>\n","protected":false},"author":1,"featured_media":0,"parent":0,"menu_order":0,"comment_status":"closed","ping_status":"closed","template":"","meta":{"footnotes":""},"class_list":["post-3235","page","type-page","status-publish","hentry"],"_links":{"self":[{"href":"https:\/\/www.vlaknapameti.cz\/index.php?rest_route=\/wp\/v2\/pages\/3235","targetHints":{"allow":["GET"]}}],"collection":[{"href":"https:\/\/www.vlaknapameti.cz\/index.php?rest_route=\/wp\/v2\/pages"}],"about":[{"href":"https:\/\/www.vlaknapameti.cz\/index.php?rest_route=\/wp\/v2\/types\/page"}],"author":[{"embeddable":true,"href":"https:\/\/www.vlaknapameti.cz\/index.php?rest_route=\/wp\/v2\/users\/1"}],"replies":[{"embeddable":true,"href":"https:\/\/www.vlaknapameti.cz\/index.php?rest_route=%2Fwp%2Fv2%2Fcomments&post=3235"}],"version-history":[{"count":5,"href":"https:\/\/www.vlaknapameti.cz\/index.php?rest_route=\/wp\/v2\/pages\/3235\/revisions"}],"predecessor-version":[{"id":3259,"href":"https:\/\/www.vlaknapameti.cz\/index.php?rest_route=\/wp\/v2\/pages\/3235\/revisions\/3259"}],"wp:attachment":[{"href":"https:\/\/www.vlaknapameti.cz\/index.php?rest_route=%2Fwp%2Fv2%2Fmedia&parent=3235"}],"curies":[{"name":"wp","href":"https:\/\/api.w.org\/{rel}","templated":true}]}}