{"id":3232,"date":"2025-11-17T16:27:19","date_gmt":"2025-11-17T16:27:19","guid":{"rendered":"https:\/\/www.vlaknapameti.cz\/?page_id=3232"},"modified":"2025-11-17T17:40:37","modified_gmt":"2025-11-17T17:40:37","slug":"im-alina-jaskova","status":"publish","type":"page","link":"https:\/\/www.vlaknapameti.cz\/?page_id=3232","title":{"rendered":"IM: Alina Ja\u0161kov\u00e1"},"content":{"rendered":"<h2>Alina Ja\u0161kov\u00e1<\/h2>\n<p><em>(polo\u017eka interaktivn\u00ed mapy s v\u00edcero reprodukcemi)<\/em><\/p>\n<p>Alina Ja\u0161kov\u00e1 (1961) studovala na Vysok\u00e9 \u0161kole um\u011bleckopr\u016fmyslov\u00e9 v Praze (1982\u20131988) u prof. B. Felcmana, prof. M. Va\u0148kov\u00e9 a doc. V. Vod\u00e1ka. Uplatn\u011bn\u00ed na\u0161la na pra\u017esk\u00e9 Vy\u0161\u0161\u00ed odborn\u00e9 \u0161kole textiln\u00edch \u0159emesel a St\u0159edn\u00ed um\u011bleck\u00e9 \u0161kole textiln\u00edch \u0159emesel. P\u016fsob\u00ed v redakci \u010dasopisu Krajka. Ovl\u00e1d\u00e1 \u0159adu textiln\u00edch technik a neboj\u00ed se je kombinovat. Pro v\u00fdsledky jej\u00ed tvorby je typick\u00e1 barevnost. V\u011bnuje se zejm\u00e9na pali\u010dkovan\u00e9 a \u0161it\u00e9 krajce, v\u00fd\u0161ivce. Tvo\u0159\u00ed p\u0159edev\u0161\u00edm textiln\u00ed \u0161perky a dal\u0161\u00ed pr\u00e1ce z oblasti u\u017eit\u00e9 krajky. Navrhuje krajky pro kurzy pali\u010dkov\u00e1n\u00ed, je autorkou v\u00fdukov\u00fdch se\u0161it\u016f pali\u010dkovan\u00e9 krajky. Samostatn\u011b vystavovala v \u010cesk\u00e9 republice, i v zahrani\u010d\u00ed \u2013 v Holandsku, D\u00e1nsku, Lucembursku aj. \u00da\u010dastn\u00ed se \u0159ady kolektivn\u00edch v\u00fdstav po cel\u00e9 Evrop\u011b. Z\u00fa\u010dastnila se n\u011bkolika ro\u010dn\u00edk\u016f Bien\u00e1le \u010desk\u00e9 krajky a Mezin\u00e1rodn\u00edch krajk\u00e1\u0159sk\u00fdch slavnost\u00ed ve Vamberku. Jej\u00ed pr\u00e1ce jsou zastoupeny ve sb\u00edrce Muzea krajky ve Vamberku.<\/p>\n<figure id=\"attachment_3159\" aria-describedby=\"caption-attachment-3159\" style=\"width: 800px\" class=\"wp-caption alignnone\"><img loading=\"lazy\" decoding=\"async\" class=\"size-large wp-image-3159\" src=\"https:\/\/www.vlaknapameti.cz\/wp-content\/uploads\/1346v-949x1024.jpg\" alt=\"L\u00edmcov\u00fd n\u00e1hrdeln\u00edk Tutanchamon I, dracoun, 37\u00d735 cm, pali\u010dkovan\u00e1 krajka, 1993\" width=\"800\" height=\"863\" srcset=\"https:\/\/www.vlaknapameti.cz\/wp-content\/uploads\/1346v-949x1024.jpg 949w, https:\/\/www.vlaknapameti.cz\/wp-content\/uploads\/1346v-278x300.jpg 278w, https:\/\/www.vlaknapameti.cz\/wp-content\/uploads\/1346v-768x829.jpg 768w, https:\/\/www.vlaknapameti.cz\/wp-content\/uploads\/1346v.jpg 1200w\" sizes=\"auto, (max-width: 800px) 100vw, 800px\" \/><figcaption id=\"caption-attachment-3159\" class=\"wp-caption-text\">L\u00edmcov\u00fd n\u00e1hrdeln\u00edk Tutanchamon I, dracoun, 37\u00d735 cm, pali\u010dkovan\u00e1 krajka, 1993<\/figcaption><\/figure>\n<figure id=\"attachment_3160\" aria-describedby=\"caption-attachment-3160\" style=\"width: 800px\" class=\"wp-caption alignnone\"><img loading=\"lazy\" decoding=\"async\" class=\"size-large wp-image-3160\" src=\"https:\/\/www.vlaknapameti.cz\/wp-content\/uploads\/1346va-861x1024.jpg\" alt=\"L\u00edmcov\u00fd n\u00e1hrdeln\u00edk Tutanchamon II, dracoun, 38\u00d732 cm, pali\u010dkovan\u00e1 krajka, 1993\" width=\"800\" height=\"951\" srcset=\"https:\/\/www.vlaknapameti.cz\/wp-content\/uploads\/1346va-861x1024.jpg 861w, https:\/\/www.vlaknapameti.cz\/wp-content\/uploads\/1346va-252x300.jpg 252w, https:\/\/www.vlaknapameti.cz\/wp-content\/uploads\/1346va-768x914.jpg 768w, https:\/\/www.vlaknapameti.cz\/wp-content\/uploads\/1346va.jpg 1200w\" sizes=\"auto, (max-width: 800px) 100vw, 800px\" \/><figcaption id=\"caption-attachment-3160\" class=\"wp-caption-text\">L\u00edmcov\u00fd n\u00e1hrdeln\u00edk Tutanchamon II, dracoun, 38\u00d732 cm, pali\u010dkovan\u00e1 krajka, 1993<\/figcaption><\/figure>\n<figure id=\"attachment_3161\" aria-describedby=\"caption-attachment-3161\" style=\"width: 800px\" class=\"wp-caption alignnone\"><img loading=\"lazy\" decoding=\"async\" class=\"size-large wp-image-3161\" src=\"https:\/\/www.vlaknapameti.cz\/wp-content\/uploads\/1346vb-992x1024.jpg\" alt=\"Lastura, len a sklo, 45\u00d740 cm, pali\u010dkovan\u00e1 krajka, 1993\" width=\"800\" height=\"826\" srcset=\"https:\/\/www.vlaknapameti.cz\/wp-content\/uploads\/1346vb-992x1024.jpg 992w, https:\/\/www.vlaknapameti.cz\/wp-content\/uploads\/1346vb-291x300.jpg 291w, https:\/\/www.vlaknapameti.cz\/wp-content\/uploads\/1346vb-768x793.jpg 768w, https:\/\/www.vlaknapameti.cz\/wp-content\/uploads\/1346vb.jpg 1200w\" sizes=\"auto, (max-width: 800px) 100vw, 800px\" \/><figcaption id=\"caption-attachment-3161\" class=\"wp-caption-text\">Lastura, len a sklo, 45\u00d740 cm, pali\u010dkovan\u00e1 krajka, 1993<\/figcaption><\/figure>\n<figure id=\"attachment_3162\" aria-describedby=\"caption-attachment-3162\" style=\"width: 800px\" class=\"wp-caption alignnone\"><img loading=\"lazy\" decoding=\"async\" class=\"size-large wp-image-3162\" src=\"https:\/\/www.vlaknapameti.cz\/wp-content\/uploads\/1346vc-1024x887.jpg\" alt=\"K\u0159\u00eddlo, p\u0159\u00edze, sklo, kov, 71\u00d762,5 cm, 1993\" width=\"800\" height=\"693\" srcset=\"https:\/\/www.vlaknapameti.cz\/wp-content\/uploads\/1346vc-1024x887.jpg 1024w, https:\/\/www.vlaknapameti.cz\/wp-content\/uploads\/1346vc-300x260.jpg 300w, https:\/\/www.vlaknapameti.cz\/wp-content\/uploads\/1346vc-768x666.jpg 768w, https:\/\/www.vlaknapameti.cz\/wp-content\/uploads\/1346vc.jpg 1200w\" sizes=\"auto, (max-width: 800px) 100vw, 800px\" \/><figcaption id=\"caption-attachment-3162\" class=\"wp-caption-text\">K\u0159\u00eddlo, p\u0159\u00edze, sklo, kov, 71\u00d762,5 cm, 1993<\/figcaption><\/figure>\n","protected":false},"excerpt":{"rendered":"<p>Alina Ja\u0161kov\u00e1 (polo\u017eka interaktivn\u00ed mapy s v\u00edcero reprodukcemi) Alina Ja\u0161kov\u00e1 (1961) studovala na Vysok\u00e9 \u0161kole um\u011bleckopr\u016fmyslov\u00e9 v Praze (1982\u20131988) u prof. B. Felcmana, prof. M. Va\u0148kov\u00e9 a doc. V. Vod\u00e1ka. &#8230;<\/p>\n","protected":false},"author":1,"featured_media":0,"parent":0,"menu_order":0,"comment_status":"closed","ping_status":"closed","template":"","meta":{"footnotes":""},"class_list":["post-3232","page","type-page","status-publish","hentry"],"_links":{"self":[{"href":"https:\/\/www.vlaknapameti.cz\/index.php?rest_route=\/wp\/v2\/pages\/3232","targetHints":{"allow":["GET"]}}],"collection":[{"href":"https:\/\/www.vlaknapameti.cz\/index.php?rest_route=\/wp\/v2\/pages"}],"about":[{"href":"https:\/\/www.vlaknapameti.cz\/index.php?rest_route=\/wp\/v2\/types\/page"}],"author":[{"embeddable":true,"href":"https:\/\/www.vlaknapameti.cz\/index.php?rest_route=\/wp\/v2\/users\/1"}],"replies":[{"embeddable":true,"href":"https:\/\/www.vlaknapameti.cz\/index.php?rest_route=%2Fwp%2Fv2%2Fcomments&post=3232"}],"version-history":[{"count":4,"href":"https:\/\/www.vlaknapameti.cz\/index.php?rest_route=\/wp\/v2\/pages\/3232\/revisions"}],"predecessor-version":[{"id":3254,"href":"https:\/\/www.vlaknapameti.cz\/index.php?rest_route=\/wp\/v2\/pages\/3232\/revisions\/3254"}],"wp:attachment":[{"href":"https:\/\/www.vlaknapameti.cz\/index.php?rest_route=%2Fwp%2Fv2%2Fmedia&parent=3232"}],"curies":[{"name":"wp","href":"https:\/\/api.w.org\/{rel}","templated":true}]}}