{"id":3224,"date":"2025-11-17T16:22:58","date_gmt":"2025-11-17T16:22:58","guid":{"rendered":"https:\/\/www.vlaknapameti.cz\/?page_id=3224"},"modified":"2025-11-17T17:40:43","modified_gmt":"2025-11-17T17:40:43","slug":"im-stanislava-losova-muzikova","status":"publish","type":"page","link":"https:\/\/www.vlaknapameti.cz\/?page_id=3224","title":{"rendered":"IM: Stanislava Losov\u00e1-Mu\u017e\u00edkov\u00e1"},"content":{"rendered":"<h2>Stanislava Losov\u00e1-Mu\u017e\u00edkov\u00e1<\/h2>\n<p><em>(polo\u017eka interaktivn\u00ed mapy s v\u00edcero reprodukcemi)<\/em><\/p>\n<p>Stanislava Losov\u00e1-Mu\u017e\u00edkov\u00e1 se narodila se v Rychnov\u011b nad Kn\u011b\u017enou (1959). Vyr\u016fstala v Kostelci nad Orlic\u00ed. Vystudovala obor textiln\u00ed v\u00fdtvarnictv\u00ed na vysok\u00e9 \u0161kole v Petrohrad\u011b. V letech 1983-1990 byla zam\u011bstnan\u00e1 jako v\u00fdtvarnice v dru\u017estvu Vambereck\u00e1 krajka Vamberk, v odd\u011blen\u00ed v\u00fdvoje ru\u010dn\u011b pali\u010dkovan\u00e9 krajky. Nyn\u00ed se v\u011bnuje p\u0159edev\u0161\u00edm malb\u011b na hedv\u00e1b\u00ed a pali\u010dkovan\u00e9 krajce. V jej\u00ed tvorb\u011b jsou zastoupeny i dal\u0161\u00ed textiln\u00ed techniky. Inspiraci pro svoje pr\u00e1ce nach\u00e1z\u00ed v p\u0159\u00edrod\u011b. V roce 2017 zalo\u017eila od\u011bvn\u00ed zna\u010dku MUZ. Vystavovala v zahrani\u010d\u00ed, \u00fa\u010dastn\u00ed se skupinov\u00fdch v\u00fdstav a v roce 2019 m\u011bla svou prvn\u00ed v\u00fdstavu v Muzeu krajky ve Vamberku s n\u00e1zvem M\u016fj sv\u011bt z nit\u00ed. Z\u00fa\u010dast\u0148uje se pravideln\u011b Bien\u00e1le \u010desk\u00e9 krajky ve Vamberku. Na VII. Bien\u00e1le (2015) z\u00edskala Diplom muzea krajky za l\u00edmec s \u010derven\u00fdm kor\u00e1lem. Jej\u00ed pr\u00e1ce jsou zastoupeny ve sb\u00edrce vambereck\u00e9ho Muzea krajky.<\/p>\n<figure id=\"attachment_3163\" aria-describedby=\"caption-attachment-3163\" style=\"width: 800px\" class=\"wp-caption alignnone\"><img loading=\"lazy\" decoding=\"async\" class=\"size-large wp-image-3163\" src=\"https:\/\/www.vlaknapameti.cz\/wp-content\/uploads\/1347v-835x1024.jpg\" alt=\"Stanislava Losov\u00e1, 2020\" width=\"800\" height=\"981\" srcset=\"https:\/\/www.vlaknapameti.cz\/wp-content\/uploads\/1347v-835x1024.jpg 835w, https:\/\/www.vlaknapameti.cz\/wp-content\/uploads\/1347v-245x300.jpg 245w, https:\/\/www.vlaknapameti.cz\/wp-content\/uploads\/1347v-768x941.jpg 768w, https:\/\/www.vlaknapameti.cz\/wp-content\/uploads\/1347v.jpg 1200w\" sizes=\"auto, (max-width: 800px) 100vw, 800px\" \/><figcaption id=\"caption-attachment-3163\" class=\"wp-caption-text\">Stanislava Losov\u00e1, 2020<\/figcaption><\/figure>\n<figure id=\"attachment_3164\" aria-describedby=\"caption-attachment-3164\" style=\"width: 800px\" class=\"wp-caption alignnone\"><img loading=\"lazy\" decoding=\"async\" class=\" wp-image-3164\" src=\"https:\/\/www.vlaknapameti.cz\/wp-content\/uploads\/1347va-654x1024.jpg\" alt=\"L\u00edmce, len, 30\u00d715 cm, pali\u010dkovan\u00e1 krajka, 2008\u20132009\" width=\"800\" height=\"1253\" srcset=\"https:\/\/www.vlaknapameti.cz\/wp-content\/uploads\/1347va-654x1024.jpg 654w, https:\/\/www.vlaknapameti.cz\/wp-content\/uploads\/1347va-191x300.jpg 191w, https:\/\/www.vlaknapameti.cz\/wp-content\/uploads\/1347va-768x1203.jpg 768w, https:\/\/www.vlaknapameti.cz\/wp-content\/uploads\/1347va-980x1536.jpg 980w, https:\/\/www.vlaknapameti.cz\/wp-content\/uploads\/1347va.jpg 1200w\" sizes=\"auto, (max-width: 800px) 100vw, 800px\" \/><figcaption id=\"caption-attachment-3164\" class=\"wp-caption-text\">L\u00edmce, len, 30\u00d715 cm, pali\u010dkovan\u00e1 krajka, 2008\u20132009<\/figcaption><\/figure>\n<figure id=\"attachment_3165\" aria-describedby=\"caption-attachment-3165\" style=\"width: 800px\" class=\"wp-caption alignleft\"><img loading=\"lazy\" decoding=\"async\" class=\"size-large wp-image-3165\" src=\"https:\/\/www.vlaknapameti.cz\/wp-content\/uploads\/1347vb-1024x780.jpg\" alt=\"L\u00edmec a n\u00e1u\u0161nice, len, 29,5\u00d720 cm. pali\u010dkovan\u00e1 krajka, 1991\u20131995\" width=\"800\" height=\"609\" srcset=\"https:\/\/www.vlaknapameti.cz\/wp-content\/uploads\/1347vb-1024x780.jpg 1024w, https:\/\/www.vlaknapameti.cz\/wp-content\/uploads\/1347vb-300x229.jpg 300w, https:\/\/www.vlaknapameti.cz\/wp-content\/uploads\/1347vb-768x585.jpg 768w, https:\/\/www.vlaknapameti.cz\/wp-content\/uploads\/1347vb.jpg 1200w\" sizes=\"auto, (max-width: 800px) 100vw, 800px\" \/><figcaption id=\"caption-attachment-3165\" class=\"wp-caption-text\">L\u00edmec a n\u00e1u\u0161nice, len, 29,5\u00d720 cm. pali\u010dkovan\u00e1 krajka, 1991\u20131995<\/figcaption><\/figure>\n<figure id=\"attachment_3166\" aria-describedby=\"caption-attachment-3166\" style=\"width: 800px\" class=\"wp-caption alignleft\"><img loading=\"lazy\" decoding=\"async\" class=\"size-large wp-image-3166\" src=\"https:\/\/www.vlaknapameti.cz\/wp-content\/uploads\/1347vc-1024x736.jpg\" alt=\"L\u00edmec, len a leonsk\u00e9 p\u0159edivo, pali\u010dkovan\u00e1 krajka, 1991\u20131995\" width=\"800\" height=\"575\" srcset=\"https:\/\/www.vlaknapameti.cz\/wp-content\/uploads\/1347vc-1024x736.jpg 1024w, https:\/\/www.vlaknapameti.cz\/wp-content\/uploads\/1347vc-300x216.jpg 300w, https:\/\/www.vlaknapameti.cz\/wp-content\/uploads\/1347vc-768x552.jpg 768w, https:\/\/www.vlaknapameti.cz\/wp-content\/uploads\/1347vc.jpg 1200w\" sizes=\"auto, (max-width: 800px) 100vw, 800px\" \/><figcaption id=\"caption-attachment-3166\" class=\"wp-caption-text\">L\u00edmec, len a leonsk\u00e9 p\u0159edivo, pali\u010dkovan\u00e1 krajka, 1991\u20131995<\/figcaption><\/figure>\n","protected":false},"excerpt":{"rendered":"<p>Stanislava Losov\u00e1-Mu\u017e\u00edkov\u00e1 (polo\u017eka interaktivn\u00ed mapy s v\u00edcero reprodukcemi) Stanislava Losov\u00e1-Mu\u017e\u00edkov\u00e1 se narodila se v Rychnov\u011b nad Kn\u011b\u017enou (1959). Vyr\u016fstala v Kostelci nad Orlic\u00ed. Vystudovala obor textiln\u00ed v\u00fdtvarnictv\u00ed na vysok\u00e9 \u0161kole &#8230;<\/p>\n","protected":false},"author":1,"featured_media":0,"parent":0,"menu_order":0,"comment_status":"closed","ping_status":"closed","template":"","meta":{"footnotes":""},"class_list":["post-3224","page","type-page","status-publish","hentry"],"_links":{"self":[{"href":"https:\/\/www.vlaknapameti.cz\/index.php?rest_route=\/wp\/v2\/pages\/3224","targetHints":{"allow":["GET"]}}],"collection":[{"href":"https:\/\/www.vlaknapameti.cz\/index.php?rest_route=\/wp\/v2\/pages"}],"about":[{"href":"https:\/\/www.vlaknapameti.cz\/index.php?rest_route=\/wp\/v2\/types\/page"}],"author":[{"embeddable":true,"href":"https:\/\/www.vlaknapameti.cz\/index.php?rest_route=\/wp\/v2\/users\/1"}],"replies":[{"embeddable":true,"href":"https:\/\/www.vlaknapameti.cz\/index.php?rest_route=%2Fwp%2Fv2%2Fcomments&post=3224"}],"version-history":[{"count":3,"href":"https:\/\/www.vlaknapameti.cz\/index.php?rest_route=\/wp\/v2\/pages\/3224\/revisions"}],"predecessor-version":[{"id":3256,"href":"https:\/\/www.vlaknapameti.cz\/index.php?rest_route=\/wp\/v2\/pages\/3224\/revisions\/3256"}],"wp:attachment":[{"href":"https:\/\/www.vlaknapameti.cz\/index.php?rest_route=%2Fwp%2Fv2%2Fmedia&parent=3224"}],"curies":[{"name":"wp","href":"https:\/\/api.w.org\/{rel}","templated":true}]}}