{"id":3221,"date":"2025-11-17T16:20:34","date_gmt":"2025-11-17T16:20:34","guid":{"rendered":"https:\/\/www.vlaknapameti.cz\/?page_id=3221"},"modified":"2025-11-17T17:51:28","modified_gmt":"2025-11-17T17:51:28","slug":"im-blanka-sperkova","status":"publish","type":"page","link":"https:\/\/www.vlaknapameti.cz\/?page_id=3221","title":{"rendered":"IM: Blanka \u0160perkov\u00e1"},"content":{"rendered":"<h2>Blanka \u0160perkov\u00e1<\/h2>\n<p><em>(polo\u017eka interaktivn\u00ed mapy s v\u00edcero reprodukcemi)<\/em><\/p>\n<p>Blanka \u0160perkov\u00e1 (1948) se narodila v B\u00e1nsk\u00e9 Bystrici. Studovala v odd\u011blen\u00ed grafiky na \u0160kole um\u011bleck\u00e9ho pr\u016fmyslu v Bratislav\u011b 1963-1967), v ateli\u00e9ru loutkov\u00e9ho v\u00fdtvarnictv\u00ed na DAMU v Praze (1968-1969) a v ateli\u00e9ru televizn\u00ed a filmov\u00e9 grafiky na Vysok\u00e9 \u0161kole um\u011bleckopr\u016fmyslov\u00e9 v Praze (1969-1974). Spolupracovala s dru\u017estvem Vambereck\u00e1 krajka Vamberk. Po\u010d\u00e1tkem 70. let 20. stolet\u00ed za\u010dala experimentovat s dr\u00e1tem. Inspirov\u00e1na byla prac\u00ed slovensk\u00fdch dr\u00e1ten\u00edk\u016f. Neu\u017e\u00edv\u00e1 jejich technologii, vyvinula si vlastn\u00ed techniku pleten\u00ed bez jehlic \u010di jin\u00fdch n\u00e1stroj\u016f. \u010cerp\u00e1 ze specifick\u00fdch vlastnosti dr\u00e1t\u011bn\u00e9ho p\u0159ediva, jeho vzdu\u0161nosti, transparentnosti, z mo\u017enosti propojovat dr\u00e1tem vytvo\u0159en\u00e9 \u00fatvary. P\u0159i instalaci prac\u00ed z dr\u00e1t\u016f vyu\u017e\u00edv\u00e1 sv\u011btla a st\u00ednu a dosahuje tak expresivn\u00edho dojmu z nich. S motivem o\u010dka dr\u00e1tu pracuje i v oblasti animovan\u00e9ho filmu, v technice slepotisku a monotypu, v plastice, ve \u0161perku. Jej\u00ed pr\u00e1ce jsou v\u011bnov\u00e1ny realistick\u00fdm motiv\u016fm (figury, \u010d\u00e1sti lidsk\u00e9ho t\u011bla, zv\u00ed\u0159ata), kter\u00e9 mnohdy stylizuje. Je pro n\u011b inspirov\u00e1na liter\u00e1rn\u00edmi d\u00edly. Na III. (2006) a VI. (2017) Bien\u00e1le \u010desk\u00e9 krajky ve Vamberku z\u00edskala Zlatou pali\u010dku. Jej\u00ed pr\u00e1ce se nach\u00e1zej\u00ed ve sb\u00edrce tamn\u00edho Muzea krajky.<\/p>\n<figure id=\"attachment_3151\" aria-describedby=\"caption-attachment-3151\" style=\"width: 799px\" class=\"wp-caption alignnone\"><img loading=\"lazy\" decoding=\"async\" class=\"wp-image-3151 \" src=\"https:\/\/www.vlaknapameti.cz\/wp-content\/uploads\/1343v-557x1024.jpg\" alt=\"Blanka \u0160perkov\u00e1 se sv\u00fdmi pracemi z dr\u00e1tu, prvn\u00ed \u010dtvrtina 21. stolet\u00ed\" width=\"799\" height=\"1469\" srcset=\"https:\/\/www.vlaknapameti.cz\/wp-content\/uploads\/1343v-557x1024.jpg 557w, https:\/\/www.vlaknapameti.cz\/wp-content\/uploads\/1343v-163x300.jpg 163w, https:\/\/www.vlaknapameti.cz\/wp-content\/uploads\/1343v-768x1413.jpg 768w, https:\/\/www.vlaknapameti.cz\/wp-content\/uploads\/1343v-835x1536.jpg 835w, https:\/\/www.vlaknapameti.cz\/wp-content\/uploads\/1343v-1113x2048.jpg 1113w, https:\/\/www.vlaknapameti.cz\/wp-content\/uploads\/1343v.jpg 1200w\" sizes=\"auto, (max-width: 799px) 100vw, 799px\" \/><figcaption id=\"caption-attachment-3151\" class=\"wp-caption-text\">Blanka \u0160perkov\u00e1 se sv\u00fdmi pracemi z dr\u00e1tu, prvn\u00ed \u010dtvrtina 21. stolet\u00ed<\/figcaption><\/figure>\n<figure id=\"attachment_3152\" aria-describedby=\"caption-attachment-3152\" style=\"width: 800px\" class=\"wp-caption alignnone\"><img loading=\"lazy\" decoding=\"async\" class=\"wp-image-3152 size-large\" src=\"https:\/\/www.vlaknapameti.cz\/wp-content\/uploads\/1343va-1009x1024.jpg\" alt=\"P\u0159\u00edb\u011bhy pleten\u00e9 z dr\u00e1tu, dr\u00e1t, vlastn\u00ed technika\" width=\"800\" height=\"812\" srcset=\"https:\/\/www.vlaknapameti.cz\/wp-content\/uploads\/1343va-1009x1024.jpg 1009w, https:\/\/www.vlaknapameti.cz\/wp-content\/uploads\/1343va-296x300.jpg 296w, https:\/\/www.vlaknapameti.cz\/wp-content\/uploads\/1343va-768x780.jpg 768w, https:\/\/www.vlaknapameti.cz\/wp-content\/uploads\/1343va.jpg 1200w\" sizes=\"auto, (max-width: 800px) 100vw, 800px\" \/><figcaption id=\"caption-attachment-3152\" class=\"wp-caption-text\">P\u0159\u00edb\u011bhy pleten\u00e9 z dr\u00e1tu, dr\u00e1t, vlastn\u00ed technika<\/figcaption><\/figure>\n<figure id=\"attachment_3153\" aria-describedby=\"caption-attachment-3153\" style=\"width: 800px\" class=\"wp-caption alignnone\"><img loading=\"lazy\" decoding=\"async\" class=\"wp-image-3153 size-large\" src=\"https:\/\/www.vlaknapameti.cz\/wp-content\/uploads\/1343vb-1024x768.jpg\" alt=\"Barvy v\u0161ecky, dr\u00e1t, vlastn\u00ed technika\" width=\"800\" height=\"600\" srcset=\"https:\/\/www.vlaknapameti.cz\/wp-content\/uploads\/1343vb-1024x768.jpg 1024w, https:\/\/www.vlaknapameti.cz\/wp-content\/uploads\/1343vb-300x225.jpg 300w, https:\/\/www.vlaknapameti.cz\/wp-content\/uploads\/1343vb-768x576.jpg 768w, https:\/\/www.vlaknapameti.cz\/wp-content\/uploads\/1343vb.jpg 1200w\" sizes=\"auto, (max-width: 800px) 100vw, 800px\" \/><figcaption id=\"caption-attachment-3153\" class=\"wp-caption-text\">Barvy v\u0161ecky, dr\u00e1t, vlastn\u00ed technika<\/figcaption><\/figure>\n","protected":false},"excerpt":{"rendered":"<p>Blanka \u0160perkov\u00e1 (polo\u017eka interaktivn\u00ed mapy s v\u00edcero reprodukcemi) Blanka \u0160perkov\u00e1 (1948) se narodila v B\u00e1nsk\u00e9 Bystrici. Studovala v odd\u011blen\u00ed grafiky na \u0160kole um\u011bleck\u00e9ho pr\u016fmyslu v Bratislav\u011b 1963-1967), v ateli\u00e9ru loutkov\u00e9ho &#8230;<\/p>\n","protected":false},"author":1,"featured_media":0,"parent":0,"menu_order":0,"comment_status":"closed","ping_status":"closed","template":"","meta":{"footnotes":""},"class_list":["post-3221","page","type-page","status-publish","hentry"],"_links":{"self":[{"href":"https:\/\/www.vlaknapameti.cz\/index.php?rest_route=\/wp\/v2\/pages\/3221","targetHints":{"allow":["GET"]}}],"collection":[{"href":"https:\/\/www.vlaknapameti.cz\/index.php?rest_route=\/wp\/v2\/pages"}],"about":[{"href":"https:\/\/www.vlaknapameti.cz\/index.php?rest_route=\/wp\/v2\/types\/page"}],"author":[{"embeddable":true,"href":"https:\/\/www.vlaknapameti.cz\/index.php?rest_route=\/wp\/v2\/users\/1"}],"replies":[{"embeddable":true,"href":"https:\/\/www.vlaknapameti.cz\/index.php?rest_route=%2Fwp%2Fv2%2Fcomments&post=3221"}],"version-history":[{"count":7,"href":"https:\/\/www.vlaknapameti.cz\/index.php?rest_route=\/wp\/v2\/pages\/3221\/revisions"}],"predecessor-version":[{"id":3264,"href":"https:\/\/www.vlaknapameti.cz\/index.php?rest_route=\/wp\/v2\/pages\/3221\/revisions\/3264"}],"wp:attachment":[{"href":"https:\/\/www.vlaknapameti.cz\/index.php?rest_route=%2Fwp%2Fv2%2Fmedia&parent=3221"}],"curies":[{"name":"wp","href":"https:\/\/api.w.org\/{rel}","templated":true}]}}