{"id":3218,"date":"2025-11-17T16:18:02","date_gmt":"2025-11-17T16:18:02","guid":{"rendered":"https:\/\/www.vlaknapameti.cz\/?page_id=3218"},"modified":"2025-11-17T17:12:24","modified_gmt":"2025-11-17T17:12:24","slug":"im-milca-eremiasova","status":"publish","type":"page","link":"https:\/\/www.vlaknapameti.cz\/?page_id=3218","title":{"rendered":"IM: Mil\u010da Eremi\u00e1\u0161ov\u00e1"},"content":{"rendered":"<h2>Mil\u010da Eremi\u00e1\u0161ov\u00e1<\/h2>\n<p><em>(polo\u017eka interaktivn\u00ed mapy s v\u00edcero reprodukcemi)<\/em><\/p>\n<p>Mil\u010da Eremi\u00e1\u0161ov\u00e1 se narodila (1938) v Praze, kde tak\u00e9 \u017eije a pracuje. V letech 1957\u20131963 studovala na Vysok\u00e9 \u0161kole um\u011bleckopr\u016fmyslov\u00e9 v Praze u v\u00fdznamn\u00fdch textiln\u00edch v\u00fdtvarn\u00edk\u016f prof. Anton\u00edna Kybala a prof. Emilie Pali\u010dkov\u00e9 (obor krajka a v\u00fd\u0161ivka). V letech 1967\u20131971 absolvovala na \u0161kole um\u011bleckou aspiranturu v oboru ru\u010dn\u00ed krajka. Od roku 1962 do roku 1990 p\u016fsobila jako pedagog ve St\u00e1tn\u00edm \u00fastavu \u0161kolsk\u00e9m pro dom\u00e1c\u00ed pr\u016fmysl v Praze, p\u0159ejmenovan\u00e9m roku 1964 na \u0160kolsk\u00fd \u00fastav um\u011bleck\u00e9 v\u00fdroby. V letech 1990-1995 vedla atelier krajky a v\u00fd\u0161ivky na pra\u017esk\u00e9 Soukrom\u00e9 mistrovsk\u00e9 \u0161kole um\u011bleck\u00e9ho designu. U\u010dila tak\u00e9 v kurzech po\u0159\u00e1dan\u00fdch Vzd\u011bl\u00e1vac\u00edm spolkem um\u011bleck\u00fdch \u0159emesel a spolkem Krajka v Praze. P\u016fsobila v zahrani\u010d\u00ed jako lektor krajk\u00e1\u0159sk\u00fdch workshop\u016f. Pali\u010dkovan\u00e9 krajce se v\u011bnuje od studijn\u00edch let. Od roku 1967 samostatn\u011b vystavuje. Jej\u00ed krajky, p\u0159i jejich\u017e realizaci spolupracovalo s dru\u017estvem Vambereck\u00e1 krajka Vamberk, byly sou\u010d\u00e1st\u00ed \u010desk\u00e9 kolekce krajek na Sv\u011btov\u00e9 v\u00fdstav\u011b Expo 67 v Montrealu. Z\u00edskala za n\u011b \u010destn\u00e9 uzn\u00e1n\u00ed. Pro svoji bohat\u011b rozprost\u0159enou tvorbu \u010derp\u00e1 z n\u011bkolika inspira\u010dn\u00edch zdroj\u016f \u2013 z historick\u00e9 architektury, pra\u017esk\u00fdch domovn\u00edch znamen\u00ed, z p\u0159\u00edrody, hudby, divadla, z k\u0159es\u0165ansk\u00fdch tradic. Vytv\u00e1\u0159\u00ed rovn\u011b\u017e krajky od\u011bvn\u00ed a krajkov\u00e9 \u0161perky. Jej\u00ed tvorba z posledn\u00edch let se nese ve znamen\u00ed okouzlen\u00ed mo\u0159em, mo\u0159skou faunou i p\u0159\u00edrodou na pob\u0159e\u017e\u00ed. Velkou inspirac\u00ed je pro ni t\u00e9\u017e vesm\u00edr a inspirace nekone\u010dnem. D\u00edlo M\u016fj mal\u00fd vesm\u00edr z\u00edskalo na IX. Bien\u00e1le \u010desk\u00e9 krajky ve Vamberku v roce 2019 Zlatou pali\u010dku. Jej\u00ed pr\u00e1ce jsou zastoupeny ve sb\u00edrce Muzea krajky ve Vamberku.<\/p>\n<figure id=\"attachment_3146\" aria-describedby=\"caption-attachment-3146\" style=\"width: 800px\" class=\"wp-caption alignnone\"><img loading=\"lazy\" decoding=\"async\" class=\"size-large wp-image-3146\" src=\"https:\/\/www.vlaknapameti.cz\/wp-content\/uploads\/1342v-1012x1024.jpg\" alt=\"Rukavice pro Expo 67 v Montrealu, len, pali\u010dkovan\u00e1 krajka, 1967\" width=\"800\" height=\"809\" srcset=\"https:\/\/www.vlaknapameti.cz\/wp-content\/uploads\/1342v-1012x1024.jpg 1012w, https:\/\/www.vlaknapameti.cz\/wp-content\/uploads\/1342v-297x300.jpg 297w, https:\/\/www.vlaknapameti.cz\/wp-content\/uploads\/1342v-768x777.jpg 768w, https:\/\/www.vlaknapameti.cz\/wp-content\/uploads\/1342v.jpg 1200w\" sizes=\"auto, (max-width: 800px) 100vw, 800px\" \/><figcaption id=\"caption-attachment-3146\" class=\"wp-caption-text\">Rukavice pro Expo 67 v Montrealu, len, pali\u010dkovan\u00e1 krajka, 1967<\/figcaption><\/figure>\n<figure id=\"attachment_3147\" aria-describedby=\"caption-attachment-3147\" style=\"width: 800px\" class=\"wp-caption alignnone\"><img loading=\"lazy\" decoding=\"async\" class=\"size-large wp-image-3147\" src=\"https:\/\/www.vlaknapameti.cz\/wp-content\/uploads\/1342va-1024x473.jpg\" alt=\"Pt\u00e1k Ohniv\u00e1k, len, leonsk\u00e9 p\u0159edivo, dracoun, 150\u00d7350 cm, pali\u010dkovan\u00e1 krajka, 1981\u20131982\" width=\"800\" height=\"370\" srcset=\"https:\/\/www.vlaknapameti.cz\/wp-content\/uploads\/1342va-1024x473.jpg 1024w, https:\/\/www.vlaknapameti.cz\/wp-content\/uploads\/1342va-300x139.jpg 300w, https:\/\/www.vlaknapameti.cz\/wp-content\/uploads\/1342va-768x355.jpg 768w, https:\/\/www.vlaknapameti.cz\/wp-content\/uploads\/1342va.jpg 1200w\" sizes=\"auto, (max-width: 800px) 100vw, 800px\" \/><figcaption id=\"caption-attachment-3147\" class=\"wp-caption-text\">Pt\u00e1k Ohniv\u00e1k, len, leonsk\u00e9 p\u0159edivo, dracoun, 150\u00d7350 cm, pali\u010dkovan\u00e1 krajka, 1981\u20131982<\/figcaption><\/figure>\n<figure id=\"attachment_3148\" aria-describedby=\"caption-attachment-3148\" style=\"width: 625px\" class=\"wp-caption alignnone\"><img loading=\"lazy\" decoding=\"async\" class=\"size-large wp-image-3148\" src=\"https:\/\/www.vlaknapameti.cz\/wp-content\/uploads\/1342vb-625x1024.jpg\" alt=\"M\u016fj mal\u00fd vesm\u00edr, len, pali\u010dkovan\u00e1 krajka, 2018\" width=\"625\" height=\"1024\" srcset=\"https:\/\/www.vlaknapameti.cz\/wp-content\/uploads\/1342vb-625x1024.jpg 625w, https:\/\/www.vlaknapameti.cz\/wp-content\/uploads\/1342vb-183x300.jpg 183w, https:\/\/www.vlaknapameti.cz\/wp-content\/uploads\/1342vb-768x1258.jpg 768w, https:\/\/www.vlaknapameti.cz\/wp-content\/uploads\/1342vb-938x1536.jpg 938w, https:\/\/www.vlaknapameti.cz\/wp-content\/uploads\/1342vb.jpg 1200w\" sizes=\"auto, (max-width: 625px) 100vw, 625px\" \/><figcaption id=\"caption-attachment-3148\" class=\"wp-caption-text\">M\u016fj mal\u00fd vesm\u00edr, len, pali\u010dkovan\u00e1 krajka, 2018<\/figcaption><\/figure>\n<figure id=\"attachment_3149\" aria-describedby=\"caption-attachment-3149\" style=\"width: 800px\" class=\"wp-caption alignnone\"><img loading=\"lazy\" decoding=\"async\" class=\"size-large wp-image-3149\" src=\"https:\/\/www.vlaknapameti.cz\/wp-content\/uploads\/1342vc-1024x975.jpg\" alt=\"Arachn\u00e9, len, 80\u00d780\u00d720 cm, pali\u010dkovan\u00e1 krajka, 2010\" width=\"800\" height=\"762\" srcset=\"https:\/\/www.vlaknapameti.cz\/wp-content\/uploads\/1342vc-1024x975.jpg 1024w, https:\/\/www.vlaknapameti.cz\/wp-content\/uploads\/1342vc-300x286.jpg 300w, https:\/\/www.vlaknapameti.cz\/wp-content\/uploads\/1342vc-768x732.jpg 768w, https:\/\/www.vlaknapameti.cz\/wp-content\/uploads\/1342vc.jpg 1200w\" sizes=\"auto, (max-width: 800px) 100vw, 800px\" \/><figcaption id=\"caption-attachment-3149\" class=\"wp-caption-text\">Arachn\u00e9, len, 80\u00d780\u00d720 cm, pali\u010dkovan\u00e1 krajka, 2010<\/figcaption><\/figure>\n<figure id=\"attachment_3150\" aria-describedby=\"caption-attachment-3150\" style=\"width: 718px\" class=\"wp-caption alignnone\"><img loading=\"lazy\" decoding=\"async\" class=\"size-large wp-image-3150\" src=\"https:\/\/www.vlaknapameti.cz\/wp-content\/uploads\/1342vd-718x1024.jpg\" alt=\"Milenci u Eifelovky, len, pali\u010dkovan\u00e1 krajka, 2020\u200b\" width=\"718\" height=\"1024\" srcset=\"https:\/\/www.vlaknapameti.cz\/wp-content\/uploads\/1342vd-718x1024.jpg 718w, https:\/\/www.vlaknapameti.cz\/wp-content\/uploads\/1342vd-210x300.jpg 210w, https:\/\/www.vlaknapameti.cz\/wp-content\/uploads\/1342vd-768x1096.jpg 768w, https:\/\/www.vlaknapameti.cz\/wp-content\/uploads\/1342vd-1077x1536.jpg 1077w, https:\/\/www.vlaknapameti.cz\/wp-content\/uploads\/1342vd.jpg 1200w\" sizes=\"auto, (max-width: 718px) 100vw, 718px\" \/><figcaption id=\"caption-attachment-3150\" class=\"wp-caption-text\">Milenci u Eifelovky, len, pali\u010dkovan\u00e1 krajka, 2020\u200b<\/figcaption><\/figure>\n<p>&nbsp;<\/p>\n","protected":false},"excerpt":{"rendered":"<p>Mil\u010da Eremi\u00e1\u0161ov\u00e1 (polo\u017eka interaktivn\u00ed mapy s v\u00edcero reprodukcemi) Mil\u010da Eremi\u00e1\u0161ov\u00e1 se narodila (1938) v Praze, kde tak\u00e9 \u017eije a pracuje. V letech 1957\u20131963 studovala na Vysok\u00e9 \u0161kole um\u011bleckopr\u016fmyslov\u00e9 v Praze &#8230;<\/p>\n","protected":false},"author":1,"featured_media":0,"parent":0,"menu_order":0,"comment_status":"closed","ping_status":"closed","template":"","meta":{"footnotes":""},"class_list":["post-3218","page","type-page","status-publish","hentry"],"_links":{"self":[{"href":"https:\/\/www.vlaknapameti.cz\/index.php?rest_route=\/wp\/v2\/pages\/3218","targetHints":{"allow":["GET"]}}],"collection":[{"href":"https:\/\/www.vlaknapameti.cz\/index.php?rest_route=\/wp\/v2\/pages"}],"about":[{"href":"https:\/\/www.vlaknapameti.cz\/index.php?rest_route=\/wp\/v2\/types\/page"}],"author":[{"embeddable":true,"href":"https:\/\/www.vlaknapameti.cz\/index.php?rest_route=\/wp\/v2\/users\/1"}],"replies":[{"embeddable":true,"href":"https:\/\/www.vlaknapameti.cz\/index.php?rest_route=%2Fwp%2Fv2%2Fcomments&post=3218"}],"version-history":[{"count":3,"href":"https:\/\/www.vlaknapameti.cz\/index.php?rest_route=\/wp\/v2\/pages\/3218\/revisions"}],"predecessor-version":[{"id":3243,"href":"https:\/\/www.vlaknapameti.cz\/index.php?rest_route=\/wp\/v2\/pages\/3218\/revisions\/3243"}],"wp:attachment":[{"href":"https:\/\/www.vlaknapameti.cz\/index.php?rest_route=%2Fwp%2Fv2%2Fmedia&parent=3218"}],"curies":[{"name":"wp","href":"https:\/\/api.w.org\/{rel}","templated":true}]}}