{"id":3215,"date":"2025-11-17T16:16:06","date_gmt":"2025-11-17T16:16:06","guid":{"rendered":"https:\/\/www.vlaknapameti.cz\/?page_id=3215"},"modified":"2025-11-17T17:40:26","modified_gmt":"2025-11-17T17:40:26","slug":"im-anna-halikova","status":"publish","type":"page","link":"https:\/\/www.vlaknapameti.cz\/?page_id=3215","title":{"rendered":"IM: Anna Hal\u00edkov\u00e1"},"content":{"rendered":"<h2>Anna Hal\u00edkov\u00e1<\/h2>\n<p><em>(polo\u017eka interaktivn\u00ed mapy s v\u00edcero reprodukcemi)<\/em><\/p>\n<p>Anna Hal\u00edkov\u00e1 (1957) se textiln\u00edm technik\u00e1m v\u011bnuje od d\u011btstv\u00ed. Z\u00e1jem o n\u011b ji p\u0159ivedl ke studiu na \u0160kolsk\u00e9m \u00fastavu um\u011bleck\u00e9 v\u00fdroby v Praze (\u0160\u00daUV). Nejd\u0159\u00edve absolvovala Dvoulet\u00fd kurz a n\u00e1sledn\u011b \u010dty\u0159let\u00e9 studium na St\u0159edn\u00ed odborn\u00e9 um\u011blecko\u0159emesln\u00e9 \u0161kole p\u0159i \u0160\u00daUV. Po ukon\u010den\u00ed studia nastoupila do \u00dast\u0159ed\u00ed lidov\u00e9 um\u011bleck\u00e9 v\u00fdroby v Praze, pozd\u011bji pracovala v pra\u017esk\u00e9m \u00dastavu bytov\u00e9 a od\u011bvn\u00ed kultury. Koncem osmdes\u00e1t\u00fdch let nastoupila do Odborn\u011b metodick\u00e9ho \u00faseku \u0160\u00daUV a po jeho transformaci na Vy\u0161\u0161\u00ed odbornou \u0161kolu textiln\u00edch \u0159emesel a St\u0159edn\u00ed odbornou \u0161kolu textiln\u00edch \u0159emesel (1999) p\u016fsobila n\u011bkolik let v Pedagogick\u00e9m muzeu J. A. Komensk\u00e9ho. Posl\u00e9ze op\u011bt nastoupila, jako dokument\u00e1torka, na Vy\u0161\u0161\u00ed odbornou \u0161kolu textiln\u00edch \u0159emesel a St\u0159edn\u00ed odbornou \u0161kolu textiln\u00edch \u0159emesel. B\u011bhem studia se m\u011bla mo\u017enost sezn\u00e1mit s tvorbou Rudolfa Richtera a Vlasty \u0160olcov\u00e9, kter\u00e1 ji mimo jin\u00e9 p\u0159ivedla i k restaurov\u00e1n\u00ed textilu a z\u00e1jmu o historick\u00e9 textilie a krajky. V r\u00e1mci p\u016fsoben\u00ed v Odborn\u00e9 metodick\u00e9m \u00faseku \u0160\u00daUV objevila zapomenut\u00e9 n\u00e1vrhy Emilie Pali\u010dkov\u00e9 a d\u00e1le realizovala krajky podle n\u00e1vrh\u016f Bo\u017eeny Rothmayerov\u00e9, Vlasty Pivrncov\u00e9, Aliny Ja\u0161kov\u00e9, Miroslavy Bradov\u00e9 a Marianny Horv\u00e1thov\u00e9. Hodn\u011b se nau\u010dila p\u0159i realizaci krajek Mil\u010di Eremi\u00e1\u0161ov\u00e9, p\u0159i realizaci jej\u00edch n\u00e1vrh\u016f muzikant\u016f, madon, architektury a domovn\u00edch znamen\u00ed. Krajk\u00e1\u0159sk\u00e1 tvorba A. Hal\u00edkov\u00e9 je zaj\u00edmav\u00e1 t\u00edm, \u017ee postupn\u011b p\u0159ech\u00e1zela od modern\u00ed pali\u010dkovan\u00e9 krajky k historick\u00e9 a \u010dasto se v\u011bnuje i rekonstrukci star\u00fdch zapomenut\u00fdch vzor\u016f. Studovala italskou, \u0161pan\u011blskou, francouzskou, slovenskou a \u0161v\u00e9dskou historickou krajku a n\u011bkolik let spolupracovala p\u0159i v\u00fdzkumu kovov\u00fdch krajek ze sb\u00edrek \u017didovsk\u00e9ho muzea v Praze. S vlastn\u00ed tvorbou za\u010dala v roce 1985. Jej\u00edmi prvn\u00edmi pracemi byly jednoduch\u00e9 obr\u00e1zky ze z\u00e1kladn\u00edch krajk\u00e1\u0159sk\u00fdch vazeb pro studenty \u2013 za\u010d\u00e1te\u010dn\u00edky, aby jimi o\u017eivila zab\u011bhnutou v\u00fduku zam\u011b\u0159enou na pali\u010dkov\u00e1n\u00ed vzorn\u00ed\u010dk\u016f. Postupn\u011b se jej\u00ed tvorba orientovala na \u0161perky a od\u011bvn\u00ed dopl\u0148ky, kter\u00e9 byly \u00fasp\u011b\u0161n\u011b prezentov\u00e1ny na v\u00fdstav\u00e1ch a m\u00f3dn\u00edch p\u0159ehl\u00eddk\u00e1ch doma i v zahrani\u010d\u00ed. Od po\u010d\u00e1tku devades\u00e1t\u00fdch let se v\u011bnuje v\u00fduce pali\u010dkovan\u00e9 krajky, a to i v za hrani\u010d\u00ed, a spolupracuje s m\u011bstem Vamberk na po\u0159\u00e1d\u00e1n\u00ed Mezin\u00e1rodn\u00edch krajk\u00e1\u0159sk\u00fdch slavnost\u00ed. Pod\u00edlela se na p\u0159\u00edprav\u011b 11. sv\u011btov\u00e9ho krajk\u00e1\u0159sk\u00e9ho kongresu OIDFA v Praze v roce 2004. V letech 1997-1999 spolupracovala s Muzeem krajky ve Vamberku a Okresn\u00edm muzeem v Klatovech na projektu BLEN (Bobbin Lace European Network \u2013 Evropsk\u00e1 s\u00ed\u0165 pali\u010dkovan\u00e9 krajky). Od konce devades\u00e1t\u00fdch let vyd\u00e1v\u00e1 spole\u010dn\u011b s Alinou Ja\u0161kovou \u010dasopis Krajka. Je spoluautorkou publikace Krajky, v\u00fd\u0161ivky, stuhy, pr\u00fdmky (2004). Pod\u00edlela se na realizaci mnoha v\u00fdstav \u010desk\u00e9 modern\u00ed i historick\u00e9 krajky doma i v cizin\u011b. V roce 2011 m\u011bla v\u00fdstavu s n\u00e1zvem Moje mal\u00e1 Inventura v Muzeu krajky Vamberk. Jej\u00ed pr\u00e1ce jsou v n\u011bm zastoupeny.<\/p>\n<figure id=\"attachment_3154\" aria-describedby=\"caption-attachment-3154\" style=\"width: 770px\" class=\"wp-caption alignnone\"><img loading=\"lazy\" decoding=\"async\" class=\" wp-image-3154\" src=\"https:\/\/www.vlaknapameti.cz\/wp-content\/uploads\/1344v-703x1024.jpg\" alt=\"N\u00e1hrdeln\u00edk I, leonsk\u00e9 p\u0159edivo a dracoun, pali\u010dkovan\u00e1 krajka\" width=\"770\" height=\"1122\" srcset=\"https:\/\/www.vlaknapameti.cz\/wp-content\/uploads\/1344v-703x1024.jpg 703w, https:\/\/www.vlaknapameti.cz\/wp-content\/uploads\/1344v-206x300.jpg 206w, https:\/\/www.vlaknapameti.cz\/wp-content\/uploads\/1344v-768x1118.jpg 768w, https:\/\/www.vlaknapameti.cz\/wp-content\/uploads\/1344v-1055x1536.jpg 1055w, https:\/\/www.vlaknapameti.cz\/wp-content\/uploads\/1344v.jpg 1200w\" sizes=\"auto, (max-width: 770px) 100vw, 770px\" \/><figcaption id=\"caption-attachment-3154\" class=\"wp-caption-text\">N\u00e1hrdeln\u00edk I, leonsk\u00e9 p\u0159edivo a dracoun, pali\u010dkovan\u00e1 krajka<\/figcaption><\/figure>\n<figure id=\"attachment_3155\" aria-describedby=\"caption-attachment-3155\" style=\"width: 771px\" class=\"wp-caption alignnone\"><img loading=\"lazy\" decoding=\"async\" class=\"size-large wp-image-3155\" src=\"https:\/\/www.vlaknapameti.cz\/wp-content\/uploads\/1344va-771x1024.jpg\" alt=\"N\u00e1hrdeln\u00edk II, leonsk\u00e9 p\u0159edivo a dracoun, pali\u010dkovan\u00e1 krajka\" width=\"771\" height=\"1024\" srcset=\"https:\/\/www.vlaknapameti.cz\/wp-content\/uploads\/1344va-771x1024.jpg 771w, https:\/\/www.vlaknapameti.cz\/wp-content\/uploads\/1344va-226x300.jpg 226w, https:\/\/www.vlaknapameti.cz\/wp-content\/uploads\/1344va-768x1020.jpg 768w, https:\/\/www.vlaknapameti.cz\/wp-content\/uploads\/1344va-1156x1536.jpg 1156w, https:\/\/www.vlaknapameti.cz\/wp-content\/uploads\/1344va.jpg 1200w\" sizes=\"auto, (max-width: 771px) 100vw, 771px\" \/><figcaption id=\"caption-attachment-3155\" class=\"wp-caption-text\">N\u00e1hrdeln\u00edk II, leonsk\u00e9 p\u0159edivo a dracoun, pali\u010dkovan\u00e1 krajka<\/figcaption><\/figure>\n<figure id=\"attachment_3156\" aria-describedby=\"caption-attachment-3156\" style=\"width: 770px\" class=\"wp-caption alignnone\"><img loading=\"lazy\" decoding=\"async\" class=\" wp-image-3156\" src=\"https:\/\/www.vlaknapameti.cz\/wp-content\/uploads\/1344vb-725x1024.jpg\" alt=\"N\u00e1hrdeln\u00edk III, leonsk\u00e9 p\u0159edivo a dracoun, pali\u010dkovan\u00e1 krajka\" width=\"770\" height=\"1088\" srcset=\"https:\/\/www.vlaknapameti.cz\/wp-content\/uploads\/1344vb-725x1024.jpg 725w, https:\/\/www.vlaknapameti.cz\/wp-content\/uploads\/1344vb-213x300.jpg 213w, https:\/\/www.vlaknapameti.cz\/wp-content\/uploads\/1344vb-768x1084.jpg 768w, https:\/\/www.vlaknapameti.cz\/wp-content\/uploads\/1344vb-1088x1536.jpg 1088w, https:\/\/www.vlaknapameti.cz\/wp-content\/uploads\/1344vb.jpg 1200w\" sizes=\"auto, (max-width: 770px) 100vw, 770px\" \/><figcaption id=\"caption-attachment-3156\" class=\"wp-caption-text\">N\u00e1hrdeln\u00edk III, leonsk\u00e9 p\u0159edivo a dracoun, pali\u010dkovan\u00e1 krajka<\/figcaption><\/figure>\n<p>&nbsp;<\/p>\n","protected":false},"excerpt":{"rendered":"<p>Anna Hal\u00edkov\u00e1 (polo\u017eka interaktivn\u00ed mapy s v\u00edcero reprodukcemi) Anna Hal\u00edkov\u00e1 (1957) se textiln\u00edm technik\u00e1m v\u011bnuje od d\u011btstv\u00ed. Z\u00e1jem o n\u011b ji p\u0159ivedl ke studiu na \u0160kolsk\u00e9m \u00fastavu um\u011bleck\u00e9 v\u00fdroby v &#8230;<\/p>\n","protected":false},"author":1,"featured_media":0,"parent":0,"menu_order":0,"comment_status":"closed","ping_status":"closed","template":"","meta":{"footnotes":""},"class_list":["post-3215","page","type-page","status-publish","hentry"],"_links":{"self":[{"href":"https:\/\/www.vlaknapameti.cz\/index.php?rest_route=\/wp\/v2\/pages\/3215","targetHints":{"allow":["GET"]}}],"collection":[{"href":"https:\/\/www.vlaknapameti.cz\/index.php?rest_route=\/wp\/v2\/pages"}],"about":[{"href":"https:\/\/www.vlaknapameti.cz\/index.php?rest_route=\/wp\/v2\/types\/page"}],"author":[{"embeddable":true,"href":"https:\/\/www.vlaknapameti.cz\/index.php?rest_route=\/wp\/v2\/users\/1"}],"replies":[{"embeddable":true,"href":"https:\/\/www.vlaknapameti.cz\/index.php?rest_route=%2Fwp%2Fv2%2Fcomments&post=3215"}],"version-history":[{"count":3,"href":"https:\/\/www.vlaknapameti.cz\/index.php?rest_route=\/wp\/v2\/pages\/3215\/revisions"}],"predecessor-version":[{"id":3247,"href":"https:\/\/www.vlaknapameti.cz\/index.php?rest_route=\/wp\/v2\/pages\/3215\/revisions\/3247"}],"wp:attachment":[{"href":"https:\/\/www.vlaknapameti.cz\/index.php?rest_route=%2Fwp%2Fv2%2Fmedia&parent=3215"}],"curies":[{"name":"wp","href":"https:\/\/api.w.org\/{rel}","templated":true}]}}