{"id":3045,"date":"2025-11-11T18:29:31","date_gmt":"2025-11-11T18:29:31","guid":{"rendered":"https:\/\/www.vlaknapameti.cz\/?page_id=3045"},"modified":"2025-11-17T17:39:37","modified_gmt":"2025-11-17T17:39:37","slug":"im_marie_vankova","status":"publish","type":"page","link":"https:\/\/www.vlaknapameti.cz\/?page_id=3045","title":{"rendered":"IM: Marie Va\u0148kov\u00e1"},"content":{"rendered":"<h2>Marie Va\u0148kov\u00e1<\/h2>\n<p><em>(polo\u017eka interaktivn\u00ed mapy s v\u00edcero reprodukcemi)<\/em><\/p>\n<p>Marie Va\u0148kov\u00e1 (1929\u20132024) se narodila a \u017eila v Praze. Studovala na Vysok\u00e9 \u0161kole um\u011bleckopr\u016fmyslov\u00e9 v Ateli\u00e9ru krajky a v\u00fd\u0161ivky prof. Emilie Pali\u010dkov\u00e9. V roce 1956 nastoupila do n. p. Textiln\u00ed tvorba, Praha. Po jeho zru\u0161en\u00ed, v roce 1958, pracovala do roku 1961 v pra\u017esk\u00e9m \u00dastavu bytov\u00e9 a od\u011bvn\u00ed kultury. kultury. V\u011bnovala se v nich i navrhov\u00e1n\u00ed krajek pro tov\u00e1rn\u00ed v\u00fdrobu. V letech 1961-1994 p\u016fsobila na Vysok\u00e9 \u0161kole um\u011blecko-pr\u016fmyslov\u00e9 v Praze. Nejprve jako odborn\u00e1 asistentka pro obor krajky v textiln\u00edm ateli\u00e9ru prof. Anton\u00edna Kybala, posl\u00e9ze jako docentka a profesorka. Vychovala n\u011bkolik generac\u00ed krajk\u00e1\u0159ek. Pedagogick\u00e9 \u010dinnosti v oblasti krajky se v\u011bnovala nejenom doma, p\u016fsobila i v zahrani\u010d\u00ed. Do um\u011bn\u00ed pali\u010dkovan\u00e9 krajky zasv\u011bcovala v letech 2002-2008 tak\u00e9 studenty Katedry v\u00fdtvarn\u00e9 kultury a textiln\u00ed tvorby Pedagogick\u00e9 fakulty Univerzity Hradec Kr\u00e1lov\u00e9. Marie Va\u0148kov\u00e1 spolupracovala s dru\u017estvem Vambereck\u00e1 krajka Vamberk. Byly v n\u011bm realizov\u00e1ny pr\u00e1ce, kter\u00e9m navrhla pro Sv\u011btovou v\u00fdstavu Expo 67 v Montrealu. Od roku 1956 vystavovala doma i v zahrani\u010d\u00ed. V roce 1985 z\u00edskal ateli\u00e9r veden\u00fd prof. Va\u0148kovou na Vysok\u00e9 \u0161kole um\u011bleckopr\u016fmyslov\u00e9 Grand Prix Kr\u00e1lovny Fabiony na 2. Mezin\u00e1rodn\u00edm bien\u00e1le krajky v Bruselu. V roce 1989 na 4. Mezin\u00e1rodn\u00edm bien\u00e1le krajky v Bruselu z\u00edskala st\u0159\u00edbrnou pali\u010dku. Z \u0159ady ocen\u011bn\u00ed doma i ve sv\u011bt\u011b je t\u0159eba je\u0161t\u011b p\u0159ipomenout diplom Muzea krajky ve Vamberku z II. Bien\u00e1le \u010desk\u00e9 krajky v roce 2004 a X. Bien\u00e1le v roce 2022. Na VII. Bien\u00e1le \u010desk\u00e9 krajky v roce 2015 z\u00edskala Zlatou pali\u010dku. Vytvo\u0159ila \u0159adu pozoruhodn\u00fdch prostorov\u00fdch krajkov\u00fdch objekt\u016f, v\u011bnovala se i pali\u010dkovan\u00e9mu \u0161perku, origin\u00e1ln\u00edm od\u011bvn\u00edm dopl\u0148k\u016fm, n\u00e1vrh\u016fm krajek k ubrus\u016fm a prost\u00edr\u00e1n\u00ed. P\u0159i jejich realizaci spolupracovala s krajk\u00e1\u0159kou Janou \u0160tefkovou z Merklovic u Vamberka nebo s V\u011brou Pr\u00e1\u0161ilovou z Hradce Kr\u00e1lov\u00e9. Pr\u00e1ce Marie Va\u0148kov\u00e9 jsou zastoupeny v expozici Muzea krajky ve Vamberku.<\/p>\n<figure id=\"attachment_3139\" aria-describedby=\"caption-attachment-3139\" style=\"width: 800px\" class=\"wp-caption alignnone\"><img loading=\"lazy\" decoding=\"async\" class=\"size-large wp-image-3139\" src=\"https:\/\/www.vlaknapameti.cz\/wp-content\/uploads\/1341v-992x1024.jpg\" alt=\"Marie Va\u0148kov\u00e1, 2. desetilet\u00ed 21. stol.\" width=\"800\" height=\"826\" srcset=\"https:\/\/www.vlaknapameti.cz\/wp-content\/uploads\/1341v-992x1024.jpg 992w, https:\/\/www.vlaknapameti.cz\/wp-content\/uploads\/1341v-291x300.jpg 291w, https:\/\/www.vlaknapameti.cz\/wp-content\/uploads\/1341v-768x793.jpg 768w, https:\/\/www.vlaknapameti.cz\/wp-content\/uploads\/1341v.jpg 1200w\" sizes=\"auto, (max-width: 800px) 100vw, 800px\" \/><figcaption id=\"caption-attachment-3139\" class=\"wp-caption-text\">Marie Va\u0148kov\u00e1, 2. desetilet\u00ed 21. stol.<\/figcaption><\/figure>\n<figure id=\"attachment_3140\" aria-describedby=\"caption-attachment-3140\" style=\"width: 344px\" class=\"wp-caption alignnone\"><img loading=\"lazy\" decoding=\"async\" class=\"size-large wp-image-3140\" src=\"https:\/\/www.vlaknapameti.cz\/wp-content\/uploads\/1341va-344x1024.jpg\" alt=\"Ve\u010dern\u00ed \u0161aty., hedv\u00e1b\u00ed a leonsk\u00e9 p\u0159edivo, pali\u010dkovan\u00e1 krajka, 1966-1967\" width=\"344\" height=\"1024\" srcset=\"https:\/\/www.vlaknapameti.cz\/wp-content\/uploads\/1341va-344x1024.jpg 344w, https:\/\/www.vlaknapameti.cz\/wp-content\/uploads\/1341va-101x300.jpg 101w, https:\/\/www.vlaknapameti.cz\/wp-content\/uploads\/1341va-768x2289.jpg 768w, https:\/\/www.vlaknapameti.cz\/wp-content\/uploads\/1341va-687x2048.jpg 687w, https:\/\/www.vlaknapameti.cz\/wp-content\/uploads\/1341va-scaled.jpg 859w\" sizes=\"auto, (max-width: 344px) 100vw, 344px\" \/><figcaption id=\"caption-attachment-3140\" class=\"wp-caption-text\">Ve\u010dern\u00ed \u0161aty., hedv\u00e1b\u00ed a leonsk\u00e9 p\u0159edivo, pali\u010dkovan\u00e1 krajka, 1966-1967<\/figcaption><\/figure>\n<figure id=\"attachment_3141\" aria-describedby=\"caption-attachment-3141\" style=\"width: 483px\" class=\"wp-caption alignnone\"><img loading=\"lazy\" decoding=\"async\" class=\"size-large wp-image-3141\" src=\"https:\/\/www.vlaknapameti.cz\/wp-content\/uploads\/1341vb-483x1024.jpg\" alt=\"Praha kvetouc\u00ed, len, 210\u00d7100 cm, pali\u010dkovan\u00e1 krajka, 1980\" width=\"483\" height=\"1024\" srcset=\"https:\/\/www.vlaknapameti.cz\/wp-content\/uploads\/1341vb-483x1024.jpg 483w, https:\/\/www.vlaknapameti.cz\/wp-content\/uploads\/1341vb-142x300.jpg 142w, https:\/\/www.vlaknapameti.cz\/wp-content\/uploads\/1341vb-768x1628.jpg 768w, https:\/\/www.vlaknapameti.cz\/wp-content\/uploads\/1341vb-725x1536.jpg 725w, https:\/\/www.vlaknapameti.cz\/wp-content\/uploads\/1341vb-966x2048.jpg 966w, https:\/\/www.vlaknapameti.cz\/wp-content\/uploads\/1341vb.jpg 1200w\" sizes=\"auto, (max-width: 483px) 100vw, 483px\" \/><figcaption id=\"caption-attachment-3141\" class=\"wp-caption-text\">Praha kvetouc\u00ed, len, 210\u00d7100 cm, pali\u010dkovan\u00e1 krajka, 1980<\/figcaption><\/figure>\n<figure id=\"attachment_3142\" aria-describedby=\"caption-attachment-3142\" style=\"width: 800px\" class=\"wp-caption alignnone\"><img loading=\"lazy\" decoding=\"async\" class=\"size-large wp-image-3142\" src=\"https:\/\/www.vlaknapameti.cz\/wp-content\/uploads\/1341vc-914x1024.jpg\" alt=\"Moje zahr\u00e1dka, len, 12\u00d710 cm, pali\u010dkovan\u00e1 krajka, 1981\" width=\"800\" height=\"896\" srcset=\"https:\/\/www.vlaknapameti.cz\/wp-content\/uploads\/1341vc-914x1024.jpg 914w, https:\/\/www.vlaknapameti.cz\/wp-content\/uploads\/1341vc-268x300.jpg 268w, https:\/\/www.vlaknapameti.cz\/wp-content\/uploads\/1341vc-768x860.jpg 768w, https:\/\/www.vlaknapameti.cz\/wp-content\/uploads\/1341vc.jpg 1200w\" sizes=\"auto, (max-width: 800px) 100vw, 800px\" \/><figcaption id=\"caption-attachment-3142\" class=\"wp-caption-text\">Moje zahr\u00e1dka, len, 12\u00d710 cm, pali\u010dkovan\u00e1 krajka, 1981<\/figcaption><\/figure>\n<figure id=\"attachment_3143\" aria-describedby=\"caption-attachment-3143\" style=\"width: 475px\" class=\"wp-caption alignnone\"><img loading=\"lazy\" decoding=\"async\" class=\"size-large wp-image-3143\" src=\"https:\/\/www.vlaknapameti.cz\/wp-content\/uploads\/1341vd-475x1024.jpg\" alt=\"M\u00edr, len a dracoun, 215\u00d790 cm, pali\u010dkovan\u00e1 krajka, 1983\" width=\"475\" height=\"1024\" srcset=\"https:\/\/www.vlaknapameti.cz\/wp-content\/uploads\/1341vd-475x1024.jpg 475w, https:\/\/www.vlaknapameti.cz\/wp-content\/uploads\/1341vd-139x300.jpg 139w, https:\/\/www.vlaknapameti.cz\/wp-content\/uploads\/1341vd-768x1656.jpg 768w, https:\/\/www.vlaknapameti.cz\/wp-content\/uploads\/1341vd-712x1536.jpg 712w, https:\/\/www.vlaknapameti.cz\/wp-content\/uploads\/1341vd-950x2048.jpg 950w, https:\/\/www.vlaknapameti.cz\/wp-content\/uploads\/1341vd-scaled.jpg 1187w\" sizes=\"auto, (max-width: 475px) 100vw, 475px\" \/><figcaption id=\"caption-attachment-3143\" class=\"wp-caption-text\">M\u00edr, len a dracoun, 215\u00d790 cm, pali\u010dkovan\u00e1 krajka, 1983<\/figcaption><\/figure>\n<figure id=\"attachment_3144\" aria-describedby=\"caption-attachment-3144\" style=\"width: 800px\" class=\"wp-caption alignnone\"><img loading=\"lazy\" decoding=\"async\" class=\"size-large wp-image-3144\" src=\"https:\/\/www.vlaknapameti.cz\/wp-content\/uploads\/1341ve-1024x673.jpg\" alt=\"Jeden lidsk\u00fd \u017eivot, len, 55\u00d780\u00d74 cm, pali\u010dkovan\u00e1 krajka, 2012\" width=\"800\" height=\"526\" srcset=\"https:\/\/www.vlaknapameti.cz\/wp-content\/uploads\/1341ve-1024x673.jpg 1024w, https:\/\/www.vlaknapameti.cz\/wp-content\/uploads\/1341ve-300x197.jpg 300w, https:\/\/www.vlaknapameti.cz\/wp-content\/uploads\/1341ve-768x505.jpg 768w, https:\/\/www.vlaknapameti.cz\/wp-content\/uploads\/1341ve.jpg 1200w\" sizes=\"auto, (max-width: 800px) 100vw, 800px\" \/><figcaption id=\"caption-attachment-3144\" class=\"wp-caption-text\">Jeden lidsk\u00fd \u017eivot, len, 55\u00d780\u00d74 cm, pali\u010dkovan\u00e1 krajka, 2012<\/figcaption><\/figure>\n<figure id=\"attachment_3145\" aria-describedby=\"caption-attachment-3145\" style=\"width: 800px\" class=\"wp-caption alignnone\"><img loading=\"lazy\" decoding=\"async\" class=\"size-large wp-image-3145\" src=\"https:\/\/www.vlaknapameti.cz\/wp-content\/uploads\/1341vf-1024x840.jpg\" alt=\"Splynut\u00ed, pali\u010dkovan\u00e1 krajka, 2013\" width=\"800\" height=\"656\" srcset=\"https:\/\/www.vlaknapameti.cz\/wp-content\/uploads\/1341vf-1024x840.jpg 1024w, https:\/\/www.vlaknapameti.cz\/wp-content\/uploads\/1341vf-300x246.jpg 300w, https:\/\/www.vlaknapameti.cz\/wp-content\/uploads\/1341vf-768x630.jpg 768w, https:\/\/www.vlaknapameti.cz\/wp-content\/uploads\/1341vf.jpg 1200w\" sizes=\"auto, (max-width: 800px) 100vw, 800px\" \/><figcaption id=\"caption-attachment-3145\" class=\"wp-caption-text\">Splynut\u00ed, pali\u010dkovan\u00e1 krajka, 2013<\/figcaption><\/figure>\n<p>&nbsp;<\/p>\n","protected":false},"excerpt":{"rendered":"<p>Marie Va\u0148kov\u00e1 (polo\u017eka interaktivn\u00ed mapy s v\u00edcero reprodukcemi) Marie Va\u0148kov\u00e1 (1929\u20132024) se narodila a \u017eila v Praze. Studovala na Vysok\u00e9 \u0161kole um\u011bleckopr\u016fmyslov\u00e9 v Ateli\u00e9ru krajky a v\u00fd\u0161ivky prof. Emilie Pali\u010dkov\u00e9. &#8230;<\/p>\n","protected":false},"author":1,"featured_media":0,"parent":0,"menu_order":0,"comment_status":"closed","ping_status":"closed","template":"","meta":{"footnotes":""},"class_list":["post-3045","page","type-page","status-publish","hentry"],"_links":{"self":[{"href":"https:\/\/www.vlaknapameti.cz\/index.php?rest_route=\/wp\/v2\/pages\/3045","targetHints":{"allow":["GET"]}}],"collection":[{"href":"https:\/\/www.vlaknapameti.cz\/index.php?rest_route=\/wp\/v2\/pages"}],"about":[{"href":"https:\/\/www.vlaknapameti.cz\/index.php?rest_route=\/wp\/v2\/types\/page"}],"author":[{"embeddable":true,"href":"https:\/\/www.vlaknapameti.cz\/index.php?rest_route=\/wp\/v2\/users\/1"}],"replies":[{"embeddable":true,"href":"https:\/\/www.vlaknapameti.cz\/index.php?rest_route=%2Fwp%2Fv2%2Fcomments&post=3045"}],"version-history":[{"count":4,"href":"https:\/\/www.vlaknapameti.cz\/index.php?rest_route=\/wp\/v2\/pages\/3045\/revisions"}],"predecessor-version":[{"id":3241,"href":"https:\/\/www.vlaknapameti.cz\/index.php?rest_route=\/wp\/v2\/pages\/3045\/revisions\/3241"}],"wp:attachment":[{"href":"https:\/\/www.vlaknapameti.cz\/index.php?rest_route=%2Fwp%2Fv2%2Fmedia&parent=3045"}],"curies":[{"name":"wp","href":"https:\/\/api.w.org\/{rel}","templated":true}]}}