{"id":3042,"date":"2025-11-11T18:28:02","date_gmt":"2025-11-11T18:28:02","guid":{"rendered":"https:\/\/www.vlaknapameti.cz\/?page_id=3042"},"modified":"2025-11-17T17:39:26","modified_gmt":"2025-11-17T17:39:26","slug":"im_eva_fialova","status":"publish","type":"page","link":"https:\/\/www.vlaknapameti.cz\/?page_id=3042","title":{"rendered":"IM: Eva Fialov\u00e1"},"content":{"rendered":"<h2>Eva Fialov\u00e1<\/h2>\n<p><em>(polo\u017eka interaktivn\u00ed mapy s v\u00edcero reprodukcemi)<\/em><\/p>\n<p>Eva Fialov\u00e1 (1929-2015) se narodila v Kralupech nad Vltavou, \u017eila v Praze. V letech 1949\u20131954 studovala v Ateli\u00e9ru krajky a v\u00fd\u0161ivky prof. Emilie Pali\u010dkov\u00e9 na Vysok\u00e9 \u0161kole um\u011bleckopr\u016fmyslov\u00e9 v Praze. Od roku 1955 a\u017e do odchodu do d\u016fchodu byla zam\u011bstn\u00e1na ve V\u00fdzkumn\u00e9m \u00fastavu v\u00fdrobn\u00edch dru\u017estev v Praze. Jej\u00ed pr\u00e1ce byla zam\u011b\u0159ena na v\u00fdvoj tkan\u00ed, pali\u010dkov\u00e1n\u00ed, vy\u0161\u00edv\u00e1n\u00ed, textiln\u00edho tisku, od\u011bvn\u00ed tvorby, v\u00fdroby obuvi. Od roku 1956 \u00fazce spolupracovala s dru\u017estvem Vambereck\u00e1 krajka, Vamberk, kde byly tak\u00e9 jej\u00ed krajky nej\u010dast\u011bji realizov\u00e1ny. Ka\u017edoro\u010dn\u011b se pod\u00edlela na vytv\u00e1\u0159en\u00ed inspira\u010dn\u00edch kolekc\u00ed pro dru\u017estevn\u00ed v\u00fdrobu. \u00da\u010dastnila se \u0159ady v\u00fdstav v \u010cesk\u00e9 republice i v zahrani\u010d\u00ed. Na sv\u011btov\u00e9 v\u00fdstav\u011b v Montrealu v roce 1967 z\u00edskala zlatou medaili. Pro tuto v\u00fdstavu p\u0159ipravila ve spolupr\u00e1ci s od\u011bvn\u00edmi n\u00e1vrh\u00e1\u0159i kolekci pali\u010dkovan\u00fdch \u0161at\u016f, klobouk\u016f, pali\u010dkovan\u00e9 st\u0159ev\u00ed\u010dky a dal\u0161\u00ed. Jej\u00ed krajkov\u00e9 od\u011bvy nevznikly st\u0159\u00edh\u00e1n\u00edm a se\u0161\u00edv\u00e1n\u00edm krajek. Krajka byla pali\u010dkov\u00e1na na p\u0159edem vymodelovan\u00e9m st\u0159ihu od\u011bvu opat\u0159en\u00e9m technick\u00fdm v\u00fdkresem krajky. N\u011bkter\u00e9 z \u0161at\u016f byly ozdobeny \u010desk\u00fdmi gran\u00e1ty. \u0160aty se nach\u00e1zej\u00ed ve sb\u00edrk\u00e1ch Muzea krajky ve Vamberku a Um\u011bleckopr\u016fmyslov\u00e9ho musea v Praze. Eva Fialov\u00e1 se v\u011bnovala tak\u00e9 krajkov\u00e9 tapiseri\u00ed a od\u011bvn\u00edm dopl\u0148k\u016fm, nap\u0159. l\u00edmc\u016fm, \u0161\u00e1l\u00e1m, origin\u00e1ln\u00edm \u0161perk\u016fm. Od 90. let 20. stolet\u00ed na\u0161la spoustu p\u0159\u00e1tel mezi n\u011bmeck\u00fdmi v\u00fdtvarnicemi a krajk\u00e1\u0159kami. V N\u011bmecku po\u0159\u00e1dala \u010dasto kurzy a jej\u00ed pali\u010dkovan\u00e1 d\u00edla jsou zakoupeny v n\u011bkolika soukrom\u00fdch i st\u00e1tn\u00edch sb\u00edrk\u00e1ch, nap\u0159. v Muzeum Ostwall v Dortmundu, kter\u00e9 prezentuje um\u011bn\u00ed 20. a 21. stolet\u00ed. \u00da\u010dastnila se I. Bien\u00e1le \u010cesk\u00e9 krajky ve Vamberku v roce 2002. N\u00e1vrhy jej\u00edch krajek pali\u010dkovaly i krajk\u00e1\u0159ky z Merklovic u Vamberka Jana \u0160tefkov\u00e1 a Jaroslava Jedlinsk\u00e1. V roce 2012 obdr\u017eela \u010destn\u00e9 ob\u010danstv\u00ed m\u011bsta Vamberk.<\/p>\n<figure id=\"attachment_3135\" aria-describedby=\"caption-attachment-3135\" style=\"width: 530px\" class=\"wp-caption alignnone\"><img loading=\"lazy\" decoding=\"async\" class=\"size-large wp-image-3135\" src=\"https:\/\/www.vlaknapameti.cz\/wp-content\/uploads\/1340v-530x1024.jpg\" alt=\"Perli\u010dkov\u00e9 \u0161aty, vlna, pali\u010dkovan\u00e1 krajka, 1963-1964 \" width=\"530\" height=\"1024\" srcset=\"https:\/\/www.vlaknapameti.cz\/wp-content\/uploads\/1340v-530x1024.jpg 530w, https:\/\/www.vlaknapameti.cz\/wp-content\/uploads\/1340v-155x300.jpg 155w, https:\/\/www.vlaknapameti.cz\/wp-content\/uploads\/1340v-768x1483.jpg 768w, https:\/\/www.vlaknapameti.cz\/wp-content\/uploads\/1340v-796x1536.jpg 796w, https:\/\/www.vlaknapameti.cz\/wp-content\/uploads\/1340v-1061x2048.jpg 1061w, https:\/\/www.vlaknapameti.cz\/wp-content\/uploads\/1340v.jpg 1200w\" sizes=\"auto, (max-width: 530px) 100vw, 530px\" \/><figcaption id=\"caption-attachment-3135\" class=\"wp-caption-text\">Perli\u010dkov\u00e9 \u0161aty, vlna, pali\u010dkovan\u00e1 krajka, 1963-1964<\/figcaption><\/figure>\n<figure id=\"attachment_3136\" aria-describedby=\"caption-attachment-3136\" style=\"width: 623px\" class=\"wp-caption alignnone\"><img loading=\"lazy\" decoding=\"async\" class=\"size-large wp-image-3136\" src=\"https:\/\/www.vlaknapameti.cz\/wp-content\/uploads\/1340va-623x1024.jpg\" alt=\"St\u0159\u00edbrn\u00e9 \u0161aty s \u010desk\u00fdmi gran\u00e1ty a st\u0159\u00edbrnou sponou pro Expo 67 v Montrealu, leonsk\u00e9 p\u0159edivo a dracoun, pali\u010dkovan\u00e1 krajka, 196\" width=\"623\" height=\"1024\" srcset=\"https:\/\/www.vlaknapameti.cz\/wp-content\/uploads\/1340va-623x1024.jpg 623w, https:\/\/www.vlaknapameti.cz\/wp-content\/uploads\/1340va-183x300.jpg 183w, https:\/\/www.vlaknapameti.cz\/wp-content\/uploads\/1340va-768x1261.jpg 768w, https:\/\/www.vlaknapameti.cz\/wp-content\/uploads\/1340va-935x1536.jpg 935w, https:\/\/www.vlaknapameti.cz\/wp-content\/uploads\/1340va.jpg 1200w\" sizes=\"auto, (max-width: 623px) 100vw, 623px\" \/><figcaption id=\"caption-attachment-3136\" class=\"wp-caption-text\">St\u0159\u00edbrn\u00e9 \u0161aty s \u010desk\u00fdmi gran\u00e1ty a st\u0159\u00edbrnou sponou pro Expo 67 v Montrealu, leonsk\u00e9 p\u0159edivo a dracoun, pali\u010dkovan\u00e1 krajka, 1967<\/figcaption><\/figure>\n<figure id=\"attachment_3137\" aria-describedby=\"caption-attachment-3137\" style=\"width: 321px\" class=\"wp-caption alignnone\"><img loading=\"lazy\" decoding=\"async\" class=\"size-large wp-image-3137\" src=\"https:\/\/www.vlaknapameti.cz\/wp-content\/uploads\/1340vb-321x1024.jpg\" alt=\"Ve\u010dern\u00ed \u0161aty pro Expo 67 v Montrealu, leonsk\u00e9 p\u0159edivo a dracoun, pali\u010dkovan\u00e1 krajka, 1967\" width=\"321\" height=\"1024\" srcset=\"https:\/\/www.vlaknapameti.cz\/wp-content\/uploads\/1340vb-321x1024.jpg 321w, https:\/\/www.vlaknapameti.cz\/wp-content\/uploads\/1340vb-94x300.jpg 94w, https:\/\/www.vlaknapameti.cz\/wp-content\/uploads\/1340vb-768x2453.jpg 768w, https:\/\/www.vlaknapameti.cz\/wp-content\/uploads\/1340vb-481x1536.jpg 481w\" sizes=\"auto, (max-width: 321px) 100vw, 321px\" \/><figcaption id=\"caption-attachment-3137\" class=\"wp-caption-text\">Ve\u010dern\u00ed \u0161aty pro Expo 67 v Montrealu, leonsk\u00e9 p\u0159edivo a dracoun, pali\u010dkovan\u00e1 krajka, 1967<\/figcaption><\/figure>\n<figure id=\"attachment_3138\" aria-describedby=\"caption-attachment-3138\" style=\"width: 800px\" class=\"wp-caption alignnone\"><img loading=\"lazy\" decoding=\"async\" class=\"size-large wp-image-3138\" src=\"https:\/\/www.vlaknapameti.cz\/wp-content\/uploads\/1340vc-1024x608.jpg\" alt=\"St\u0159ev\u00edce pro Expo 67 v Montrealu, leonsk\u00e9 p\u0159edivo a dracoun, 26x8x3 cm, pali\u010dkovan\u00e1 krajka, 1967\" width=\"800\" height=\"475\" srcset=\"https:\/\/www.vlaknapameti.cz\/wp-content\/uploads\/1340vc-1024x608.jpg 1024w, https:\/\/www.vlaknapameti.cz\/wp-content\/uploads\/1340vc-300x178.jpg 300w, https:\/\/www.vlaknapameti.cz\/wp-content\/uploads\/1340vc-768x456.jpg 768w, https:\/\/www.vlaknapameti.cz\/wp-content\/uploads\/1340vc.jpg 1200w\" sizes=\"auto, (max-width: 800px) 100vw, 800px\" \/><figcaption id=\"caption-attachment-3138\" class=\"wp-caption-text\">St\u0159ev\u00edce pro Expo 67 v Montrealu, leonsk\u00e9 p\u0159edivo a dracoun, 26x8x3 cm, pali\u010dkovan\u00e1 krajka, 1967<\/figcaption><\/figure>\n","protected":false},"excerpt":{"rendered":"<p>Eva Fialov\u00e1 (polo\u017eka interaktivn\u00ed mapy s v\u00edcero reprodukcemi) Eva Fialov\u00e1 (1929-2015) se narodila v Kralupech nad Vltavou, \u017eila v Praze. V letech 1949\u20131954 studovala v Ateli\u00e9ru krajky a v\u00fd\u0161ivky prof. &#8230;<\/p>\n","protected":false},"author":1,"featured_media":0,"parent":0,"menu_order":0,"comment_status":"closed","ping_status":"closed","template":"","meta":{"footnotes":""},"class_list":["post-3042","page","type-page","status-publish","hentry"],"_links":{"self":[{"href":"https:\/\/www.vlaknapameti.cz\/index.php?rest_route=\/wp\/v2\/pages\/3042","targetHints":{"allow":["GET"]}}],"collection":[{"href":"https:\/\/www.vlaknapameti.cz\/index.php?rest_route=\/wp\/v2\/pages"}],"about":[{"href":"https:\/\/www.vlaknapameti.cz\/index.php?rest_route=\/wp\/v2\/types\/page"}],"author":[{"embeddable":true,"href":"https:\/\/www.vlaknapameti.cz\/index.php?rest_route=\/wp\/v2\/users\/1"}],"replies":[{"embeddable":true,"href":"https:\/\/www.vlaknapameti.cz\/index.php?rest_route=%2Fwp%2Fv2%2Fcomments&post=3042"}],"version-history":[{"count":6,"href":"https:\/\/www.vlaknapameti.cz\/index.php?rest_route=\/wp\/v2\/pages\/3042\/revisions"}],"predecessor-version":[{"id":3260,"href":"https:\/\/www.vlaknapameti.cz\/index.php?rest_route=\/wp\/v2\/pages\/3042\/revisions\/3260"}],"wp:attachment":[{"href":"https:\/\/www.vlaknapameti.cz\/index.php?rest_route=%2Fwp%2Fv2%2Fmedia&parent=3042"}],"curies":[{"name":"wp","href":"https:\/\/api.w.org\/{rel}","templated":true}]}}