{"id":3002,"date":"2025-11-08T21:53:18","date_gmt":"2025-11-08T21:53:18","guid":{"rendered":"https:\/\/www.vlaknapameti.cz\/?page_id=3002"},"modified":"2025-11-17T15:54:45","modified_gmt":"2025-11-17T15:54:45","slug":"im_-maria-danielova","status":"publish","type":"page","link":"https:\/\/www.vlaknapameti.cz\/?page_id=3002","title":{"rendered":"IM: M\u00e1ria Danielov\u00e1"},"content":{"rendered":"<h2>M\u00e1ria Danielov\u00e1<\/h2>\n<p><em>(polo\u017eka interaktivn\u00ed mapy s v\u00edcero reprodukcemi)<\/em><\/p>\n<p>M\u00e1ria Danielov\u00e1 se narodila (1953) v Martin\u011b. Jej\u00ed babi\u010dka pat\u0159ila k lidov\u00fdm krajk\u00e1\u0159k\u00e1m. M. danielov\u00e1 se od n\u00ed se nau\u010dila z\u00e1klad\u016fm mnohotv\u00e1rn\u00e9 techniky tvorby krajek. V letech 1971\u20131977 studovala v Ateli\u00e9ru textiln\u00edho v\u00fdtvarnictv\u00ed, u prof. B. Felcmana a prof. M. Va\u0148kov\u00e9, na Vysok\u00e9 \u0161kole um\u011bleckopr\u016fmyslov\u00e9 v Praze. V letech 1978\u20131981 pracovala v \u00dastavu bytov\u00e9 a od\u011bvn\u00ed kultury v Praze. Pot\u00e9, do roku 1984, jako v\u00fdtvarn\u00fd pedagog v kulturn\u00edm dom\u011b v Praze. Po roce 2003 vedla na <a name=\"-wm-x__Hlk207118423\"><\/a>Kated\u0159e v\u00fdtvarn\u00e9 v\u00fdchovy Pedagogick\u00e9 fakulty Univerzity Palack\u00e9ho v Olomouci ateli\u00e9r Kov, objekt, \u0161perk. Z\u00fa\u010dastnila se \u0159ady v\u00fdstav doma i v zahrani\u010d\u00ed. Z\u00edskala mnoho ocen\u011bn\u00ed. Mimo jin\u00e9 v roce 1985 st\u0159\u00edbrnou pali\u010dku na 2. mezin\u00e1rodn\u00edm bien\u00e1le krajky v Bruselu, v roce 1992 na 5. mezin\u00e1rodn\u00edm bien\u00e1le zlatou pali\u010dku a na 9. bien\u00e1le, v roce 2000, k\u0159i\u0161\u0165\u00e1lovou pali\u010dku. V roce 2002 z\u00edskala st\u0159\u00edbrnou pali\u010dku na I. Bien\u00e1le \u010desk\u00e9 krajky ve Vamberku a na II. Bien\u00e1le v roce 2004 pali\u010dku zlatou. Stejn\u00e9ho ocen\u011bn\u00ed dos\u00e1hlo roku 2008 jej\u00ed d\u00edlo Macchina Celeste (IV. Bien\u00e1le) a v roce 2012 instalace Prostory (VI. Bien\u00e1le). Pali\u010dkovan\u00e9 krajce se v\u011bnuje od studijn\u00edch let. Zaj\u00edmaj\u00ed ji hlavn\u011b specifick\u00e9 optick\u00e9 z\u00e1kony spjat\u00e9 s barvou v krajce. Jej\u00ed krajky, a\u010dkoli jsou plo\u0161n\u00e9, navozuj\u00ed dojem prostoru a hloubky. Z\u00e1m\u011brn\u011b se nev\u011bnuje slo\u017eit\u00fdm ornament\u00e1ln\u00edm krajkov\u00fdm struktur\u00e1m. Jej\u00ed krajky jsou minimalistick\u00e9. Tvo\u0159\u00ed pr\u00e1ce monument\u00e1ln\u00edho charakteru, textiln\u00ed miniatury a p\u016fsobiv\u00e9 tvarov\u011b vynal\u00e9zav\u00e9 pali\u010dkovan\u00e9 \u0161perky. Jej\u00ed pr\u00e1ce jsou zastoupeny i v expozici Muzea krajky \u00a0ve Vamberku.<\/p>\n<figure id=\"attachment_3034\" aria-describedby=\"caption-attachment-3034\" style=\"width: 220px\" class=\"wp-caption alignleft\"><img loading=\"lazy\" decoding=\"async\" class=\" wp-image-3034\" src=\"https:\/\/www.vlaknapameti.cz\/wp-content\/uploads\/1339v-754x1024.jpg\" alt=\"M\u00e1ria Danielov\u00e1, po\u010d\u00e1tek 21. stol.\" width=\"220\" height=\"299\" \/><figcaption id=\"caption-attachment-3034\" class=\"wp-caption-text\">M\u00e1ria Danielov\u00e1, po\u010d\u00e1tek 21. stol.<\/figcaption><\/figure>\n<figure id=\"attachment_3035\" aria-describedby=\"caption-attachment-3035\" style=\"width: 800px\" class=\"wp-caption alignnone\"><img loading=\"lazy\" decoding=\"async\" class=\"size-large wp-image-3035\" src=\"https:\/\/www.vlaknapameti.cz\/wp-content\/uploads\/1339va-1024x215.jpg\" alt=\"Macchina Celeste, len, pali\u010dkovan\u00e1 krajka, 2008\" width=\"800\" height=\"168\" \/><figcaption id=\"caption-attachment-3035\" class=\"wp-caption-text\">Macchina Celeste, len, pali\u010dkovan\u00e1 krajka, 2008<\/figcaption><\/figure>\n<figure id=\"attachment_3036\" aria-describedby=\"caption-attachment-3036\" style=\"width: 800px\" class=\"wp-caption alignnone\"><img loading=\"lazy\" decoding=\"async\" class=\"size-large wp-image-3036\" src=\"https:\/\/www.vlaknapameti.cz\/wp-content\/uploads\/1339vc-1024x946.jpg\" alt=\"Dva p\u0159\u00edb\u011bhy, len, 130x100 cm, pali\u010dkovan\u00e1 krajka, 2004\" width=\"800\" height=\"739\" \/><figcaption id=\"caption-attachment-3036\" class=\"wp-caption-text\">Dva p\u0159\u00edb\u011bhy, len, 130&#215;100 cm, pali\u010dkovan\u00e1 krajka, 2004<\/figcaption><\/figure>\n<p>&nbsp;<\/p>\n","protected":false},"excerpt":{"rendered":"<p>M\u00e1ria Danielov\u00e1 (polo\u017eka interaktivn\u00ed mapy s v\u00edcero reprodukcemi) M\u00e1ria Danielov\u00e1 se narodila (1953) v Martin\u011b. Jej\u00ed babi\u010dka pat\u0159ila k lidov\u00fdm krajk\u00e1\u0159k\u00e1m. M. danielov\u00e1 se od n\u00ed se nau\u010dila z\u00e1klad\u016fm mnohotv\u00e1rn\u00e9 &#8230;<\/p>\n","protected":false},"author":1,"featured_media":0,"parent":0,"menu_order":0,"comment_status":"closed","ping_status":"closed","template":"","meta":{"footnotes":""},"class_list":["post-3002","page","type-page","status-publish","hentry"],"_links":{"self":[{"href":"https:\/\/www.vlaknapameti.cz\/index.php?rest_route=\/wp\/v2\/pages\/3002","targetHints":{"allow":["GET"]}}],"collection":[{"href":"https:\/\/www.vlaknapameti.cz\/index.php?rest_route=\/wp\/v2\/pages"}],"about":[{"href":"https:\/\/www.vlaknapameti.cz\/index.php?rest_route=\/wp\/v2\/types\/page"}],"author":[{"embeddable":true,"href":"https:\/\/www.vlaknapameti.cz\/index.php?rest_route=\/wp\/v2\/users\/1"}],"replies":[{"embeddable":true,"href":"https:\/\/www.vlaknapameti.cz\/index.php?rest_route=%2Fwp%2Fv2%2Fcomments&post=3002"}],"version-history":[{"count":6,"href":"https:\/\/www.vlaknapameti.cz\/index.php?rest_route=\/wp\/v2\/pages\/3002\/revisions"}],"predecessor-version":[{"id":3053,"href":"https:\/\/www.vlaknapameti.cz\/index.php?rest_route=\/wp\/v2\/pages\/3002\/revisions\/3053"}],"wp:attachment":[{"href":"https:\/\/www.vlaknapameti.cz\/index.php?rest_route=%2Fwp%2Fv2%2Fmedia&parent=3002"}],"curies":[{"name":"wp","href":"https:\/\/api.w.org\/{rel}","templated":true}]}}