{"id":3000,"date":"2025-11-08T21:51:55","date_gmt":"2025-11-08T21:51:55","guid":{"rendered":"https:\/\/www.vlaknapameti.cz\/?page_id=3000"},"modified":"2025-11-11T18:40:21","modified_gmt":"2025-11-11T18:40:21","slug":"im_alena-maskova","status":"publish","type":"page","link":"https:\/\/www.vlaknapameti.cz\/?page_id=3000","title":{"rendered":"IM: Alena Ma\u0161kov\u00e1"},"content":{"rendered":"<h2>Alena Ma\u0161kov\u00e1<\/h2>\n<p><em>(polo\u017eka interaktivn\u00ed mapy s v\u00edcero reprodukcemi)<\/em><\/p>\n<p>Alena Ma\u0161kov\u00e1 (1955) z\u00edskala z\u00e1klady krajk\u00e1\u0159sk\u00e9ho \u0159emesla v\u00a0prvn\u00ed polovin\u011b sedmdes\u00e1t\u00fdch let p\u0159i studiu na St\u0159edn\u00ed odborn\u00e9 um\u011blecko\u0159emesln\u00e9 \u0161kole p\u0159i \u0160kolsk\u00e9m \u00fastavu um\u011bleck\u00e9 v\u00fdroby v Praze v roce 1974.\u00a0 Vliv na jej\u00ed dal\u0161\u00ed um\u011bleck\u00fd r\u016fst m\u011bla i pr\u00e1ce v technick\u00e9m prost\u0159ed\u00ed a studium automatiza\u010dn\u00ed techniky na St\u0159edn\u00ed pr\u016fmyslov\u00e9 \u0161kole strojnick\u00e9. Velk\u00fdm osobn\u00edm i odborn\u00fdm p\u0159\u00ednosem pro ni bylo pedagogick\u00e9 p\u016fsoben\u00ed na \u0161kole, kterou p\u016fvodn\u011b vystudovala, na dne\u0161n\u00ed a St\u0159edn\u00ed um\u011bleck\u00e9 \u0161kole textiln\u00edch \u0159emesel \u00a0a Vy\u0161\u0161\u00ed odborn\u00e9 \u0161kole textiln\u00edch \u0159emesel v Praze (1992-2015). Pod\u00edlela se na p\u0159\u00edprav\u011b u\u010debn\u00edch osnov a metodik v\u00fduky textiln\u00edch \u0159emesln\u00fdch technik pro S\u0160, VO\u0160, V\u0160CHT a u\u010debn\u00edch osnov Textiln\u00edch \u0159emesln\u00fdch technik. Vypracovala Pracovn\u00ed listy s vyu\u017eit\u00edm informa\u010dn\u00edch a komunika\u010dn\u00edch technologi\u00ed pro technickou p\u0159\u00edpravu krajky a v\u00fd\u0161ivky a Pracovn\u00ed listy \u0159emesln\u00fdch technik. Vlastn\u00ed tvorb\u011b se za\u010dala intenzivn\u011bji v\u011bnovat od roku 1991. Pr\u00e1ce A. Ma\u0161kov\u00e9 byly ocen\u011bny na v\u00fdstav\u00e1ch a sout\u011b\u017e\u00edch doma i v zahrani\u010d\u00ed. Ji\u017e v roce 1992 se nap\u0159\u00edklad z\u00fa\u010dastnila Les rencontres internationales de la dentelle v Bailleul ve Francii, kde z\u00edskala II. cenu, roku 1998 I. cenu a v roce 2001 op\u011bt II. cenu. Na Bien\u00e1le \u010desk\u00e9 krajky ve Vamberku z\u00edskala v letech 2006, 2008, 2010, 2022, 2024 Diplom muzea krajky, v roce 2015 Zlatou pali\u010dku a Cenu sympatie za d\u00edlo Jedna cesta a v roce 2019 Zlatou pali\u010dku za d\u00edlo Ben\u00e1tsk\u00e9 doteky. Alena Ma\u0161kov\u00e1 m\u011bla dv\u011b autorsk\u00e9 v\u00fdstavy v Muzeu krajky ve Vamberku.\u00a0Prvn\u00ed, v\u00a0roce 2017, s\u00a0n\u00e1zvem Cesta krajky I. a druhou v\u00a0roce 2024 s\u00a0n\u00e1zvem Ano, jsem Autista \u2013 vzorn\u00ed\u010dky.<\/p>\n<figure id=\"attachment_3021\" aria-describedby=\"caption-attachment-3021\" style=\"width: 761px\" class=\"wp-caption alignleft\"><img loading=\"lazy\" decoding=\"async\" class=\"size-large wp-image-3021\" src=\"https:\/\/www.vlaknapameti.cz\/wp-content\/uploads\/1338v-761x1024.jpg\" alt=\"V rovnov\u00e1ze: Jaro, bavlna, pali\u010dkovan\u00e1 krajka, 2016\" width=\"761\" height=\"1024\" srcset=\"https:\/\/www.vlaknapameti.cz\/wp-content\/uploads\/1338v-761x1024.jpg 761w, https:\/\/www.vlaknapameti.cz\/wp-content\/uploads\/1338v-223x300.jpg 223w, https:\/\/www.vlaknapameti.cz\/wp-content\/uploads\/1338v-768x1033.jpg 768w, https:\/\/www.vlaknapameti.cz\/wp-content\/uploads\/1338v-1142x1536.jpg 1142w, https:\/\/www.vlaknapameti.cz\/wp-content\/uploads\/1338v.jpg 1200w\" sizes=\"auto, (max-width: 761px) 100vw, 761px\" \/><figcaption id=\"caption-attachment-3021\" class=\"wp-caption-text\">V rovnov\u00e1ze: Jaro, bavlna, pali\u010dkovan\u00e1 krajka, 2016<\/figcaption><\/figure>\n<figure id=\"attachment_3022\" aria-describedby=\"caption-attachment-3022\" style=\"width: 768px\" class=\"wp-caption alignleft\"><img loading=\"lazy\" decoding=\"async\" class=\"size-large wp-image-3022\" src=\"https:\/\/www.vlaknapameti.cz\/wp-content\/uploads\/1338va-768x1024.jpg\" alt=\"V rovnov\u00e1ze: L\u00e9to, bavlna, pali\u010dkovan\u00e1 krajka, 2016\" width=\"768\" height=\"1024\" srcset=\"https:\/\/www.vlaknapameti.cz\/wp-content\/uploads\/1338va-768x1024.jpg 768w, https:\/\/www.vlaknapameti.cz\/wp-content\/uploads\/1338va-225x300.jpg 225w, https:\/\/www.vlaknapameti.cz\/wp-content\/uploads\/1338va-1152x1536.jpg 1152w, https:\/\/www.vlaknapameti.cz\/wp-content\/uploads\/1338va.jpg 1200w\" sizes=\"auto, (max-width: 768px) 100vw, 768px\" \/><figcaption id=\"caption-attachment-3022\" class=\"wp-caption-text\">V rovnov\u00e1ze: L\u00e9to, bavlna, pali\u010dkovan\u00e1 krajka, 2016<\/figcaption><\/figure>\n<figure id=\"attachment_3023\" aria-describedby=\"caption-attachment-3023\" style=\"width: 768px\" class=\"wp-caption alignleft\"><img loading=\"lazy\" decoding=\"async\" class=\"size-large wp-image-3023\" src=\"https:\/\/www.vlaknapameti.cz\/wp-content\/uploads\/1338vb-768x1024.jpg\" alt=\"V rovnov\u00e1ze: Podzim, bavlna, pali\u010dkovan\u00e1 krajka, 2016\" width=\"768\" height=\"1024\" srcset=\"https:\/\/www.vlaknapameti.cz\/wp-content\/uploads\/1338vb-768x1025.jpg 768w, https:\/\/www.vlaknapameti.cz\/wp-content\/uploads\/1338vb-225x300.jpg 225w, https:\/\/www.vlaknapameti.cz\/wp-content\/uploads\/1338vb-1151x1536.jpg 1151w, https:\/\/www.vlaknapameti.cz\/wp-content\/uploads\/1338vb.jpg 1200w\" sizes=\"auto, (max-width: 768px) 100vw, 768px\" \/><figcaption id=\"caption-attachment-3023\" class=\"wp-caption-text\">V rovnov\u00e1ze: Podzim, bavlna, pali\u010dkovan\u00e1 krajka, 2016<\/figcaption><\/figure>\n<figure id=\"attachment_3024\" aria-describedby=\"caption-attachment-3024\" style=\"width: 762px\" class=\"wp-caption alignleft\"><img loading=\"lazy\" decoding=\"async\" class=\"size-large wp-image-3024\" src=\"https:\/\/www.vlaknapameti.cz\/wp-content\/uploads\/1338vc-762x1024.jpg\" alt=\"V rovnov\u00e1ze: Zima, bavlna, pali\u010dkovan\u00e1 krajka, 2016\" width=\"762\" height=\"1024\" srcset=\"https:\/\/www.vlaknapameti.cz\/wp-content\/uploads\/1338vc-762x1024.jpg 762w, https:\/\/www.vlaknapameti.cz\/wp-content\/uploads\/1338vc-223x300.jpg 223w, https:\/\/www.vlaknapameti.cz\/wp-content\/uploads\/1338vc-768x1032.jpg 768w, https:\/\/www.vlaknapameti.cz\/wp-content\/uploads\/1338vc-1143x1536.jpg 1143w, https:\/\/www.vlaknapameti.cz\/wp-content\/uploads\/1338vc.jpg 1200w\" sizes=\"auto, (max-width: 762px) 100vw, 762px\" \/><figcaption id=\"caption-attachment-3024\" class=\"wp-caption-text\">V rovnov\u00e1ze: Zima, bavlna, pali\u010dkovan\u00e1 krajka, 2016<\/figcaption><\/figure>\n<figure id=\"attachment_3025\" aria-describedby=\"caption-attachment-3025\" style=\"width: 768px\" class=\"wp-caption alignleft\"><img loading=\"lazy\" decoding=\"async\" class=\"size-large wp-image-3025\" src=\"https:\/\/www.vlaknapameti.cz\/wp-content\/uploads\/1338vd-768x1024.jpg\" alt=\"Ben\u00e1tsk\u00e9 doteky: Z mo\u0159sk\u00e9 p\u011bny (detail), 2018-2019\" width=\"768\" height=\"1024\" srcset=\"https:\/\/www.vlaknapameti.cz\/wp-content\/uploads\/1338vd-768x1024.jpg 768w, https:\/\/www.vlaknapameti.cz\/wp-content\/uploads\/1338vd-225x300.jpg 225w, https:\/\/www.vlaknapameti.cz\/wp-content\/uploads\/1338vd-1152x1536.jpg 1152w, https:\/\/www.vlaknapameti.cz\/wp-content\/uploads\/1338vd.jpg 1200w\" sizes=\"auto, (max-width: 768px) 100vw, 768px\" \/><figcaption id=\"caption-attachment-3025\" class=\"wp-caption-text\">Ben\u00e1tsk\u00e9 doteky: Z mo\u0159sk\u00e9 p\u011bny (detail), 2018-2019<\/figcaption><\/figure>\n","protected":false},"excerpt":{"rendered":"<p>Alena Ma\u0161kov\u00e1 (polo\u017eka interaktivn\u00ed mapy s v\u00edcero reprodukcemi) Alena Ma\u0161kov\u00e1 (1955) z\u00edskala z\u00e1klady krajk\u00e1\u0159sk\u00e9ho \u0159emesla v\u00a0prvn\u00ed polovin\u011b sedmdes\u00e1t\u00fdch let p\u0159i studiu na St\u0159edn\u00ed odborn\u00e9 um\u011blecko\u0159emesln\u00e9 \u0161kole p\u0159i \u0160kolsk\u00e9m \u00fastavu um\u011bleck\u00e9 &#8230;<\/p>\n","protected":false},"author":1,"featured_media":0,"parent":0,"menu_order":0,"comment_status":"closed","ping_status":"closed","template":"","meta":{"footnotes":""},"class_list":["post-3000","page","type-page","status-publish","hentry"],"_links":{"self":[{"href":"https:\/\/www.vlaknapameti.cz\/index.php?rest_route=\/wp\/v2\/pages\/3000","targetHints":{"allow":["GET"]}}],"collection":[{"href":"https:\/\/www.vlaknapameti.cz\/index.php?rest_route=\/wp\/v2\/pages"}],"about":[{"href":"https:\/\/www.vlaknapameti.cz\/index.php?rest_route=\/wp\/v2\/types\/page"}],"author":[{"embeddable":true,"href":"https:\/\/www.vlaknapameti.cz\/index.php?rest_route=\/wp\/v2\/users\/1"}],"replies":[{"embeddable":true,"href":"https:\/\/www.vlaknapameti.cz\/index.php?rest_route=%2Fwp%2Fv2%2Fcomments&post=3000"}],"version-history":[{"count":4,"href":"https:\/\/www.vlaknapameti.cz\/index.php?rest_route=\/wp\/v2\/pages\/3000\/revisions"}],"predecessor-version":[{"id":3049,"href":"https:\/\/www.vlaknapameti.cz\/index.php?rest_route=\/wp\/v2\/pages\/3000\/revisions\/3049"}],"wp:attachment":[{"href":"https:\/\/www.vlaknapameti.cz\/index.php?rest_route=%2Fwp%2Fv2%2Fmedia&parent=3000"}],"curies":[{"name":"wp","href":"https:\/\/api.w.org\/{rel}","templated":true}]}}