{"id":2819,"date":"2025-09-24T21:03:33","date_gmt":"2025-09-24T21:03:33","guid":{"rendered":"https:\/\/www.vlaknapameti.cz\/?page_id=2819"},"modified":"2025-09-30T00:46:18","modified_gmt":"2025-09-30T00:46:18","slug":"im-emilie-frydecka","status":"publish","type":"page","link":"https:\/\/www.vlaknapameti.cz\/?page_id=2819","title":{"rendered":"IM: Emilie Frydeck\u00e1"},"content":{"rendered":"<h2>Emilie Frydeck\u00e1<\/h2>\n<p><em style=\"font-size: 11pt; font-weight: normal;\">(osobnost lokalizovan\u00e1 v interaktivn\u00ed map\u011b s v\u00edcero reprodukcemi)<\/em><\/p>\n<p>Emilie Frydeck\u00e1 (1938) se narodila ve Zl\u00edn\u011b. V letech 1957\u20131963 studovala na Vysok\u00e9 \u0161kole um\u011bleckopr\u016fmyslov\u00e9 v Praze u v\u00fdznamn\u00fdch textiln\u00edch v\u00fdtvarn\u00edk\u016f prof. Anton\u00edna Kybala a prof. Emilie Pali\u010dkov\u00e9. Pot\u00e9 byla zam\u011bstn\u00e1na jako n\u00e1vrh\u00e1\u0159ka v \u00dastavu bytov\u00e9 a od\u011bvn\u00ed kultury v Praze. Spolupracovala s dru\u017estvem Vambereck\u00e1 krajka Vamberk. Byly v n\u011bm realizov\u00e1ny pr\u00e1ce, kter\u00e9m navrhla pro Sv\u011btovou v\u00fdstavu Expo 67 v Montrealu Od po\u010d\u00e1tku devades\u00e1t\u00fdch let 20. stolet\u00ed p\u016fsobila jako v\u00fdtvarn\u00e1 pedago\u017eka. Nejd\u0159\u00edve v ateli\u00e9ru textilu na Vysok\u00e9 \u0161kole um\u011bleckopr\u016fmyslov\u00e9 v Praze, kde z\u00edskala titul docent, n\u00e1sledn\u011b na Fakult\u011b textiln\u00ed Technick\u00e9 univerzity v Liberci. V sou\u010dasn\u00e9 dob\u011b se v\u011bnuje pln\u011b voln\u00e9 textiln\u00ed tvorb\u011b, zejm\u00e9na pali\u010dkovan\u00e9 krajce. Jej\u00ed pr\u00e1ce jsou promy\u0161len\u00e9 a do detailu vypracovan\u00e9. P\u016fvodn\u011b st\u0159\u00eddmou barevnost b\u00edl\u00fdch a re\u017en\u00fdch p\u0159\u00edz\u00ed pozd\u011bji o\u017eivuje barvou zelenou, n\u00e1sledn\u011b p\u0159ech\u00e1z\u00ed k bohat\u00e9 barevn\u00e9 \u0161k\u00e1le. Po\u010d\u00e1te\u010dn\u00ed obdob\u00ed jej\u00ed pr\u00e1ce charakterizuj\u00ed \u201etextiln\u00ed obrazy\u201c, v nich\u017e uplatnila v\u00fd\u0161ivku i pali\u010dkovanou krajku, kter\u00e1 v jej\u00ed tvorb\u011b p\u0159ev\u00e1\u017eila. Zpo\u010d\u00e1tku vyu\u017e\u00edvala kontrastu z\u00e1kladn\u00edch vazeb a grafick\u00e9ho \u00fa\u010dinku voln\u011b spl\u00fdvaj\u00edc\u00edch a jednodu\u0161e zauzlen\u00fdch vl\u00e1ken. Od p\u0159\u00edrodn\u00edch re\u017en\u00fdch vl\u00e1ken \u010di \u010dernob\u00edl\u00e9ho st\u00ednov\u00e1n\u00ed p\u0159e\u0161la k barevn\u00e9mu pojet\u00ed krajky, kter\u00e9 podtrhuje hlubokou obsahovou str\u00e1nku jej\u00ed tvorby. Svoje pr\u00e1ce prezentovala na \u0159ad\u011b v\u00fdstav doma i v zahrani\u010d\u00ed. V roce 1985 z\u00edskala II. cenu na Mezin\u00e1rodn\u00ed sout\u011b\u017ei Krajka \u2013um\u011bn\u00ed v Betonac v Belgii, na Mezin\u00e1rodn\u00edm bien\u00e1le krajky v Bruselu byla roku 1991 bronzovou pali\u010dkou ocen\u011bna jej\u00ed kompozice Krajina s d\u00e1lnic\u00ed. Na Bien\u00e1le \u010desk\u00e9 krajky ve Vamberku z\u00edskala v roce 2002 zlatou pali\u010dku za d\u00edlo And\u011bl \u017ealostn\u00e9 smrti a roku 2006 Diplom Muzea krajky Vamberk za d\u00edlo Atlas pt\u00e1k\u016f. Je porotkyn\u00ed sout\u011b\u017e Bien\u00e1le \u010desk\u00e9 krajky ve Vamberku. Jej\u00ed pr\u00e1ce jsou zastoupeny v expozici tamn\u00edho Muzea krajky.<\/p>\n<figure id=\"attachment_2858\" aria-describedby=\"caption-attachment-2858\" style=\"width: 800px\" class=\"wp-caption alignleft\"><img loading=\"lazy\" decoding=\"async\" class=\"size-large wp-image-2858\" src=\"https:\/\/www.vlaknapameti.cz\/wp-content\/uploads\/1335v-902x1024.jpg\" alt=\"N\u00e1hrdeln\u00edk (pro Sv\u011btovou v\u00fdstavu Expo 67 v Montrealu), re\u017en\u00fd len, \u010dern\u00e1 p\u0159\u00edze a zlat\u00e9 leonsk\u00e9 p\u0159edivo, pali\u010dkovan\u00e1 krajka, 1967 (realizov\u00e1no v Dru\u017estvu Vambereck\u00e1 krajka Vamberk)\" width=\"800\" height=\"908\" srcset=\"https:\/\/www.vlaknapameti.cz\/wp-content\/uploads\/1335v-902x1024.jpg 902w, https:\/\/www.vlaknapameti.cz\/wp-content\/uploads\/1335v-264x300.jpg 264w, https:\/\/www.vlaknapameti.cz\/wp-content\/uploads\/1335v-768x872.jpg 768w, https:\/\/www.vlaknapameti.cz\/wp-content\/uploads\/1335v.jpg 1200w\" sizes=\"auto, (max-width: 800px) 100vw, 800px\" \/><figcaption id=\"caption-attachment-2858\" class=\"wp-caption-text\">N\u00e1hrdeln\u00edk (pro Sv\u011btovou v\u00fdstavu Expo 67 v Montrealu), re\u017en\u00fd len, \u010dern\u00e1 p\u0159\u00edze a zlat\u00e9 leonsk\u00e9 p\u0159edivo, pali\u010dkovan\u00e1 krajka, 1967 (realizov\u00e1no v Dru\u017estvu Vambereck\u00e1 krajka Vamberk)<\/figcaption><\/figure>\n<figure id=\"attachment_2859\" aria-describedby=\"caption-attachment-2859\" style=\"width: 798px\" class=\"wp-caption alignleft\"><img loading=\"lazy\" decoding=\"async\" class=\" wp-image-2859\" src=\"https:\/\/www.vlaknapameti.cz\/wp-content\/uploads\/1335va-616x1024.jpg\" alt=\"Krajina s d\u00e1lnic\u00ed, bavln\u011bn\u00e1 p\u0159\u00edze, 55x450 cm, pali\u010dkovan\u00e1 krajka, 1991\" width=\"798\" height=\"1327\" srcset=\"https:\/\/www.vlaknapameti.cz\/wp-content\/uploads\/1335va-616x1024.jpg 616w, https:\/\/www.vlaknapameti.cz\/wp-content\/uploads\/1335va-181x300.jpg 181w, https:\/\/www.vlaknapameti.cz\/wp-content\/uploads\/1335va-768x1276.jpg 768w, https:\/\/www.vlaknapameti.cz\/wp-content\/uploads\/1335va-924x1536.jpg 924w, https:\/\/www.vlaknapameti.cz\/wp-content\/uploads\/1335va.jpg 1200w\" sizes=\"auto, (max-width: 798px) 100vw, 798px\" \/><figcaption id=\"caption-attachment-2859\" class=\"wp-caption-text\">Krajina s d\u00e1lnic\u00ed, bavln\u011bn\u00e1 p\u0159\u00edze, 55&#215;450 cm, pali\u010dkovan\u00e1 krajka, 1991<\/figcaption><\/figure>\n<figure id=\"attachment_2860\" aria-describedby=\"caption-attachment-2860\" style=\"width: 799px\" class=\"wp-caption alignleft\"><img loading=\"lazy\" decoding=\"async\" class=\" wp-image-2860\" src=\"https:\/\/www.vlaknapameti.cz\/wp-content\/uploads\/1335vb-700x1024.jpg\" alt=\"Pocta Pierovi de la Francesca, len, pali\u010dkovan\u00e1 krajka, 1993\" width=\"799\" height=\"1169\" srcset=\"https:\/\/www.vlaknapameti.cz\/wp-content\/uploads\/1335vb-700x1024.jpg 700w, https:\/\/www.vlaknapameti.cz\/wp-content\/uploads\/1335vb-205x300.jpg 205w, https:\/\/www.vlaknapameti.cz\/wp-content\/uploads\/1335vb-768x1123.jpg 768w, https:\/\/www.vlaknapameti.cz\/wp-content\/uploads\/1335vb-1050x1536.jpg 1050w, https:\/\/www.vlaknapameti.cz\/wp-content\/uploads\/1335vb.jpg 1200w\" sizes=\"auto, (max-width: 799px) 100vw, 799px\" \/><figcaption id=\"caption-attachment-2860\" class=\"wp-caption-text\">Pocta Pierovi de la Francesca, len, pali\u010dkovan\u00e1 krajka, 1993<\/figcaption><\/figure>\n<figure id=\"attachment_2861\" aria-describedby=\"caption-attachment-2861\" style=\"width: 800px\" class=\"wp-caption alignleft\"><img loading=\"lazy\" decoding=\"async\" class=\"size-large wp-image-2861\" src=\"https:\/\/www.vlaknapameti.cz\/wp-content\/uploads\/1335vc-1024x722.jpg\" alt=\"Atlas pt\u00e1k\u016f, len a f\u00f3lie, 86x62 cm, pali\u010dkovan\u00e1 krajka, 2006\" width=\"800\" height=\"564\" srcset=\"https:\/\/www.vlaknapameti.cz\/wp-content\/uploads\/1335vc-1024x722.jpg 1024w, https:\/\/www.vlaknapameti.cz\/wp-content\/uploads\/1335vc-300x212.jpg 300w, https:\/\/www.vlaknapameti.cz\/wp-content\/uploads\/1335vc-768x541.jpg 768w, https:\/\/www.vlaknapameti.cz\/wp-content\/uploads\/1335vc.jpg 1200w\" sizes=\"auto, (max-width: 800px) 100vw, 800px\" \/><figcaption id=\"caption-attachment-2861\" class=\"wp-caption-text\">Atlas pt\u00e1k\u016f, len a f\u00f3lie, 86&#215;62 cm, pali\u010dkovan\u00e1 krajka, 2006<\/figcaption><\/figure>\n","protected":false},"excerpt":{"rendered":"<p>Emilie Frydeck\u00e1 (osobnost lokalizovan\u00e1 v interaktivn\u00ed map\u011b s v\u00edcero reprodukcemi) Emilie Frydeck\u00e1 (1938) se narodila ve Zl\u00edn\u011b. V letech 1957\u20131963 studovala na Vysok\u00e9 \u0161kole um\u011bleckopr\u016fmyslov\u00e9 v Praze u v\u00fdznamn\u00fdch textiln\u00edch &#8230;<\/p>\n","protected":false},"author":1,"featured_media":0,"parent":0,"menu_order":0,"comment_status":"closed","ping_status":"closed","template":"","meta":{"footnotes":""},"class_list":["post-2819","page","type-page","status-publish","hentry"],"_links":{"self":[{"href":"https:\/\/www.vlaknapameti.cz\/index.php?rest_route=\/wp\/v2\/pages\/2819","targetHints":{"allow":["GET"]}}],"collection":[{"href":"https:\/\/www.vlaknapameti.cz\/index.php?rest_route=\/wp\/v2\/pages"}],"about":[{"href":"https:\/\/www.vlaknapameti.cz\/index.php?rest_route=\/wp\/v2\/types\/page"}],"author":[{"embeddable":true,"href":"https:\/\/www.vlaknapameti.cz\/index.php?rest_route=\/wp\/v2\/users\/1"}],"replies":[{"embeddable":true,"href":"https:\/\/www.vlaknapameti.cz\/index.php?rest_route=%2Fwp%2Fv2%2Fcomments&post=2819"}],"version-history":[{"count":3,"href":"https:\/\/www.vlaknapameti.cz\/index.php?rest_route=\/wp\/v2\/pages\/2819\/revisions"}],"predecessor-version":[{"id":2879,"href":"https:\/\/www.vlaknapameti.cz\/index.php?rest_route=\/wp\/v2\/pages\/2819\/revisions\/2879"}],"wp:attachment":[{"href":"https:\/\/www.vlaknapameti.cz\/index.php?rest_route=%2Fwp%2Fv2%2Fmedia&parent=2819"}],"curies":[{"name":"wp","href":"https:\/\/api.w.org\/{rel}","templated":true}]}}