{"id":2816,"date":"2025-09-24T20:59:18","date_gmt":"2025-09-24T20:59:18","guid":{"rendered":"https:\/\/www.vlaknapameti.cz\/?page_id=2816"},"modified":"2025-09-30T00:54:40","modified_gmt":"2025-09-30T00:54:40","slug":"im-jaroslav-prasil","status":"publish","type":"page","link":"https:\/\/www.vlaknapameti.cz\/?page_id=2816","title":{"rendered":"IM: Jaroslav Pr\u00e1\u0161il"},"content":{"rendered":"<h2>Jaroslav Pr\u00e1\u0161il<\/h2>\n<p><em style=\"font-size: 11pt; font-weight: normal;\">(osobnost lokalizovan\u00e1 v interaktivn\u00ed map\u011b s v\u00edcero reprodukcemi)<\/em><\/p>\n<p>Jaroslav Pr\u00e1\u0161il (1946), mal\u00ed\u0159, grafik, textiln\u00ed v\u00fdtvarn\u00edk a vysoko\u0161kolsk\u00fd pedagog spjat\u00fd s \u00dast\u00edm nad Labem, jezd\u00edval v ml\u00e1d\u00ed k p\u0159\u00edbuzn\u00fdm do vesni\u010dky Hn\u00e1tnice v podh\u016f\u0159\u00ed Orlick\u00fdch hor, kde poznal nelehk\u00fd zp\u016fsob \u017eivota mal\u00fdch zem\u011bd\u011blc\u016f. Sezn\u00e1mil se tam i s n\u00e1stroji a technologi\u00ed zpracov\u00e1n\u00ed lnu, kter\u00e9 se staly v jeho budouc\u00ed v\u00fdtvarn\u00e9 tvorb\u011b v\u00fdrazn\u00fdm prvkem, setkal se tam s tamn\u00edm krajk\u00e1\u0159stv\u00edm. V letech 1960\u20131964 absolvoval \u017eeleznobrodskou St\u0159edn\u00ed um\u011bleckopr\u016fmyslovou \u0161kolu skl\u00e1\u0159skou a v dal\u0161\u00edch \u010dty\u0159ech letech Vysokou \u0161kolu um\u011bleckopr\u016fmyslovou v Praze, obor skl\u00e1\u0159sk\u00e9 v\u00fdtvarnictv\u00ed. B\u011bhem vysoko\u0161kolsk\u00e9ho studia jej zaujala \u0159emesln\u00e1 tvorba kolegy\u0148 v ateli\u00e9ru textilu. Za\u010dal se proto v\u011bnovat i pali\u010dkov\u00e1n\u00ed. V osmdes\u00e1t\u00fdch letech 20. stolet\u00ed ho zaujala tvorba pali\u010dkovan\u00fdch n\u00e1ramk\u016f. Pr\u00e1\u0161ilovy n\u00e1ramky jsou origin\u00e1ln\u00edmi artefakty, specifick\u00fdmi um\u011bleck\u00fdmi d\u00edly. Odkazuj\u00ed na jeho jedine\u010dn\u00fd cit pro detail a barevnost i promy\u0161len\u00e9 sklouben\u00ed estetick\u00e9 kvality s ru\u010dn\u00ed lidovou \u0159emeslnou technikou, projevuj\u00edc\u00ed se variabilitou pou\u017e\u00edvan\u00fdch p\u0159\u00edrodn\u00edch materi\u00e1l\u016f dopln\u011bn\u00fdch syntetickou p\u0159\u00edz\u00ed. Pr\u00e1\u0161il\u016fv tv\u016fr\u010d\u00ed p\u0159\u00edstup, a\u0165 u\u017e ovlivn\u011bn\u00fd geometrick\u00fdm jazykem, organick\u00fdmi tvary nebo lidov\u00fdm \u0159emeslem, je charakteristick\u00fd svou laskavost\u00ed a pokorou k materi\u00e1l\u016fm, se kter\u00fdmi pracuje. Jaroslav Pr\u00e1\u0161il p\u016fsobil jako profesor na Fakult\u011b u\u017eit\u00e9ho um\u011bn\u00ed a designu Univerzity J. E. Purkyn\u011b v \u00dast\u00ed nad Labem. Pravideln\u011b se z\u00fa\u010dast\u0148uje Bien\u00e1le \u010desk\u00e9 krajky ve Vamberku. V letech 2023\u20132024 m\u011bl v\u00fdstavu v Muzeu krajky Vamberk \u201eJaroslav Pr\u00e1\u0161il: len-n\u00e1ramky-perle\u201c V expozici muzea jsou zastoupeny jeho pr\u00e1ce.<\/p>\n<figure id=\"attachment_2853\" aria-describedby=\"caption-attachment-2853\" style=\"width: 789px\" class=\"wp-caption alignleft\"><img loading=\"lazy\" decoding=\"async\" class=\" wp-image-2853\" src=\"https:\/\/www.vlaknapameti.cz\/wp-content\/uploads\/1337v-727x1024.jpg\" alt=\"Jaroslav Pr\u00e1\u0161il, 2023\" width=\"789\" height=\"1111\" srcset=\"https:\/\/www.vlaknapameti.cz\/wp-content\/uploads\/1337v-727x1024.jpg 727w, https:\/\/www.vlaknapameti.cz\/wp-content\/uploads\/1337v-213x300.jpg 213w, https:\/\/www.vlaknapameti.cz\/wp-content\/uploads\/1337v-768x1082.jpg 768w, https:\/\/www.vlaknapameti.cz\/wp-content\/uploads\/1337v-1090x1536.jpg 1090w, https:\/\/www.vlaknapameti.cz\/wp-content\/uploads\/1337v.jpg 1200w\" sizes=\"auto, (max-width: 789px) 100vw, 789px\" \/><figcaption id=\"caption-attachment-2853\" class=\"wp-caption-text\">Jaroslav Pr\u00e1\u0161il, 2023<\/figcaption><\/figure>\n<figure id=\"attachment_2854\" aria-describedby=\"caption-attachment-2854\" style=\"width: 792px\" class=\"wp-caption alignleft\"><img loading=\"lazy\" decoding=\"async\" class=\" wp-image-2854\" src=\"https:\/\/www.vlaknapameti.cz\/wp-content\/uploads\/1337va-714x1024.jpg\" alt=\"N\u00e1ramky, len, bavlna, sklo, hedv\u00e1b\u00ed, kov, pali\u010dkovan\u00e1 krajka, datace od shora dol\u016f: 1983, 1982, 1987, 1990\" width=\"792\" height=\"1135\" srcset=\"https:\/\/www.vlaknapameti.cz\/wp-content\/uploads\/1337va-714x1024.jpg 714w, https:\/\/www.vlaknapameti.cz\/wp-content\/uploads\/1337va-209x300.jpg 209w, https:\/\/www.vlaknapameti.cz\/wp-content\/uploads\/1337va-768x1102.jpg 768w\" sizes=\"auto, (max-width: 792px) 100vw, 792px\" \/><figcaption id=\"caption-attachment-2854\" class=\"wp-caption-text\">N\u00e1ramky, len, bavlna, sklo, hedv\u00e1b\u00ed, kov, pali\u010dkovan\u00e1 krajka, datace od shora dol\u016f: 1983, 1982, 1987, 1990<\/figcaption><\/figure>\n<figure id=\"attachment_2855\" aria-describedby=\"caption-attachment-2855\" style=\"width: 794px\" class=\"wp-caption alignleft\"><img loading=\"lazy\" decoding=\"async\" class=\" wp-image-2855\" src=\"https:\/\/www.vlaknapameti.cz\/wp-content\/uploads\/1337vb-775x1024.jpg\" alt=\"N\u00e1ramky, len, pali\u010dkovan\u00e1 krajka, 2003\" width=\"794\" height=\"1049\" srcset=\"https:\/\/www.vlaknapameti.cz\/wp-content\/uploads\/1337vb-775x1024.jpg 775w, https:\/\/www.vlaknapameti.cz\/wp-content\/uploads\/1337vb-227x300.jpg 227w, https:\/\/www.vlaknapameti.cz\/wp-content\/uploads\/1337vb-768x1015.jpg 768w, https:\/\/www.vlaknapameti.cz\/wp-content\/uploads\/1337vb-1162x1536.jpg 1162w, https:\/\/www.vlaknapameti.cz\/wp-content\/uploads\/1337vb.jpg 1200w\" sizes=\"auto, (max-width: 794px) 100vw, 794px\" \/><figcaption id=\"caption-attachment-2855\" class=\"wp-caption-text\">N\u00e1ramky, len, pali\u010dkovan\u00e1 krajka, 2003<\/figcaption><\/figure>\n<figure id=\"attachment_2856\" aria-describedby=\"caption-attachment-2856\" style=\"width: 800px\" class=\"wp-caption alignleft\"><img loading=\"lazy\" decoding=\"async\" class=\"size-large wp-image-2856\" src=\"https:\/\/www.vlaknapameti.cz\/wp-content\/uploads\/1337vc-1024x489.jpg\" alt=\"N\u00e1ramek, len, dracoun, pali\u010dkovan\u00e1 krajka, 2019\" width=\"800\" height=\"382\" srcset=\"https:\/\/www.vlaknapameti.cz\/wp-content\/uploads\/1337vc-1024x489.jpg 1024w, https:\/\/www.vlaknapameti.cz\/wp-content\/uploads\/1337vc-300x143.jpg 300w, https:\/\/www.vlaknapameti.cz\/wp-content\/uploads\/1337vc-768x367.jpg 768w, https:\/\/www.vlaknapameti.cz\/wp-content\/uploads\/1337vc.jpg 1200w\" sizes=\"auto, (max-width: 800px) 100vw, 800px\" \/><figcaption id=\"caption-attachment-2856\" class=\"wp-caption-text\">N\u00e1ramek, len, dracoun, pali\u010dkovan\u00e1 krajka, 2019<\/figcaption><\/figure>\n<figure id=\"attachment_2857\" aria-describedby=\"caption-attachment-2857\" style=\"width: 800px\" class=\"wp-caption alignleft\"><img loading=\"lazy\" decoding=\"async\" class=\"size-large wp-image-2857\" src=\"https:\/\/www.vlaknapameti.cz\/wp-content\/uploads\/1337vd-1024x470.jpg\" alt=\"N\u00e1ramek, len, dracoun, pali\u010dkovan\u00e1 krajka, 2019\" width=\"800\" height=\"367\" srcset=\"https:\/\/www.vlaknapameti.cz\/wp-content\/uploads\/1337vd-1024x470.jpg 1024w, https:\/\/www.vlaknapameti.cz\/wp-content\/uploads\/1337vd-300x138.jpg 300w, https:\/\/www.vlaknapameti.cz\/wp-content\/uploads\/1337vd-768x353.jpg 768w, https:\/\/www.vlaknapameti.cz\/wp-content\/uploads\/1337vd.jpg 1200w\" sizes=\"auto, (max-width: 800px) 100vw, 800px\" \/><figcaption id=\"caption-attachment-2857\" class=\"wp-caption-text\">N\u00e1ramek, len, dracoun, pali\u010dkovan\u00e1 krajka, 2019<\/figcaption><\/figure>\n","protected":false},"excerpt":{"rendered":"<p>Jaroslav Pr\u00e1\u0161il (osobnost lokalizovan\u00e1 v interaktivn\u00ed map\u011b s v\u00edcero reprodukcemi) Jaroslav Pr\u00e1\u0161il (1946), mal\u00ed\u0159, grafik, textiln\u00ed v\u00fdtvarn\u00edk a vysoko\u0161kolsk\u00fd pedagog spjat\u00fd s \u00dast\u00edm nad Labem, jezd\u00edval v ml\u00e1d\u00ed k p\u0159\u00edbuzn\u00fdm &#8230;<\/p>\n","protected":false},"author":1,"featured_media":0,"parent":0,"menu_order":0,"comment_status":"closed","ping_status":"closed","template":"","meta":{"footnotes":""},"class_list":["post-2816","page","type-page","status-publish","hentry"],"_links":{"self":[{"href":"https:\/\/www.vlaknapameti.cz\/index.php?rest_route=\/wp\/v2\/pages\/2816","targetHints":{"allow":["GET"]}}],"collection":[{"href":"https:\/\/www.vlaknapameti.cz\/index.php?rest_route=\/wp\/v2\/pages"}],"about":[{"href":"https:\/\/www.vlaknapameti.cz\/index.php?rest_route=\/wp\/v2\/types\/page"}],"author":[{"embeddable":true,"href":"https:\/\/www.vlaknapameti.cz\/index.php?rest_route=\/wp\/v2\/users\/1"}],"replies":[{"embeddable":true,"href":"https:\/\/www.vlaknapameti.cz\/index.php?rest_route=%2Fwp%2Fv2%2Fcomments&post=2816"}],"version-history":[{"count":3,"href":"https:\/\/www.vlaknapameti.cz\/index.php?rest_route=\/wp\/v2\/pages\/2816\/revisions"}],"predecessor-version":[{"id":2883,"href":"https:\/\/www.vlaknapameti.cz\/index.php?rest_route=\/wp\/v2\/pages\/2816\/revisions\/2883"}],"wp:attachment":[{"href":"https:\/\/www.vlaknapameti.cz\/index.php?rest_route=%2Fwp%2Fv2%2Fmedia&parent=2816"}],"curies":[{"name":"wp","href":"https:\/\/api.w.org\/{rel}","templated":true}]}}