{"id":2812,"date":"2025-09-21T18:23:11","date_gmt":"2025-09-21T18:23:11","guid":{"rendered":"https:\/\/www.vlaknapameti.cz\/?page_id=2812"},"modified":"2025-09-30T00:50:18","modified_gmt":"2025-09-30T00:50:18","slug":"im-edita-rotreklova","status":"publish","type":"page","link":"https:\/\/www.vlaknapameti.cz\/?page_id=2812","title":{"rendered":"IM: Edita Rotreklov\u00e1"},"content":{"rendered":"<h2>Edita Rotreklov\u00e1<\/h2>\n<p><em>(polo\u017eka interaktivn\u00ed mapy s v\u00edcero reprodukcemi)<\/em><\/p>\n<p>Edita Rotreklov\u00e1 (1979) se od d\u011btstv\u00ed r\u00e1da v\u011bnovala r\u016fzn\u00fdm ru\u010dn\u00edm prac\u00edm \u2013 tkan\u00ed, drh\u00e1n\u00ed, vy\u0161\u00edv\u00e1n\u00ed, pleten\u00ed, h\u00e1\u010dkov\u00e1n\u00ed a dal\u0161\u00edm. P\u0159\u00e1la si um\u011bt pali\u010dkovat, ale v jej\u00edm okol\u00ed to nikdo neum\u011bl. P\u0159i rozhodov\u00e1n\u00ed o v\u00fdb\u011bru st\u0159edn\u00ed \u0161koly objevila St\u0159edn\u00ed odbornou m\u011blecko\u0159emeslnou \u0161kolu p\u0159i \u0160kolsk\u00e9m \u00fastavu um\u011bleck\u00e9 v\u00fdroby v Praze, kde pak v letech 1994\u20131998 studovala. Maturovala na St\u0159edn\u00ed odborn\u00e9 \u0161kole textiln\u00edch \u0159emesel, \u0160kolsk\u00fd \u00fastav um\u011bleck\u00e9 v\u00fdroby byl roku 1994 zru\u0161en. Jako maturitn\u00ed p\u0159edm\u011bt si vybrala pali\u010dkovanou krajku. Z\u00fa\u010dastnila se j\u00ed sout\u011b\u017ee v Lille ve Francii. V obdob\u00ed, kdy na p\u0159echodnou dobu nebyl otev\u0159en obor restaurov\u00e1n\u00ed na Vy\u0161\u0161\u00ed odborn\u00e9 \u0161kole textiln\u00edch \u0159emesel (1999-2003) vystudovala bakal\u00e1\u0159sk\u00fd obor U\u010ditelstv\u00ed pro M\u0160 na Pedagogick\u00e9 fakult\u011b Karlovy univerzity. V letech 2002\u20132005 vystudovala Vy\u0161\u0161\u00ed odbornou \u0161kolu textiln\u00edch \u0159emesel, obor restaurov\u00e1n\u00ed a konzervov\u00e1n\u00ed textilu. Po ukon\u010den\u00ed studia a\u017e do n\u00e1stupu na mate\u0159skou dovolenou u\u010dila pali\u010dkov\u00e1n\u00ed, vy\u0161\u00edv\u00e1n\u00ed a \u0161itou krajku na St\u0159edn\u00ed um\u011bleck\u00e9 \u0161kole a Vy\u0161\u0161\u00ed odborn\u00e9 \u0161kole textiln\u00edch \u0159emesel v Praze. Sou\u010dasn\u011b u\u010dila i studenty Vysok\u00e9 \u0161koly chemicko\u2013technologick\u00e9, obor konzervov\u00e1n\u00ed \u2013 restaurov\u00e1n\u00ed um\u011blecko-\u0159emesln\u00fdch d\u011bl z textiln\u00edch materi\u00e1l\u016f. Krom\u011b v\u00fduky se v\u011bnovala restaurov\u00e1n\u00ed a na z\u00e1klad\u011b zrestaurovan\u00fdch d\u011bl z\u00edskala od ministerstva kultury licenci k restaurov\u00e1n\u00ed kulturn\u00edch pam\u00e1tek. Od roku 2021 u\u010d\u00ed pali\u010dkov\u00e1n\u00ed a jin\u00e9 textiln\u00ed techniky Kated\u0159e v\u00fdtvarn\u00e9 kultury a textiln\u00ed tvorby PdF Univerzity Hradec Kr\u00e1lov\u00e9. Koncem roku 2024 se zapojila do projektu Krajky pro Marii, v\u011bnovan\u00e9ho v\u00fdznamn\u00e9 krajk\u00e1\u0159ce a n\u00e1rodopisn\u00e9 pracovnici Marii Sedl\u00e1\u010dkov\u00e9-Serbouskov\u00e9. \u00a0Krom\u011b pali\u010dkov\u00e1n\u00ed se zaj\u00edm\u00e1 o dal\u0161\u00ed textiln\u00ed techniky \u2013 vy\u0161\u00edv\u00e1n\u00ed, \u0161itou krajku, frivolitky, Margaretinu krajku, tkan\u00ed, h\u00e1\u010dkov\u00e1n\u00ed, pleten\u00ed, \u0161it\u00ed, a d\u00e1le o netextiln\u00ed techniky, nap\u0159. o pleten\u00ed z pedigu.<\/p>\n<figure id=\"attachment_2862\" aria-describedby=\"caption-attachment-2862\" style=\"width: 800px\" class=\"wp-caption alignleft\"><img loading=\"lazy\" decoding=\"async\" class=\"size-large wp-image-2862\" src=\"https:\/\/www.vlaknapameti.cz\/wp-content\/uploads\/1336v-903x1024.jpg\" alt=\"\u010cesk\u00fd gran\u00e1t, len, gympa, gran\u00e1tov\u00e9 kor\u00e1lky, pr\u016fm\u011br 25 cm, pali\u010dkov\u00e1n\u00ed, 2023\" width=\"800\" height=\"907\" srcset=\"https:\/\/www.vlaknapameti.cz\/wp-content\/uploads\/1336v-903x1024.jpg 903w, https:\/\/www.vlaknapameti.cz\/wp-content\/uploads\/1336v-265x300.jpg 265w, https:\/\/www.vlaknapameti.cz\/wp-content\/uploads\/1336v-768x871.jpg 768w, https:\/\/www.vlaknapameti.cz\/wp-content\/uploads\/1336v.jpg 1200w\" sizes=\"auto, (max-width: 800px) 100vw, 800px\" \/><figcaption id=\"caption-attachment-2862\" class=\"wp-caption-text\">\u010cesk\u00fd gran\u00e1t, len, gympa, gran\u00e1tov\u00e9 kor\u00e1lky, pr\u016fm\u011br 25 cm, pali\u010dkov\u00e1n\u00ed, 2023<\/figcaption><\/figure>\n<figure id=\"attachment_2863\" aria-describedby=\"caption-attachment-2863\" style=\"width: 800px\" class=\"wp-caption alignleft\"><img loading=\"lazy\" decoding=\"async\" class=\" wp-image-2863\" src=\"https:\/\/www.vlaknapameti.cz\/wp-content\/uploads\/1336va-750x1024.jpg\" alt=\"N\u00e1hrdeln\u00edk Podzim, len a d\u0159evo, pali\u010dkov\u00e1n\u00ed, 2025\" width=\"800\" height=\"1092\" srcset=\"https:\/\/www.vlaknapameti.cz\/wp-content\/uploads\/1336va-750x1024.jpg 750w, https:\/\/www.vlaknapameti.cz\/wp-content\/uploads\/1336va-220x300.jpg 220w, https:\/\/www.vlaknapameti.cz\/wp-content\/uploads\/1336va-768x1049.jpg 768w, https:\/\/www.vlaknapameti.cz\/wp-content\/uploads\/1336va-1125x1536.jpg 1125w, https:\/\/www.vlaknapameti.cz\/wp-content\/uploads\/1336va.jpg 1200w\" sizes=\"auto, (max-width: 800px) 100vw, 800px\" \/><figcaption id=\"caption-attachment-2863\" class=\"wp-caption-text\">N\u00e1hrdeln\u00edk Podzim, len a d\u0159evo, pali\u010dkov\u00e1n\u00ed, 2025<\/figcaption><\/figure>\n<figure id=\"attachment_2864\" aria-describedby=\"caption-attachment-2864\" style=\"width: 798px\" class=\"wp-caption alignleft\"><img loading=\"lazy\" decoding=\"async\" class=\" wp-image-2864\" src=\"https:\/\/www.vlaknapameti.cz\/wp-content\/uploads\/1336vb-757x1024.jpg\" alt=\"Psan\u00ed\u010dko, zlat\u00e1 p\u0159\u00edze, ko\u017eenka a \u0159et\u00edzek, pali\u010dkov\u00e1n\u00ed, 2022\" width=\"798\" height=\"1079\" srcset=\"https:\/\/www.vlaknapameti.cz\/wp-content\/uploads\/1336vb-757x1024.jpg 757w, https:\/\/www.vlaknapameti.cz\/wp-content\/uploads\/1336vb-222x300.jpg 222w, https:\/\/www.vlaknapameti.cz\/wp-content\/uploads\/1336vb-768x1039.jpg 768w, https:\/\/www.vlaknapameti.cz\/wp-content\/uploads\/1336vb-1136x1536.jpg 1136w, https:\/\/www.vlaknapameti.cz\/wp-content\/uploads\/1336vb.jpg 1200w\" sizes=\"auto, (max-width: 798px) 100vw, 798px\" \/><figcaption id=\"caption-attachment-2864\" class=\"wp-caption-text\">Psan\u00ed\u010dko, zlat\u00e1 p\u0159\u00edze, ko\u017eenka a \u0159et\u00edzek, pali\u010dkov\u00e1n\u00ed, 2022<\/figcaption><\/figure>\n<figure id=\"attachment_2852\" aria-describedby=\"caption-attachment-2852\" style=\"width: 797px\" class=\"wp-caption alignleft\"><img loading=\"lazy\" decoding=\"async\" class=\" wp-image-2852\" src=\"https:\/\/www.vlaknapameti.cz\/wp-content\/uploads\/1336vc-757x1024.jpg\" alt=\"Soubor pali\u010dkovan\u00fdch \u0161perk\u016f, len, bavlna a sklen\u011bn\u00e9 kor\u00e1lky, pali\u010dkov\u00e1n\u00ed, 2023\" width=\"797\" height=\"1078\" srcset=\"https:\/\/www.vlaknapameti.cz\/wp-content\/uploads\/1336vc-757x1024.jpg 757w, https:\/\/www.vlaknapameti.cz\/wp-content\/uploads\/1336vc-222x300.jpg 222w, https:\/\/www.vlaknapameti.cz\/wp-content\/uploads\/1336vc-768x1039.jpg 768w, https:\/\/www.vlaknapameti.cz\/wp-content\/uploads\/1336vc-1136x1536.jpg 1136w, https:\/\/www.vlaknapameti.cz\/wp-content\/uploads\/1336vc.jpg 1200w\" sizes=\"auto, (max-width: 797px) 100vw, 797px\" \/><figcaption id=\"caption-attachment-2852\" class=\"wp-caption-text\">Soubor pali\u010dkovan\u00fdch \u0161perk\u016f, len, bavlna a sklen\u011bn\u00e9 kor\u00e1lky, pali\u010dkov\u00e1n\u00ed, 2023<\/figcaption><\/figure>\n","protected":false},"excerpt":{"rendered":"<p>Edita Rotreklov\u00e1 (polo\u017eka interaktivn\u00ed mapy s v\u00edcero reprodukcemi) Edita Rotreklov\u00e1 (1979) se od d\u011btstv\u00ed r\u00e1da v\u011bnovala r\u016fzn\u00fdm ru\u010dn\u00edm prac\u00edm \u2013 tkan\u00ed, drh\u00e1n\u00ed, vy\u0161\u00edv\u00e1n\u00ed, pleten\u00ed, h\u00e1\u010dkov\u00e1n\u00ed a dal\u0161\u00edm. P\u0159\u00e1la si um\u011bt &#8230;<\/p>\n","protected":false},"author":1,"featured_media":0,"parent":0,"menu_order":0,"comment_status":"closed","ping_status":"closed","template":"","meta":{"footnotes":""},"class_list":["post-2812","page","type-page","status-publish","hentry"],"_links":{"self":[{"href":"https:\/\/www.vlaknapameti.cz\/index.php?rest_route=\/wp\/v2\/pages\/2812","targetHints":{"allow":["GET"]}}],"collection":[{"href":"https:\/\/www.vlaknapameti.cz\/index.php?rest_route=\/wp\/v2\/pages"}],"about":[{"href":"https:\/\/www.vlaknapameti.cz\/index.php?rest_route=\/wp\/v2\/types\/page"}],"author":[{"embeddable":true,"href":"https:\/\/www.vlaknapameti.cz\/index.php?rest_route=\/wp\/v2\/users\/1"}],"replies":[{"embeddable":true,"href":"https:\/\/www.vlaknapameti.cz\/index.php?rest_route=%2Fwp%2Fv2%2Fcomments&post=2812"}],"version-history":[{"count":3,"href":"https:\/\/www.vlaknapameti.cz\/index.php?rest_route=\/wp\/v2\/pages\/2812\/revisions"}],"predecessor-version":[{"id":2881,"href":"https:\/\/www.vlaknapameti.cz\/index.php?rest_route=\/wp\/v2\/pages\/2812\/revisions\/2881"}],"wp:attachment":[{"href":"https:\/\/www.vlaknapameti.cz\/index.php?rest_route=%2Fwp%2Fv2%2Fmedia&parent=2812"}],"curies":[{"name":"wp","href":"https:\/\/api.w.org\/{rel}","templated":true}]}}