{"id":2784,"date":"2025-09-17T17:12:26","date_gmt":"2025-09-17T17:12:26","guid":{"rendered":"https:\/\/www.vlaknapameti.cz\/?page_id=2784"},"modified":"2025-09-17T19:39:05","modified_gmt":"2025-09-17T19:39:05","slug":"im-alice-bedrosova","status":"publish","type":"page","link":"https:\/\/www.vlaknapameti.cz\/?page_id=2784","title":{"rendered":"IM: Alice Bedro\u0161ov\u00e1"},"content":{"rendered":"<h2>Alice Bedro\u0161ov\u00e1<\/h2>\n<p><em>(polo\u017eka interaktivn\u00ed mapy s v\u00edcero reprodukcemi)<\/em><\/p>\n<p>Alice Bedro\u0161ov\u00e1 (1990) vystudovala obor Um\u011blecko-\u0159emesln\u00e9 textiln\u00ed discipl\u00edny na Kated\u0159e v\u00fdtvarn\u00e9 kultury a textiln\u00ed tvorby Pedagogick\u00e9 fakulty Univerzity Hradec Kr\u00e1lov\u00e9. V roce 2015 z\u00edskala na VII. Bien\u00e1le \u010desk\u00e9 krajky Vamberk v kategorii Studentsk\u00e9 pr\u00e1ce Zlatou pali\u010dku za kolekci Brouci. Jej\u00ed pr\u00e1ce byla vystavena tak\u00e9 na VIII. Bien\u00e1le \u010desk\u00e9 krajky Vamberk (2017). Z\u00fa\u010dastnila se t\u00e9\u017e setk\u00e1n\u00ed zorganizovan\u00e9ho Mezin\u00e1rodn\u00ed krajk\u00e1\u0159skou organizac\u00ed OIDFA ve slovinsk\u00e9 Lublani v\u00a0roce 2016.\u00a0 Jej\u00ed pr\u00e1ce jsou zastoupeny v\u00a0expozici Muzea krajky ve Vamberku.<\/p>\n<figure id=\"attachment_2797\" aria-describedby=\"caption-attachment-2797\" style=\"width: 800px\" class=\"wp-caption alignleft\"><img loading=\"lazy\" decoding=\"async\" class=\"size-large wp-image-2797\" src=\"https:\/\/www.vlaknapameti.cz\/wp-content\/uploads\/1334v-1024x682.jpg\" alt=\"Brouci, len, 15x8x2 cm, pali\u010dkov\u00e1n\u00ed, 2014\" width=\"800\" height=\"533\" srcset=\"https:\/\/www.vlaknapameti.cz\/wp-content\/uploads\/1334v-1024x682.jpg 1024w, https:\/\/www.vlaknapameti.cz\/wp-content\/uploads\/1334v-300x200.jpg 300w, https:\/\/www.vlaknapameti.cz\/wp-content\/uploads\/1334v-768x511.jpg 768w, https:\/\/www.vlaknapameti.cz\/wp-content\/uploads\/1334v.jpg 1200w\" sizes=\"auto, (max-width: 800px) 100vw, 800px\" \/><figcaption id=\"caption-attachment-2797\" class=\"wp-caption-text\">Brouci, len, 15x8x2 cm, pali\u010dkov\u00e1n\u00ed, 2014<\/figcaption><\/figure>\n<figure id=\"attachment_2798\" aria-describedby=\"caption-attachment-2798\" style=\"width: 800px\" class=\"wp-caption alignleft\"><img loading=\"lazy\" decoding=\"async\" class=\"size-large wp-image-2798\" src=\"https:\/\/www.vlaknapameti.cz\/wp-content\/uploads\/1334va-1024x683.jpg\" alt=\"Kolekce \u0161perk\u016f, len metalick\u00e1 p\u0159\u00edze, plastov\u00e1 folie, lakovan\u00fd dr\u00e1t, 15x 5 cm, pali\u010dkov\u00e1n\u00ed, 2017\" width=\"800\" height=\"534\" srcset=\"https:\/\/www.vlaknapameti.cz\/wp-content\/uploads\/1334va-1024x683.jpg 1024w, https:\/\/www.vlaknapameti.cz\/wp-content\/uploads\/1334va-300x200.jpg 300w, https:\/\/www.vlaknapameti.cz\/wp-content\/uploads\/1334va-768x512.jpg 768w, https:\/\/www.vlaknapameti.cz\/wp-content\/uploads\/1334va.jpg 1200w\" sizes=\"auto, (max-width: 800px) 100vw, 800px\" \/><figcaption id=\"caption-attachment-2798\" class=\"wp-caption-text\">Kolekce \u0161perk\u016f, len metalick\u00e1 p\u0159\u00edze, plastov\u00e1 folie, lakovan\u00fd dr\u00e1t, 15x 5 cm, pali\u010dkov\u00e1n\u00ed, 2017<\/figcaption><\/figure>\n<figure id=\"attachment_2799\" aria-describedby=\"caption-attachment-2799\" style=\"width: 800px\" class=\"wp-caption alignleft\"><img loading=\"lazy\" decoding=\"async\" class=\"size-large wp-image-2799\" src=\"https:\/\/www.vlaknapameti.cz\/wp-content\/uploads\/1334vb-1024x724.jpg\" alt=\"Auto, len, 30x 12x 12 cm, pali\u010dkov\u00e1n\u00ed, 2016\" width=\"800\" height=\"566\" srcset=\"https:\/\/www.vlaknapameti.cz\/wp-content\/uploads\/1334vb-1024x724.jpg 1024w, https:\/\/www.vlaknapameti.cz\/wp-content\/uploads\/1334vb-300x212.jpg 300w, https:\/\/www.vlaknapameti.cz\/wp-content\/uploads\/1334vb-768x543.jpg 768w, https:\/\/www.vlaknapameti.cz\/wp-content\/uploads\/1334vb.jpg 1200w\" sizes=\"auto, (max-width: 800px) 100vw, 800px\" \/><figcaption id=\"caption-attachment-2799\" class=\"wp-caption-text\">Auto, len, 30x 12x 12 cm, pali\u010dkov\u00e1n\u00ed, 2016<\/figcaption><\/figure>\n<figure id=\"attachment_2800\" aria-describedby=\"caption-attachment-2800\" style=\"width: 800px\" class=\"wp-caption alignleft\"><img loading=\"lazy\" decoding=\"async\" class=\" wp-image-2800\" src=\"https:\/\/www.vlaknapameti.cz\/wp-content\/uploads\/1334vc-724x1024.jpg\" alt=\"Loutka Mal\u00e9 pt\u00e1\u010de, len, metalick\u00e1 p\u0159\u00edze, 30x 20x 100 cm, pali\u010dkov\u00e1n\u00ed, 2016\" width=\"800\" height=\"1131\" srcset=\"https:\/\/www.vlaknapameti.cz\/wp-content\/uploads\/1334vc-724x1024.jpg 724w, https:\/\/www.vlaknapameti.cz\/wp-content\/uploads\/1334vc-212x300.jpg 212w, https:\/\/www.vlaknapameti.cz\/wp-content\/uploads\/1334vc-768x1086.jpg 768w, https:\/\/www.vlaknapameti.cz\/wp-content\/uploads\/1334vc-1086x1536.jpg 1086w, https:\/\/www.vlaknapameti.cz\/wp-content\/uploads\/1334vc.jpg 1200w\" sizes=\"auto, (max-width: 800px) 100vw, 800px\" \/><figcaption id=\"caption-attachment-2800\" class=\"wp-caption-text\">Loutka Mal\u00e9 pt\u00e1\u010de, len, metalick\u00e1 p\u0159\u00edze, 30x 20x 100 cm, pali\u010dkov\u00e1n\u00ed, 2016<\/figcaption><\/figure>\n<figure id=\"attachment_2801\" aria-describedby=\"caption-attachment-2801\" style=\"width: 800px\" class=\"wp-caption alignleft\"><img loading=\"lazy\" decoding=\"async\" class=\" wp-image-2801\" src=\"https:\/\/www.vlaknapameti.cz\/wp-content\/uploads\/1334vd-724x1024.jpg\" alt=\"Aplikace do vlas\u016f, len, fluerescen\u010dn\u00ed barva, 9x 2x 2 cm, pali\u010dkov\u00e1n\u00ed, 2013\" width=\"800\" height=\"1131\" srcset=\"https:\/\/www.vlaknapameti.cz\/wp-content\/uploads\/1334vd-724x1024.jpg 724w, https:\/\/www.vlaknapameti.cz\/wp-content\/uploads\/1334vd-212x300.jpg 212w, https:\/\/www.vlaknapameti.cz\/wp-content\/uploads\/1334vd-768x1086.jpg 768w, https:\/\/www.vlaknapameti.cz\/wp-content\/uploads\/1334vd-1086x1536.jpg 1086w, https:\/\/www.vlaknapameti.cz\/wp-content\/uploads\/1334vd.jpg 1200w\" sizes=\"auto, (max-width: 800px) 100vw, 800px\" \/><figcaption id=\"caption-attachment-2801\" class=\"wp-caption-text\">Aplikace do vlas\u016f, len, fluerescen\u010dn\u00ed barva, 9x 2x 2 cm, pali\u010dkov\u00e1n\u00ed, 2013<\/figcaption><\/figure>\n","protected":false},"excerpt":{"rendered":"<p>Alice Bedro\u0161ov\u00e1 (polo\u017eka interaktivn\u00ed mapy s v\u00edcero reprodukcemi) Alice Bedro\u0161ov\u00e1 (1990) vystudovala obor Um\u011blecko-\u0159emesln\u00e9 textiln\u00ed discipl\u00edny na Kated\u0159e v\u00fdtvarn\u00e9 kultury a textiln\u00ed tvorby Pedagogick\u00e9 fakulty Univerzity Hradec Kr\u00e1lov\u00e9. V roce &#8230;<\/p>\n","protected":false},"author":1,"featured_media":0,"parent":0,"menu_order":0,"comment_status":"closed","ping_status":"closed","template":"","meta":{"footnotes":""},"class_list":["post-2784","page","type-page","status-publish","hentry"],"_links":{"self":[{"href":"https:\/\/www.vlaknapameti.cz\/index.php?rest_route=\/wp\/v2\/pages\/2784","targetHints":{"allow":["GET"]}}],"collection":[{"href":"https:\/\/www.vlaknapameti.cz\/index.php?rest_route=\/wp\/v2\/pages"}],"about":[{"href":"https:\/\/www.vlaknapameti.cz\/index.php?rest_route=\/wp\/v2\/types\/page"}],"author":[{"embeddable":true,"href":"https:\/\/www.vlaknapameti.cz\/index.php?rest_route=\/wp\/v2\/users\/1"}],"replies":[{"embeddable":true,"href":"https:\/\/www.vlaknapameti.cz\/index.php?rest_route=%2Fwp%2Fv2%2Fcomments&post=2784"}],"version-history":[{"count":2,"href":"https:\/\/www.vlaknapameti.cz\/index.php?rest_route=\/wp\/v2\/pages\/2784\/revisions"}],"predecessor-version":[{"id":2808,"href":"https:\/\/www.vlaknapameti.cz\/index.php?rest_route=\/wp\/v2\/pages\/2784\/revisions\/2808"}],"wp:attachment":[{"href":"https:\/\/www.vlaknapameti.cz\/index.php?rest_route=%2Fwp%2Fv2%2Fmedia&parent=2784"}],"curies":[{"name":"wp","href":"https:\/\/api.w.org\/{rel}","templated":true}]}}