{"id":2761,"date":"2025-09-16T00:30:39","date_gmt":"2025-09-16T00:30:39","guid":{"rendered":"https:\/\/www.vlaknapameti.cz\/?page_id=2761"},"modified":"2025-09-16T00:44:00","modified_gmt":"2025-09-16T00:44:00","slug":"im-zuzana-stepankova-vlckova","status":"publish","type":"page","link":"https:\/\/www.vlaknapameti.cz\/?page_id=2761","title":{"rendered":"IM: Zuzana \u0160t\u011bp\u00e1nkov\u00e1 \u2013 Vl\u010dkov\u00e1"},"content":{"rendered":"<h2 class=\"-wm-elementToProof\"><b>Zuzana \u0160t\u011bp\u00e1nkov\u00e1 \u2013 Vl\u010dkov\u00e1<\/b><\/h2>\n<p><em style=\"font-size: 11pt; font-weight: normal;\">(osobnost lokalizovan\u00e1 v interaktivn\u00ed map\u011b s v\u00edcero reprodukcemi)<\/em><\/p>\n<div class=\"-wm-elementToProof\">M\u00f3dn\u00ed n\u00e1vrh\u00e1\u0159ka Zuzana \u0160t\u011bp\u00e1nkov\u00e1 \u017eije v\u00a0L\u00ed\u0161nici. Narodila se v\u00a0N\u00e1chod\u011b, absolvovala St\u0159edn\u00ed pr\u016fmyslovou \u0161kolu textiln\u00ed, obor od\u011bvnictv\u00ed, ve Velk\u00e9m Po\u0159\u00ed\u010d\u00ed nad Matuj\u00ed. Je absolventkou oboru od\u011bvn\u00ed technologie na Fakult\u011b textiln\u00ed Technick\u00e9 univerzity v\u00a0Liberci, studovala tak\u00e9 na Pedagogick\u00e9 fakult\u011b t\u00e9\u017ee univerzity. Za\u010d\u00ednala v\u00a0ateli\u00e9ru Hedv\u00e1bn\u00e1 cesta v\u00a0Hradci Kr\u00e1lov\u00e9, kde se zdokonalila v\u00a0pr\u00e1ci s\u00a0p\u0159\u00edrodn\u00edm hedv\u00e1b\u00edm, jeho barven\u00edm a zpracov\u00e1n\u00edm. Vlastn\u00ed m\u00f3dn\u00ed ateli\u00e9r Zuziku fashion. Navrhuje origin\u00e1ln\u00ed \u0161aty, m\u00f3dn\u00ed dopl\u0148ky, p\u0159edev\u0161\u00edm z\u00a0hedv\u00e1b\u00ed, a svatebn\u00ed \u0161aty. Po roce 2007 pracovala jako v\u00fdrobn\u00ed \u0159editelka Vambereck\u00e9 krajky CZ s.r.o. Nyn\u00ed pracuje jako n\u00e1vrh\u00e1\u0159ka a konstrukt\u00e9rka st\u0159ihu speci\u00e1ln\u00edch, ochrann\u00fdch a funk\u010dn\u00edch od\u011bv\u016f zna\u010dky Clevertex ve V\u00fdzkumn\u00e9m \u00fastavu bavln\u00e1\u0159sk\u00e9m v\u00a0\u00dast\u00ed nad Orlic\u00ed. Ve Vambereck\u00e9 krajce CZ s.r.o. vytvo\u0159ila ve spolupr\u00e1ci s n\u00e1vrh\u00e1\u0159kou krajek a krajk\u00e1\u0159kou Lenkou Kroul\u00edkovou \u0159adu model\u016f \u0161at\u016f s\u00a0krajkou, p\u0159edv\u00e1d\u011bn\u00fdch na mnoha m\u00f3dn\u00edch p\u0159ehl\u00eddk\u00e1ch, nap\u0159. v\u00a0roce 2009 v\u00a0Bruselu. V\u00a0roce 2010 spolu vytvo\u0159ily dva hedv\u00e1bn\u00e9 modely s\u00a0pali\u010dkovanou krajkou pro \u010cesk\u00fd den na EXPO v\u00a0\u0160anghaji. Ty tam p\u0159edv\u00e1d\u011bla \u010desk\u00e1 Miss World Ta\u0165\u00e1na Kucha\u0159ov\u00e1. Ve stejn\u00e9m roce se s\u00a0\u00fasp\u011bchem z\u00fa\u010dastnily sout\u011b\u017ee Svatebn\u00ed \u0161aty roku v\u00a0Praze.\u00a0Dal\u0161\u00ed modely p\u0159ipravily pro Mezin\u00e1rodn\u00ed trien\u00e1le Od\u011bv a jeho dopln\u011bk v\u00a0Jablonci nad Nisou (2008 a 2011). Uskute\u010dnila n\u011bkolik m\u00f3dn\u00edch p\u0159ehl\u00eddek a v\u00fdstav, a to v\u00a0\u010cesk\u00e9 Skalici, N\u00e1chod\u011b,\u00a0\u017damberku, Letohradu, na z\u00e1mc\u00edch Pot\u0161tejn, Rychnov nad Kn\u011b\u017enou, Kvasiny. \u00a0Byla ocen\u011bna za divadeln\u00ed kost\u00fdmy pro soubory v\u00a0Hronov\u011b a Polici nad Metuj\u00ed.<\/div>\n<div><\/div>\n<div>\n<figure id=\"attachment_2772\" aria-describedby=\"caption-attachment-2772\" style=\"width: 682px\" class=\"wp-caption alignleft\"><img loading=\"lazy\" decoding=\"async\" class=\"size-large wp-image-2772\" src=\"https:\/\/www.vlaknapameti.cz\/wp-content\/uploads\/1318v-682x1024.jpg\" alt=\"Hedv\u00e1bn\u00e9 \u0161aty (\u010derven\u00e9) s krajkou pro Ta\u0165\u00e1nu Kucha\u0159ovou, hedv\u00e1bn\u00fd dupion, hedv\u00e1bn\u00e9 nit\u011b, zlat\u00fd dracoun, \u0161it\u00ed a pali\u010dkov\u00e1n\u00ed, n\u00e1vrh krajky: Lenka Kroul\u00edkov\u00e1\" width=\"682\" height=\"1024\" srcset=\"https:\/\/www.vlaknapameti.cz\/wp-content\/uploads\/1318v-682x1024.jpg 682w, https:\/\/www.vlaknapameti.cz\/wp-content\/uploads\/1318v-200x300.jpg 200w, https:\/\/www.vlaknapameti.cz\/wp-content\/uploads\/1318v-768x1153.jpg 768w, https:\/\/www.vlaknapameti.cz\/wp-content\/uploads\/1318v-1023x1536.jpg 1023w, https:\/\/www.vlaknapameti.cz\/wp-content\/uploads\/1318v.jpg 1200w\" sizes=\"auto, (max-width: 682px) 100vw, 682px\" \/><figcaption id=\"caption-attachment-2772\" class=\"wp-caption-text\">Hedv\u00e1bn\u00e9 \u0161aty (\u010derven\u00e9) s krajkou pro Ta\u0165\u00e1nu Kucha\u0159ovou, hedv\u00e1bn\u00fd dupion, hedv\u00e1bn\u00e9 nit\u011b, zlat\u00fd dracoun, \u0161it\u00ed a pali\u010dkov\u00e1n\u00ed, n\u00e1vrh krajky: Lenka Kroul\u00edkov\u00e1<\/figcaption><\/figure>\n<figure id=\"attachment_2773\" aria-describedby=\"caption-attachment-2773\" style=\"width: 680px\" class=\"wp-caption alignleft\"><img loading=\"lazy\" decoding=\"async\" class=\"size-large wp-image-2773\" src=\"https:\/\/www.vlaknapameti.cz\/wp-content\/uploads\/1318va-680x1024.jpg\" alt=\"Hedv\u00e1bn\u00e9 svatebn\u00ed \u0161aty pro sout\u011b\u017e Svatebn\u00ed \u0161aty roku v Praze 2010, hedv\u00e1bn\u00fd sat\u00e9n, kre\u0161ovan\u00fd \u0161ifon, hedv\u00e1bn\u00e9 nit\u011b, zlat\u00fd a st\u0159\u00edbrn\u00fd dracoun, \u0161it\u00ed a pali\u010dkov\u00e1n\u00ed, n\u00e1vrh krajky: Lenka Kroul\u00edkov\u00e1, 2009\" width=\"680\" height=\"1024\" srcset=\"https:\/\/www.vlaknapameti.cz\/wp-content\/uploads\/1318va-680x1024.jpg 680w, https:\/\/www.vlaknapameti.cz\/wp-content\/uploads\/1318va-199x300.jpg 199w, https:\/\/www.vlaknapameti.cz\/wp-content\/uploads\/1318va-768x1157.jpg 768w, https:\/\/www.vlaknapameti.cz\/wp-content\/uploads\/1318va-1019x1536.jpg 1019w, https:\/\/www.vlaknapameti.cz\/wp-content\/uploads\/1318va.jpg 1200w\" sizes=\"auto, (max-width: 680px) 100vw, 680px\" \/><figcaption id=\"caption-attachment-2773\" class=\"wp-caption-text\">Hedv\u00e1bn\u00e9 svatebn\u00ed \u0161aty pro sout\u011b\u017e Svatebn\u00ed \u0161aty roku v Praze 2010, hedv\u00e1bn\u00fd sat\u00e9n, kre\u0161ovan\u00fd \u0161ifon, hedv\u00e1bn\u00e9 nit\u011b, zlat\u00fd a st\u0159\u00edbrn\u00fd dracoun, \u0161it\u00ed a pali\u010dkov\u00e1n\u00ed, n\u00e1vrh krajky: Lenka Kroul\u00edkov\u00e1, 2009<\/figcaption><\/figure>\n<figure id=\"attachment_2774\" aria-describedby=\"caption-attachment-2774\" style=\"width: 683px\" class=\"wp-caption alignleft\"><img loading=\"lazy\" decoding=\"async\" class=\"size-large wp-image-2774\" src=\"https:\/\/www.vlaknapameti.cz\/wp-content\/uploads\/1318vb-683x1024.jpg\" alt=\"Hedv\u00e1bn\u00e9 \u0161aty pro Mezin\u00e1rodn\u00ed trien\u00e1le Od\u011bv a jeho dopln\u011bk v Jablonci nad Nisou 2011, elastick\u00fd sat\u00e9n, \u0161ifon, hedv\u00e1bn\u00e9 nit\u011b, dracoun, sklen\u011bn\u00e9 kor\u00e1lky, \u0161it\u00ed a pali\u010dkov\u00e1n\u00ed, n\u00e1vrh krajky: Lenka Kroul\u00edkov\u00e1, 2011\" width=\"683\" height=\"1024\" srcset=\"https:\/\/www.vlaknapameti.cz\/wp-content\/uploads\/1318vb-683x1024.jpg 683w, https:\/\/www.vlaknapameti.cz\/wp-content\/uploads\/1318vb-200x300.jpg 200w, https:\/\/www.vlaknapameti.cz\/wp-content\/uploads\/1318vb-768x1151.jpg 768w, https:\/\/www.vlaknapameti.cz\/wp-content\/uploads\/1318vb-1025x1536.jpg 1025w, https:\/\/www.vlaknapameti.cz\/wp-content\/uploads\/1318vb.jpg 1200w\" sizes=\"auto, (max-width: 683px) 100vw, 683px\" \/><figcaption id=\"caption-attachment-2774\" class=\"wp-caption-text\">Hedv\u00e1bn\u00e9 \u0161aty pro Mezin\u00e1rodn\u00ed trien\u00e1le Od\u011bv a jeho dopln\u011bk v Jablonci nad Nisou 2011, elastick\u00fd sat\u00e9n, \u0161ifon, hedv\u00e1bn\u00e9 nit\u011b, dracoun, sklen\u011bn\u00e9 kor\u00e1lky, \u0161it\u00ed a pali\u010dkov\u00e1n\u00ed, n\u00e1vrh krajky: Lenka Kroul\u00edkov\u00e1, 2011<\/figcaption><\/figure>\n<figure id=\"attachment_2775\" aria-describedby=\"caption-attachment-2775\" style=\"width: 684px\" class=\"wp-caption alignleft\"><img loading=\"lazy\" decoding=\"async\" class=\" wp-image-2775\" src=\"https:\/\/www.vlaknapameti.cz\/wp-content\/uploads\/1318vc-630x1024.jpg\" alt=\"Hedv\u00e1bn\u00e9 \u0161aty s n\u00e1kr\u010dn\u00edkem a kabelkou, hedv\u00e1bn\u00fd elastick\u00fd sat\u00e9n, hedv\u00e1bn\u00e9 nit\u011b, zlat\u00fd dracoun, sklen\u011bn\u00e9 kor\u00e1lky, sat\u00e9nov\u00e1 kabelka, \u0161it\u00ed a pali\u010dkov\u00e1n\u00ed, n\u00e1vrh krajky: Lenka Kroul\u00edkov\u00e1, 2010\" width=\"684\" height=\"1112\" srcset=\"https:\/\/www.vlaknapameti.cz\/wp-content\/uploads\/1318vc-630x1024.jpg 630w, https:\/\/www.vlaknapameti.cz\/wp-content\/uploads\/1318vc-185x300.jpg 185w, https:\/\/www.vlaknapameti.cz\/wp-content\/uploads\/1318vc-768x1249.jpg 768w, https:\/\/www.vlaknapameti.cz\/wp-content\/uploads\/1318vc-945x1536.jpg 945w, https:\/\/www.vlaknapameti.cz\/wp-content\/uploads\/1318vc.jpg 1200w\" sizes=\"auto, (max-width: 684px) 100vw, 684px\" \/><figcaption id=\"caption-attachment-2775\" class=\"wp-caption-text\">Hedv\u00e1bn\u00e9 \u0161aty s n\u00e1kr\u010dn\u00edkem a kabelkou, hedv\u00e1bn\u00fd elastick\u00fd sat\u00e9n, hedv\u00e1bn\u00e9 nit\u011b, zlat\u00fd dracoun, sklen\u011bn\u00e9 kor\u00e1lky, sat\u00e9nov\u00e1 kabelka, \u0161it\u00ed a pali\u010dkov\u00e1n\u00ed, n\u00e1vrh krajky: Lenka Kroul\u00edkov\u00e1, 2010<\/figcaption><\/figure>\n<\/div>\n","protected":false},"excerpt":{"rendered":"<p>Zuzana \u0160t\u011bp\u00e1nkov\u00e1 \u2013 Vl\u010dkov\u00e1 (osobnost lokalizovan\u00e1 v interaktivn\u00ed map\u011b s v\u00edcero reprodukcemi) M\u00f3dn\u00ed n\u00e1vrh\u00e1\u0159ka Zuzana \u0160t\u011bp\u00e1nkov\u00e1 \u017eije v\u00a0L\u00ed\u0161nici. Narodila se v\u00a0N\u00e1chod\u011b, absolvovala St\u0159edn\u00ed pr\u016fmyslovou \u0161kolu textiln\u00ed, obor od\u011bvnictv\u00ed, ve Velk\u00e9m &#8230;<\/p>\n","protected":false},"author":1,"featured_media":0,"parent":0,"menu_order":0,"comment_status":"closed","ping_status":"closed","template":"","meta":{"footnotes":""},"class_list":["post-2761","page","type-page","status-publish","hentry"],"_links":{"self":[{"href":"https:\/\/www.vlaknapameti.cz\/index.php?rest_route=\/wp\/v2\/pages\/2761","targetHints":{"allow":["GET"]}}],"collection":[{"href":"https:\/\/www.vlaknapameti.cz\/index.php?rest_route=\/wp\/v2\/pages"}],"about":[{"href":"https:\/\/www.vlaknapameti.cz\/index.php?rest_route=\/wp\/v2\/types\/page"}],"author":[{"embeddable":true,"href":"https:\/\/www.vlaknapameti.cz\/index.php?rest_route=\/wp\/v2\/users\/1"}],"replies":[{"embeddable":true,"href":"https:\/\/www.vlaknapameti.cz\/index.php?rest_route=%2Fwp%2Fv2%2Fcomments&post=2761"}],"version-history":[{"count":5,"href":"https:\/\/www.vlaknapameti.cz\/index.php?rest_route=\/wp\/v2\/pages\/2761\/revisions"}],"predecessor-version":[{"id":2783,"href":"https:\/\/www.vlaknapameti.cz\/index.php?rest_route=\/wp\/v2\/pages\/2761\/revisions\/2783"}],"wp:attachment":[{"href":"https:\/\/www.vlaknapameti.cz\/index.php?rest_route=%2Fwp%2Fv2%2Fmedia&parent=2761"}],"curies":[{"name":"wp","href":"https:\/\/api.w.org\/{rel}","templated":true}]}}