{"id":2662,"date":"2025-09-10T20:59:38","date_gmt":"2025-09-10T20:59:38","guid":{"rendered":"https:\/\/www.vlaknapameti.cz\/?page_id=2662"},"modified":"2025-09-12T19:26:38","modified_gmt":"2025-09-12T19:26:38","slug":"im_svetlana-pavlickova","status":"publish","type":"page","link":"https:\/\/www.vlaknapameti.cz\/?page_id=2662","title":{"rendered":"IM: Sv\u011btlana Pavl\u00ed\u010dkov\u00e1"},"content":{"rendered":"<h1>Sv\u011btlana Pavl\u00ed\u010dkov\u00e1<\/h1>\n<p>Sv\u011btlana Pavl\u00ed\u010dkov\u00e1 (1954) se nau\u010dila pali\u010dkovat v Krajk\u00e1\u0159sk\u00e9 \u0161kole ve Vamberku. V letech 1973-1993 byla zam\u011bstnan\u00e1 v dru\u017estvu Vambereck\u00e1 krajka Vamberk. Nejprve jako dom\u00e1c\u00ed krajk\u00e1\u0159ka, od konce 70. let ji\u017e jako n\u00e1vrh\u00e1\u0159ka. Pat\u0159\u00ed k tv\u016frkyn\u00edm modern\u00ed krajky. Dom\u00e9nou Pavl\u00ed\u010dkov\u00e9 je krajka pali\u010dkovan\u00e1, ale ovl\u00e1d\u00e1 i \u0159adu dal\u0161\u00edch textiln\u00edch technik. Je ne\u00fanavnou experiment\u00e1torkou, hledaj\u00edc\u00ed pro krajku sou\u010dasn\u00fd v\u00fdraz. Krajku spojuje s ne zcela obvykl\u00fdmi materi\u00e1ly, jako je kov, d\u0159evo, ru\u010dn\u00ed pap\u00edr. Vytv\u00e1\u0159\u00ed od\u011bvn\u00ed dopl\u0148ky i z\u00e1v\u011bsn\u00e9 interi\u00e9rov\u00e9 krajky a objekty. Pracuje s p\u0159\u00edrodn\u00edmi materi\u00e1ly v podob\u011b p\u0159\u00edz\u00ed i provaz\u016f, pro rozm\u011brn\u011bj\u0161\u00ed pr\u00e1ce vol\u00ed dr\u00e1t. Rozm\u011brn\u011bj\u0161\u00ed pr\u00e1ce vytv\u00e1\u0159\u00ed ve spolupr\u00e1ci s architekty pro ve\u0159ejn\u00e9 i soukrom\u00e9 interi\u00e9ry. Pou\u017e\u00edv\u00e1 tak\u00e9 um\u011bl\u00e9 materi\u00e1ly, nap\u0159\u00edklad technickou s\u00ed\u0165ovinu, mikroten a PVC folie. Pr\u00e1ce vystavuje doma i v zahrani\u010d\u00ed. Z\u00edskala \u0159adu cen na dom\u00e1c\u00edch sout\u011b\u017en\u00edch p\u0159ehl\u00eddk\u00e1ch. Na Bien\u00e1le \u010desk\u00e9 krajky ve Vamberku obdr\u017eela roku 2006 Diplom sympatie, v roce 2008 Bronzovou pali\u010dku a Diplom muzea krajky. Od roku 1992 prezentuje tak\u00e9 svoje podvinky. Svoje vzory publikuje i v zahrani\u010d\u00ed. P\u016fsobila i jako lektorka kurz\u016f zam\u011b\u0159en\u00fdch na vl\u00e1\u010dkovou krajku. <span style=\"color: #993366;\">Z\u00fa\u010dast\u0148uje se Bien\u00e1le \u010desk\u00e9 krajky ve Vamberku, jej\u00ed pr\u00e1ce jsou zastoupeny v expozici tamn\u00edho Muzea krajky.<\/span><\/p>\n<figure id=\"attachment_2682\" aria-describedby=\"caption-attachment-2682\" style=\"width: 800px\" class=\"wp-caption alignleft\"><img loading=\"lazy\" decoding=\"async\" class=\"size-large wp-image-2682\" src=\"https:\/\/www.vlaknapameti.cz\/wp-content\/uploads\/1311v-1024x611.jpg\" alt=\"V\u011bj\u00ed\u0159 Ot\u00fdlie Vransk\u00e9, 66x21 cm, pali\u010dkovan\u00e1 krajka, 1993\" width=\"800\" height=\"477\" srcset=\"https:\/\/www.vlaknapameti.cz\/wp-content\/uploads\/1311v-1024x611.jpg 1024w, https:\/\/www.vlaknapameti.cz\/wp-content\/uploads\/1311v-300x179.jpg 300w, https:\/\/www.vlaknapameti.cz\/wp-content\/uploads\/1311v-768x458.jpg 768w, https:\/\/www.vlaknapameti.cz\/wp-content\/uploads\/1311v.jpg 1200w\" sizes=\"auto, (max-width: 800px) 100vw, 800px\" \/><figcaption id=\"caption-attachment-2682\" class=\"wp-caption-text\">V\u011bj\u00ed\u0159 Ot\u00fdlie Vransk\u00e9, 66\u00d721 cm, pali\u010dkovan\u00e1 krajka, 1993<\/figcaption><\/figure>\n<figure id=\"attachment_2683\" aria-describedby=\"caption-attachment-2683\" style=\"width: 800px\" class=\"wp-caption alignleft\"><img loading=\"lazy\" decoding=\"async\" class=\"size-large wp-image-2683\" src=\"https:\/\/www.vlaknapameti.cz\/wp-content\/uploads\/1311va-1024x631.jpg\" alt=\"V\u011bj\u00ed\u0159 Ane\u017eky Hr\u016fzov\u00e9, 66x21 cm, pali\u010dkovan\u00e1 krajka, 1993\" width=\"800\" height=\"493\" srcset=\"https:\/\/www.vlaknapameti.cz\/wp-content\/uploads\/1311va-1024x631.jpg 1024w, https:\/\/www.vlaknapameti.cz\/wp-content\/uploads\/1311va-300x185.jpg 300w, https:\/\/www.vlaknapameti.cz\/wp-content\/uploads\/1311va-768x474.jpg 768w, https:\/\/www.vlaknapameti.cz\/wp-content\/uploads\/1311va.jpg 1200w\" sizes=\"auto, (max-width: 800px) 100vw, 800px\" \/><figcaption id=\"caption-attachment-2683\" class=\"wp-caption-text\">V\u011bj\u00ed\u0159 Ane\u017eky Hr\u016fzov\u00e9, 66\u00d721 cm, pali\u010dkovan\u00e1 krajka, 1993<\/figcaption><\/figure>\n<figure id=\"attachment_2684\" aria-describedby=\"caption-attachment-2684\" style=\"width: 800px\" class=\"wp-caption alignleft\"><img loading=\"lazy\" decoding=\"async\" class=\"size-large wp-image-2684\" src=\"https:\/\/www.vlaknapameti.cz\/wp-content\/uploads\/1311vb-825x1024.jpg\" alt=\"Smlouva, f\u00f3lie, vlasec, 42\u00d742 cm, v\u00fd\u0161ivka, 2008\" width=\"800\" height=\"993\" srcset=\"https:\/\/www.vlaknapameti.cz\/wp-content\/uploads\/1311vb-825x1024.jpg 825w, https:\/\/www.vlaknapameti.cz\/wp-content\/uploads\/1311vb-242x300.jpg 242w, https:\/\/www.vlaknapameti.cz\/wp-content\/uploads\/1311vb-768x953.jpg 768w, https:\/\/www.vlaknapameti.cz\/wp-content\/uploads\/1311vb.jpg 1200w\" sizes=\"auto, (max-width: 800px) 100vw, 800px\" \/><figcaption id=\"caption-attachment-2684\" class=\"wp-caption-text\">Smlouva, f\u00f3lie, vlasec, 42\u00d742 cm, v\u00fd\u0161ivka, 2008<\/figcaption><\/figure>\n","protected":false},"excerpt":{"rendered":"<p>Sv\u011btlana Pavl\u00ed\u010dkov\u00e1 Sv\u011btlana Pavl\u00ed\u010dkov\u00e1 (1954) se nau\u010dila pali\u010dkovat v Krajk\u00e1\u0159sk\u00e9 \u0161kole ve Vamberku. V letech 1973-1993 byla zam\u011bstnan\u00e1 v dru\u017estvu Vambereck\u00e1 krajka Vamberk. Nejprve jako dom\u00e1c\u00ed krajk\u00e1\u0159ka, od konce 70. &#8230;<\/p>\n","protected":false},"author":1,"featured_media":0,"parent":0,"menu_order":0,"comment_status":"closed","ping_status":"closed","template":"","meta":{"footnotes":""},"class_list":["post-2662","page","type-page","status-publish","hentry"],"_links":{"self":[{"href":"https:\/\/www.vlaknapameti.cz\/index.php?rest_route=\/wp\/v2\/pages\/2662","targetHints":{"allow":["GET"]}}],"collection":[{"href":"https:\/\/www.vlaknapameti.cz\/index.php?rest_route=\/wp\/v2\/pages"}],"about":[{"href":"https:\/\/www.vlaknapameti.cz\/index.php?rest_route=\/wp\/v2\/types\/page"}],"author":[{"embeddable":true,"href":"https:\/\/www.vlaknapameti.cz\/index.php?rest_route=\/wp\/v2\/users\/1"}],"replies":[{"embeddable":true,"href":"https:\/\/www.vlaknapameti.cz\/index.php?rest_route=%2Fwp%2Fv2%2Fcomments&post=2662"}],"version-history":[{"count":5,"href":"https:\/\/www.vlaknapameti.cz\/index.php?rest_route=\/wp\/v2\/pages\/2662\/revisions"}],"predecessor-version":[{"id":2753,"href":"https:\/\/www.vlaknapameti.cz\/index.php?rest_route=\/wp\/v2\/pages\/2662\/revisions\/2753"}],"wp:attachment":[{"href":"https:\/\/www.vlaknapameti.cz\/index.php?rest_route=%2Fwp%2Fv2%2Fmedia&parent=2662"}],"curies":[{"name":"wp","href":"https:\/\/api.w.org\/{rel}","templated":true}]}}