{"id":2624,"date":"2025-09-09T00:08:40","date_gmt":"2025-09-09T00:08:40","guid":{"rendered":"https:\/\/www.vlaknapameti.cz\/?page_id=2624"},"modified":"2025-09-12T19:22:21","modified_gmt":"2025-09-12T19:22:21","slug":"im_jana-langova","status":"publish","type":"page","link":"https:\/\/www.vlaknapameti.cz\/?page_id=2624","title":{"rendered":"IM: Jana Langov\u00e1"},"content":{"rendered":"<h1>Jana Langov\u00e1<\/h1>\n<p><em>(polo\u017eka interaktivn\u00ed mapy s v\u00edcero reprodukcemi)<\/em><\/p>\n<p>Jana Langov\u00e1 (1972) se narodila v Brn\u011b. V letech 1986\u20131990 studovala na St\u0159edn\u00ed odborn\u00e9 um\u011blecko\u0159emesln\u00e9 \u0161kole p\u0159i \u0160kolsk\u00e9m \u00fastavu um\u011bleck\u00e9 v\u00fdroby v Praze. Jej\u00edm prvn\u00edm a do dne\u0161n\u00edch dn\u016f sou\u010dasn\u00fdm p\u016fsobi\u0161t\u011bm se stala Krajk\u00e1\u0159sk\u00e1 \u0161kola ve Vamberku. P\u016fsob\u00ed na n\u00ed od roku 1991. V letech 1991\u20131992 si na Vysok\u00e9 \u0161kole pedagogick\u00e9 v Hradci Kr\u00e1lov\u00e9 doplnila vzd\u011bl\u00e1n\u00ed pro profesi mistr odborn\u00e9 v\u00fdchovy. Je \u00fasp\u011b\u0161nou pedago\u017ekou a n\u00e1vrh\u00e1\u0159kou krajek, Vytvo\u0159ila mnoho voln\u00fdch pali\u010dkovan\u00fdch krajek a krajek ur\u010den\u00fdch k praktick\u00e9mu pou\u017eit\u00ed \u2013 stoln\u00edch dekorac\u00ed, m\u00f3dn\u00edch dopl\u0148k\u016f, \u0161perk\u016f, krajkov\u00fdch aplikac\u00ed. Sv\u00fdmi pracemi se z\u00fa\u010dastnila \u0159ady tuzemsk\u00fdch a zahrani\u010dn\u00edch v\u00fdstav.<\/p>\n<figure id=\"attachment_2613\" aria-describedby=\"caption-attachment-2613\" style=\"width: 800px\" class=\"wp-caption alignleft\"><img loading=\"lazy\" decoding=\"async\" class=\"size-large wp-image-2613\" src=\"https:\/\/www.vlaknapameti.cz\/wp-content\/uploads\/1328v-814x1024.jpg\" alt=\"Jana Langov\u00e1 (1999) \" width=\"800\" height=\"1006\" srcset=\"https:\/\/www.vlaknapameti.cz\/wp-content\/uploads\/1328v-814x1024.jpg 814w, https:\/\/www.vlaknapameti.cz\/wp-content\/uploads\/1328v-239x300.jpg 239w, https:\/\/www.vlaknapameti.cz\/wp-content\/uploads\/1328v-768x966.jpg 768w, https:\/\/www.vlaknapameti.cz\/wp-content\/uploads\/1328v.jpg 1200w\" sizes=\"auto, (max-width: 800px) 100vw, 800px\" \/><figcaption id=\"caption-attachment-2613\" class=\"wp-caption-text\">Jana Langov\u00e1 (1999)<\/figcaption><\/figure>\n<figure id=\"attachment_2614\" aria-describedby=\"caption-attachment-2614\" style=\"width: 799px\" class=\"wp-caption alignleft\"><img loading=\"lazy\" decoding=\"async\" class=\" wp-image-2614\" src=\"https:\/\/www.vlaknapameti.cz\/wp-content\/uploads\/1328va-762x1024.jpg\" alt=\"\u0160\u00e1l, pali\u010dkovan\u00e1 krajka, 2010\" width=\"799\" height=\"1074\" srcset=\"https:\/\/www.vlaknapameti.cz\/wp-content\/uploads\/1328va-762x1024.jpg 762w, https:\/\/www.vlaknapameti.cz\/wp-content\/uploads\/1328va-223x300.jpg 223w, https:\/\/www.vlaknapameti.cz\/wp-content\/uploads\/1328va-768x1032.jpg 768w, https:\/\/www.vlaknapameti.cz\/wp-content\/uploads\/1328va-1143x1536.jpg 1143w, https:\/\/www.vlaknapameti.cz\/wp-content\/uploads\/1328va.jpg 1200w\" sizes=\"auto, (max-width: 799px) 100vw, 799px\" \/><figcaption id=\"caption-attachment-2614\" class=\"wp-caption-text\">\u0160\u00e1l, pali\u010dkovan\u00e1 krajka, 2010<\/figcaption><\/figure>\n<figure id=\"attachment_2615\" aria-describedby=\"caption-attachment-2615\" style=\"width: 800px\" class=\"wp-caption alignleft\"><img loading=\"lazy\" decoding=\"async\" class=\"size-large wp-image-2615\" src=\"https:\/\/www.vlaknapameti.cz\/wp-content\/uploads\/1328vb-978x1024.jpg\" alt=\"Obrazov\u00e1 pali\u010dkovan\u00e1 krajka Hudba v krajce, 2012\" width=\"800\" height=\"838\" srcset=\"https:\/\/www.vlaknapameti.cz\/wp-content\/uploads\/1328vb-978x1024.jpg 978w, https:\/\/www.vlaknapameti.cz\/wp-content\/uploads\/1328vb-287x300.jpg 287w, https:\/\/www.vlaknapameti.cz\/wp-content\/uploads\/1328vb-768x804.jpg 768w, https:\/\/www.vlaknapameti.cz\/wp-content\/uploads\/1328vb.jpg 1200w\" sizes=\"auto, (max-width: 800px) 100vw, 800px\" \/><figcaption id=\"caption-attachment-2615\" class=\"wp-caption-text\">Obrazov\u00e1 pali\u010dkovan\u00e1 krajka Hudba v krajce, 2012<\/figcaption><\/figure>\n<figure id=\"attachment_2651\" aria-describedby=\"caption-attachment-2651\" style=\"width: 799px\" class=\"wp-caption alignleft\"><img loading=\"lazy\" decoding=\"async\" class=\" wp-image-2651\" src=\"https:\/\/www.vlaknapameti.cz\/wp-content\/uploads\/1328wc-680x1024.jpg\" alt=\"L\u00edmec, bavlna, pali\u010dkovan\u00e1 krajka, 2015\" width=\"799\" height=\"1203\" srcset=\"https:\/\/www.vlaknapameti.cz\/wp-content\/uploads\/1328wc-680x1024.jpg 680w, https:\/\/www.vlaknapameti.cz\/wp-content\/uploads\/1328wc-199x300.jpg 199w, https:\/\/www.vlaknapameti.cz\/wp-content\/uploads\/1328wc-768x1156.jpg 768w, https:\/\/www.vlaknapameti.cz\/wp-content\/uploads\/1328wc-1020x1536.jpg 1020w, https:\/\/www.vlaknapameti.cz\/wp-content\/uploads\/1328wc-1360x2048.jpg 1360w, https:\/\/www.vlaknapameti.cz\/wp-content\/uploads\/1328wc-scaled.jpg 1700w\" sizes=\"auto, (max-width: 799px) 100vw, 799px\" \/><figcaption id=\"caption-attachment-2651\" class=\"wp-caption-text\">L\u00edmec, bavlna, pali\u010dkovan\u00e1 krajka, 2015<\/figcaption><\/figure>\n","protected":false},"excerpt":{"rendered":"<p>Jana Langov\u00e1 (polo\u017eka interaktivn\u00ed mapy s v\u00edcero reprodukcemi) Jana Langov\u00e1 (1972) se narodila v Brn\u011b. V letech 1986\u20131990 studovala na St\u0159edn\u00ed odborn\u00e9 um\u011blecko\u0159emesln\u00e9 \u0161kole p\u0159i \u0160kolsk\u00e9m \u00fastavu um\u011bleck\u00e9 v\u00fdroby v &#8230;<\/p>\n","protected":false},"author":1,"featured_media":0,"parent":0,"menu_order":0,"comment_status":"closed","ping_status":"closed","template":"","meta":{"footnotes":""},"class_list":["post-2624","page","type-page","status-publish","hentry"],"_links":{"self":[{"href":"https:\/\/www.vlaknapameti.cz\/index.php?rest_route=\/wp\/v2\/pages\/2624","targetHints":{"allow":["GET"]}}],"collection":[{"href":"https:\/\/www.vlaknapameti.cz\/index.php?rest_route=\/wp\/v2\/pages"}],"about":[{"href":"https:\/\/www.vlaknapameti.cz\/index.php?rest_route=\/wp\/v2\/types\/page"}],"author":[{"embeddable":true,"href":"https:\/\/www.vlaknapameti.cz\/index.php?rest_route=\/wp\/v2\/users\/1"}],"replies":[{"embeddable":true,"href":"https:\/\/www.vlaknapameti.cz\/index.php?rest_route=%2Fwp%2Fv2%2Fcomments&post=2624"}],"version-history":[{"count":4,"href":"https:\/\/www.vlaknapameti.cz\/index.php?rest_route=\/wp\/v2\/pages\/2624\/revisions"}],"predecessor-version":[{"id":2731,"href":"https:\/\/www.vlaknapameti.cz\/index.php?rest_route=\/wp\/v2\/pages\/2624\/revisions\/2731"}],"wp:attachment":[{"href":"https:\/\/www.vlaknapameti.cz\/index.php?rest_route=%2Fwp%2Fv2%2Fmedia&parent=2624"}],"curies":[{"name":"wp","href":"https:\/\/api.w.org\/{rel}","templated":true}]}}