{"id":2445,"date":"2025-08-23T15:31:14","date_gmt":"2025-08-23T15:31:14","guid":{"rendered":"https:\/\/www.vlaknapameti.cz\/?page_id=2445"},"modified":"2025-09-12T19:19:33","modified_gmt":"2025-09-12T19:19:33","slug":"im_kostel-sv-bartolomeje-v-bystrem","status":"publish","type":"page","link":"https:\/\/www.vlaknapameti.cz\/?page_id=2445","title":{"rendered":"IM: Kostel sv. Bartolom\u011bje v Bystr\u00e9m"},"content":{"rendered":"<h1><strong>Kostel sv. Bartolom\u011bje v Bystr\u00e9m<\/strong><\/h1>\n<p><em>(polo\u017eka interaktivn\u00ed mapy s v\u00edcero reprodukcemi)<\/em><\/p>\n<p>Kostel sv. Bartolom\u011bje v\u00a0Bystr\u00e9m je \u0159\u00edmskokatolick\u00fd farn\u00ed kostel. Je chr\u00e1n\u011bn jako kulturn\u00ed pam\u00e1tka. Barokn\u00ed stavba byla na m\u00edst\u011b p\u016fvodn\u00edho kostela vybudov\u00e1na v\u00a0letech 1716-1719 podle pl\u00e1n\u016f chrudimsk\u00e9ho stavitele Giorgia Quadroniho. Po po\u017e\u00e1ru v roce 1750 byl p\u0159estav\u011bn.<\/p>\n<figure id=\"attachment_1741\" aria-describedby=\"caption-attachment-1741\" style=\"width: 800px\" class=\"wp-caption alignleft\"><img loading=\"lazy\" decoding=\"async\" class=\"size-large wp-image-1741\" src=\"https:\/\/www.vlaknapameti.cz\/wp-content\/uploads\/0557v-1024x355.jpg\" alt=\"Krajka z kostela sv. Bartolom\u011bje\" width=\"800\" height=\"277\" srcset=\"https:\/\/www.vlaknapameti.cz\/wp-content\/uploads\/0557v-1024x355.jpg 1024w, https:\/\/www.vlaknapameti.cz\/wp-content\/uploads\/0557v-300x104.jpg 300w, https:\/\/www.vlaknapameti.cz\/wp-content\/uploads\/0557v-768x266.jpg 768w, https:\/\/www.vlaknapameti.cz\/wp-content\/uploads\/0557v.jpg 1200w\" sizes=\"auto, (max-width: 800px) 100vw, 800px\" \/><figcaption id=\"caption-attachment-1741\" class=\"wp-caption-text\">P\u00e1sov\u00e1 krajka (z olt\u00e1\u0159n\u00edho pl\u00e1tna), len, 11\u00d7265 cm, pali\u010dkovan\u00e1 krajka, 1. pol. 20. stolet\u00ed, Holice, sb\u00edrka R. Mart\u00ednka<\/figcaption><\/figure>\n<p><img decoding=\"async\" src=\"https:\/\/upload.wikimedia.org\/wikipedia\/commons\/thumb\/7\/75\/Bystr%C3%A9_%28v_Orlick%C3%BDch_hor%C3%A1ch%29_-_kostel_sv._Bartolom%C4%9Bje.jpg\/2560px-Bystr%C3%A9_%28v_Orlick%C3%BDch_hor%C3%A1ch%29_-_kostel_sv._Bartolom%C4%9Bje.jpg\" alt=\"Kostel sv. Bartolom\u011bje v Bystr\u00e9m\" \/><\/p>\n","protected":false},"excerpt":{"rendered":"<p>Kostel sv. Bartolom\u011bje v Bystr\u00e9m (polo\u017eka interaktivn\u00ed mapy s v\u00edcero reprodukcemi) Kostel sv. Bartolom\u011bje v\u00a0Bystr\u00e9m je \u0159\u00edmskokatolick\u00fd farn\u00ed kostel. Je chr\u00e1n\u011bn jako kulturn\u00ed pam\u00e1tka. Barokn\u00ed stavba byla na m\u00edst\u011b p\u016fvodn\u00edho &#8230;<\/p>\n","protected":false},"author":1,"featured_media":0,"parent":0,"menu_order":0,"comment_status":"closed","ping_status":"closed","template":"","meta":{"footnotes":""},"class_list":["post-2445","page","type-page","status-publish","hentry"],"_links":{"self":[{"href":"https:\/\/www.vlaknapameti.cz\/index.php?rest_route=\/wp\/v2\/pages\/2445","targetHints":{"allow":["GET"]}}],"collection":[{"href":"https:\/\/www.vlaknapameti.cz\/index.php?rest_route=\/wp\/v2\/pages"}],"about":[{"href":"https:\/\/www.vlaknapameti.cz\/index.php?rest_route=\/wp\/v2\/types\/page"}],"author":[{"embeddable":true,"href":"https:\/\/www.vlaknapameti.cz\/index.php?rest_route=\/wp\/v2\/users\/1"}],"replies":[{"embeddable":true,"href":"https:\/\/www.vlaknapameti.cz\/index.php?rest_route=%2Fwp%2Fv2%2Fcomments&post=2445"}],"version-history":[{"count":5,"href":"https:\/\/www.vlaknapameti.cz\/index.php?rest_route=\/wp\/v2\/pages\/2445\/revisions"}],"predecessor-version":[{"id":2724,"href":"https:\/\/www.vlaknapameti.cz\/index.php?rest_route=\/wp\/v2\/pages\/2445\/revisions\/2724"}],"wp:attachment":[{"href":"https:\/\/www.vlaknapameti.cz\/index.php?rest_route=%2Fwp%2Fv2%2Fmedia&parent=2445"}],"curies":[{"name":"wp","href":"https:\/\/api.w.org\/{rel}","templated":true}]}}