{"id":2442,"date":"2025-08-23T15:28:00","date_gmt":"2025-08-23T15:28:00","guid":{"rendered":"https:\/\/www.vlaknapameti.cz\/?page_id=2442"},"modified":"2025-09-12T19:23:20","modified_gmt":"2025-09-12T19:23:20","slug":"im_kostel-sv-mari-magdaleny-v-destnem","status":"publish","type":"page","link":"https:\/\/www.vlaknapameti.cz\/?page_id=2442","title":{"rendered":"IM: Kostel sv. M\u00e1\u0159\u00ed Magdaleny v De\u0161tn\u00e9m"},"content":{"rendered":"<h1><strong>Kostel sv. M\u00e1\u0159\u00ed Magdaleny v\u00a0De\u0161tn\u00e9m v\u00a0Orlick\u00fdch hor\u00e1ch<\/strong><\/h1>\n<p><em>(polo\u017eka interaktivn\u00ed mapy s v\u00edcero reprodukcemi)<\/em><\/p>\n<p>Kostel sv. M\u00e1\u0159\u00ed Magdaleny v\u00a0De\u0161tn\u00e9m v\u00a0Orlick\u00fdch hor\u00e1ch je \u0159\u00edmskokatolick\u00fd farn\u00ed kostel. Je chr\u00e1n\u011bn jako kulturn\u00ed pam\u00e1tka. Stavba vrcholn\u00e9ho baroko vznikla pravd\u011bpodobn\u011b na z\u00e1klad\u011b projektu Jana Bla\u017eeje Santiniho-Aichla v\u00a0letech 1723-1725 na m\u00edst\u011b p\u016fvodn\u00edho gotick\u00e9ho kostela. Jedn\u00e1 se o jedno z\u00a0posledn\u00edch Santiniho d\u011bl.<\/p>\n<figure id=\"attachment_1740\" aria-describedby=\"caption-attachment-1740\" style=\"width: 800px\" class=\"wp-caption alignleft\"><img loading=\"lazy\" decoding=\"async\" class=\"size-large wp-image-1740\" src=\"https:\/\/www.vlaknapameti.cz\/wp-content\/uploads\/0556v-1024x383.jpg\" alt=\"Krajka z kostela sv. M\u00e1\u0159\u00ed Magdal\u00e9ny\" width=\"800\" height=\"299\" srcset=\"https:\/\/www.vlaknapameti.cz\/wp-content\/uploads\/0556v-1024x383.jpg 1024w, https:\/\/www.vlaknapameti.cz\/wp-content\/uploads\/0556v-300x112.jpg 300w, https:\/\/www.vlaknapameti.cz\/wp-content\/uploads\/0556v-768x287.jpg 768w, https:\/\/www.vlaknapameti.cz\/wp-content\/uploads\/0556v.jpg 1200w\" sizes=\"auto, (max-width: 800px) 100vw, 800px\" \/><figcaption id=\"caption-attachment-1740\" class=\"wp-caption-text\">P\u00e1sov\u00e1 krajka vl\u00e1\u010dkov\u00e1 (z olt\u00e1\u0159n\u00edho pl\u00e1tna), len, 6\u00d7120 cm, pali\u010dkovan\u00e1 krajka, 1. pol. 20. stolet\u00ed, Holice, sb\u00edrka R. Mart\u00ednka<\/figcaption><\/figure>\n<p><img decoding=\"async\" src=\"https:\/\/upload.wikimedia.org\/wikipedia\/commons\/3\/34\/De%C5%A1tn%C3%A9_v_Orlick%C3%BDch_hor%C3%A1ch_-_kostel_svat%C3%A9_Ma%C5%99%C3%AD_Magdal%C3%A9ny_%284%29.jpg\" alt=\"Kostel sv. M\u00e1\u0159\u00ed Magdaleny v De\u0161tn\u00e9m v Orlick\u00fdch hor\u00e1ch\" \/><\/p>\n","protected":false},"excerpt":{"rendered":"<p>Kostel sv. M\u00e1\u0159\u00ed Magdaleny v\u00a0De\u0161tn\u00e9m v\u00a0Orlick\u00fdch hor\u00e1ch (polo\u017eka interaktivn\u00ed mapy s v\u00edcero reprodukcemi) Kostel sv. M\u00e1\u0159\u00ed Magdaleny v\u00a0De\u0161tn\u00e9m v\u00a0Orlick\u00fdch hor\u00e1ch je \u0159\u00edmskokatolick\u00fd farn\u00ed kostel. Je chr\u00e1n\u011bn jako kulturn\u00ed pam\u00e1tka. Stavba &#8230;<\/p>\n","protected":false},"author":1,"featured_media":0,"parent":0,"menu_order":0,"comment_status":"closed","ping_status":"closed","template":"","meta":{"footnotes":""},"class_list":["post-2442","page","type-page","status-publish","hentry"],"_links":{"self":[{"href":"https:\/\/www.vlaknapameti.cz\/index.php?rest_route=\/wp\/v2\/pages\/2442","targetHints":{"allow":["GET"]}}],"collection":[{"href":"https:\/\/www.vlaknapameti.cz\/index.php?rest_route=\/wp\/v2\/pages"}],"about":[{"href":"https:\/\/www.vlaknapameti.cz\/index.php?rest_route=\/wp\/v2\/types\/page"}],"author":[{"embeddable":true,"href":"https:\/\/www.vlaknapameti.cz\/index.php?rest_route=\/wp\/v2\/users\/1"}],"replies":[{"embeddable":true,"href":"https:\/\/www.vlaknapameti.cz\/index.php?rest_route=%2Fwp%2Fv2%2Fcomments&post=2442"}],"version-history":[{"count":5,"href":"https:\/\/www.vlaknapameti.cz\/index.php?rest_route=\/wp\/v2\/pages\/2442\/revisions"}],"predecessor-version":[{"id":2735,"href":"https:\/\/www.vlaknapameti.cz\/index.php?rest_route=\/wp\/v2\/pages\/2442\/revisions\/2735"}],"wp:attachment":[{"href":"https:\/\/www.vlaknapameti.cz\/index.php?rest_route=%2Fwp%2Fv2%2Fmedia&parent=2442"}],"curies":[{"name":"wp","href":"https:\/\/api.w.org\/{rel}","templated":true}]}}