{"id":2439,"date":"2025-08-23T15:10:36","date_gmt":"2025-08-23T15:10:36","guid":{"rendered":"https:\/\/www.vlaknapameti.cz\/?page_id=2439"},"modified":"2025-09-12T19:26:09","modified_gmt":"2025-09-12T19:26:09","slug":"im_muzeum-vychodnich-cech","status":"publish","type":"page","link":"https:\/\/www.vlaknapameti.cz\/?page_id=2439","title":{"rendered":"IM: Muzeum v\u00fdchodn\u00edch \u010cech"},"content":{"rendered":"<h1>Muzeum v\u00fdchodn\u00edch \u010cech v Hradci Kr\u00e1lov\u00e9<\/h1>\n<p><em>(polo\u017eka interaktivn\u00ed mapy s v\u00edcero reprodukcemi)<\/em><\/p>\n<p>Po\u010d\u00e1tky muzea v Hradci Kr\u00e1lov\u00e9 spadaj\u00ed do roku 1880, kdy bylo zalo\u017eeno kr\u00e1lov\u00e9hradeck\u00e9 m\u011bstsk\u00e9 muzeum. V\u00a0roce 1896 bylo muzeum rozd\u011bleno na dva samostatn\u00e9 \u00fastavy: M\u011bstsk\u00e9 historick\u00e9 muzeum a\u00a0Pr\u016fmyslov\u00e9 muzeum pro severov\u00fdchodn\u00ed \u010d\u00e1st Kr\u00e1lovstv\u00ed \u010desk\u00e9ho. Roku 1939 vzniklo v\u00a0Hradci Kr\u00e1lov\u00e9 tak\u00e9 p\u0159\u00edrodov\u011bdeck\u00e9 muzeum. V\u0161echna kr\u00e1lov\u00e9hradeck\u00e1 muzea (krom\u011b v\u00fd\u0161e uveden\u00fdch nap\u0159\u00edklad t\u00e9\u017e \u017eupn\u00ed pedagogick\u00e9) byla roku 1946 slou\u010dena. Muzeum v 20. stolet\u00ed r\u016fzn\u011b m\u011bnilo n\u00e1zev, z\u0159izovatele i teritori\u00e1ln\u00ed p\u016fsobnost, kter\u00e1 po ur\u010dit\u00fd \u010das zahrnovala cel\u00fd v\u00fdchod \u010cech. Dnes je Muzeum v\u00fdchodn\u00edch \u010cech v Hradci Kr\u00e1lov\u00e9 p\u0159\u00edsp\u011bvkovou organizac\u00ed z\u0159izovanou Kr\u00e1lov\u00e9hradeck\u00fdm krajem a m\u00e1 celokrajskou p\u016fsobnost. V\u00a0\u0159ad\u011b \u010dinnost\u00ed v\u0161ak hranice kraje i nad\u00e1le p\u0159ekra\u010duje. Pat\u0159\u00ed do des\u00edtky nejv\u011bt\u0161\u00edch muze\u00ed v\u00a0\u010cesk\u00e9 republice. V archeologick\u00fdch, p\u0159\u00edrodov\u011bdeck\u00fdch a historick\u00fdch sb\u00edrkov\u00fdch fondech muzeum spravuje na 3 miliony sb\u00edrkov\u00fdch p\u0159edm\u011bt\u016f. Muzeum je ji\u017e des\u00edtky let zapsanou v\u011bdecko-v\u00fdzkumnou organizac\u00ed a ve sv\u00e9 \u010dinnosti spolupracuje s\u00a0muzei a univerzitami po cel\u00e9 Evrop\u011b. <a href=\"https:\/\/www.muzeumhk.cz\/\" target=\"_blank\" rel=\"noopener\">Muzeum<\/a> je Region\u00e1ln\u00edm pracovi\u0161t\u011bm pro tradi\u010dn\u00ed lidovou kulturu Kr\u00e1lov\u00e9hradeck\u00e9ho kraje. Mezi patn\u00e1ct podsb\u00edrek muzea pat\u0159\u00ed rovn\u011b\u017e Etnografick\u00e1 podsb\u00edrka. Jej\u00ed sou\u010d\u00e1st\u00ed jsou tak\u00e9 krajk\u00e1\u0159sk\u00e9 pot\u0159eby, vzorn\u00edky a krajky. Jde o krajky voln\u00e9 i aplikovan\u00e9, a to na od\u011bvech, u\u017eit\u00e9m a zvykoslovn\u00e9m textilu (nap\u0159\u00edklad na \u00favodn\u00edch a koutn\u00edch placht\u00e1ch, z\u00e1st\u011br\u00e1ch). Sou\u010d\u00e1st\u00ed v\u00a0muzeu deponovan\u00fdch krajek jsou tak\u00e9 pro Vamberecko typick\u00e9 vl\u00e1\u010dkov\u00e9 krajky. Jejich soubor s\u00a0uveden\u00edm oblast\u00ed a m\u00edst, kde se pou\u017e\u00edvaly, a s\u00a0dobov\u00fdmi n\u00e1zvy u\u017e\u00edvan\u00fdmi od dvac\u00e1t\u00fdch let 20. stolet\u00ed pro muzeum sestavil Felix Gr\u00fcner, b\u00fdval\u00fd faktor z\u00a0Vamberka.<\/p>\n<p><img decoding=\"async\" src=\"https:\/\/www.muzeumhk.cz\/images\/files\/muzeum-historie\/muzeum-vychodnich-cech-v-hradci-kralove.jpg\" alt=\"Muzeum v\u00fdchodn\u00edch \u010cech\" \/><\/p>\n","protected":false},"excerpt":{"rendered":"<p>Muzeum v\u00fdchodn\u00edch \u010cech v Hradci Kr\u00e1lov\u00e9 (polo\u017eka interaktivn\u00ed mapy s v\u00edcero reprodukcemi) Po\u010d\u00e1tky muzea v Hradci Kr\u00e1lov\u00e9 spadaj\u00ed do roku 1880, kdy bylo zalo\u017eeno kr\u00e1lov\u00e9hradeck\u00e9 m\u011bstsk\u00e9 muzeum. V\u00a0roce 1896 bylo &#8230;<\/p>\n","protected":false},"author":1,"featured_media":0,"parent":0,"menu_order":0,"comment_status":"closed","ping_status":"closed","template":"","meta":{"footnotes":""},"class_list":["post-2439","page","type-page","status-publish","hentry"],"_links":{"self":[{"href":"https:\/\/www.vlaknapameti.cz\/index.php?rest_route=\/wp\/v2\/pages\/2439","targetHints":{"allow":["GET"]}}],"collection":[{"href":"https:\/\/www.vlaknapameti.cz\/index.php?rest_route=\/wp\/v2\/pages"}],"about":[{"href":"https:\/\/www.vlaknapameti.cz\/index.php?rest_route=\/wp\/v2\/types\/page"}],"author":[{"embeddable":true,"href":"https:\/\/www.vlaknapameti.cz\/index.php?rest_route=\/wp\/v2\/users\/1"}],"replies":[{"embeddable":true,"href":"https:\/\/www.vlaknapameti.cz\/index.php?rest_route=%2Fwp%2Fv2%2Fcomments&post=2439"}],"version-history":[{"count":2,"href":"https:\/\/www.vlaknapameti.cz\/index.php?rest_route=\/wp\/v2\/pages\/2439\/revisions"}],"predecessor-version":[{"id":2750,"href":"https:\/\/www.vlaknapameti.cz\/index.php?rest_route=\/wp\/v2\/pages\/2439\/revisions\/2750"}],"wp:attachment":[{"href":"https:\/\/www.vlaknapameti.cz\/index.php?rest_route=%2Fwp%2Fv2%2Fmedia&parent=2439"}],"curies":[{"name":"wp","href":"https:\/\/api.w.org\/{rel}","templated":true}]}}