{"id":2411,"date":"2025-08-13T01:49:16","date_gmt":"2025-08-13T01:49:16","guid":{"rendered":"https:\/\/www.vlaknapameti.cz\/?page_id=2411"},"modified":"2025-09-12T19:24:06","modified_gmt":"2025-09-12T19:24:06","slug":"im_krajkarsky-kurz-pastviny","status":"publish","type":"page","link":"https:\/\/www.vlaknapameti.cz\/?page_id=2411","title":{"rendered":"IM: Krajk\u00e1\u0159sk\u00fd kurz Pastviny"},"content":{"rendered":"<h1>Krajk\u00e1\u0159sk\u00fd kurz v Pastvin\u00e1ch, \u010d.p. 32<\/h1>\n<p><em>(polo\u017eka interaktivn\u00ed mapy s v\u00edcero reprodukcemi)<\/em><\/p>\n<p>V\u00a0Pastvin\u00e1ch z\u0159izoval krajk\u00e1\u0159sk\u00fd kurz \u0160kolsk\u00fd \u00fastav pro dom\u00e1ck\u00fd pr\u016fmysl v\u00a0letech 1922-1951. Ji\u017e p\u0159ed z\u0159\u00edzen\u00edm kurzu, od roku 1904, byla pali\u010dkovan\u00e1 krajka vyu\u010dov\u00e1na v\u00a0tamn\u00ed \u0161kole, a to v\u00a0r\u00e1mci hodin \u017eensk\u00fdch ru\u010dn\u00edch prac\u00ed. V\u00fduka se t\u00fdkala d\u00edvek od \u0161est\u00e9ho \u0161koln\u00edho roku a pat\u0159ila j\u00ed pouze jedna hodinu t\u00fddn\u011b. Tak\u00e9 kurz na\u0161el po n\u011bkolika provizorn\u00edch um\u00edst\u011bn\u00edch \u00fato\u010di\u0161t\u011b v\u00a0objektu \u0161koly. Ta p\u016fvodn\u00ed, na lev\u00e9m b\u0159ehu Orlice, poch\u00e1zela z\u00a0roku 1872. V\u00a0souvislosti s\u00a0budov\u00e1n\u00edm vodn\u00ed n\u00e1dr\u017ee Pastviny (1933-1938) byl pro \u0161kolu postaven nov\u00fd objekt uprost\u0159ed obce. \u0160kola v\u00a0n\u011bm s\u00eddlila od roku 1937. V\u00a0sou\u010dasn\u00e9 dob\u011b \u0161kola v\u00a0Pastvin\u00e1ch neexistuje. Jako lektorka v\u00a0kurzu p\u0159ed rokem 1940 p\u016fsobila Karla Bou\u010dkov\u00e1, kter\u00e1 p\u016fsobila vyu\u010dovala v\u00a0krajk\u00e1\u0159sk\u00e9m kurzu v\u00a0\u010cesk\u00e9 Rybn\u00e9.<\/p>\n<figure id=\"attachment_2299\" aria-describedby=\"caption-attachment-2299\" style=\"width: 800px\" class=\"wp-caption alignleft\"><img loading=\"lazy\" decoding=\"async\" class=\"size-large wp-image-2299\" src=\"https:\/\/www.vlaknapameti.cz\/wp-content\/uploads\/1333v-1024x624.jpg\" alt=\"Obec Pastviny p\u0159ed vybudov\u00e1n\u00edm p\u0159ehrady a zatopen\u00edm \u010d\u00e1sti obce (1924)\" width=\"800\" height=\"488\" srcset=\"https:\/\/www.vlaknapameti.cz\/wp-content\/uploads\/1333v-1024x624.jpg 1024w, https:\/\/www.vlaknapameti.cz\/wp-content\/uploads\/1333v-300x183.jpg 300w, https:\/\/www.vlaknapameti.cz\/wp-content\/uploads\/1333v-768x468.jpg 768w, https:\/\/www.vlaknapameti.cz\/wp-content\/uploads\/1333v.jpg 1200w\" sizes=\"auto, (max-width: 800px) 100vw, 800px\" \/><figcaption id=\"caption-attachment-2299\" class=\"wp-caption-text\">Obec Pastviny p\u0159ed vybudov\u00e1n\u00edm p\u0159ehrady a zatopen\u00edm \u010d\u00e1sti obce (1924)<\/figcaption><\/figure>\n<figure id=\"attachment_2300\" aria-describedby=\"caption-attachment-2300\" style=\"width: 800px\" class=\"wp-caption alignleft\"><img loading=\"lazy\" decoding=\"async\" class=\"size-large wp-image-2300\" src=\"https:\/\/www.vlaknapameti.cz\/wp-content\/uploads\/1333va-1024x707.jpg\" alt=\"Obec Pastviny po vybudov\u00e1n\u00ed p\u0159ehrady. P\u0159ehrada byla vybudov\u00e1na v letech 1933-1938 (druh\u00e1 pol. 20. stol.)\" width=\"800\" height=\"552\" srcset=\"https:\/\/www.vlaknapameti.cz\/wp-content\/uploads\/1333va-1024x707.jpg 1024w, https:\/\/www.vlaknapameti.cz\/wp-content\/uploads\/1333va-300x207.jpg 300w, https:\/\/www.vlaknapameti.cz\/wp-content\/uploads\/1333va-768x530.jpg 768w, https:\/\/www.vlaknapameti.cz\/wp-content\/uploads\/1333va.jpg 1200w\" sizes=\"auto, (max-width: 800px) 100vw, 800px\" \/><figcaption id=\"caption-attachment-2300\" class=\"wp-caption-text\">Obec Pastviny po vybudov\u00e1n\u00ed p\u0159ehrady. P\u0159ehrada byla vybudov\u00e1na v letech 1933-1938 (druh\u00e1 pol. 20. stol.)<\/figcaption><\/figure>\n<p>&nbsp;<\/p>\n","protected":false},"excerpt":{"rendered":"<p>Krajk\u00e1\u0159sk\u00fd kurz v Pastvin\u00e1ch, \u010d.p. 32 (polo\u017eka interaktivn\u00ed mapy s v\u00edcero reprodukcemi) V\u00a0Pastvin\u00e1ch z\u0159izoval krajk\u00e1\u0159sk\u00fd kurz \u0160kolsk\u00fd \u00fastav pro dom\u00e1ck\u00fd pr\u016fmysl v\u00a0letech 1922-1951. Ji\u017e p\u0159ed z\u0159\u00edzen\u00edm kurzu, od roku 1904, &#8230;<\/p>\n","protected":false},"author":1,"featured_media":0,"parent":0,"menu_order":0,"comment_status":"closed","ping_status":"closed","template":"","meta":{"footnotes":""},"class_list":["post-2411","page","type-page","status-publish","hentry"],"_links":{"self":[{"href":"https:\/\/www.vlaknapameti.cz\/index.php?rest_route=\/wp\/v2\/pages\/2411","targetHints":{"allow":["GET"]}}],"collection":[{"href":"https:\/\/www.vlaknapameti.cz\/index.php?rest_route=\/wp\/v2\/pages"}],"about":[{"href":"https:\/\/www.vlaknapameti.cz\/index.php?rest_route=\/wp\/v2\/types\/page"}],"author":[{"embeddable":true,"href":"https:\/\/www.vlaknapameti.cz\/index.php?rest_route=\/wp\/v2\/users\/1"}],"replies":[{"embeddable":true,"href":"https:\/\/www.vlaknapameti.cz\/index.php?rest_route=%2Fwp%2Fv2%2Fcomments&post=2411"}],"version-history":[{"count":2,"href":"https:\/\/www.vlaknapameti.cz\/index.php?rest_route=\/wp\/v2\/pages\/2411\/revisions"}],"predecessor-version":[{"id":2739,"href":"https:\/\/www.vlaknapameti.cz\/index.php?rest_route=\/wp\/v2\/pages\/2411\/revisions\/2739"}],"wp:attachment":[{"href":"https:\/\/www.vlaknapameti.cz\/index.php?rest_route=%2Fwp%2Fv2%2Fmedia&parent=2411"}],"curies":[{"name":"wp","href":"https:\/\/api.w.org\/{rel}","templated":true}]}}