{"id":2402,"date":"2025-08-13T01:29:41","date_gmt":"2025-08-13T01:29:41","guid":{"rendered":"https:\/\/www.vlaknapameti.cz\/?page_id=2402"},"modified":"2025-09-12T19:24:54","modified_gmt":"2025-09-12T19:24:54","slug":"im_marie-sedlackova-serbouskova","status":"publish","type":"page","link":"https:\/\/www.vlaknapameti.cz\/?page_id=2402","title":{"rendered":"IM: Marie Sedl\u00e1\u010dkov\u00e1\u2013Serbouskov\u00e1"},"content":{"rendered":"<h2>Marie Sedl\u00e1\u010dkov\u00e1\u2013Serbouskov\u00e1<\/h2>\n<p><em>(polo\u017eka interaktivn\u00ed mapy s v\u00edcero reprodukcemi)<\/em><\/p>\n<p>Zakladatelka modern\u00edho krajk\u00e1\u0159stv\u00ed, v\u00fdtvarnice, krajk\u00e1\u0159ka, n\u00e1vrh\u00e1\u0159ka, badatelka a autorka studi\u00ed o pali\u010dkovan\u00e9 krajce se narodila 29.6.1895 v Javornici, v \u010d.p. 37. Do rodn\u00e9ho domu se po cel\u00fd \u017eivot vracela, pob\u00fdvala v n\u011bm se sv\u00fdm man\u017eelem mal\u00ed\u0159em Vojt\u011bchem Sedl\u00e1\u010dkem.<\/p>\n<p>Marie Sedl\u00e1\u010dkov\u00e1 \u2013 Serbouskov\u00e1 pat\u0159ila k v\u00fdrazn\u00fdm osobnostem p\u0159elomov\u00e9ho obdob\u00ed \u010deskoslovensk\u00e9ho krajk\u00e1\u0159stv\u00ed a st\u00e1la u zrodu jeho modern\u00ed \u00e9ry. Vych\u00e1zela z dokonal\u00e9 znalosti krajk\u00e1\u0159sk\u00fdch technik a z v\u00fdjime\u010dn\u00e9ho v\u00fdtvarn\u00e9ho c\u00edt\u011bn\u00ed. Snouben\u00ed t\u011bchto schopnost\u00ed j\u00ed umo\u017enilo vytvo\u0159it d\u00edlo mimo\u0159\u00e1dn\u00e9ho rozsahu i kvality. Jej\u00ed tvorba zahrnovala \u0161irokou paletu n\u00e1m\u011bt\u016f a styl\u016f. Navrhovala krajkov\u00e9 soupravy pro p\u0159edn\u00ed osobnosti spole\u010densk\u00e9ho, kulturn\u00edho i politick\u00e9ho \u017eivota. Mezi jej\u00ed z\u00e1kazn\u00edky pat\u0159ily nap\u0159\u00edklad Alice Masarykov\u00e1, Hana Bene\u0161ov\u00e1, rodina Tom\u00e1\u0161e Bati, Barto\u0148ov\u00e9 z Doben\u00edna \u010di m\u00f3dn\u00ed salon Hany Podolsk\u00e9.<\/p>\n<p>Krajk\u00e1\u0159stv\u00ed se v\u011bnovala i po odborn\u00e9 str\u00e1nce. Na z\u00e1klad\u011b pov\u011b\u0159en\u00ed Slovensk\u00e9ho vl\u00e1dn\u00edho komisari\u00e1tu pro zachov\u00e1n\u00ed pam\u00e1tek v letech 1920\u20131921 provedla v\u00fdzkum lidov\u00e9ho krajk\u00e1\u0159stv\u00ed na Slovensku. V letech 1921\u20131925 studovala na Vysok\u00e9 \u0161kole um\u011bleckopr\u016fmyslov\u00e9 v Praze. Sv\u00e9 d\u00edlo prezentovala na mnoha dom\u00e1c\u00edch i zahrani\u010dn\u00edch v\u00fdstav\u00e1ch Svazu \u010ds. d\u00edla, vystavovala v Evrop\u011b i v z\u00e1mo\u0159\u00ed, nap\u0159\u00edklad v New Yorku a Chicagu. Jej\u00edm nejv\u011bt\u0161\u00edm profesn\u00edm \u00fasp\u011bchem byla zlat\u00e1 medaile a \u010destn\u00fd diplom z Mezin\u00e1rodn\u00ed v\u00fdstavy dekorativn\u00edch um\u011bn\u00ed a pr\u016fmyslu v Pa\u0159\u00ed\u017ei roku 1925.<\/p>\n<p>Vedle mimo\u0159\u00e1dn\u00e9ho v\u00fdtvarn\u00e9ho talentu a p\u00edle byla tak\u00e9 schopnou obchodnic\u00ed. Vytvo\u0159ila rozs\u00e1hl\u00e9 \u201enab\u00eddkov\u00e9 katalogy\u201c pali\u010dkovan\u00fdch vzor\u016f, krajek, ubrus\u016f a st\u00f3r, p\u0159i\u010dem\u017e v\u017edy vych\u00e1zela vst\u0159\u00edc p\u0159\u00edmo po\u017eadavk\u016fm a vkusu sv\u00fdch z\u00e1kazn\u00edk\u016f. Spolupracovala se zku\u0161en\u00fdmi krajk\u00e1\u0159kami z Javornice a okoln\u00edch vesnic. Navrhovala jak luxusn\u00ed celohedv\u00e1bn\u00e9 soupravy a n\u00e1ro\u010dn\u00e9 st\u00f3ry a ubrusy kombinuj\u00edc\u00ed pali\u010dkovanou krajku s bohatou v\u00fd\u0161ivkou, tak i jednodu\u0161\u0161\u00ed, hrav\u00e9 ln\u011bn\u00e9 pokr\u00fdvky a ubrusy s barevn\u00fdmi okolky, kter\u00e9 odpov\u00eddaly po\u017eadavk\u016fm modern\u00edch \u017een na eleganci a snadnou \u00fadr\u017ebu.<\/p>\n<p>Svou originalitou, rozsahem tvorby a mimo\u0159\u00e1dn\u00fdm odkazem se zapsala do historie \u010desk\u00e9ho krajk\u00e1\u0159stv\u00ed. Jej\u00ed odkaz inspiruje krajk\u00e1\u0159ky, v\u00fdtvarn\u00edky i obdivovatele um\u011bleck\u00e9ho \u0159emesla dodnes.<\/p>\n<p>V\u00edce o autorce nap\u0159\u00edklad <a href=\"https:\/\/www.vlaknapameti.cz\/?p=1411\" target=\"_blank\" rel=\"noopener\">zde<\/a>.<\/p>\n<figure id=\"attachment_2269\" aria-describedby=\"caption-attachment-2269\" style=\"width: 800px\" class=\"wp-caption alignleft\"><img loading=\"lazy\" decoding=\"async\" class=\"size-large wp-image-2269\" src=\"https:\/\/www.vlaknapameti.cz\/wp-content\/uploads\/1329v-1024x714.jpg\" alt=\"Marie a Vojt\u011bch Sedl\u00e1\u010dkovi, Javornice, kolem roku 1945\" width=\"800\" height=\"558\" srcset=\"https:\/\/www.vlaknapameti.cz\/wp-content\/uploads\/1329v-1024x714.jpg 1024w, https:\/\/www.vlaknapameti.cz\/wp-content\/uploads\/1329v-300x209.jpg 300w, https:\/\/www.vlaknapameti.cz\/wp-content\/uploads\/1329v-768x536.jpg 768w, https:\/\/www.vlaknapameti.cz\/wp-content\/uploads\/1329v.jpg 1200w\" sizes=\"auto, (max-width: 800px) 100vw, 800px\" \/><figcaption id=\"caption-attachment-2269\" class=\"wp-caption-text\">Marie a Vojt\u011bch Sedl\u00e1\u010dkovi, Javornice, kolem roku 1945<\/figcaption><\/figure>\n<figure id=\"attachment_2270\" aria-describedby=\"caption-attachment-2270\" style=\"width: 800px\" class=\"wp-caption alignleft\"><img loading=\"lazy\" decoding=\"async\" class=\"size-large wp-image-2270\" src=\"https:\/\/www.vlaknapameti.cz\/wp-content\/uploads\/1329va-1024x722.jpg\" alt=\"Rodn\u00fd d\u016fm a \u010dast\u00e9 m\u00edsto pobyt\u016f M.\u00a0Sedl\u00e1\u010dkov\u00e9-Serbouskov\u00e9, Javornice \u010dp. 37\" width=\"800\" height=\"564\" srcset=\"https:\/\/www.vlaknapameti.cz\/wp-content\/uploads\/1329va-1024x722.jpg 1024w, https:\/\/www.vlaknapameti.cz\/wp-content\/uploads\/1329va-300x212.jpg 300w, https:\/\/www.vlaknapameti.cz\/wp-content\/uploads\/1329va-768x541.jpg 768w, https:\/\/www.vlaknapameti.cz\/wp-content\/uploads\/1329va.jpg 1200w\" sizes=\"auto, (max-width: 800px) 100vw, 800px\" \/><figcaption id=\"caption-attachment-2270\" class=\"wp-caption-text\">Rodn\u00fd d\u016fm a \u010dast\u00e9 m\u00edsto pobyt\u016f M.\u00a0Sedl\u00e1\u010dkov\u00e9-Serbouskov\u00e9, Javornice \u010dp. 37<\/figcaption><\/figure>\n<figure id=\"attachment_2271\" aria-describedby=\"caption-attachment-2271\" style=\"width: 800px\" class=\"wp-caption alignleft\"><img loading=\"lazy\" decoding=\"async\" class=\"size-large wp-image-2271\" src=\"https:\/\/www.vlaknapameti.cz\/wp-content\/uploads\/1329vb-1024x359.jpg\" alt=\"Pokr\u00fdvka na p\u0159\u00edborn\u00edk, 180 x 70 cm, pali\u010dkovan\u00e1 krajka, 1921\" width=\"800\" height=\"280\" srcset=\"https:\/\/www.vlaknapameti.cz\/wp-content\/uploads\/1329vb-1024x359.jpg 1024w, https:\/\/www.vlaknapameti.cz\/wp-content\/uploads\/1329vb-300x105.jpg 300w, https:\/\/www.vlaknapameti.cz\/wp-content\/uploads\/1329vb-768x269.jpg 768w, https:\/\/www.vlaknapameti.cz\/wp-content\/uploads\/1329vb.jpg 1200w\" sizes=\"auto, (max-width: 800px) 100vw, 800px\" \/><figcaption id=\"caption-attachment-2271\" class=\"wp-caption-text\">Pokr\u00fdvka na p\u0159\u00edborn\u00edk, 180 x 70 cm, pali\u010dkovan\u00e1 krajka, 1921<\/figcaption><\/figure>\n<figure id=\"attachment_2272\" aria-describedby=\"caption-attachment-2272\" style=\"width: 800px\" class=\"wp-caption alignleft\"><img loading=\"lazy\" decoding=\"async\" class=\"size-large wp-image-2272\" src=\"https:\/\/www.vlaknapameti.cz\/wp-content\/uploads\/1329vc-956x1024.jpg\" alt=\"\u201cKosteln\u00ed\u201c krajky, pali\u010dkovan\u00e1 krajka,\u00a01921\" width=\"800\" height=\"857\" srcset=\"https:\/\/www.vlaknapameti.cz\/wp-content\/uploads\/1329vc-956x1024.jpg 956w, https:\/\/www.vlaknapameti.cz\/wp-content\/uploads\/1329vc-280x300.jpg 280w, https:\/\/www.vlaknapameti.cz\/wp-content\/uploads\/1329vc-768x823.jpg 768w, https:\/\/www.vlaknapameti.cz\/wp-content\/uploads\/1329vc.jpg 1200w\" sizes=\"auto, (max-width: 800px) 100vw, 800px\" \/><figcaption id=\"caption-attachment-2272\" class=\"wp-caption-text\">\u201cKosteln\u00ed\u201c krajky, pali\u010dkovan\u00e1 krajka,\u00a01921<\/figcaption><\/figure>\n<figure id=\"attachment_2273\" aria-describedby=\"caption-attachment-2273\" style=\"width: 800px\" class=\"wp-caption alignleft\"><img loading=\"lazy\" decoding=\"async\" class=\"size-large wp-image-2273\" src=\"https:\/\/www.vlaknapameti.cz\/wp-content\/uploads\/1329vd-1024x1016.jpg\" alt=\"Ubrousek ze soupravy pro Marii Barto\u0148ovou,\u00a050\u00d750 cm, pali\u010dkovan\u00e1 krajka,\u00a01922\" width=\"800\" height=\"794\" srcset=\"https:\/\/www.vlaknapameti.cz\/wp-content\/uploads\/1329vd-1024x1016.jpg 1024w, https:\/\/www.vlaknapameti.cz\/wp-content\/uploads\/1329vd-300x298.jpg 300w, https:\/\/www.vlaknapameti.cz\/wp-content\/uploads\/1329vd-150x150.jpg 150w, https:\/\/www.vlaknapameti.cz\/wp-content\/uploads\/1329vd-768x762.jpg 768w, https:\/\/www.vlaknapameti.cz\/wp-content\/uploads\/1329vd.jpg 1200w\" sizes=\"auto, (max-width: 800px) 100vw, 800px\" \/><figcaption id=\"caption-attachment-2273\" class=\"wp-caption-text\">Ubrousek ze soupravy pro Marii Barto\u0148ovou,\u00a050\u00d750 cm, pali\u010dkovan\u00e1 krajka,\u00a01922<\/figcaption><\/figure>\n<figure id=\"attachment_2274\" aria-describedby=\"caption-attachment-2274\" style=\"width: 800px\" class=\"wp-caption alignleft\"><img loading=\"lazy\" decoding=\"async\" class=\"size-large wp-image-2274\" src=\"https:\/\/www.vlaknapameti.cz\/wp-content\/uploads\/1329ve-1024x1021.jpg\" alt=\"Ubrus pro rodinu Barto\u0148\u016f,\u00a0\u00d8 248 cm, pali\u010dkovan\u00e1 krajka, 1925\" width=\"800\" height=\"798\" srcset=\"https:\/\/www.vlaknapameti.cz\/wp-content\/uploads\/1329ve-1024x1021.jpg 1024w, https:\/\/www.vlaknapameti.cz\/wp-content\/uploads\/1329ve-300x300.jpg 300w, https:\/\/www.vlaknapameti.cz\/wp-content\/uploads\/1329ve-150x150.jpg 150w, https:\/\/www.vlaknapameti.cz\/wp-content\/uploads\/1329ve-768x765.jpg 768w, https:\/\/www.vlaknapameti.cz\/wp-content\/uploads\/1329ve.jpg 1200w\" sizes=\"auto, (max-width: 800px) 100vw, 800px\" \/><figcaption id=\"caption-attachment-2274\" class=\"wp-caption-text\">Ubrus pro rodinu Barto\u0148\u016f,\u00a0\u00d8 248 cm, pali\u010dkovan\u00e1 krajka, 1925<\/figcaption><\/figure>\n<figure id=\"attachment_2275\" aria-describedby=\"caption-attachment-2275\" style=\"width: 800px\" class=\"wp-caption alignleft\"><img loading=\"lazy\" decoding=\"async\" class=\"size-large wp-image-2275\" src=\"https:\/\/www.vlaknapameti.cz\/wp-content\/uploads\/1329vf-1024x793.jpg\" alt=\"Diplom ud\u011blen\u00fd Marii Serbouskov\u00e9 na Mezin\u00e1rodn\u00ed v\u00fdstav\u011b dekorativn\u00edho um\u011bn\u00ed a pr\u016fmyslu v\u00a0Pa\u0159\u00ed\u017ei 1925; M. Serbouskov\u00e1 na n\u00ed z\u00edskala zlatou medaili\" width=\"800\" height=\"620\" srcset=\"https:\/\/www.vlaknapameti.cz\/wp-content\/uploads\/1329vf-1024x793.jpg 1024w, https:\/\/www.vlaknapameti.cz\/wp-content\/uploads\/1329vf-300x232.jpg 300w, https:\/\/www.vlaknapameti.cz\/wp-content\/uploads\/1329vf-768x595.jpg 768w, https:\/\/www.vlaknapameti.cz\/wp-content\/uploads\/1329vf.jpg 1200w\" sizes=\"auto, (max-width: 800px) 100vw, 800px\" \/><figcaption id=\"caption-attachment-2275\" class=\"wp-caption-text\">Diplom ud\u011blen\u00fd Marii Serbouskov\u00e9 na Mezin\u00e1rodn\u00ed v\u00fdstav\u011b dekorativn\u00edho um\u011bn\u00ed a pr\u016fmyslu v\u00a0Pa\u0159\u00ed\u017ei 1925; M. Serbouskov\u00e1 na n\u00ed z\u00edskala zlatou medaili<\/figcaption><\/figure>\n<figure id=\"attachment_2276\" aria-describedby=\"caption-attachment-2276\" style=\"width: 800px\" class=\"wp-caption alignleft\"><img loading=\"lazy\" decoding=\"async\" class=\"size-large wp-image-2276\" src=\"https:\/\/www.vlaknapameti.cz\/wp-content\/uploads\/1329vg-1024x926.jpg\" alt=\"Vzorek motivu pali\u010dkovan\u00e9 krajky k\u00a0n\u00e1vrhu st\u00f3ry, 1925\u20131927\" width=\"800\" height=\"723\" srcset=\"https:\/\/www.vlaknapameti.cz\/wp-content\/uploads\/1329vg-1024x926.jpg 1024w, https:\/\/www.vlaknapameti.cz\/wp-content\/uploads\/1329vg-300x271.jpg 300w, https:\/\/www.vlaknapameti.cz\/wp-content\/uploads\/1329vg-768x694.jpg 768w, https:\/\/www.vlaknapameti.cz\/wp-content\/uploads\/1329vg.jpg 1200w\" sizes=\"auto, (max-width: 800px) 100vw, 800px\" \/><figcaption id=\"caption-attachment-2276\" class=\"wp-caption-text\">Vzorek motivu pali\u010dkovan\u00e9 krajky k\u00a0n\u00e1vrhu st\u00f3ry, 1925\u20131927<\/figcaption><\/figure>\n<figure id=\"attachment_2277\" aria-describedby=\"caption-attachment-2277\" style=\"width: 800px\" class=\"wp-caption alignleft\"><img loading=\"lazy\" decoding=\"async\" class=\"size-large wp-image-2277\" src=\"https:\/\/www.vlaknapameti.cz\/wp-content\/uploads\/1329vh-1024x835.jpg\" alt=\"Vzorn\u00edk barevn\u00fdch krajek, pali\u010dkovan\u00e1 krajka, prvn\u00ed\u00a0polovina 30. let 20. stolet\u00ed.\" width=\"800\" height=\"652\" srcset=\"https:\/\/www.vlaknapameti.cz\/wp-content\/uploads\/1329vh-1024x835.jpg 1024w, https:\/\/www.vlaknapameti.cz\/wp-content\/uploads\/1329vh-300x245.jpg 300w, https:\/\/www.vlaknapameti.cz\/wp-content\/uploads\/1329vh-768x626.jpg 768w, https:\/\/www.vlaknapameti.cz\/wp-content\/uploads\/1329vh.jpg 1200w\" sizes=\"auto, (max-width: 800px) 100vw, 800px\" \/><figcaption id=\"caption-attachment-2277\" class=\"wp-caption-text\">Vzorn\u00edk barevn\u00fdch krajek, pali\u010dkovan\u00e1 krajka, prvn\u00ed\u00a0polovina 30. let 20. stolet\u00ed.<\/figcaption><\/figure>\n<figure id=\"attachment_2278\" aria-describedby=\"caption-attachment-2278\" style=\"width: 800px\" class=\"wp-caption alignleft\"><img loading=\"lazy\" decoding=\"async\" class=\"size-large wp-image-2278\" src=\"https:\/\/www.vlaknapameti.cz\/wp-content\/uploads\/1329vi-1001x1024.jpg\" alt=\"Hedv\u00e1bn\u00e1 pokr\u00fdvka, pali\u010dkovan\u00e1 krajka,\u00a01930\" width=\"800\" height=\"818\" srcset=\"https:\/\/www.vlaknapameti.cz\/wp-content\/uploads\/1329vi-1001x1024.jpg 1001w, https:\/\/www.vlaknapameti.cz\/wp-content\/uploads\/1329vi-293x300.jpg 293w, https:\/\/www.vlaknapameti.cz\/wp-content\/uploads\/1329vi-768x785.jpg 768w, https:\/\/www.vlaknapameti.cz\/wp-content\/uploads\/1329vi.jpg 1200w\" sizes=\"auto, (max-width: 800px) 100vw, 800px\" \/><figcaption id=\"caption-attachment-2278\" class=\"wp-caption-text\">Hedv\u00e1bn\u00e1 pokr\u00fdvka, pali\u010dkovan\u00e1 krajka,\u00a01930<\/figcaption><\/figure>\n<figure id=\"attachment_2279\" aria-describedby=\"caption-attachment-2279\" style=\"width: 800px\" class=\"wp-caption alignleft\"><img loading=\"lazy\" decoding=\"async\" class=\"size-large wp-image-2279\" src=\"https:\/\/www.vlaknapameti.cz\/wp-content\/uploads\/1329vj-1024x745.jpg\" alt=\"Ubrus opat\u0159en\u00fd krajkou,\u00a0pali\u010dkovan\u00e1 krajka,\u00a01932\" width=\"800\" height=\"582\" srcset=\"https:\/\/www.vlaknapameti.cz\/wp-content\/uploads\/1329vj-1024x745.jpg 1024w, https:\/\/www.vlaknapameti.cz\/wp-content\/uploads\/1329vj-300x218.jpg 300w, https:\/\/www.vlaknapameti.cz\/wp-content\/uploads\/1329vj-768x559.jpg 768w, https:\/\/www.vlaknapameti.cz\/wp-content\/uploads\/1329vj.jpg 1200w\" sizes=\"auto, (max-width: 800px) 100vw, 800px\" \/><figcaption id=\"caption-attachment-2279\" class=\"wp-caption-text\">Ubrus opat\u0159en\u00fd krajkou,\u00a0pali\u010dkovan\u00e1 krajka,\u00a01932<\/figcaption><\/figure>\n<figure id=\"attachment_2280\" aria-describedby=\"caption-attachment-2280\" style=\"width: 800px\" class=\"wp-caption alignleft\"><img loading=\"lazy\" decoding=\"async\" class=\"size-large wp-image-2280\" src=\"https:\/\/www.vlaknapameti.cz\/wp-content\/uploads\/1329vk-1024x730.jpg\" alt=\"Prost\u00edr\u00e1n\u00ed s &quot;kl\u00e1\u0161tern\u00ed krajkou&quot;,\u00a0pali\u010dkovan\u00e1 krajka,\u00a01932\" width=\"800\" height=\"570\" srcset=\"https:\/\/www.vlaknapameti.cz\/wp-content\/uploads\/1329vk-1024x730.jpg 1024w, https:\/\/www.vlaknapameti.cz\/wp-content\/uploads\/1329vk-300x214.jpg 300w, https:\/\/www.vlaknapameti.cz\/wp-content\/uploads\/1329vk-768x547.jpg 768w, https:\/\/www.vlaknapameti.cz\/wp-content\/uploads\/1329vk.jpg 1200w\" sizes=\"auto, (max-width: 800px) 100vw, 800px\" \/><figcaption id=\"caption-attachment-2280\" class=\"wp-caption-text\">Prost\u00edr\u00e1n\u00ed s &#8220;kl\u00e1\u0161tern\u00ed krajkou&#8221;,\u00a0pali\u010dkovan\u00e1 krajka,\u00a01932<\/figcaption><\/figure>\n<p>&nbsp;<\/p>\n","protected":false},"excerpt":{"rendered":"<p>Marie Sedl\u00e1\u010dkov\u00e1\u2013Serbouskov\u00e1 (polo\u017eka interaktivn\u00ed mapy s v\u00edcero reprodukcemi) Zakladatelka modern\u00edho krajk\u00e1\u0159stv\u00ed, v\u00fdtvarnice, krajk\u00e1\u0159ka, n\u00e1vrh\u00e1\u0159ka, badatelka a autorka studi\u00ed o pali\u010dkovan\u00e9 krajce se narodila 29.6.1895 v Javornici, v \u010d.p. 37. Do &#8230;<\/p>\n","protected":false},"author":1,"featured_media":0,"parent":0,"menu_order":0,"comment_status":"closed","ping_status":"closed","template":"","meta":{"footnotes":""},"class_list":["post-2402","page","type-page","status-publish","hentry"],"_links":{"self":[{"href":"https:\/\/www.vlaknapameti.cz\/index.php?rest_route=\/wp\/v2\/pages\/2402","targetHints":{"allow":["GET"]}}],"collection":[{"href":"https:\/\/www.vlaknapameti.cz\/index.php?rest_route=\/wp\/v2\/pages"}],"about":[{"href":"https:\/\/www.vlaknapameti.cz\/index.php?rest_route=\/wp\/v2\/types\/page"}],"author":[{"embeddable":true,"href":"https:\/\/www.vlaknapameti.cz\/index.php?rest_route=\/wp\/v2\/users\/1"}],"replies":[{"embeddable":true,"href":"https:\/\/www.vlaknapameti.cz\/index.php?rest_route=%2Fwp%2Fv2%2Fcomments&post=2402"}],"version-history":[{"count":3,"href":"https:\/\/www.vlaknapameti.cz\/index.php?rest_route=\/wp\/v2\/pages\/2402\/revisions"}],"predecessor-version":[{"id":2743,"href":"https:\/\/www.vlaknapameti.cz\/index.php?rest_route=\/wp\/v2\/pages\/2402\/revisions\/2743"}],"wp:attachment":[{"href":"https:\/\/www.vlaknapameti.cz\/index.php?rest_route=%2Fwp%2Fv2%2Fmedia&parent=2402"}],"curies":[{"name":"wp","href":"https:\/\/api.w.org\/{rel}","templated":true}]}}