{"id":2400,"date":"2025-08-13T01:18:50","date_gmt":"2025-08-13T01:18:50","guid":{"rendered":"https:\/\/www.vlaknapameti.cz\/?page_id=2400"},"modified":"2025-09-12T19:23:30","modified_gmt":"2025-09-12T19:23:30","slug":"im_kostel-sv-prokopa","status":"publish","type":"page","link":"https:\/\/www.vlaknapameti.cz\/?page_id=2400","title":{"rendered":"IM: Kostel sv. Prokopa"},"content":{"rendered":"<h1>Kostel sv. Prokopa ve Vamberku<\/h1>\n<p><em>(polo\u017eka interaktivn\u00ed mapy s v\u00edcero reprodukcemi)<\/em><\/p>\n<p>Kostel sv. Prokopa ve Vamberku je \u0159\u00edmskokatolick\u00fd farn\u00ed kostel. Je chr\u00e1n\u011bn jako kulturn\u00ed pam\u00e1tka. <a href=\"https:\/\/cs.wikipedia.org\/wiki\/Baroko\">Barokn\u00ed<\/a>\u00a0stavba z let\u00a01707-1714 vznikla na m\u00edst\u011b star\u0161\u00edho kostela. Opravena byla v\u00a0polovin\u011b 19. stolet\u00ed a znovu obnovena po po\u017e\u00e1ru v\u00a0roce 1898. Pod kostelem se nach\u00e1z\u00ed rozs\u00e1hl\u00e1 krypta, v\u00a0n\u00ed\u017e se nach\u00e1z\u00ed rovn\u011b\u017e mumie Magdaleny Grambov\u00e9, man\u017eelky plukovn\u00edka Ka\u0161para Gramba, kter\u00fd vlastnil od roku 1629 panstv\u00ed Pot\u0161tejn. Panstv\u00ed bylo po jeho smrti rozd\u011bleno na Pot\u0161tejn, Vamberk a Kostelec. Magdalena Grambov\u00e1 poch\u00e1zela z Meldeku a zaslou\u017eila se o rozvoj pali\u010dkovan\u00e9 krajky z\u00e1padoevropsk\u00e9ho, belgick\u00e9ho typu na Vamberecku. Krajky, kter\u00e9 se nach\u00e1zely v Kostelu sv. Prokopa a v Kostelu sv. Barbory\u00a0ve Vamberku, byly deponov\u00e1ny na vambereck\u00e9 fa\u0159e, odkud byly z\u00edsk\u00e1ny roku 1996 do sb\u00edrky Muzea a galerie Orlick\u00fdch hor v\u00a0Rychnov\u011b nad Kn\u011b\u017enou.<\/p>\n<figure id=\"attachment_2158\" aria-describedby=\"caption-attachment-2158\" style=\"width: 800px\" class=\"wp-caption alignleft\"><img loading=\"lazy\" decoding=\"async\" class=\"size-large wp-image-2158\" src=\"https:\/\/www.vlaknapameti.cz\/wp-content\/uploads\/0550v-1024x748.jpg\" alt=\"Olt\u00e1\u0159n\u00ed textilie s pali\u010dkovanou vl\u00e1\u010dkovou krajkou z\u00a0fary ve Vamberku, konec 19. stolet\u00ed\" width=\"800\" height=\"584\" srcset=\"https:\/\/www.vlaknapameti.cz\/wp-content\/uploads\/0550v-1024x748.jpg 1024w, https:\/\/www.vlaknapameti.cz\/wp-content\/uploads\/0550v-300x219.jpg 300w, https:\/\/www.vlaknapameti.cz\/wp-content\/uploads\/0550v-768x561.jpg 768w, https:\/\/www.vlaknapameti.cz\/wp-content\/uploads\/0550v.jpg 1200w\" sizes=\"auto, (max-width: 800px) 100vw, 800px\" \/><figcaption id=\"caption-attachment-2158\" class=\"wp-caption-text\">Olt\u00e1\u0159n\u00ed textilie s pali\u010dkovanou vl\u00e1\u010dkovou krajkou z\u00a0fary ve Vamberku, konec 19. stolet\u00ed<\/figcaption><\/figure>\n<figure id=\"attachment_2159\" aria-describedby=\"caption-attachment-2159\" style=\"width: 800px\" class=\"wp-caption alignnone\"><img loading=\"lazy\" decoding=\"async\" class=\"size-large wp-image-2159\" src=\"https:\/\/www.vlaknapameti.cz\/wp-content\/uploads\/0550vb-1024x955.jpg\" alt=\"Kosteln\u00ed textilie s\u00a0geometrickou pali\u010dkovanou krajkou z\u00a0fary ve Vamberku, 20. \u2013 40. l\u00e9ta 20. stolet\u00ed (patrn\u00e1 inspirace krajkami M. Sedl\u00e1\u010dkov\u00e9 Serbouskov\u00e9)\" width=\"800\" height=\"746\" srcset=\"https:\/\/www.vlaknapameti.cz\/wp-content\/uploads\/0550vb-1024x955.jpg 1024w, https:\/\/www.vlaknapameti.cz\/wp-content\/uploads\/0550vb-300x280.jpg 300w, https:\/\/www.vlaknapameti.cz\/wp-content\/uploads\/0550vb-768x716.jpg 768w, https:\/\/www.vlaknapameti.cz\/wp-content\/uploads\/0550vb.jpg 1200w\" sizes=\"auto, (max-width: 800px) 100vw, 800px\" \/><figcaption id=\"caption-attachment-2159\" class=\"wp-caption-text\">Kosteln\u00ed textilie s\u00a0geometrickou pali\u010dkovanou krajkou z\u00a0fary ve Vamberku, 20. \u2013 40. l\u00e9ta 20. stolet\u00ed (patrn\u00e1 inspirace krajkami M. Sedl\u00e1\u010dkov\u00e9 Serbouskov\u00e9)<\/figcaption><\/figure>\n<figure id=\"attachment_2160\" aria-describedby=\"caption-attachment-2160\" style=\"width: 800px\" class=\"wp-caption alignleft\"><img loading=\"lazy\" decoding=\"async\" class=\"size-large wp-image-2160\" src=\"https:\/\/www.vlaknapameti.cz\/wp-content\/uploads\/0550vc-1024x781.jpg\" alt=\"Olt\u00e1\u0159n\u00ed textilie s pali\u010dkovanou krajkou v\u00a0kombinaci s\u00a0b\u00edlou d\u00edrkovou v\u00fd\u0161ivkou z\u00a0fary ve Vamberku, p\u0159elom 19.\u201320. stolet\u00ed\" width=\"800\" height=\"610\" srcset=\"https:\/\/www.vlaknapameti.cz\/wp-content\/uploads\/0550vc-1024x781.jpg 1024w, https:\/\/www.vlaknapameti.cz\/wp-content\/uploads\/0550vc-300x229.jpg 300w, https:\/\/www.vlaknapameti.cz\/wp-content\/uploads\/0550vc-768x586.jpg 768w, https:\/\/www.vlaknapameti.cz\/wp-content\/uploads\/0550vc.jpg 1200w\" sizes=\"auto, (max-width: 800px) 100vw, 800px\" \/><figcaption id=\"caption-attachment-2160\" class=\"wp-caption-text\">Olt\u00e1\u0159n\u00ed textilie s pali\u010dkovanou krajkou v\u00a0kombinaci s\u00a0b\u00edlou d\u00edrkovou v\u00fd\u0161ivkou z\u00a0fary ve Vamberku, p\u0159elom 19.\u201320. stolet\u00ed<\/figcaption><\/figure>\n<figure id=\"attachment_2161\" aria-describedby=\"caption-attachment-2161\" style=\"width: 800px\" class=\"wp-caption alignnone\"><img loading=\"lazy\" decoding=\"async\" class=\"size-large wp-image-2161\" src=\"https:\/\/www.vlaknapameti.cz\/wp-content\/uploads\/0550vd-834x1024.jpg\" alt=\"Kosteln\u00ed textilie s pali\u010dkovanou vl\u00e1\u010dkovou krajkou z\u00a0fary ve Vamberku, konec 19. a\u017e po\u010d\u00e1tek 20. stolet\u00ed\" width=\"800\" height=\"982\" srcset=\"https:\/\/www.vlaknapameti.cz\/wp-content\/uploads\/0550vd-834x1024.jpg 834w, https:\/\/www.vlaknapameti.cz\/wp-content\/uploads\/0550vd-244x300.jpg 244w, https:\/\/www.vlaknapameti.cz\/wp-content\/uploads\/0550vd-768x943.jpg 768w, https:\/\/www.vlaknapameti.cz\/wp-content\/uploads\/0550vd.jpg 1200w\" sizes=\"auto, (max-width: 800px) 100vw, 800px\" \/><figcaption id=\"caption-attachment-2161\" class=\"wp-caption-text\">Kosteln\u00ed textilie s pali\u010dkovanou vl\u00e1\u010dkovou krajkou z\u00a0fary ve Vamberku, konec 19. a\u017e po\u010d\u00e1tek 20. stolet\u00ed<\/figcaption><\/figure>\n<figure id=\"attachment_2162\" aria-describedby=\"caption-attachment-2162\" style=\"width: 800px\" class=\"wp-caption alignleft\"><img loading=\"lazy\" decoding=\"async\" class=\"size-large wp-image-2162\" src=\"https:\/\/www.vlaknapameti.cz\/wp-content\/uploads\/0550ve-1024x696.jpg\" alt=\"Olt\u00e1\u0159n\u00ed textilie s pali\u010dkovanou vl\u00e1\u010dkovou krajkou ve t\u0159ech \u0159ad\u00e1ch z\u00a0fary ve Vamberku, konec 19. stolet\u00ed\" width=\"800\" height=\"544\" srcset=\"https:\/\/www.vlaknapameti.cz\/wp-content\/uploads\/0550ve-1024x696.jpg 1024w, https:\/\/www.vlaknapameti.cz\/wp-content\/uploads\/0550ve-300x204.jpg 300w, https:\/\/www.vlaknapameti.cz\/wp-content\/uploads\/0550ve-768x522.jpg 768w, https:\/\/www.vlaknapameti.cz\/wp-content\/uploads\/0550ve.jpg 1200w\" sizes=\"auto, (max-width: 800px) 100vw, 800px\" \/><figcaption id=\"caption-attachment-2162\" class=\"wp-caption-text\">Olt\u00e1\u0159n\u00ed textilie s pali\u010dkovanou vl\u00e1\u010dkovou krajkou ve t\u0159ech \u0159ad\u00e1ch z\u00a0fary ve Vamberku, konec 19. stolet\u00ed<\/figcaption><\/figure>\n<figure id=\"attachment_2163\" aria-describedby=\"caption-attachment-2163\" style=\"width: 800px\" class=\"wp-caption alignnone\"><img loading=\"lazy\" decoding=\"async\" class=\"size-large wp-image-2163\" src=\"https:\/\/www.vlaknapameti.cz\/wp-content\/uploads\/0550vf-1024x762.jpg\" alt=\"Kosteln\u00ed textilie z pali\u010dkovan\u00e9 krajky z\u00a0fary ve Vamberku, 1. polovina 20. stolet\u00ed\" width=\"800\" height=\"595\" srcset=\"https:\/\/www.vlaknapameti.cz\/wp-content\/uploads\/0550vf-1024x762.jpg 1024w, https:\/\/www.vlaknapameti.cz\/wp-content\/uploads\/0550vf-300x223.jpg 300w, https:\/\/www.vlaknapameti.cz\/wp-content\/uploads\/0550vf-768x572.jpg 768w, https:\/\/www.vlaknapameti.cz\/wp-content\/uploads\/0550vf.jpg 1200w\" sizes=\"auto, (max-width: 800px) 100vw, 800px\" \/><figcaption id=\"caption-attachment-2163\" class=\"wp-caption-text\">Kosteln\u00ed textilie z pali\u010dkovan\u00e9 krajky z\u00a0fary ve Vamberku, 1. polovina 20. stolet\u00ed<\/figcaption><\/figure>\n<figure id=\"attachment_2164\" aria-describedby=\"caption-attachment-2164\" style=\"width: 800px\" class=\"wp-caption alignleft\"><img loading=\"lazy\" decoding=\"async\" class=\"size-large wp-image-2164\" src=\"https:\/\/www.vlaknapameti.cz\/wp-content\/uploads\/0550vg-1024x718.jpg\" alt=\"Kosteln\u00ed textilie s pali\u010dkovanou vl\u00e1\u010dkovou krajkou z\u00a0fary ve Vamberku, konec 19. a\u017e po\u010d\u00e1tek 20. stolet\u00ed\" width=\"800\" height=\"561\" srcset=\"https:\/\/www.vlaknapameti.cz\/wp-content\/uploads\/0550vg-1024x718.jpg 1024w, https:\/\/www.vlaknapameti.cz\/wp-content\/uploads\/0550vg-300x210.jpg 300w, https:\/\/www.vlaknapameti.cz\/wp-content\/uploads\/0550vg-768x538.jpg 768w, https:\/\/www.vlaknapameti.cz\/wp-content\/uploads\/0550vg.jpg 1200w\" sizes=\"auto, (max-width: 800px) 100vw, 800px\" \/><figcaption id=\"caption-attachment-2164\" class=\"wp-caption-text\">Kosteln\u00ed textilie s pali\u010dkovanou vl\u00e1\u010dkovou krajkou z\u00a0fary ve Vamberku, konec 19. a\u017e po\u010d\u00e1tek 20. stolet\u00ed<\/figcaption><\/figure>\n<figure id=\"attachment_2165\" aria-describedby=\"caption-attachment-2165\" style=\"width: 800px\" class=\"wp-caption alignnone\"><img loading=\"lazy\" decoding=\"async\" class=\"size-large wp-image-2165\" src=\"https:\/\/www.vlaknapameti.cz\/wp-content\/uploads\/0550vh-1024x806.jpg\" alt=\"Kosteln\u00ed textilie s pali\u010dkovanou krajkou z\u00a0fary ve Vamberku, konec 19. a\u017e po\u010d\u00e1tek 20. stolet\u00ed\" width=\"800\" height=\"630\" srcset=\"https:\/\/www.vlaknapameti.cz\/wp-content\/uploads\/0550vh-1024x806.jpg 1024w, https:\/\/www.vlaknapameti.cz\/wp-content\/uploads\/0550vh-300x236.jpg 300w, https:\/\/www.vlaknapameti.cz\/wp-content\/uploads\/0550vh-768x605.jpg 768w, https:\/\/www.vlaknapameti.cz\/wp-content\/uploads\/0550vh.jpg 1200w\" sizes=\"auto, (max-width: 800px) 100vw, 800px\" \/><figcaption id=\"caption-attachment-2165\" class=\"wp-caption-text\">Kosteln\u00ed textilie s pali\u010dkovanou krajkou z\u00a0fary ve Vamberku, konec 19. a\u017e po\u010d\u00e1tek 20. stolet\u00ed<\/figcaption><\/figure>\n<p><img decoding=\"async\" src=\"https:\/\/iispp.npu.cz\/mis_public\/preview.htm?id=46865\" alt=\"Kostel sv. Prokopa ve Vamberku, fotografie z USKP NKU Praha\" \/><\/p>\n<p><em>Kostel sv. Prokopa ve Vamberku, foto: USKP NPU Praha<\/em><\/p>\n","protected":false},"excerpt":{"rendered":"<p>Kostel sv. Prokopa ve Vamberku (polo\u017eka interaktivn\u00ed mapy s v\u00edcero reprodukcemi) Kostel sv. Prokopa ve Vamberku je \u0159\u00edmskokatolick\u00fd farn\u00ed kostel. Je chr\u00e1n\u011bn jako kulturn\u00ed pam\u00e1tka. Barokn\u00ed\u00a0stavba z let\u00a01707-1714 vznikla na &#8230;<\/p>\n","protected":false},"author":1,"featured_media":0,"parent":0,"menu_order":0,"comment_status":"closed","ping_status":"closed","template":"","meta":{"footnotes":""},"class_list":["post-2400","page","type-page","status-publish","hentry"],"_links":{"self":[{"href":"https:\/\/www.vlaknapameti.cz\/index.php?rest_route=\/wp\/v2\/pages\/2400","targetHints":{"allow":["GET"]}}],"collection":[{"href":"https:\/\/www.vlaknapameti.cz\/index.php?rest_route=\/wp\/v2\/pages"}],"about":[{"href":"https:\/\/www.vlaknapameti.cz\/index.php?rest_route=\/wp\/v2\/types\/page"}],"author":[{"embeddable":true,"href":"https:\/\/www.vlaknapameti.cz\/index.php?rest_route=\/wp\/v2\/users\/1"}],"replies":[{"embeddable":true,"href":"https:\/\/www.vlaknapameti.cz\/index.php?rest_route=%2Fwp%2Fv2%2Fcomments&post=2400"}],"version-history":[{"count":4,"href":"https:\/\/www.vlaknapameti.cz\/index.php?rest_route=\/wp\/v2\/pages\/2400\/revisions"}],"predecessor-version":[{"id":2736,"href":"https:\/\/www.vlaknapameti.cz\/index.php?rest_route=\/wp\/v2\/pages\/2400\/revisions\/2736"}],"wp:attachment":[{"href":"https:\/\/www.vlaknapameti.cz\/index.php?rest_route=%2Fwp%2Fv2%2Fmedia&parent=2400"}],"curies":[{"name":"wp","href":"https:\/\/api.w.org\/{rel}","templated":true}]}}