{"id":2398,"date":"2025-08-13T01:07:58","date_gmt":"2025-08-13T01:07:58","guid":{"rendered":"https:\/\/www.vlaknapameti.cz\/?page_id=2398"},"modified":"2025-09-12T19:22:32","modified_gmt":"2025-09-12T19:22:32","slug":"im_jana-stefkova-plackova","status":"publish","type":"page","link":"https:\/\/www.vlaknapameti.cz\/?page_id=2398","title":{"rendered":"IM: Jana \u0160tefkov\u00e1"},"content":{"rendered":"<h2>Jana \u0160tefkov\u00e1<\/h2>\n<p><em>(polo\u017eka interaktivn\u00ed mapy s v\u00edcero reprodukcemi)<\/em><\/p>\n<p>Jana \u0160tefkov\u00e1 (1946) \u017eije v Merklovic\u00edch. Pali\u010dkovat za\u010dala asi ve \u010dty\u0159ech letech \u201e\u0159et\u00edzkem\u201c, kter\u00fd ji nau\u010dila maminka Anna Pla\u010dkov\u00e1. Postupn\u011b ji seznamovala s dal\u0161\u00edmi krajk\u00e1\u0159sk\u00fdmi postupy. Hodn\u011b se nau\u010dila tak\u00e9 od d\u011bde\u010dka Rudolfa Chaloupky, od sousedky a pozd\u011bji, kdy\u017e byla ji\u017e provdan\u00e1, od sv\u00e9 tety Bo\u017eeny \u0160tefkov\u00e9, jedn\u00e9 z nejvyhled\u00e1van\u011bj\u0161\u00edch krajk\u00e1\u0159ek v regionu. Jako \u017e\u00e1kyn\u011b z\u00e1kladn\u00ed \u0161koly nav\u0161t\u011bvovala Krajk\u00e1\u0159skou \u0161kolu ve Vamberku. Pali\u010dkov\u00e1n\u00ed se v\u011bnovala p\u0159i st\u0159edo\u0161kolsk\u00e9m studiu a ve voln\u00e9m \u010dase v dob\u011b, kdy byla zam\u011bstn\u00e1na v z\u00e1vod\u011b FAB Rychnov nad Kn\u011b\u017enou. V roce 1981 byla p\u0159ijata do Svazu \u010desk\u00fdch v\u00fdtvarn\u00fdch um\u011blc\u016f (obor \u0159emeslo), to ji umo\u017enilo v\u011bnovat se tvorb\u011b krajek na \u201evoln\u00e9 noze\u201c. Ve stejn\u00e9m roce z\u00edskala zam\u011bstn\u00e1n\u00ed v \u00daLUVu jako v\u00fdvojov\u00e1 krajk\u00e1\u0159ka. V osmdes\u00e1t\u00fdch letech za\u010dala tak\u00e9 spolupracovat s Muzeem krajky ve Vamberku. V\u011bnovala se v n\u011bm nap\u0159\u00edklad rekonstrukc\u00edm krajek Emilie Pali\u010dkov\u00e9 nebo Marie Sedl\u00e1\u010dkov\u00e9-Serbouskov\u00e9. S muzeem spolupracuje dodnes. V roce 1981 z\u00edskala ocen\u011bn\u00ed Pracovn\u00edk lidov\u00e9 um\u011bleck\u00e9 tvorby, o rok pozd\u011bji Mistr lidov\u00e9 um\u011bleck\u00e9 v\u00fdroby. Pou\u017e\u00edv\u00e1 tradi\u010dn\u00ed krajk\u00e1\u0159sk\u00e9 techniky, tvo\u0159\u00ed obvykle mnohop\u00e1rov\u00e9 krajky. Realizovala \u0159adu n\u00e1vrh\u016f krajk\u00e1\u0159ek \u2013 v\u00fdtvarnic, nap\u0159\u00edklad Eleny Hol\u00e9czyov\u00e9, Marie Va\u0148kov\u00e9, Vlasty Wasserbauerov\u00e9 nebo Evy Fialov\u00e9. Po roce 1989 se za\u010dala v\u011bnovat vlastn\u00ed um\u011bleck\u00e9 tvorb\u011b krajek. Za\u010dala se v\u011bnovat tak\u00e9 vyu\u010dov\u00e1n\u00ed pali\u010dkov\u00e1n\u00ed v kurzech, a to v \u010cesk\u00e9 republice i v zahrani\u010d\u00ed. K v\u00fdsledk\u016fm jej\u00ed pr\u00e1ce pat\u0159\u00ed mimo jin\u00e9 origin\u00e1ln\u00ed pali\u010dkovan\u00e9 \u0161perky, n\u00e1ramky a n\u00e1u\u0161nice, sv\u00e1te\u010dn\u00ed pokr\u00fdvky hlavy. Z\u00fa\u010dastnila se mnoha kolektivn\u00edch v\u00fdstav v \u010cesk\u00e9 republice i v zahrani\u010d\u00ed, z\u00edskala \u0159adu ocen\u011bn\u00ed. Jej\u00ed krajky byly vystaveny nap\u0159\u00edklad i na Sv\u011btov\u00e9 v\u00fdstav\u011b v Hannoveru (2000), p\u0159i p\u0159\u00edle\u017eitosti sv\u011btov\u00e9ho kongresu OIDFA v Praze roku 2004 obdr\u017eela Grand Prix, v roce 2005 z\u00edskala od Rady Kr\u00e1lov\u00e9hradeck\u00e9ho kraje cenu Zlat\u00fd kolovrat ud\u011blovanou za udr\u017eov\u00e1n\u00ed a rozvoj tradi\u010dn\u00edch lidov\u00fdch \u0159emesel.Na V. Bien\u00e1le \u010desk\u00e9 krajky v roce 2010 ve Vamberku j\u00ed byla ud\u011blena \u201eZlat\u00e1 pali\u010dka\u201c. V roce 2020 z\u00edskala od ministra kultury \u010cesk\u00e9 republiky Lubo\u0161e Zaor\u00e1lka ocen\u011bn\u00ed Nositel tradice lidov\u00fdch \u0159emesel.<\/p>\n<div class=\"mceTemp\"><\/div>\n<figure id=\"attachment_2644\" aria-describedby=\"caption-attachment-2644\" style=\"width: 800px\" class=\"wp-caption alignleft\"><img loading=\"lazy\" decoding=\"async\" class=\"size-large wp-image-2644\" src=\"https:\/\/www.vlaknapameti.cz\/wp-content\/uploads\/0430vf-1024x867.jpg\" alt=\"Jana \u0160tefkov\u00e1, 2019\" width=\"800\" height=\"677\" srcset=\"https:\/\/www.vlaknapameti.cz\/wp-content\/uploads\/0430vf-1024x867.jpg 1024w, https:\/\/www.vlaknapameti.cz\/wp-content\/uploads\/0430vf-300x254.jpg 300w, https:\/\/www.vlaknapameti.cz\/wp-content\/uploads\/0430vf-768x650.jpg 768w, https:\/\/www.vlaknapameti.cz\/wp-content\/uploads\/0430vf.jpg 1200w\" sizes=\"auto, (max-width: 800px) 100vw, 800px\" \/><figcaption id=\"caption-attachment-2644\" class=\"wp-caption-text\">Jana \u0160tefkov\u00e1, 2019<\/figcaption><\/figure>\n<figure id=\"attachment_2155\" aria-describedby=\"caption-attachment-2155\" style=\"width: 800px\" class=\"wp-caption alignleft\"><img loading=\"lazy\" decoding=\"async\" class=\" wp-image-2155\" src=\"https:\/\/www.vlaknapameti.cz\/wp-content\/uploads\/0430va-568x1024.jpg\" alt=\"Hra se \u010dtverci, len, zlat\u00e1 nit Rexana, 36\u00d736 cm, pali\u010dkov\u00e1n\u00ed, 2010\" width=\"800\" height=\"1442\" srcset=\"https:\/\/www.vlaknapameti.cz\/wp-content\/uploads\/0430va-568x1024.jpg 568w, https:\/\/www.vlaknapameti.cz\/wp-content\/uploads\/0430va-166x300.jpg 166w, https:\/\/www.vlaknapameti.cz\/wp-content\/uploads\/0430va-768x1384.jpg 768w, https:\/\/www.vlaknapameti.cz\/wp-content\/uploads\/0430va-852x1536.jpg 852w, https:\/\/www.vlaknapameti.cz\/wp-content\/uploads\/0430va-1136x2048.jpg 1136w, https:\/\/www.vlaknapameti.cz\/wp-content\/uploads\/0430va.jpg 1200w\" sizes=\"auto, (max-width: 800px) 100vw, 800px\" \/><figcaption id=\"caption-attachment-2155\" class=\"wp-caption-text\">Hra se \u010dtverci, len, zlat\u00e1 nit Rexana, 36\u00d736 cm, pali\u010dkov\u00e1n\u00ed, 2010<\/figcaption><\/figure>\n<figure id=\"attachment_2156\" aria-describedby=\"caption-attachment-2156\" style=\"width: 800px\" class=\"wp-caption alignleft\"><img loading=\"lazy\" decoding=\"async\" class=\"size-large wp-image-2156\" src=\"https:\/\/www.vlaknapameti.cz\/wp-content\/uploads\/0430vb-1024x438.jpg\" alt=\"Letn\u00ed variace, souprava \u0161perk\u016f, hedv\u00e1b\u00ed, dracoun, dr\u00e1t, 50\u00d740 cm, pali\u010dkov\u00e1n\u00ed, 2012\u00a0\" width=\"800\" height=\"342\" srcset=\"https:\/\/www.vlaknapameti.cz\/wp-content\/uploads\/0430vb-1024x438.jpg 1024w, https:\/\/www.vlaknapameti.cz\/wp-content\/uploads\/0430vb-300x128.jpg 300w, https:\/\/www.vlaknapameti.cz\/wp-content\/uploads\/0430vb-768x328.jpg 768w, https:\/\/www.vlaknapameti.cz\/wp-content\/uploads\/0430vb.jpg 1200w\" sizes=\"auto, (max-width: 800px) 100vw, 800px\" \/><figcaption id=\"caption-attachment-2156\" class=\"wp-caption-text\">Letn\u00ed variace, souprava \u0161perk\u016f, hedv\u00e1b\u00ed, dracoun, dr\u00e1t, 50\u00d740 cm, pali\u010dkov\u00e1n\u00ed, 2012<\/figcaption><\/figure>\n<figure id=\"attachment_2157\" aria-describedby=\"caption-attachment-2157\" style=\"width: 800px\" class=\"wp-caption alignleft\"><img loading=\"lazy\" decoding=\"async\" class=\"size-large wp-image-2157\" src=\"https:\/\/www.vlaknapameti.cz\/wp-content\/uploads\/0430vc-1024x418.jpg\" alt=\"N\u00e1hrdeln\u00edky, pali\u010dkov\u00e1n\u00ed, 1. \u010dtvrtlet\u00ed 21. stol.\" width=\"800\" height=\"327\" srcset=\"https:\/\/www.vlaknapameti.cz\/wp-content\/uploads\/0430vc-1024x418.jpg 1024w, https:\/\/www.vlaknapameti.cz\/wp-content\/uploads\/0430vc-300x123.jpg 300w, https:\/\/www.vlaknapameti.cz\/wp-content\/uploads\/0430vc-768x314.jpg 768w, https:\/\/www.vlaknapameti.cz\/wp-content\/uploads\/0430vc.jpg 1200w\" sizes=\"auto, (max-width: 800px) 100vw, 800px\" \/><figcaption id=\"caption-attachment-2157\" class=\"wp-caption-text\">N\u00e1hrdeln\u00edky, dracoun, pali\u010dkov\u00e1n\u00ed, 1999\u20132003<\/figcaption><\/figure>\n<figure id=\"attachment_2647\" aria-describedby=\"caption-attachment-2647\" style=\"width: 800px\" class=\"wp-caption alignleft\"><img loading=\"lazy\" decoding=\"async\" class=\" wp-image-2647\" src=\"https:\/\/www.vlaknapameti.cz\/wp-content\/uploads\/0430vd-734x1024.jpg\" alt=\"Pro Martinu, kter\u00e1 m\u00e1 r\u00e1da \u010dervenou, pali\u010dkovan\u00e1 krajka, 2024\" width=\"800\" height=\"1116\" \/><figcaption id=\"caption-attachment-2647\" class=\"wp-caption-text\">Pro Martinu, kter\u00e1 m\u00e1 r\u00e1da \u010dervenou, pali\u010dkovan\u00e1 krajka, 2024<\/figcaption><\/figure>\n<figure id=\"attachment_2643\" aria-describedby=\"caption-attachment-2643\" style=\"width: 800px\" class=\"wp-caption alignleft\"><img loading=\"lazy\" decoding=\"async\" class=\"size-large wp-image-2643\" src=\"https:\/\/www.vlaknapameti.cz\/wp-content\/uploads\/0430ve-1024x797.jpg\" alt=\"V barv\u00e1ch slunce, mo\u0159e a p\u00edsku, hedv\u00e1b\u00ed, dracoun, rokajl, pali\u010dkovan\u00e1 krajka, 2012\" width=\"800\" height=\"623\" srcset=\"https:\/\/www.vlaknapameti.cz\/wp-content\/uploads\/0430ve-1024x797.jpg 1024w, https:\/\/www.vlaknapameti.cz\/wp-content\/uploads\/0430ve-300x234.jpg 300w, https:\/\/www.vlaknapameti.cz\/wp-content\/uploads\/0430ve-768x598.jpg 768w, https:\/\/www.vlaknapameti.cz\/wp-content\/uploads\/0430ve.jpg 1200w\" sizes=\"auto, (max-width: 800px) 100vw, 800px\" \/><figcaption id=\"caption-attachment-2643\" class=\"wp-caption-text\">V barv\u00e1ch slunce, mo\u0159e a p\u00edsku, hedv\u00e1b\u00ed, dracoun, rokajl, pali\u010dkovan\u00e1 krajka, 2012<\/figcaption><\/figure>\n","protected":false},"excerpt":{"rendered":"<p>Jana \u0160tefkov\u00e1 (polo\u017eka interaktivn\u00ed mapy s v\u00edcero reprodukcemi) Jana \u0160tefkov\u00e1 (1946) \u017eije v Merklovic\u00edch. Pali\u010dkovat za\u010dala asi ve \u010dty\u0159ech letech \u201e\u0159et\u00edzkem\u201c, kter\u00fd ji nau\u010dila maminka Anna Pla\u010dkov\u00e1. Postupn\u011b ji seznamovala &#8230;<\/p>\n","protected":false},"author":1,"featured_media":0,"parent":0,"menu_order":0,"comment_status":"closed","ping_status":"closed","template":"","meta":{"footnotes":""},"class_list":["post-2398","page","type-page","status-publish","hentry"],"_links":{"self":[{"href":"https:\/\/www.vlaknapameti.cz\/index.php?rest_route=\/wp\/v2\/pages\/2398","targetHints":{"allow":["GET"]}}],"collection":[{"href":"https:\/\/www.vlaknapameti.cz\/index.php?rest_route=\/wp\/v2\/pages"}],"about":[{"href":"https:\/\/www.vlaknapameti.cz\/index.php?rest_route=\/wp\/v2\/types\/page"}],"author":[{"embeddable":true,"href":"https:\/\/www.vlaknapameti.cz\/index.php?rest_route=\/wp\/v2\/users\/1"}],"replies":[{"embeddable":true,"href":"https:\/\/www.vlaknapameti.cz\/index.php?rest_route=%2Fwp%2Fv2%2Fcomments&post=2398"}],"version-history":[{"count":8,"href":"https:\/\/www.vlaknapameti.cz\/index.php?rest_route=\/wp\/v2\/pages\/2398\/revisions"}],"predecessor-version":[{"id":2732,"href":"https:\/\/www.vlaknapameti.cz\/index.php?rest_route=\/wp\/v2\/pages\/2398\/revisions\/2732"}],"wp:attachment":[{"href":"https:\/\/www.vlaknapameti.cz\/index.php?rest_route=%2Fwp%2Fv2%2Fmedia&parent=2398"}],"curies":[{"name":"wp","href":"https:\/\/api.w.org\/{rel}","templated":true}]}}