{"id":2394,"date":"2025-08-13T00:55:24","date_gmt":"2025-08-13T00:55:24","guid":{"rendered":"https:\/\/www.vlaknapameti.cz\/?page_id=2394"},"modified":"2025-09-12T19:25:20","modified_gmt":"2025-09-12T19:25:20","slug":"im_muzeum-a-galerie-orlickych-hor-rychnov-nad-kneznou","status":"publish","type":"page","link":"https:\/\/www.vlaknapameti.cz\/?page_id=2394","title":{"rendered":"IM: Muzeum a galerie Orlick\u00fdch hor Rychnov nad Kn\u011b\u017enou"},"content":{"rendered":"<h2>Muzeum a galerie Orlick\u00fdch hor Rychnov nad Kn\u011b\u017enou<\/h2>\n<p><em>(polo\u017eka interaktivn\u00ed mapy s v\u00edcero reprodukcemi)<\/em><\/p>\n<p>U zrodu Muzea a galerie Orlick\u00fdch hor v Rychnov\u011b nad Kn\u011b\u017enou (MGOH), p\u016fvodn\u011b Pelclova muzea, st\u00e1l Muzejn\u00ed spolek Pecl, kter\u00fd byl zalo\u017een na po\u010d\u00e1tku 90. let 19. stolet\u00ed.\u00a0MGOH je region\u00e1ln\u00edm muzeem, kter\u00e9 se v\u011bnuje zejm\u00e9na oblasti Orlick\u00fdch hor a Podorlicka.\u00a0 Soust\u0159e\u010fuje, v\u011bdecky zpracov\u00e1v\u00e1 a ke kulturn\u00edm, v\u00fdchovn\u00fdm a dal\u0161\u00edm \u00fa\u010del\u016fm vyu\u017e\u00edv\u00e1 p\u0159edev\u0161\u00edm sb\u00edrkov\u00e9 p\u0159edm\u011bty z oblast\u00ed archeologie, historie, etnografie a botaniky. V etnografick\u00e9 sb\u00edrce muzea zauj\u00edmaj\u00ed d\u016fle\u017eit\u00e9 m\u00edsto textilie r\u016fzn\u00e9ho druhu. Pat\u0159\u00ed k\u00a0nim rovn\u011b\u017e p\u0159edm\u011bty v\u011bnovan\u00e9 krajk\u00e1\u0159stv\u00ed a samotn\u00e9 krajky. Zhotovov\u00e1n\u00ed pali\u010dkovan\u00fdch krajek je dokumentov\u00e1no nap\u0159\u00edklad krajk\u00e1\u0159sk\u00fdmi pot\u0159ebami (podu\u0161kami, pali\u010dkami, p\u0159\u00edzemi, vzory a podvinky). K\u00a0zastoupen\u00fdm krajk\u00e1m pat\u0159\u00ed krajky voln\u00e9 (bytov\u00e9 textilie a dopl\u0148ky, c\u00edrkevn\u00ed krajky aj.) i krajky aplikovan\u00e9 na od\u011bvech (d\u00e1msk\u00fdch, d\u011btsk\u00fdch, kojeneck\u00fdch), galantern\u00edch dopl\u0148c\u00edch a nejr\u016fzn\u011bj\u0161\u00edch textili\u00edch u\u017eitn\u00e9ho charakteru. Hlavn\u00ed v\u00fdstavn\u00ed prostory MGOH se nal\u00e9zaj\u00ed ve\u00a0druh\u00e9m pat\u0159e v\u00fdchodn\u00edho k\u0159\u00eddla rychnovsk\u00e9ho z\u00e1mku Kolowrat\u016f.<\/p>\n<figure id=\"attachment_2170\" aria-describedby=\"caption-attachment-2170\" style=\"width: 800px\" class=\"wp-caption alignleft\"><img loading=\"lazy\" decoding=\"async\" class=\"size-large wp-image-2170\" src=\"https:\/\/www.vlaknapameti.cz\/wp-content\/uploads\/1327v-985x1024.jpg\" alt=\"\u010cepec vy\u0161\u00edvan\u00fd st\u0159\u00edbrn\u00fdm dracounem s\u00a0valencienskou krajkou a taftovou stuhou, konec 19. stolet\u00ed\" width=\"800\" height=\"832\" srcset=\"https:\/\/www.vlaknapameti.cz\/wp-content\/uploads\/1327v-985x1024.jpg 985w, https:\/\/www.vlaknapameti.cz\/wp-content\/uploads\/1327v-288x300.jpg 288w, https:\/\/www.vlaknapameti.cz\/wp-content\/uploads\/1327v-768x799.jpg 768w, https:\/\/www.vlaknapameti.cz\/wp-content\/uploads\/1327v.jpg 1200w\" sizes=\"auto, (max-width: 800px) 100vw, 800px\" \/><figcaption id=\"caption-attachment-2170\" class=\"wp-caption-text\">\u010cepec vy\u0161\u00edvan\u00fd st\u0159\u00edbrn\u00fdm dracounem s\u00a0valencienskou krajkou a taftovou stuhou, konec 19. stolet\u00ed<\/figcaption><\/figure>\n<figure id=\"attachment_2171\" aria-describedby=\"caption-attachment-2171\" style=\"width: 800px\" class=\"wp-caption alignleft\"><img loading=\"lazy\" decoding=\"async\" class=\"size-large wp-image-2171\" src=\"https:\/\/www.vlaknapameti.cz\/wp-content\/uploads\/1327va-881x1024.jpg\" alt=\"\u010cepec vy\u0161\u00edvan\u00fd st\u0159\u00edbrn\u00fdm dracounem dopln\u011bn\u00fd perli\u010dkami a flitrem s valencienskou krajkou a taftovou stuhou, V\u00fdchodn\u00ed \u010cechy, 1. polovina 19. stolet\u00ed\" width=\"800\" height=\"930\" srcset=\"https:\/\/www.vlaknapameti.cz\/wp-content\/uploads\/1327va-881x1024.jpg 881w, https:\/\/www.vlaknapameti.cz\/wp-content\/uploads\/1327va-258x300.jpg 258w, https:\/\/www.vlaknapameti.cz\/wp-content\/uploads\/1327va-768x893.jpg 768w, https:\/\/www.vlaknapameti.cz\/wp-content\/uploads\/1327va.jpg 1200w\" sizes=\"auto, (max-width: 800px) 100vw, 800px\" \/><figcaption id=\"caption-attachment-2171\" class=\"wp-caption-text\">\u010cepec vy\u0161\u00edvan\u00fd st\u0159\u00edbrn\u00fdm dracounem dopln\u011bn\u00fd perli\u010dkami a flitrem s valencienskou krajkou a taftovou stuhou, V\u00fdchodn\u00ed \u010cechy, 1. polovina 19. stolet\u00ed<\/figcaption><\/figure>\n<figure id=\"attachment_2172\" aria-describedby=\"caption-attachment-2172\" style=\"width: 800px\" class=\"wp-caption alignleft\"><img loading=\"lazy\" decoding=\"async\" class=\"size-large wp-image-2172\" src=\"https:\/\/www.vlaknapameti.cz\/wp-content\/uploads\/1327vb-839x1024.jpg\" alt=\"Kroj s aplikovanou krajkou zhotoven\u00fd Franti\u0161kou Porkertovou z\u00a0Kostelce nad Orlic\u00ed; kroj je inspirov\u00e1n krojem z Kyjovska, 20.\u2013 30. l\u00e9ta 20. stolet\u00ed\" width=\"800\" height=\"976\" srcset=\"https:\/\/www.vlaknapameti.cz\/wp-content\/uploads\/1327vb-839x1024.jpg 839w, https:\/\/www.vlaknapameti.cz\/wp-content\/uploads\/1327vb-246x300.jpg 246w, https:\/\/www.vlaknapameti.cz\/wp-content\/uploads\/1327vb-768x937.jpg 768w, https:\/\/www.vlaknapameti.cz\/wp-content\/uploads\/1327vb.jpg 1200w\" sizes=\"auto, (max-width: 800px) 100vw, 800px\" \/><figcaption id=\"caption-attachment-2172\" class=\"wp-caption-text\">Kroj s aplikovanou krajkou zhotoven\u00fd Franti\u0161kou Porkertovou z\u00a0Kostelce nad Orlic\u00ed; kroj je inspirov\u00e1n krojem z Kyjovska, 20.\u2013 30. l\u00e9ta 20. stolet\u00ed<\/figcaption><\/figure>\n<figure id=\"attachment_2173\" aria-describedby=\"caption-attachment-2173\" style=\"width: 800px\" class=\"wp-caption alignleft\"><img loading=\"lazy\" decoding=\"async\" class=\"size-large wp-image-2173\" src=\"https:\/\/www.vlaknapameti.cz\/wp-content\/uploads\/1327vc-1024x684.jpg\" alt=\"Pol\u0161t\u00e1\u0159 z\u00a0jemn\u00e9ho b\u00edl\u00e9ho etam\u00ednu zdoben\u00fd pali\u010dkovanou krajkou a v\u00fd\u0161ivkou s\u00a0rodov\u00fdmi erby, vlevo Kolowratsk\u00e1 orlice, vpravo erb rodu Khevenh\u00fcller\u016f, polovina 19.\u00a0stolet\u00ed\" width=\"800\" height=\"534\" srcset=\"https:\/\/www.vlaknapameti.cz\/wp-content\/uploads\/1327vc-1024x684.jpg 1024w, https:\/\/www.vlaknapameti.cz\/wp-content\/uploads\/1327vc-300x200.jpg 300w, https:\/\/www.vlaknapameti.cz\/wp-content\/uploads\/1327vc-768x513.jpg 768w, https:\/\/www.vlaknapameti.cz\/wp-content\/uploads\/1327vc.jpg 1200w\" sizes=\"auto, (max-width: 800px) 100vw, 800px\" \/><figcaption id=\"caption-attachment-2173\" class=\"wp-caption-text\">Pol\u0161t\u00e1\u0159 z\u00a0jemn\u00e9ho b\u00edl\u00e9ho etam\u00ednu zdoben\u00fd pali\u010dkovanou krajkou a v\u00fd\u0161ivkou s\u00a0rodov\u00fdmi erby, vlevo Kolowratsk\u00e1 orlice, vpravo erb rodu Khevenh\u00fcller\u016f, polovina 19.\u00a0stolet\u00ed<\/figcaption><\/figure>\n<figure id=\"attachment_2174\" aria-describedby=\"caption-attachment-2174\" style=\"width: 800px\" class=\"wp-caption alignleft\"><img loading=\"lazy\" decoding=\"async\" class=\"size-large wp-image-2174\" src=\"https:\/\/www.vlaknapameti.cz\/wp-content\/uploads\/1327vd-1024x1018.jpg\" alt=\"D\u011btsk\u00fd k\u0159estn\u00ed \u010depe\u010dek zdoben\u00fd drobn\u00fdmi kor\u00e1lky v pleten\u00e9 krajce, konec 19. stolet\u00ed\" width=\"800\" height=\"795\" srcset=\"https:\/\/www.vlaknapameti.cz\/wp-content\/uploads\/1327vd-1024x1018.jpg 1024w, https:\/\/www.vlaknapameti.cz\/wp-content\/uploads\/1327vd-300x298.jpg 300w, https:\/\/www.vlaknapameti.cz\/wp-content\/uploads\/1327vd-150x150.jpg 150w, https:\/\/www.vlaknapameti.cz\/wp-content\/uploads\/1327vd-768x764.jpg 768w, https:\/\/www.vlaknapameti.cz\/wp-content\/uploads\/1327vd.jpg 1200w\" sizes=\"auto, (max-width: 800px) 100vw, 800px\" \/><figcaption id=\"caption-attachment-2174\" class=\"wp-caption-text\">D\u011btsk\u00fd k\u0159estn\u00ed \u010depe\u010dek zdoben\u00fd drobn\u00fdmi kor\u00e1lky v pleten\u00e9 krajce, konec 19. stolet\u00ed<\/figcaption><\/figure>\n<figure id=\"attachment_2175\" aria-describedby=\"caption-attachment-2175\" style=\"width: 800px\" class=\"wp-caption alignleft\"><img loading=\"lazy\" decoding=\"async\" class=\"size-large wp-image-2175\" src=\"https:\/\/www.vlaknapameti.cz\/wp-content\/uploads\/1327ve-1024x709.jpg\" alt=\"Hedv\u00e1bn\u00e1 k\u0159tic\u00ed souprava ozdoben\u00e1 krajkou; souprava byla zhotovena sle\u010dnami Plachetkov\u00fdmi pro nete\u0159 - dceru sl\u00e1dka Anton\u00edna Plachetky z pivovaru v\u00a0Rychnov\u011b\u00a0 nad Kn\u011b\u017enou, 1911\" width=\"800\" height=\"554\" srcset=\"https:\/\/www.vlaknapameti.cz\/wp-content\/uploads\/1327ve-1024x709.jpg 1024w, https:\/\/www.vlaknapameti.cz\/wp-content\/uploads\/1327ve-300x208.jpg 300w, https:\/\/www.vlaknapameti.cz\/wp-content\/uploads\/1327ve-768x532.jpg 768w, https:\/\/www.vlaknapameti.cz\/wp-content\/uploads\/1327ve.jpg 1200w\" sizes=\"auto, (max-width: 800px) 100vw, 800px\" \/><figcaption id=\"caption-attachment-2175\" class=\"wp-caption-text\">Hedv\u00e1bn\u00e1 k\u0159tic\u00ed souprava ozdoben\u00e1 krajkou; souprava byla zhotovena sle\u010dnami Plachetkov\u00fdmi pro nete\u0159 &#8211; dceru sl\u00e1dka Anton\u00edna Plachetky z pivovaru v\u00a0Rychnov\u011b\u00a0 nad Kn\u011b\u017enou, 1911<\/figcaption><\/figure>\n<figure id=\"attachment_2176\" aria-describedby=\"caption-attachment-2176\" style=\"width: 800px\" class=\"wp-caption alignleft\"><img loading=\"lazy\" decoding=\"async\" class=\"size-large wp-image-2176\" src=\"https:\/\/www.vlaknapameti.cz\/wp-content\/uploads\/1327vf-902x1024.jpg\" alt=\"Podu\u0161ka \u201eherdule\u201c s podvinkem a rozpracovanou pali\u010dkovanou krajkou v\u00a0d\u0159ev\u011bn\u00e9m \u0161kop\u00ed\u010dku; krajku pali\u010dkovala Antonie Hynkov\u00e1 z\u00a0P\u0159\u00edmu, 60.l\u00e9ta 20. stolet\u00ed.\u00a0Podu\u0161ka byla vytvo\u0159en\u00e1 kolem roku 1900.\" width=\"800\" height=\"908\" srcset=\"https:\/\/www.vlaknapameti.cz\/wp-content\/uploads\/1327vf-902x1024.jpg 902w, https:\/\/www.vlaknapameti.cz\/wp-content\/uploads\/1327vf-264x300.jpg 264w, https:\/\/www.vlaknapameti.cz\/wp-content\/uploads\/1327vf-768x872.jpg 768w, https:\/\/www.vlaknapameti.cz\/wp-content\/uploads\/1327vf.jpg 1200w\" sizes=\"auto, (max-width: 800px) 100vw, 800px\" \/><figcaption id=\"caption-attachment-2176\" class=\"wp-caption-text\">Podu\u0161ka \u201eherdule\u201c s podvinkem a rozpracovanou pali\u010dkovanou krajkou v\u00a0d\u0159ev\u011bn\u00e9m \u0161kop\u00ed\u010dku; krajku pali\u010dkovala Antonie Hynkov\u00e1 z\u00a0P\u0159\u00edmu, 60.l\u00e9ta 20. stolet\u00ed.\u00a0Podu\u0161ka byla vytvo\u0159en\u00e1 kolem roku 1900.<\/figcaption><\/figure>\n<p><img loading=\"lazy\" decoding=\"async\" class=\"alignleft size-large wp-image-2177\" src=\"https:\/\/www.vlaknapameti.cz\/wp-content\/uploads\/1327vg-601x1024.jpg\" alt=\"Krajkov\u00fd objekt bez popisku\" width=\"601\" height=\"1024\" srcset=\"https:\/\/www.vlaknapameti.cz\/wp-content\/uploads\/1327vg-601x1024.jpg 601w, https:\/\/www.vlaknapameti.cz\/wp-content\/uploads\/1327vg-176x300.jpg 176w, https:\/\/www.vlaknapameti.cz\/wp-content\/uploads\/1327vg-768x1308.jpg 768w, https:\/\/www.vlaknapameti.cz\/wp-content\/uploads\/1327vg-902x1536.jpg 902w, https:\/\/www.vlaknapameti.cz\/wp-content\/uploads\/1327vg.jpg 1200w\" sizes=\"auto, (max-width: 601px) 100vw, 601px\" \/><\/p>\n<p>&nbsp;<\/p>\n<p>&nbsp;<\/p>\n<p>&nbsp;<\/p>\n<p>&nbsp;<\/p>\n<p>&nbsp;<\/p>\n","protected":false},"excerpt":{"rendered":"<p>Muzeum a galerie Orlick\u00fdch hor Rychnov nad Kn\u011b\u017enou (polo\u017eka interaktivn\u00ed mapy s v\u00edcero reprodukcemi) U zrodu Muzea a galerie Orlick\u00fdch hor v Rychnov\u011b nad Kn\u011b\u017enou (MGOH), p\u016fvodn\u011b Pelclova muzea, st\u00e1l &#8230;<\/p>\n","protected":false},"author":1,"featured_media":0,"parent":0,"menu_order":0,"comment_status":"closed","ping_status":"closed","template":"","meta":{"footnotes":""},"class_list":["post-2394","page","type-page","status-publish","hentry"],"_links":{"self":[{"href":"https:\/\/www.vlaknapameti.cz\/index.php?rest_route=\/wp\/v2\/pages\/2394","targetHints":{"allow":["GET"]}}],"collection":[{"href":"https:\/\/www.vlaknapameti.cz\/index.php?rest_route=\/wp\/v2\/pages"}],"about":[{"href":"https:\/\/www.vlaknapameti.cz\/index.php?rest_route=\/wp\/v2\/types\/page"}],"author":[{"embeddable":true,"href":"https:\/\/www.vlaknapameti.cz\/index.php?rest_route=\/wp\/v2\/users\/1"}],"replies":[{"embeddable":true,"href":"https:\/\/www.vlaknapameti.cz\/index.php?rest_route=%2Fwp%2Fv2%2Fcomments&post=2394"}],"version-history":[{"count":4,"href":"https:\/\/www.vlaknapameti.cz\/index.php?rest_route=\/wp\/v2\/pages\/2394\/revisions"}],"predecessor-version":[{"id":2745,"href":"https:\/\/www.vlaknapameti.cz\/index.php?rest_route=\/wp\/v2\/pages\/2394\/revisions\/2745"}],"wp:attachment":[{"href":"https:\/\/www.vlaknapameti.cz\/index.php?rest_route=%2Fwp%2Fv2%2Fmedia&parent=2394"}],"curies":[{"name":"wp","href":"https:\/\/api.w.org\/{rel}","templated":true}]}}